{"id":16768,"date":"2019-10-21T11:24:56","date_gmt":"2019-10-21T09:24:56","guid":{"rendered":"https:\/\/seipuntozero-haircare.it\/prodotto\/hairzoe-liquido-en-spray-reestructurante\/"},"modified":"2022-03-16T15:58:32","modified_gmt":"2022-03-16T14:58:32","slug":"hairzoe-liquido-en-spray-reestructurante","status":"publish","type":"product","link":"https:\/\/seipuntozero-haircare.it\/es\/product\/hairzoe-liquido-en-spray-reestructurante\/","title":{"rendered":"HAIRZOE <br> L\u00edquido en spray reestructurante"},"content":{"rendered":"<ul>\n<li>Sella la cut\u00edcula e ilumina la cabellera<\/li>\n<li>Prepara el cabello para el cepillado<\/li>\n<li>Completa el ritual dedicado al cabello seco, quebradizo, da\u00f1ado y tratado<\/li>\n<li>Eficacia probada*<\/li>\n<\/ul>\n<p>&nbsp;<\/p>\n<p>*Las pruebas realizadas en vivo en los Institutos Universitarios Italianos demuestran la eficacia del tratamiento: el cabello queda visiblemente con m\u00e1s cuerpo y brillante, notablemente reestructurado.<\/p>\n","protected":false},"excerpt":{"rendered":"<p>El <strong>l\u00edquido en spray reestructurante Hairzoe<\/strong> finaliza el tratamiento en la peluquer\u00eda, con su acci\u00f3n regeneradora e iluminadora. Realza el cabello y resalta el<strong> brillo y la fuerza<\/strong> de la cabellera.<\/p>\n<p>Su formulaci\u00f3n es ideal para tratar la longitud del cabello, sellar la cut\u00edcula y prepararlo para el cepillado. La concentraci\u00f3n de <strong>\u00e1cido hialur\u00f3nico<\/strong> y<strong> c\u00e9lulas madre de uva<\/strong> enfatiza las propiedades reestructurantes y protectoras del tratamiento para el cabello seco, quebradizo y da\u00f1ado.<\/p>\n<p>Formato de 150 ml<\/p>\n","protected":false},"featured_media":18183,"template":"","meta":[],"product_brand":[],"product_cat":[948],"product_tag":[],"class_list":["post-16768","product","type-product","status-publish","has-post-thumbnail","hentry","product_cat-hairzoe-es"],"yoast_head":"<!-- This site is optimized with the Yoast SEO plugin v27.1.1 - https:\/\/yoast.com\/product\/yoast-seo-wordpress\/ -->\n<title>L\u00edquido en spray reestructurante | Hairzoe<\/title>\n<meta name=\"description\" content=\"El l\u00edquido en spray reestructurante Hairzone finaliza el tratamiento en la peluquer\u00eda, con su acci\u00f3n regeneradora e iluminadora.\" \/>\n<meta name=\"robots\" content=\"index, follow, max-snippet:-1, max-image-preview:large, max-video-preview:-1\" \/>\n<link rel=\"canonical\" href=\"https:\/\/seipuntozero-haircare.it\/es\/product\/hairzoe-liquido-en-spray-reestructurante\/\" \/>\n<meta property=\"og:locale\" content=\"es_ES\" \/>\n<meta property=\"og:type\" content=\"article\" \/>\n<meta property=\"og:title\" content=\"L\u00edquido en spray reestructurante | Hairzoe\" \/>\n<meta property=\"og:description\" content=\"El l\u00edquido en spray reestructurante Hairzone finaliza el tratamiento en la peluquer\u00eda, con su acci\u00f3n regeneradora e iluminadora.\" \/>\n<meta property=\"og:url\" content=\"https:\/\/seipuntozero-haircare.it\/es\/product\/hairzoe-liquido-en-spray-reestructurante\/\" \/>\n<meta property=\"og:site_name\" content=\"6.Zero\" \/>\n<meta property=\"article:modified_time\" content=\"2022-03-16T14:58:32+00:00\" \/>\n<meta property=\"og:image\" content=\"https:\/\/seipuntozero-haircare.it\/wp-content\/uploads\/2020\/01\/263172_sei_punto_zero_hairzoe_restructuring_spray_150ml.png\" \/>\n\t<meta property=\"og:image:width\" content=\"600\" \/>\n\t<meta property=\"og:image:height\" content=\"600\" \/>\n\t<meta property=\"og:image:type\" content=\"image\/png\" \/>\n<meta name=\"twitter:card\" content=\"summary_large_image\" \/>\n<meta name=\"twitter:label1\" content=\"Tiempo de lectura\" \/>\n\t<meta name=\"twitter:data1\" content=\"1 minuto\" \/>\n<script type=\"application\/ld+json\" class=\"yoast-schema-graph\">{\"@context\":\"https:\/\/schema.org\",\"@graph\":[{\"@type\":\"WebPage\",\"@id\":\"https:\/\/seipuntozero-haircare.it\/es\/product\/hairzoe-liquido-en-spray-reestructurante\/\",\"url\":\"https:\/\/seipuntozero-haircare.it\/es\/product\/hairzoe-liquido-en-spray-reestructurante\/\",\"name\":\"L\u00edquido en spray reestructurante | Hairzoe\",\"isPartOf\":{\"@id\":\"https:\/\/seipuntozero-haircare.it\/es\/#website\"},\"primaryImageOfPage\":{\"@id\":\"https:\/\/seipuntozero-haircare.it\/es\/product\/hairzoe-liquido-en-spray-reestructurante\/#primaryimage\"},\"image\":{\"@id\":\"https:\/\/seipuntozero-haircare.it\/es\/product\/hairzoe-liquido-en-spray-reestructurante\/#primaryimage\"},\"thumbnailUrl\":\"https:\/\/seipuntozero-haircare.it\/wp-content\/uploads\/2020\/01\/263172_sei_punto_zero_hairzoe_restructuring_spray_150ml.png\",\"datePublished\":\"2019-10-21T09:24:56+00:00\",\"dateModified\":\"2022-03-16T14:58:32+00:00\",\"description\":\"El l\u00edquido en spray reestructurante Hairzone finaliza el tratamiento en la peluquer\u00eda, con su acci\u00f3n regeneradora e iluminadora.\",\"breadcrumb\":{\"@id\":\"https:\/\/seipuntozero-haircare.it\/es\/product\/hairzoe-liquido-en-spray-reestructurante\/#breadcrumb\"},\"inLanguage\":\"es\",\"potentialAction\":[{\"@type\":\"ReadAction\",\"target\":[\"https:\/\/seipuntozero-haircare.it\/es\/product\/hairzoe-liquido-en-spray-reestructurante\/\"]}]},{\"@type\":\"ImageObject\",\"inLanguage\":\"es\",\"@id\":\"https:\/\/seipuntozero-haircare.it\/es\/product\/hairzoe-liquido-en-spray-reestructurante\/#primaryimage\",\"url\":\"https:\/\/seipuntozero-haircare.it\/wp-content\/uploads\/2020\/01\/263172_sei_punto_zero_hairzoe_restructuring_spray_150ml.png\",\"contentUrl\":\"https:\/\/seipuntozero-haircare.it\/wp-content\/uploads\/2020\/01\/263172_sei_punto_zero_hairzoe_restructuring_spray_150ml.png\",\"width\":600,\"height\":600,\"caption\":\"Fluido spray ristrutturante\"},{\"@type\":\"BreadcrumbList\",\"@id\":\"https:\/\/seipuntozero-haircare.it\/es\/product\/hairzoe-liquido-en-spray-reestructurante\/#breadcrumb\",\"itemListElement\":[{\"@type\":\"ListItem\",\"position\":1,\"name\":\"Home\",\"item\":\"https:\/\/seipuntozero-haircare.it\/es\/\"},{\"@type\":\"ListItem\",\"position\":2,\"name\":\"Products\",\"item\":\"https:\/\/seipuntozero-haircare.it\/es\/shop\/\"},{\"@type\":\"ListItem\",\"position\":3,\"name\":\"HAIRZOE L\u00edquido en spray reestructurante\"}]},{\"@type\":\"WebSite\",\"@id\":\"https:\/\/seipuntozero-haircare.it\/es\/#website\",\"url\":\"https:\/\/seipuntozero-haircare.it\/es\/\",\"name\":\"6.Zero\",\"description\":\"Essential Touch\",\"potentialAction\":[{\"@type\":\"SearchAction\",\"target\":{\"@type\":\"EntryPoint\",\"urlTemplate\":\"https:\/\/seipuntozero-haircare.it\/es\/?s={search_term_string}\"},\"query-input\":{\"@type\":\"PropertyValueSpecification\",\"valueRequired\":true,\"valueName\":\"search_term_string\"}}],\"inLanguage\":\"es\"}]}<\/script>\n<!-- \/ Yoast SEO plugin. -->","yoast_head_json":{"title":"L\u00edquido en spray reestructurante | Hairzoe","description":"El l\u00edquido en spray reestructurante Hairzone finaliza el tratamiento en la peluquer\u00eda, con su acci\u00f3n regeneradora e iluminadora.","robots":{"index":"index","follow":"follow","max-snippet":"max-snippet:-1","max-image-preview":"max-image-preview:large","max-video-preview":"max-video-preview:-1"},"canonical":"https:\/\/seipuntozero-haircare.it\/es\/product\/hairzoe-liquido-en-spray-reestructurante\/","og_locale":"es_ES","og_type":"article","og_title":"L\u00edquido en spray reestructurante | Hairzoe","og_description":"El l\u00edquido en spray reestructurante Hairzone finaliza el tratamiento en la peluquer\u00eda, con su acci\u00f3n regeneradora e iluminadora.","og_url":"https:\/\/seipuntozero-haircare.it\/es\/product\/hairzoe-liquido-en-spray-reestructurante\/","og_site_name":"6.Zero","article_modified_time":"2022-03-16T14:58:32+00:00","og_image":[{"width":600,"height":600,"url":"https:\/\/seipuntozero-haircare.it\/wp-content\/uploads\/2020\/01\/263172_sei_punto_zero_hairzoe_restructuring_spray_150ml.png","type":"image\/png"}],"twitter_card":"summary_large_image","twitter_misc":{"Tiempo de lectura":"1 minuto"},"schema":{"@context":"https:\/\/schema.org","@graph":[{"@type":"WebPage","@id":"https:\/\/seipuntozero-haircare.it\/es\/product\/hairzoe-liquido-en-spray-reestructurante\/","url":"https:\/\/seipuntozero-haircare.it\/es\/product\/hairzoe-liquido-en-spray-reestructurante\/","name":"L\u00edquido en spray reestructurante | Hairzoe","isPartOf":{"@id":"https:\/\/seipuntozero-haircare.it\/es\/#website"},"primaryImageOfPage":{"@id":"https:\/\/seipuntozero-haircare.it\/es\/product\/hairzoe-liquido-en-spray-reestructurante\/#primaryimage"},"image":{"@id":"https:\/\/seipuntozero-haircare.it\/es\/product\/hairzoe-liquido-en-spray-reestructurante\/#primaryimage"},"thumbnailUrl":"https:\/\/seipuntozero-haircare.it\/wp-content\/uploads\/2020\/01\/263172_sei_punto_zero_hairzoe_restructuring_spray_150ml.png","datePublished":"2019-10-21T09:24:56+00:00","dateModified":"2022-03-16T14:58:32+00:00","description":"El l\u00edquido en spray reestructurante Hairzone finaliza el tratamiento en la peluquer\u00eda, con su acci\u00f3n regeneradora e iluminadora.","breadcrumb":{"@id":"https:\/\/seipuntozero-haircare.it\/es\/product\/hairzoe-liquido-en-spray-reestructurante\/#breadcrumb"},"inLanguage":"es","potentialAction":[{"@type":"ReadAction","target":["https:\/\/seipuntozero-haircare.it\/es\/product\/hairzoe-liquido-en-spray-reestructurante\/"]}]},{"@type":"ImageObject","inLanguage":"es","@id":"https:\/\/seipuntozero-haircare.it\/es\/product\/hairzoe-liquido-en-spray-reestructurante\/#primaryimage","url":"https:\/\/seipuntozero-haircare.it\/wp-content\/uploads\/2020\/01\/263172_sei_punto_zero_hairzoe_restructuring_spray_150ml.png","contentUrl":"https:\/\/seipuntozero-haircare.it\/wp-content\/uploads\/2020\/01\/263172_sei_punto_zero_hairzoe_restructuring_spray_150ml.png","width":600,"height":600,"caption":"Fluido spray ristrutturante"},{"@type":"BreadcrumbList","@id":"https:\/\/seipuntozero-haircare.it\/es\/product\/hairzoe-liquido-en-spray-reestructurante\/#breadcrumb","itemListElement":[{"@type":"ListItem","position":1,"name":"Home","item":"https:\/\/seipuntozero-haircare.it\/es\/"},{"@type":"ListItem","position":2,"name":"Products","item":"https:\/\/seipuntozero-haircare.it\/es\/shop\/"},{"@type":"ListItem","position":3,"name":"HAIRZOE L\u00edquido en spray reestructurante"}]},{"@type":"WebSite","@id":"https:\/\/seipuntozero-haircare.it\/es\/#website","url":"https:\/\/seipuntozero-haircare.it\/es\/","name":"6.Zero","description":"Essential Touch","potentialAction":[{"@type":"SearchAction","target":{"@type":"EntryPoint","urlTemplate":"https:\/\/seipuntozero-haircare.it\/es\/?s={search_term_string}"},"query-input":{"@type":"PropertyValueSpecification","valueRequired":true,"valueName":"search_term_string"}}],"inLanguage":"es"}]}},"_links":{"self":[{"href":"https:\/\/seipuntozero-haircare.it\/es\/wp-json\/wp\/v2\/product\/16768","targetHints":{"allow":["GET"]}}],"collection":[{"href":"https:\/\/seipuntozero-haircare.it\/es\/wp-json\/wp\/v2\/product"}],"about":[{"href":"https:\/\/seipuntozero-haircare.it\/es\/wp-json\/wp\/v2\/types\/product"}],"wp:featuredmedia":[{"embeddable":true,"href":"https:\/\/seipuntozero-haircare.it\/es\/wp-json\/wp\/v2\/media\/18183"}],"wp:attachment":[{"href":"https:\/\/seipuntozero-haircare.it\/es\/wp-json\/wp\/v2\/media?parent=16768"}],"wp:term":[{"taxonomy":"product_brand","embeddable":true,"href":"https:\/\/seipuntozero-haircare.it\/es\/wp-json\/wp\/v2\/product_brand?post=16768"},{"taxonomy":"product_cat","embeddable":true,"href":"https:\/\/seipuntozero-haircare.it\/es\/wp-json\/wp\/v2\/product_cat?post=16768"},{"taxonomy":"product_tag","embeddable":true,"href":"https:\/\/seipuntozero-haircare.it\/es\/wp-json\/wp\/v2\/product_tag?post=16768"}],"curies":[{"name":"wp","href":"https:\/\/api.w.org\/{rel}","templated":true}]}}