{"id":16764,"date":"2019-10-21T11:52:23","date_gmt":"2019-10-21T09:52:23","guid":{"rendered":"https:\/\/seipuntozero-haircare.it\/prodotto\/hairzoe-champu-de-mantenimiento-reestructurante-home-treatment\/"},"modified":"2021-06-25T14:34:53","modified_gmt":"2021-06-25T12:34:53","slug":"hairzoe-champu-de-mantenimiento-reestructurante-home-treatment","status":"publish","type":"product","link":"https:\/\/seipuntozero-haircare.it\/es\/product\/hairzoe-champu-de-mantenimiento-reestructurante-home-treatment\/","title":{"rendered":"HAIRZOE <br> Champ\u00fa de mantenimiento reestructurante \u2013 Home Treatment"},"content":{"rendered":"<ul>\n<li>Limpia el cabello con suavidad<\/li>\n<li>Formulaci\u00f3n reestructurante y nutritiva<\/li>\n<li>El <em>home treatment<\/em> conserva y prolonga los beneficios del tratamiento Hairzoe incluso en casa<\/li>\n<\/ul>\n","protected":false},"excerpt":{"rendered":"<p>El <strong>champ\u00fa de mantenimiento reestructurante Hairzoe<\/strong> limpia e hidrata el cabello.<\/p>\n<p>Compuesto de champ\u00fa y mascarilla, el Home Treatment es ideal para preservar y mantener los efectos cosm\u00e9ticos del tratamiento realizado en la peluquer\u00eda, gracias a su f\u00f3rmula delicada y nutritiva: el <strong>\u00e1cido hialur\u00f3nico <\/strong>y las<strong> c\u00e9lulas madre de la uva<\/strong> act\u00faan en profundidad y ejercen una <strong>intensa acci\u00f3n abrillantadora y acondicionadora<\/strong>.<\/p>\n<p>Formato de 300 ml<\/p>\n","protected":false},"featured_media":18165,"template":"","meta":[],"product_brand":[],"product_cat":[948],"product_tag":[],"class_list":["post-16764","product","type-product","status-publish","has-post-thumbnail","hentry","product_cat-hairzoe-es"],"yoast_head":"<!-- This site is optimized with the Yoast SEO plugin v27.1.1 - https:\/\/yoast.com\/product\/yoast-seo-wordpress\/ -->\n<title>Champ\u00fa de mantenimiento reestructurante \u2013 Home Treatment | Hairzoe<\/title>\n<meta name=\"description\" content=\"El champ\u00fa de mantenimiento reestructurante Hairzoe limpia e hidrata el cabello.\" \/>\n<meta name=\"robots\" content=\"index, follow, max-snippet:-1, max-image-preview:large, max-video-preview:-1\" \/>\n<link rel=\"canonical\" href=\"https:\/\/seipuntozero-haircare.it\/es\/product\/hairzoe-champu-de-mantenimiento-reestructurante-home-treatment\/\" \/>\n<meta property=\"og:locale\" content=\"es_ES\" \/>\n<meta property=\"og:type\" content=\"article\" \/>\n<meta property=\"og:title\" content=\"Champ\u00fa de mantenimiento reestructurante \u2013 Home Treatment | Hairzoe\" \/>\n<meta property=\"og:description\" content=\"El champ\u00fa de mantenimiento reestructurante Hairzoe limpia e hidrata el cabello.\" \/>\n<meta property=\"og:url\" content=\"https:\/\/seipuntozero-haircare.it\/es\/product\/hairzoe-champu-de-mantenimiento-reestructurante-home-treatment\/\" \/>\n<meta property=\"og:site_name\" content=\"6.Zero\" \/>\n<meta property=\"article:modified_time\" content=\"2021-06-25T12:34:53+00:00\" \/>\n<meta property=\"og:image\" content=\"https:\/\/seipuntozero-haircare.it\/wp-content\/uploads\/2020\/01\/263141_sei_punto_zero_restructuring_maintenance_shampoo_hairzoe_shampoo_300ml.png\" \/>\n\t<meta property=\"og:image:width\" content=\"600\" \/>\n\t<meta property=\"og:image:height\" content=\"600\" \/>\n\t<meta property=\"og:image:type\" content=\"image\/png\" \/>\n<meta name=\"twitter:card\" content=\"summary_large_image\" \/>\n<meta name=\"twitter:label1\" content=\"Tiempo de lectura\" \/>\n\t<meta name=\"twitter:data1\" content=\"1 minuto\" \/>\n<script type=\"application\/ld+json\" class=\"yoast-schema-graph\">{\"@context\":\"https:\/\/schema.org\",\"@graph\":[{\"@type\":\"WebPage\",\"@id\":\"https:\/\/seipuntozero-haircare.it\/es\/product\/hairzoe-champu-de-mantenimiento-reestructurante-home-treatment\/\",\"url\":\"https:\/\/seipuntozero-haircare.it\/es\/product\/hairzoe-champu-de-mantenimiento-reestructurante-home-treatment\/\",\"name\":\"Champ\u00fa de mantenimiento reestructurante \u2013 Home Treatment | Hairzoe\",\"isPartOf\":{\"@id\":\"https:\/\/seipuntozero-haircare.it\/es\/#website\"},\"primaryImageOfPage\":{\"@id\":\"https:\/\/seipuntozero-haircare.it\/es\/product\/hairzoe-champu-de-mantenimiento-reestructurante-home-treatment\/#primaryimage\"},\"image\":{\"@id\":\"https:\/\/seipuntozero-haircare.it\/es\/product\/hairzoe-champu-de-mantenimiento-reestructurante-home-treatment\/#primaryimage\"},\"thumbnailUrl\":\"https:\/\/seipuntozero-haircare.it\/wp-content\/uploads\/2020\/01\/263141_sei_punto_zero_restructuring_maintenance_shampoo_hairzoe_shampoo_300ml.png\",\"datePublished\":\"2019-10-21T09:52:23+00:00\",\"dateModified\":\"2021-06-25T12:34:53+00:00\",\"description\":\"El champ\u00fa de mantenimiento reestructurante Hairzoe limpia e hidrata el cabello.\",\"breadcrumb\":{\"@id\":\"https:\/\/seipuntozero-haircare.it\/es\/product\/hairzoe-champu-de-mantenimiento-reestructurante-home-treatment\/#breadcrumb\"},\"inLanguage\":\"es\",\"potentialAction\":[{\"@type\":\"ReadAction\",\"target\":[\"https:\/\/seipuntozero-haircare.it\/es\/product\/hairzoe-champu-de-mantenimiento-reestructurante-home-treatment\/\"]}]},{\"@type\":\"ImageObject\",\"inLanguage\":\"es\",\"@id\":\"https:\/\/seipuntozero-haircare.it\/es\/product\/hairzoe-champu-de-mantenimiento-reestructurante-home-treatment\/#primaryimage\",\"url\":\"https:\/\/seipuntozero-haircare.it\/wp-content\/uploads\/2020\/01\/263141_sei_punto_zero_restructuring_maintenance_shampoo_hairzoe_shampoo_300ml.png\",\"contentUrl\":\"https:\/\/seipuntozero-haircare.it\/wp-content\/uploads\/2020\/01\/263141_sei_punto_zero_restructuring_maintenance_shampoo_hairzoe_shampoo_300ml.png\",\"width\":600,\"height\":600,\"caption\":\"Shampoo mantenimento ristrutturante\"},{\"@type\":\"BreadcrumbList\",\"@id\":\"https:\/\/seipuntozero-haircare.it\/es\/product\/hairzoe-champu-de-mantenimiento-reestructurante-home-treatment\/#breadcrumb\",\"itemListElement\":[{\"@type\":\"ListItem\",\"position\":1,\"name\":\"Home\",\"item\":\"https:\/\/seipuntozero-haircare.it\/es\/\"},{\"@type\":\"ListItem\",\"position\":2,\"name\":\"Products\",\"item\":\"https:\/\/seipuntozero-haircare.it\/es\/shop\/\"},{\"@type\":\"ListItem\",\"position\":3,\"name\":\"HAIRZOE Champ\u00fa de mantenimiento reestructurante \u2013 Home Treatment\"}]},{\"@type\":\"WebSite\",\"@id\":\"https:\/\/seipuntozero-haircare.it\/es\/#website\",\"url\":\"https:\/\/seipuntozero-haircare.it\/es\/\",\"name\":\"6.Zero\",\"description\":\"Essential Touch\",\"potentialAction\":[{\"@type\":\"SearchAction\",\"target\":{\"@type\":\"EntryPoint\",\"urlTemplate\":\"https:\/\/seipuntozero-haircare.it\/es\/?s={search_term_string}\"},\"query-input\":{\"@type\":\"PropertyValueSpecification\",\"valueRequired\":true,\"valueName\":\"search_term_string\"}}],\"inLanguage\":\"es\"}]}<\/script>\n<!-- \/ Yoast SEO plugin. -->","yoast_head_json":{"title":"Champ\u00fa de mantenimiento reestructurante \u2013 Home Treatment | Hairzoe","description":"El champ\u00fa de mantenimiento reestructurante Hairzoe limpia e hidrata el cabello.","robots":{"index":"index","follow":"follow","max-snippet":"max-snippet:-1","max-image-preview":"max-image-preview:large","max-video-preview":"max-video-preview:-1"},"canonical":"https:\/\/seipuntozero-haircare.it\/es\/product\/hairzoe-champu-de-mantenimiento-reestructurante-home-treatment\/","og_locale":"es_ES","og_type":"article","og_title":"Champ\u00fa de mantenimiento reestructurante \u2013 Home Treatment | Hairzoe","og_description":"El champ\u00fa de mantenimiento reestructurante Hairzoe limpia e hidrata el cabello.","og_url":"https:\/\/seipuntozero-haircare.it\/es\/product\/hairzoe-champu-de-mantenimiento-reestructurante-home-treatment\/","og_site_name":"6.Zero","article_modified_time":"2021-06-25T12:34:53+00:00","og_image":[{"width":600,"height":600,"url":"https:\/\/seipuntozero-haircare.it\/wp-content\/uploads\/2020\/01\/263141_sei_punto_zero_restructuring_maintenance_shampoo_hairzoe_shampoo_300ml.png","type":"image\/png"}],"twitter_card":"summary_large_image","twitter_misc":{"Tiempo de lectura":"1 minuto"},"schema":{"@context":"https:\/\/schema.org","@graph":[{"@type":"WebPage","@id":"https:\/\/seipuntozero-haircare.it\/es\/product\/hairzoe-champu-de-mantenimiento-reestructurante-home-treatment\/","url":"https:\/\/seipuntozero-haircare.it\/es\/product\/hairzoe-champu-de-mantenimiento-reestructurante-home-treatment\/","name":"Champ\u00fa de mantenimiento reestructurante \u2013 Home Treatment | Hairzoe","isPartOf":{"@id":"https:\/\/seipuntozero-haircare.it\/es\/#website"},"primaryImageOfPage":{"@id":"https:\/\/seipuntozero-haircare.it\/es\/product\/hairzoe-champu-de-mantenimiento-reestructurante-home-treatment\/#primaryimage"},"image":{"@id":"https:\/\/seipuntozero-haircare.it\/es\/product\/hairzoe-champu-de-mantenimiento-reestructurante-home-treatment\/#primaryimage"},"thumbnailUrl":"https:\/\/seipuntozero-haircare.it\/wp-content\/uploads\/2020\/01\/263141_sei_punto_zero_restructuring_maintenance_shampoo_hairzoe_shampoo_300ml.png","datePublished":"2019-10-21T09:52:23+00:00","dateModified":"2021-06-25T12:34:53+00:00","description":"El champ\u00fa de mantenimiento reestructurante Hairzoe limpia e hidrata el cabello.","breadcrumb":{"@id":"https:\/\/seipuntozero-haircare.it\/es\/product\/hairzoe-champu-de-mantenimiento-reestructurante-home-treatment\/#breadcrumb"},"inLanguage":"es","potentialAction":[{"@type":"ReadAction","target":["https:\/\/seipuntozero-haircare.it\/es\/product\/hairzoe-champu-de-mantenimiento-reestructurante-home-treatment\/"]}]},{"@type":"ImageObject","inLanguage":"es","@id":"https:\/\/seipuntozero-haircare.it\/es\/product\/hairzoe-champu-de-mantenimiento-reestructurante-home-treatment\/#primaryimage","url":"https:\/\/seipuntozero-haircare.it\/wp-content\/uploads\/2020\/01\/263141_sei_punto_zero_restructuring_maintenance_shampoo_hairzoe_shampoo_300ml.png","contentUrl":"https:\/\/seipuntozero-haircare.it\/wp-content\/uploads\/2020\/01\/263141_sei_punto_zero_restructuring_maintenance_shampoo_hairzoe_shampoo_300ml.png","width":600,"height":600,"caption":"Shampoo mantenimento ristrutturante"},{"@type":"BreadcrumbList","@id":"https:\/\/seipuntozero-haircare.it\/es\/product\/hairzoe-champu-de-mantenimiento-reestructurante-home-treatment\/#breadcrumb","itemListElement":[{"@type":"ListItem","position":1,"name":"Home","item":"https:\/\/seipuntozero-haircare.it\/es\/"},{"@type":"ListItem","position":2,"name":"Products","item":"https:\/\/seipuntozero-haircare.it\/es\/shop\/"},{"@type":"ListItem","position":3,"name":"HAIRZOE Champ\u00fa de mantenimiento reestructurante \u2013 Home Treatment"}]},{"@type":"WebSite","@id":"https:\/\/seipuntozero-haircare.it\/es\/#website","url":"https:\/\/seipuntozero-haircare.it\/es\/","name":"6.Zero","description":"Essential Touch","potentialAction":[{"@type":"SearchAction","target":{"@type":"EntryPoint","urlTemplate":"https:\/\/seipuntozero-haircare.it\/es\/?s={search_term_string}"},"query-input":{"@type":"PropertyValueSpecification","valueRequired":true,"valueName":"search_term_string"}}],"inLanguage":"es"}]}},"_links":{"self":[{"href":"https:\/\/seipuntozero-haircare.it\/es\/wp-json\/wp\/v2\/product\/16764","targetHints":{"allow":["GET"]}}],"collection":[{"href":"https:\/\/seipuntozero-haircare.it\/es\/wp-json\/wp\/v2\/product"}],"about":[{"href":"https:\/\/seipuntozero-haircare.it\/es\/wp-json\/wp\/v2\/types\/product"}],"wp:featuredmedia":[{"embeddable":true,"href":"https:\/\/seipuntozero-haircare.it\/es\/wp-json\/wp\/v2\/media\/18165"}],"wp:attachment":[{"href":"https:\/\/seipuntozero-haircare.it\/es\/wp-json\/wp\/v2\/media?parent=16764"}],"wp:term":[{"taxonomy":"product_brand","embeddable":true,"href":"https:\/\/seipuntozero-haircare.it\/es\/wp-json\/wp\/v2\/product_brand?post=16764"},{"taxonomy":"product_cat","embeddable":true,"href":"https:\/\/seipuntozero-haircare.it\/es\/wp-json\/wp\/v2\/product_cat?post=16764"},{"taxonomy":"product_tag","embeddable":true,"href":"https:\/\/seipuntozero-haircare.it\/es\/wp-json\/wp\/v2\/product_tag?post=16764"}],"curies":[{"name":"wp","href":"https:\/\/api.w.org\/{rel}","templated":true}]}}