{"id":16762,"date":"2020-01-07T14:37:54","date_gmt":"2020-01-07T13:37:54","guid":{"rendered":"https:\/\/seipuntozero-haircare.it\/prodotto\/hairzoe-champu-preparador-reestructurante\/"},"modified":"2021-06-25T14:24:17","modified_gmt":"2021-06-25T12:24:17","slug":"hairzoe-champu-preparador-reestructurante","status":"publish","type":"product","link":"https:\/\/seipuntozero-haircare.it\/es\/product\/hairzoe-champu-preparador-reestructurante\/","title":{"rendered":"HAIRZOE <br> Champ\u00fa preparador reestructurante"},"content":{"rendered":"<ul>\n<li>Limpia delicadamente sin apelmazar<\/li>\n<li>Abre el tratamiento reestructurante Hairzoe<\/li>\n<li>Prepara el cabello para los siguientes pasos<\/li>\n<li>Eficacia probada*<\/li>\n<\/ul>\n<p>&nbsp;<\/p>\n<p>*Las pruebas realizadas en vivo en los Institutos Universitarios Italianos demuestran la eficacia del tratamiento: el cabello queda visiblemente con m\u00e1s cuerpo y brillante, notablemente reestructurado.<\/p>\n","protected":false},"excerpt":{"rendered":"<p>El <strong>champ\u00fa preparador reestructurante<\/strong> inicia el tratamiento Hairzoe, que ofrece al cabello una nueva vida.<\/p>\n<p>Su suave acci\u00f3n limpiadora elimina las impurezas y favorece la<strong> hidrataci\u00f3n y la suavidad<\/strong>, preparando el cabello para los siguientes pasos del tratamiento. Est\u00e1 enriquecido con <strong>\u00e1cido hialur\u00f3nico<\/strong>, de efecto rellenador, y con <strong>c\u00e9lulas madre de uva<\/strong>, que protegen el cabello y ejercen una acci\u00f3n antienvejecimiento, combatiendo los radicales libres.<\/p>\n<p>Formato de 1000 ml<\/p>\n","protected":false},"featured_media":19732,"template":"","meta":[],"product_brand":[],"product_cat":[948],"product_tag":[],"class_list":["post-16762","product","type-product","status-publish","has-post-thumbnail","hentry","product_cat-hairzoe-es"],"yoast_head":"<!-- This site is optimized with the Yoast SEO plugin v27.1.1 - https:\/\/yoast.com\/product\/yoast-seo-wordpress\/ -->\n<title>Champ\u00fa preparador reestructurante | Hairzoe<\/title>\n<meta name=\"description\" content=\"El champ\u00fa preparador reestructurante inicia el tratamiento Hairzoe, que ofrece al cabello una nueva vida.\" \/>\n<meta name=\"robots\" content=\"index, follow, max-snippet:-1, max-image-preview:large, max-video-preview:-1\" \/>\n<link rel=\"canonical\" href=\"https:\/\/seipuntozero-haircare.it\/es\/product\/hairzoe-champu-preparador-reestructurante\/\" \/>\n<meta property=\"og:locale\" content=\"es_ES\" \/>\n<meta property=\"og:type\" content=\"article\" \/>\n<meta property=\"og:title\" content=\"Champ\u00fa preparador reestructurante | Hairzoe\" \/>\n<meta property=\"og:description\" content=\"El champ\u00fa preparador reestructurante inicia el tratamiento Hairzoe, que ofrece al cabello una nueva vida.\" \/>\n<meta property=\"og:url\" content=\"https:\/\/seipuntozero-haircare.it\/es\/product\/hairzoe-champu-preparador-reestructurante\/\" \/>\n<meta property=\"og:site_name\" content=\"6.Zero\" \/>\n<meta property=\"article:modified_time\" content=\"2021-06-25T12:24:17+00:00\" \/>\n<meta property=\"og:image\" content=\"https:\/\/seipuntozero-haircare.it\/wp-content\/uploads\/2020\/01\/263134_sei_punto_zero_hairzoe_restructuring_pre_tratment_shampoo_1000ml-1.png\" \/>\n\t<meta property=\"og:image:width\" content=\"600\" \/>\n\t<meta property=\"og:image:height\" content=\"600\" \/>\n\t<meta property=\"og:image:type\" content=\"image\/png\" \/>\n<meta name=\"twitter:card\" content=\"summary_large_image\" \/>\n<meta name=\"twitter:label1\" content=\"Tiempo de lectura\" \/>\n\t<meta name=\"twitter:data1\" content=\"1 minuto\" \/>\n<script type=\"application\/ld+json\" class=\"yoast-schema-graph\">{\"@context\":\"https:\/\/schema.org\",\"@graph\":[{\"@type\":\"WebPage\",\"@id\":\"https:\/\/seipuntozero-haircare.it\/es\/product\/hairzoe-champu-preparador-reestructurante\/\",\"url\":\"https:\/\/seipuntozero-haircare.it\/es\/product\/hairzoe-champu-preparador-reestructurante\/\",\"name\":\"Champ\u00fa preparador reestructurante | Hairzoe\",\"isPartOf\":{\"@id\":\"https:\/\/seipuntozero-haircare.it\/es\/#website\"},\"primaryImageOfPage\":{\"@id\":\"https:\/\/seipuntozero-haircare.it\/es\/product\/hairzoe-champu-preparador-reestructurante\/#primaryimage\"},\"image\":{\"@id\":\"https:\/\/seipuntozero-haircare.it\/es\/product\/hairzoe-champu-preparador-reestructurante\/#primaryimage\"},\"thumbnailUrl\":\"https:\/\/seipuntozero-haircare.it\/wp-content\/uploads\/2020\/01\/263134_sei_punto_zero_hairzoe_restructuring_pre_tratment_shampoo_1000ml-1.png\",\"datePublished\":\"2020-01-07T13:37:54+00:00\",\"dateModified\":\"2021-06-25T12:24:17+00:00\",\"description\":\"El champ\u00fa preparador reestructurante inicia el tratamiento Hairzoe, que ofrece al cabello una nueva vida.\",\"breadcrumb\":{\"@id\":\"https:\/\/seipuntozero-haircare.it\/es\/product\/hairzoe-champu-preparador-reestructurante\/#breadcrumb\"},\"inLanguage\":\"es\",\"potentialAction\":[{\"@type\":\"ReadAction\",\"target\":[\"https:\/\/seipuntozero-haircare.it\/es\/product\/hairzoe-champu-preparador-reestructurante\/\"]}]},{\"@type\":\"ImageObject\",\"inLanguage\":\"es\",\"@id\":\"https:\/\/seipuntozero-haircare.it\/es\/product\/hairzoe-champu-preparador-reestructurante\/#primaryimage\",\"url\":\"https:\/\/seipuntozero-haircare.it\/wp-content\/uploads\/2020\/01\/263134_sei_punto_zero_hairzoe_restructuring_pre_tratment_shampoo_1000ml-1.png\",\"contentUrl\":\"https:\/\/seipuntozero-haircare.it\/wp-content\/uploads\/2020\/01\/263134_sei_punto_zero_hairzoe_restructuring_pre_tratment_shampoo_1000ml-1.png\",\"width\":600,\"height\":600},{\"@type\":\"BreadcrumbList\",\"@id\":\"https:\/\/seipuntozero-haircare.it\/es\/product\/hairzoe-champu-preparador-reestructurante\/#breadcrumb\",\"itemListElement\":[{\"@type\":\"ListItem\",\"position\":1,\"name\":\"Home\",\"item\":\"https:\/\/seipuntozero-haircare.it\/es\/\"},{\"@type\":\"ListItem\",\"position\":2,\"name\":\"Products\",\"item\":\"https:\/\/seipuntozero-haircare.it\/es\/shop\/\"},{\"@type\":\"ListItem\",\"position\":3,\"name\":\"HAIRZOE Champ\u00fa preparador reestructurante\"}]},{\"@type\":\"WebSite\",\"@id\":\"https:\/\/seipuntozero-haircare.it\/es\/#website\",\"url\":\"https:\/\/seipuntozero-haircare.it\/es\/\",\"name\":\"6.Zero\",\"description\":\"Essential Touch\",\"potentialAction\":[{\"@type\":\"SearchAction\",\"target\":{\"@type\":\"EntryPoint\",\"urlTemplate\":\"https:\/\/seipuntozero-haircare.it\/es\/?s={search_term_string}\"},\"query-input\":{\"@type\":\"PropertyValueSpecification\",\"valueRequired\":true,\"valueName\":\"search_term_string\"}}],\"inLanguage\":\"es\"}]}<\/script>\n<!-- \/ Yoast SEO plugin. -->","yoast_head_json":{"title":"Champ\u00fa preparador reestructurante | Hairzoe","description":"El champ\u00fa preparador reestructurante inicia el tratamiento Hairzoe, que ofrece al cabello una nueva vida.","robots":{"index":"index","follow":"follow","max-snippet":"max-snippet:-1","max-image-preview":"max-image-preview:large","max-video-preview":"max-video-preview:-1"},"canonical":"https:\/\/seipuntozero-haircare.it\/es\/product\/hairzoe-champu-preparador-reestructurante\/","og_locale":"es_ES","og_type":"article","og_title":"Champ\u00fa preparador reestructurante | Hairzoe","og_description":"El champ\u00fa preparador reestructurante inicia el tratamiento Hairzoe, que ofrece al cabello una nueva vida.","og_url":"https:\/\/seipuntozero-haircare.it\/es\/product\/hairzoe-champu-preparador-reestructurante\/","og_site_name":"6.Zero","article_modified_time":"2021-06-25T12:24:17+00:00","og_image":[{"width":600,"height":600,"url":"https:\/\/seipuntozero-haircare.it\/wp-content\/uploads\/2020\/01\/263134_sei_punto_zero_hairzoe_restructuring_pre_tratment_shampoo_1000ml-1.png","type":"image\/png"}],"twitter_card":"summary_large_image","twitter_misc":{"Tiempo de lectura":"1 minuto"},"schema":{"@context":"https:\/\/schema.org","@graph":[{"@type":"WebPage","@id":"https:\/\/seipuntozero-haircare.it\/es\/product\/hairzoe-champu-preparador-reestructurante\/","url":"https:\/\/seipuntozero-haircare.it\/es\/product\/hairzoe-champu-preparador-reestructurante\/","name":"Champ\u00fa preparador reestructurante | Hairzoe","isPartOf":{"@id":"https:\/\/seipuntozero-haircare.it\/es\/#website"},"primaryImageOfPage":{"@id":"https:\/\/seipuntozero-haircare.it\/es\/product\/hairzoe-champu-preparador-reestructurante\/#primaryimage"},"image":{"@id":"https:\/\/seipuntozero-haircare.it\/es\/product\/hairzoe-champu-preparador-reestructurante\/#primaryimage"},"thumbnailUrl":"https:\/\/seipuntozero-haircare.it\/wp-content\/uploads\/2020\/01\/263134_sei_punto_zero_hairzoe_restructuring_pre_tratment_shampoo_1000ml-1.png","datePublished":"2020-01-07T13:37:54+00:00","dateModified":"2021-06-25T12:24:17+00:00","description":"El champ\u00fa preparador reestructurante inicia el tratamiento Hairzoe, que ofrece al cabello una nueva vida.","breadcrumb":{"@id":"https:\/\/seipuntozero-haircare.it\/es\/product\/hairzoe-champu-preparador-reestructurante\/#breadcrumb"},"inLanguage":"es","potentialAction":[{"@type":"ReadAction","target":["https:\/\/seipuntozero-haircare.it\/es\/product\/hairzoe-champu-preparador-reestructurante\/"]}]},{"@type":"ImageObject","inLanguage":"es","@id":"https:\/\/seipuntozero-haircare.it\/es\/product\/hairzoe-champu-preparador-reestructurante\/#primaryimage","url":"https:\/\/seipuntozero-haircare.it\/wp-content\/uploads\/2020\/01\/263134_sei_punto_zero_hairzoe_restructuring_pre_tratment_shampoo_1000ml-1.png","contentUrl":"https:\/\/seipuntozero-haircare.it\/wp-content\/uploads\/2020\/01\/263134_sei_punto_zero_hairzoe_restructuring_pre_tratment_shampoo_1000ml-1.png","width":600,"height":600},{"@type":"BreadcrumbList","@id":"https:\/\/seipuntozero-haircare.it\/es\/product\/hairzoe-champu-preparador-reestructurante\/#breadcrumb","itemListElement":[{"@type":"ListItem","position":1,"name":"Home","item":"https:\/\/seipuntozero-haircare.it\/es\/"},{"@type":"ListItem","position":2,"name":"Products","item":"https:\/\/seipuntozero-haircare.it\/es\/shop\/"},{"@type":"ListItem","position":3,"name":"HAIRZOE Champ\u00fa preparador reestructurante"}]},{"@type":"WebSite","@id":"https:\/\/seipuntozero-haircare.it\/es\/#website","url":"https:\/\/seipuntozero-haircare.it\/es\/","name":"6.Zero","description":"Essential Touch","potentialAction":[{"@type":"SearchAction","target":{"@type":"EntryPoint","urlTemplate":"https:\/\/seipuntozero-haircare.it\/es\/?s={search_term_string}"},"query-input":{"@type":"PropertyValueSpecification","valueRequired":true,"valueName":"search_term_string"}}],"inLanguage":"es"}]}},"_links":{"self":[{"href":"https:\/\/seipuntozero-haircare.it\/es\/wp-json\/wp\/v2\/product\/16762","targetHints":{"allow":["GET"]}}],"collection":[{"href":"https:\/\/seipuntozero-haircare.it\/es\/wp-json\/wp\/v2\/product"}],"about":[{"href":"https:\/\/seipuntozero-haircare.it\/es\/wp-json\/wp\/v2\/types\/product"}],"wp:featuredmedia":[{"embeddable":true,"href":"https:\/\/seipuntozero-haircare.it\/es\/wp-json\/wp\/v2\/media\/19732"}],"wp:attachment":[{"href":"https:\/\/seipuntozero-haircare.it\/es\/wp-json\/wp\/v2\/media?parent=16762"}],"wp:term":[{"taxonomy":"product_brand","embeddable":true,"href":"https:\/\/seipuntozero-haircare.it\/es\/wp-json\/wp\/v2\/product_brand?post=16762"},{"taxonomy":"product_cat","embeddable":true,"href":"https:\/\/seipuntozero-haircare.it\/es\/wp-json\/wp\/v2\/product_cat?post=16762"},{"taxonomy":"product_tag","embeddable":true,"href":"https:\/\/seipuntozero-haircare.it\/es\/wp-json\/wp\/v2\/product_tag?post=16762"}],"curies":[{"name":"wp","href":"https:\/\/api.w.org\/{rel}","templated":true}]}}