{"id":16758,"date":"2017-03-15T15:42:47","date_gmt":"2017-03-15T14:42:47","guid":{"rendered":"https:\/\/seipuntozero-haircare.it\/prodotto\/perfection-y10-aceite-para-cabello-danado-brillo-y-suavidad\/"},"modified":"2021-06-25T12:49:45","modified_gmt":"2021-06-25T10:49:45","slug":"perfection-y10-aceite-para-cabello-danado-brillo-y-suavidad","status":"publish","type":"product","link":"https:\/\/seipuntozero-haircare.it\/es\/product\/perfection-y10-aceite-para-cabello-danado-brillo-y-suavidad\/","title":{"rendered":"PERFECTION Y10 <br> Aceite para cabello da\u00f1ado, brillo y suavidad"},"content":{"rendered":"<ul>\n<li><strong>Ilumina y desenreda<\/strong> la cabellera<\/li>\n<li>Aporta <strong>suavidad y sedosidad<\/strong><\/li>\n<li>Reestructura el <strong>cabello da\u00f1ado<\/strong><\/li>\n<\/ul>\n","protected":false},"excerpt":{"rendered":"<p><strong>Perfection Y10, aceite para el cabello da\u00f1ado<\/strong>, de efecto reestructurante y desenredante. La f\u00f3rmula con <strong>aceite de arg\u00e1n<\/strong> y <strong>queratina<\/strong> aporta intensa suavidad y brillo extraordinario a la melena, sin apelmazarla ni engrasarla. Proporciona <strong>hidrataci\u00f3n <\/strong>y nueva<strong> fuerza al cabello debilitado<\/strong>.<\/p>\n<p>Frasco de 100 ml<\/p>\n","protected":false},"featured_media":24360,"template":"","meta":[],"product_brand":[],"product_cat":[944],"product_tag":[],"class_list":["post-16758","product","type-product","status-publish","has-post-thumbnail","hentry","product_cat-luxury-touch-es"],"yoast_head":"<!-- This site is optimized with the Yoast SEO plugin v27.1.1 - https:\/\/yoast.com\/product\/yoast-seo-wordpress\/ -->\n<title>PERFECTION Y10 | Aceite para cabello da\u00f1ado, brillo y suavidad<\/title>\n<meta name=\"description\" content=\"Perfection Y10, aceite para el cabello da\u00f1ado, de efecto reestructurante y desenredante. La f\u00f3rmula con aceite de arg\u00e1n y queratina aporta suavidad y brillo.\" \/>\n<meta name=\"robots\" content=\"index, follow, max-snippet:-1, max-image-preview:large, max-video-preview:-1\" \/>\n<link rel=\"canonical\" href=\"https:\/\/seipuntozero-haircare.it\/es\/product\/perfection-y10-aceite-para-cabello-danado-brillo-y-suavidad\/\" \/>\n<meta property=\"og:locale\" content=\"es_ES\" \/>\n<meta property=\"og:type\" content=\"article\" \/>\n<meta property=\"og:title\" content=\"PERFECTION Y10 | Aceite para cabello da\u00f1ado, brillo y suavidad\" \/>\n<meta property=\"og:description\" content=\"Perfection Y10, aceite para el cabello da\u00f1ado, de efecto reestructurante y desenredante. La f\u00f3rmula con aceite de arg\u00e1n y queratina aporta suavidad y brillo.\" \/>\n<meta property=\"og:url\" content=\"https:\/\/seipuntozero-haircare.it\/es\/product\/perfection-y10-aceite-para-cabello-danado-brillo-y-suavidad\/\" \/>\n<meta property=\"og:site_name\" content=\"6.Zero\" \/>\n<meta property=\"article:modified_time\" content=\"2021-06-25T10:49:45+00:00\" \/>\n<meta property=\"og:image\" content=\"https:\/\/seipuntozero-haircare.it\/wp-content\/uploads\/2017\/03\/262205_sei_punto_zero_perfection_y10_intense_oil_100ml-1.png\" \/>\n\t<meta property=\"og:image:width\" content=\"800\" \/>\n\t<meta property=\"og:image:height\" content=\"800\" \/>\n\t<meta property=\"og:image:type\" content=\"image\/png\" \/>\n<meta name=\"twitter:card\" content=\"summary_large_image\" \/>\n<meta name=\"twitter:label1\" content=\"Tiempo de lectura\" \/>\n\t<meta name=\"twitter:data1\" content=\"1 minuto\" \/>\n<script type=\"application\/ld+json\" class=\"yoast-schema-graph\">{\"@context\":\"https:\/\/schema.org\",\"@graph\":[{\"@type\":\"WebPage\",\"@id\":\"https:\/\/seipuntozero-haircare.it\/es\/product\/perfection-y10-aceite-para-cabello-danado-brillo-y-suavidad\/\",\"url\":\"https:\/\/seipuntozero-haircare.it\/es\/product\/perfection-y10-aceite-para-cabello-danado-brillo-y-suavidad\/\",\"name\":\"PERFECTION Y10 | Aceite para cabello da\u00f1ado, brillo y suavidad\",\"isPartOf\":{\"@id\":\"https:\/\/seipuntozero-haircare.it\/es\/#website\"},\"primaryImageOfPage\":{\"@id\":\"https:\/\/seipuntozero-haircare.it\/es\/product\/perfection-y10-aceite-para-cabello-danado-brillo-y-suavidad\/#primaryimage\"},\"image\":{\"@id\":\"https:\/\/seipuntozero-haircare.it\/es\/product\/perfection-y10-aceite-para-cabello-danado-brillo-y-suavidad\/#primaryimage\"},\"thumbnailUrl\":\"https:\/\/seipuntozero-haircare.it\/wp-content\/uploads\/2026\/03\/262205-sei-punto-zero-perfection-y10-intense-oil-100ml.png\",\"datePublished\":\"2017-03-15T14:42:47+00:00\",\"dateModified\":\"2021-06-25T10:49:45+00:00\",\"description\":\"Perfection Y10, aceite para el cabello da\u00f1ado, de efecto reestructurante y desenredante. La f\u00f3rmula con aceite de arg\u00e1n y queratina aporta suavidad y brillo.\",\"breadcrumb\":{\"@id\":\"https:\/\/seipuntozero-haircare.it\/es\/product\/perfection-y10-aceite-para-cabello-danado-brillo-y-suavidad\/#breadcrumb\"},\"inLanguage\":\"es\",\"potentialAction\":[{\"@type\":\"ReadAction\",\"target\":[\"https:\/\/seipuntozero-haircare.it\/es\/product\/perfection-y10-aceite-para-cabello-danado-brillo-y-suavidad\/\"]}]},{\"@type\":\"ImageObject\",\"inLanguage\":\"es\",\"@id\":\"https:\/\/seipuntozero-haircare.it\/es\/product\/perfection-y10-aceite-para-cabello-danado-brillo-y-suavidad\/#primaryimage\",\"url\":\"https:\/\/seipuntozero-haircare.it\/wp-content\/uploads\/2026\/03\/262205-sei-punto-zero-perfection-y10-intense-oil-100ml.png\",\"contentUrl\":\"https:\/\/seipuntozero-haircare.it\/wp-content\/uploads\/2026\/03\/262205-sei-punto-zero-perfection-y10-intense-oil-100ml.png\",\"width\":800,\"height\":800},{\"@type\":\"BreadcrumbList\",\"@id\":\"https:\/\/seipuntozero-haircare.it\/es\/product\/perfection-y10-aceite-para-cabello-danado-brillo-y-suavidad\/#breadcrumb\",\"itemListElement\":[{\"@type\":\"ListItem\",\"position\":1,\"name\":\"Home\",\"item\":\"https:\/\/seipuntozero-haircare.it\/es\/\"},{\"@type\":\"ListItem\",\"position\":2,\"name\":\"Products\",\"item\":\"https:\/\/seipuntozero-haircare.it\/es\/shop\/\"},{\"@type\":\"ListItem\",\"position\":3,\"name\":\"PERFECTION Y10 Aceite para cabello da\u00f1ado, brillo y suavidad\"}]},{\"@type\":\"WebSite\",\"@id\":\"https:\/\/seipuntozero-haircare.it\/es\/#website\",\"url\":\"https:\/\/seipuntozero-haircare.it\/es\/\",\"name\":\"6.Zero\",\"description\":\"Essential Touch\",\"potentialAction\":[{\"@type\":\"SearchAction\",\"target\":{\"@type\":\"EntryPoint\",\"urlTemplate\":\"https:\/\/seipuntozero-haircare.it\/es\/?s={search_term_string}\"},\"query-input\":{\"@type\":\"PropertyValueSpecification\",\"valueRequired\":true,\"valueName\":\"search_term_string\"}}],\"inLanguage\":\"es\"}]}<\/script>\n<!-- \/ Yoast SEO plugin. -->","yoast_head_json":{"title":"PERFECTION Y10 | Aceite para cabello da\u00f1ado, brillo y suavidad","description":"Perfection Y10, aceite para el cabello da\u00f1ado, de efecto reestructurante y desenredante. La f\u00f3rmula con aceite de arg\u00e1n y queratina aporta suavidad y brillo.","robots":{"index":"index","follow":"follow","max-snippet":"max-snippet:-1","max-image-preview":"max-image-preview:large","max-video-preview":"max-video-preview:-1"},"canonical":"https:\/\/seipuntozero-haircare.it\/es\/product\/perfection-y10-aceite-para-cabello-danado-brillo-y-suavidad\/","og_locale":"es_ES","og_type":"article","og_title":"PERFECTION Y10 | Aceite para cabello da\u00f1ado, brillo y suavidad","og_description":"Perfection Y10, aceite para el cabello da\u00f1ado, de efecto reestructurante y desenredante. La f\u00f3rmula con aceite de arg\u00e1n y queratina aporta suavidad y brillo.","og_url":"https:\/\/seipuntozero-haircare.it\/es\/product\/perfection-y10-aceite-para-cabello-danado-brillo-y-suavidad\/","og_site_name":"6.Zero","article_modified_time":"2021-06-25T10:49:45+00:00","og_image":[{"width":800,"height":800,"url":"https:\/\/seipuntozero-haircare.it\/wp-content\/uploads\/2017\/03\/262205_sei_punto_zero_perfection_y10_intense_oil_100ml-1.png","type":"image\/png"}],"twitter_card":"summary_large_image","twitter_misc":{"Tiempo de lectura":"1 minuto"},"schema":{"@context":"https:\/\/schema.org","@graph":[{"@type":"WebPage","@id":"https:\/\/seipuntozero-haircare.it\/es\/product\/perfection-y10-aceite-para-cabello-danado-brillo-y-suavidad\/","url":"https:\/\/seipuntozero-haircare.it\/es\/product\/perfection-y10-aceite-para-cabello-danado-brillo-y-suavidad\/","name":"PERFECTION Y10 | Aceite para cabello da\u00f1ado, brillo y suavidad","isPartOf":{"@id":"https:\/\/seipuntozero-haircare.it\/es\/#website"},"primaryImageOfPage":{"@id":"https:\/\/seipuntozero-haircare.it\/es\/product\/perfection-y10-aceite-para-cabello-danado-brillo-y-suavidad\/#primaryimage"},"image":{"@id":"https:\/\/seipuntozero-haircare.it\/es\/product\/perfection-y10-aceite-para-cabello-danado-brillo-y-suavidad\/#primaryimage"},"thumbnailUrl":"https:\/\/seipuntozero-haircare.it\/wp-content\/uploads\/2026\/03\/262205-sei-punto-zero-perfection-y10-intense-oil-100ml.png","datePublished":"2017-03-15T14:42:47+00:00","dateModified":"2021-06-25T10:49:45+00:00","description":"Perfection Y10, aceite para el cabello da\u00f1ado, de efecto reestructurante y desenredante. La f\u00f3rmula con aceite de arg\u00e1n y queratina aporta suavidad y brillo.","breadcrumb":{"@id":"https:\/\/seipuntozero-haircare.it\/es\/product\/perfection-y10-aceite-para-cabello-danado-brillo-y-suavidad\/#breadcrumb"},"inLanguage":"es","potentialAction":[{"@type":"ReadAction","target":["https:\/\/seipuntozero-haircare.it\/es\/product\/perfection-y10-aceite-para-cabello-danado-brillo-y-suavidad\/"]}]},{"@type":"ImageObject","inLanguage":"es","@id":"https:\/\/seipuntozero-haircare.it\/es\/product\/perfection-y10-aceite-para-cabello-danado-brillo-y-suavidad\/#primaryimage","url":"https:\/\/seipuntozero-haircare.it\/wp-content\/uploads\/2026\/03\/262205-sei-punto-zero-perfection-y10-intense-oil-100ml.png","contentUrl":"https:\/\/seipuntozero-haircare.it\/wp-content\/uploads\/2026\/03\/262205-sei-punto-zero-perfection-y10-intense-oil-100ml.png","width":800,"height":800},{"@type":"BreadcrumbList","@id":"https:\/\/seipuntozero-haircare.it\/es\/product\/perfection-y10-aceite-para-cabello-danado-brillo-y-suavidad\/#breadcrumb","itemListElement":[{"@type":"ListItem","position":1,"name":"Home","item":"https:\/\/seipuntozero-haircare.it\/es\/"},{"@type":"ListItem","position":2,"name":"Products","item":"https:\/\/seipuntozero-haircare.it\/es\/shop\/"},{"@type":"ListItem","position":3,"name":"PERFECTION Y10 Aceite para cabello da\u00f1ado, brillo y suavidad"}]},{"@type":"WebSite","@id":"https:\/\/seipuntozero-haircare.it\/es\/#website","url":"https:\/\/seipuntozero-haircare.it\/es\/","name":"6.Zero","description":"Essential Touch","potentialAction":[{"@type":"SearchAction","target":{"@type":"EntryPoint","urlTemplate":"https:\/\/seipuntozero-haircare.it\/es\/?s={search_term_string}"},"query-input":{"@type":"PropertyValueSpecification","valueRequired":true,"valueName":"search_term_string"}}],"inLanguage":"es"}]}},"_links":{"self":[{"href":"https:\/\/seipuntozero-haircare.it\/es\/wp-json\/wp\/v2\/product\/16758","targetHints":{"allow":["GET"]}}],"collection":[{"href":"https:\/\/seipuntozero-haircare.it\/es\/wp-json\/wp\/v2\/product"}],"about":[{"href":"https:\/\/seipuntozero-haircare.it\/es\/wp-json\/wp\/v2\/types\/product"}],"wp:featuredmedia":[{"embeddable":true,"href":"https:\/\/seipuntozero-haircare.it\/es\/wp-json\/wp\/v2\/media\/24360"}],"wp:attachment":[{"href":"https:\/\/seipuntozero-haircare.it\/es\/wp-json\/wp\/v2\/media?parent=16758"}],"wp:term":[{"taxonomy":"product_brand","embeddable":true,"href":"https:\/\/seipuntozero-haircare.it\/es\/wp-json\/wp\/v2\/product_brand?post=16758"},{"taxonomy":"product_cat","embeddable":true,"href":"https:\/\/seipuntozero-haircare.it\/es\/wp-json\/wp\/v2\/product_cat?post=16758"},{"taxonomy":"product_tag","embeddable":true,"href":"https:\/\/seipuntozero-haircare.it\/es\/wp-json\/wp\/v2\/product_tag?post=16758"}],"curies":[{"name":"wp","href":"https:\/\/api.w.org\/{rel}","templated":true}]}}