{"id":16756,"date":"2019-03-14T18:00:19","date_gmt":"2019-03-14T17:00:19","guid":{"rendered":"https:\/\/seipuntozero-haircare.it\/prodotto\/selection-xy-champu-para-cabello-danado\/"},"modified":"2021-09-29T12:02:57","modified_gmt":"2021-09-29T10:02:57","slug":"selection-xy-champu-para-cabello-danado","status":"publish","type":"product","link":"https:\/\/seipuntozero-haircare.it\/es\/product\/selection-xy-champu-para-cabello-danado\/","title":{"rendered":"SELECTION XY <br> Champ\u00fa para cabello da\u00f1ado"},"content":{"rendered":"<ul>\n<li><strong>Limpia suavemente<\/strong> el cabello da\u00f1ado, hidrat\u00e1ndolo a fondo<\/li>\n<li>La melena recupera su <strong>suavidad y elasticidad<\/strong><\/li>\n<\/ul>\n","protected":false},"excerpt":{"rendered":"<p>Dise\u00f1ado para ofrecer un lavado de lo m\u00e1s lujoso: dedicado al cabello da\u00f1ado, el <strong>champ\u00fa<\/strong> <strong>Selection XY<\/strong> ofrece una nueva experiencia para la melena, donde se encuentran la <strong>nutrici\u00f3n y la hidrataci\u00f3n<\/strong>. El cabello queda suave y resplandeciente de belleza. F\u00f3rmula limpiadora enriquecida con <strong>aceite de arg\u00e1n<\/strong> y <strong>queratina<\/strong>, principios activos que ayudan a mantener las fibras capilares<strong> el\u00e1sticas y profundamente hidratadas<\/strong>.<\/p>\n<p>Formato de 300 ml<\/p>\n","protected":false},"featured_media":24381,"template":"","meta":[],"product_brand":[],"product_cat":[944],"product_tag":[],"class_list":["post-16756","product","type-product","status-publish","has-post-thumbnail","hentry","product_cat-luxury-touch-es"],"yoast_head":"<!-- This site is optimized with the Yoast SEO plugin v27.1.1 - https:\/\/yoast.com\/product\/yoast-seo-wordpress\/ -->\n<title>SELECTION XY | Champ\u00fa para cabello da\u00f1ado<\/title>\n<meta name=\"description\" content=\"Dise\u00f1ado para ofrecer un lavado de lo m\u00e1s lujoso: dedicado al cabello da\u00f1ado, el champ\u00fa Selection XY ofrece una nueva experiencia para la melena.\" \/>\n<meta name=\"robots\" content=\"index, follow, max-snippet:-1, max-image-preview:large, max-video-preview:-1\" \/>\n<link rel=\"canonical\" href=\"https:\/\/seipuntozero-haircare.it\/es\/product\/selection-xy-champu-para-cabello-danado\/\" \/>\n<meta property=\"og:locale\" content=\"es_ES\" \/>\n<meta property=\"og:type\" content=\"article\" \/>\n<meta property=\"og:title\" content=\"SELECTION XY | Champ\u00fa para cabello da\u00f1ado\" \/>\n<meta property=\"og:description\" content=\"Dise\u00f1ado para ofrecer un lavado de lo m\u00e1s lujoso: dedicado al cabello da\u00f1ado, el champ\u00fa Selection XY ofrece una nueva experiencia para la melena.\" \/>\n<meta property=\"og:url\" content=\"https:\/\/seipuntozero-haircare.it\/es\/product\/selection-xy-champu-para-cabello-danado\/\" \/>\n<meta property=\"og:site_name\" content=\"6.Zero\" \/>\n<meta property=\"article:modified_time\" content=\"2021-09-29T10:02:57+00:00\" \/>\n<meta property=\"og:image\" content=\"https:\/\/seipuntozero-haircare.it\/wp-content\/uploads\/2021\/09\/263325_sei_punto_zero_selection_xy_shampoo_300ml-1.png\" \/>\n\t<meta property=\"og:image:width\" content=\"800\" \/>\n\t<meta property=\"og:image:height\" content=\"800\" \/>\n\t<meta property=\"og:image:type\" content=\"image\/png\" \/>\n<meta name=\"twitter:card\" content=\"summary_large_image\" \/>\n<meta name=\"twitter:label1\" content=\"Tiempo de lectura\" \/>\n\t<meta name=\"twitter:data1\" content=\"1 minuto\" \/>\n<script type=\"application\/ld+json\" class=\"yoast-schema-graph\">{\"@context\":\"https:\/\/schema.org\",\"@graph\":[{\"@type\":\"WebPage\",\"@id\":\"https:\/\/seipuntozero-haircare.it\/es\/product\/selection-xy-champu-para-cabello-danado\/\",\"url\":\"https:\/\/seipuntozero-haircare.it\/es\/product\/selection-xy-champu-para-cabello-danado\/\",\"name\":\"SELECTION XY | Champ\u00fa para cabello da\u00f1ado\",\"isPartOf\":{\"@id\":\"https:\/\/seipuntozero-haircare.it\/es\/#website\"},\"primaryImageOfPage\":{\"@id\":\"https:\/\/seipuntozero-haircare.it\/es\/product\/selection-xy-champu-para-cabello-danado\/#primaryimage\"},\"image\":{\"@id\":\"https:\/\/seipuntozero-haircare.it\/es\/product\/selection-xy-champu-para-cabello-danado\/#primaryimage\"},\"thumbnailUrl\":\"https:\/\/seipuntozero-haircare.it\/wp-content\/uploads\/2026\/03\/263325_sei_punto_zero_selection_xy_shampoo_300ml.png\",\"datePublished\":\"2019-03-14T17:00:19+00:00\",\"dateModified\":\"2021-09-29T10:02:57+00:00\",\"description\":\"Dise\u00f1ado para ofrecer un lavado de lo m\u00e1s lujoso: dedicado al cabello da\u00f1ado, el champ\u00fa Selection XY ofrece una nueva experiencia para la melena.\",\"breadcrumb\":{\"@id\":\"https:\/\/seipuntozero-haircare.it\/es\/product\/selection-xy-champu-para-cabello-danado\/#breadcrumb\"},\"inLanguage\":\"es\",\"potentialAction\":[{\"@type\":\"ReadAction\",\"target\":[\"https:\/\/seipuntozero-haircare.it\/es\/product\/selection-xy-champu-para-cabello-danado\/\"]}]},{\"@type\":\"ImageObject\",\"inLanguage\":\"es\",\"@id\":\"https:\/\/seipuntozero-haircare.it\/es\/product\/selection-xy-champu-para-cabello-danado\/#primaryimage\",\"url\":\"https:\/\/seipuntozero-haircare.it\/wp-content\/uploads\/2026\/03\/263325_sei_punto_zero_selection_xy_shampoo_300ml.png\",\"contentUrl\":\"https:\/\/seipuntozero-haircare.it\/wp-content\/uploads\/2026\/03\/263325_sei_punto_zero_selection_xy_shampoo_300ml.png\",\"width\":800,\"height\":800},{\"@type\":\"BreadcrumbList\",\"@id\":\"https:\/\/seipuntozero-haircare.it\/es\/product\/selection-xy-champu-para-cabello-danado\/#breadcrumb\",\"itemListElement\":[{\"@type\":\"ListItem\",\"position\":1,\"name\":\"Home\",\"item\":\"https:\/\/seipuntozero-haircare.it\/es\/\"},{\"@type\":\"ListItem\",\"position\":2,\"name\":\"Products\",\"item\":\"https:\/\/seipuntozero-haircare.it\/es\/shop\/\"},{\"@type\":\"ListItem\",\"position\":3,\"name\":\"SELECTION XY Champ\u00fa para cabello da\u00f1ado\"}]},{\"@type\":\"WebSite\",\"@id\":\"https:\/\/seipuntozero-haircare.it\/es\/#website\",\"url\":\"https:\/\/seipuntozero-haircare.it\/es\/\",\"name\":\"6.Zero\",\"description\":\"Essential Touch\",\"potentialAction\":[{\"@type\":\"SearchAction\",\"target\":{\"@type\":\"EntryPoint\",\"urlTemplate\":\"https:\/\/seipuntozero-haircare.it\/es\/?s={search_term_string}\"},\"query-input\":{\"@type\":\"PropertyValueSpecification\",\"valueRequired\":true,\"valueName\":\"search_term_string\"}}],\"inLanguage\":\"es\"}]}<\/script>\n<!-- \/ Yoast SEO plugin. -->","yoast_head_json":{"title":"SELECTION XY | Champ\u00fa para cabello da\u00f1ado","description":"Dise\u00f1ado para ofrecer un lavado de lo m\u00e1s lujoso: dedicado al cabello da\u00f1ado, el champ\u00fa Selection XY ofrece una nueva experiencia para la melena.","robots":{"index":"index","follow":"follow","max-snippet":"max-snippet:-1","max-image-preview":"max-image-preview:large","max-video-preview":"max-video-preview:-1"},"canonical":"https:\/\/seipuntozero-haircare.it\/es\/product\/selection-xy-champu-para-cabello-danado\/","og_locale":"es_ES","og_type":"article","og_title":"SELECTION XY | Champ\u00fa para cabello da\u00f1ado","og_description":"Dise\u00f1ado para ofrecer un lavado de lo m\u00e1s lujoso: dedicado al cabello da\u00f1ado, el champ\u00fa Selection XY ofrece una nueva experiencia para la melena.","og_url":"https:\/\/seipuntozero-haircare.it\/es\/product\/selection-xy-champu-para-cabello-danado\/","og_site_name":"6.Zero","article_modified_time":"2021-09-29T10:02:57+00:00","og_image":[{"width":800,"height":800,"url":"https:\/\/seipuntozero-haircare.it\/wp-content\/uploads\/2021\/09\/263325_sei_punto_zero_selection_xy_shampoo_300ml-1.png","type":"image\/png"}],"twitter_card":"summary_large_image","twitter_misc":{"Tiempo de lectura":"1 minuto"},"schema":{"@context":"https:\/\/schema.org","@graph":[{"@type":"WebPage","@id":"https:\/\/seipuntozero-haircare.it\/es\/product\/selection-xy-champu-para-cabello-danado\/","url":"https:\/\/seipuntozero-haircare.it\/es\/product\/selection-xy-champu-para-cabello-danado\/","name":"SELECTION XY | Champ\u00fa para cabello da\u00f1ado","isPartOf":{"@id":"https:\/\/seipuntozero-haircare.it\/es\/#website"},"primaryImageOfPage":{"@id":"https:\/\/seipuntozero-haircare.it\/es\/product\/selection-xy-champu-para-cabello-danado\/#primaryimage"},"image":{"@id":"https:\/\/seipuntozero-haircare.it\/es\/product\/selection-xy-champu-para-cabello-danado\/#primaryimage"},"thumbnailUrl":"https:\/\/seipuntozero-haircare.it\/wp-content\/uploads\/2026\/03\/263325_sei_punto_zero_selection_xy_shampoo_300ml.png","datePublished":"2019-03-14T17:00:19+00:00","dateModified":"2021-09-29T10:02:57+00:00","description":"Dise\u00f1ado para ofrecer un lavado de lo m\u00e1s lujoso: dedicado al cabello da\u00f1ado, el champ\u00fa Selection XY ofrece una nueva experiencia para la melena.","breadcrumb":{"@id":"https:\/\/seipuntozero-haircare.it\/es\/product\/selection-xy-champu-para-cabello-danado\/#breadcrumb"},"inLanguage":"es","potentialAction":[{"@type":"ReadAction","target":["https:\/\/seipuntozero-haircare.it\/es\/product\/selection-xy-champu-para-cabello-danado\/"]}]},{"@type":"ImageObject","inLanguage":"es","@id":"https:\/\/seipuntozero-haircare.it\/es\/product\/selection-xy-champu-para-cabello-danado\/#primaryimage","url":"https:\/\/seipuntozero-haircare.it\/wp-content\/uploads\/2026\/03\/263325_sei_punto_zero_selection_xy_shampoo_300ml.png","contentUrl":"https:\/\/seipuntozero-haircare.it\/wp-content\/uploads\/2026\/03\/263325_sei_punto_zero_selection_xy_shampoo_300ml.png","width":800,"height":800},{"@type":"BreadcrumbList","@id":"https:\/\/seipuntozero-haircare.it\/es\/product\/selection-xy-champu-para-cabello-danado\/#breadcrumb","itemListElement":[{"@type":"ListItem","position":1,"name":"Home","item":"https:\/\/seipuntozero-haircare.it\/es\/"},{"@type":"ListItem","position":2,"name":"Products","item":"https:\/\/seipuntozero-haircare.it\/es\/shop\/"},{"@type":"ListItem","position":3,"name":"SELECTION XY Champ\u00fa para cabello da\u00f1ado"}]},{"@type":"WebSite","@id":"https:\/\/seipuntozero-haircare.it\/es\/#website","url":"https:\/\/seipuntozero-haircare.it\/es\/","name":"6.Zero","description":"Essential Touch","potentialAction":[{"@type":"SearchAction","target":{"@type":"EntryPoint","urlTemplate":"https:\/\/seipuntozero-haircare.it\/es\/?s={search_term_string}"},"query-input":{"@type":"PropertyValueSpecification","valueRequired":true,"valueName":"search_term_string"}}],"inLanguage":"es"}]}},"_links":{"self":[{"href":"https:\/\/seipuntozero-haircare.it\/es\/wp-json\/wp\/v2\/product\/16756","targetHints":{"allow":["GET"]}}],"collection":[{"href":"https:\/\/seipuntozero-haircare.it\/es\/wp-json\/wp\/v2\/product"}],"about":[{"href":"https:\/\/seipuntozero-haircare.it\/es\/wp-json\/wp\/v2\/types\/product"}],"wp:featuredmedia":[{"embeddable":true,"href":"https:\/\/seipuntozero-haircare.it\/es\/wp-json\/wp\/v2\/media\/24381"}],"wp:attachment":[{"href":"https:\/\/seipuntozero-haircare.it\/es\/wp-json\/wp\/v2\/media?parent=16756"}],"wp:term":[{"taxonomy":"product_brand","embeddable":true,"href":"https:\/\/seipuntozero-haircare.it\/es\/wp-json\/wp\/v2\/product_brand?post=16756"},{"taxonomy":"product_cat","embeddable":true,"href":"https:\/\/seipuntozero-haircare.it\/es\/wp-json\/wp\/v2\/product_cat?post=16756"},{"taxonomy":"product_tag","embeddable":true,"href":"https:\/\/seipuntozero-haircare.it\/es\/wp-json\/wp\/v2\/product_tag?post=16756"}],"curies":[{"name":"wp","href":"https:\/\/api.w.org\/{rel}","templated":true}]}}