{"id":16451,"date":"2018-03-16T09:00:52","date_gmt":"2018-03-16T08:00:52","guid":{"rendered":"https:\/\/seipuntozero-haircare.it\/prodotto\/impact-krom-mascarilla-revitalizante-del-color\/"},"modified":"2021-06-28T09:13:58","modified_gmt":"2021-06-28T07:13:58","slug":"impact-krom-mascarilla-revitalizante-del-color","status":"publish","type":"product","link":"https:\/\/seipuntozero-haircare.it\/es\/product\/impact-krom-mascarilla-revitalizante-del-color\/","title":{"rendered":"IMPACT KROM <br> Mascarilla revitalizante del color"},"content":{"rendered":"<ul>\n<li>Revitaliza el color, ilumin\u00e1ndolo<\/li>\n<li>Intensifica<strong> los reflejos <\/strong><\/li>\n<li>Cubre las primeras canas<\/li>\n<li>Permite un tratamiento ultrarr\u00e1pido, ya que solo requiere de <strong>3 a 5 minutos<\/strong> de aplicaci\u00f3n<\/li>\n<\/ul>\n","protected":false},"excerpt":{"rendered":"<p>Lista para usar y f\u00e1cil de aplicar, la nueva <strong>mascarilla Impact Krom<\/strong> realza los reflejos, camufla las primeras canas y est\u00e1 dise\u00f1ada para<strong> revitalizar el color<\/strong> entre un tratamiento y el siguiente, ilumin\u00e1ndolo con matices brillantes. La mascarilla 6.Zero <strong>intensifica los reflejos y nutre:<\/strong> la f\u00f3rmula <strong>altamente cosm\u00e9tica<\/strong>, sin amoniaco, sin oxidantes y enriquecida con las cualidades emolientes del aceite de nen\u00fafar blanco,<strong> mantiene el correcto equilibrio h\u00eddrico<\/strong> del cabello.<\/p>\n<p>Frasco de 200 ml<\/p>\n","protected":false},"featured_media":17970,"template":"","meta":[],"product_brand":[],"product_cat":[945],"product_tag":[],"class_list":["post-16451","product","type-product","status-publish","has-post-thumbnail","hentry","product_cat-coloracion-profesional"],"yoast_head":"<!-- This site is optimized with the Yoast SEO plugin v27.1.1 - https:\/\/yoast.com\/product\/yoast-seo-wordpress\/ -->\n<title>IMPACT KROM - Mascarilla revitalizante del color<\/title>\n<meta name=\"description\" content=\"Lista para usar y f\u00e1cil de aplicar, la nueva mascarilla Impact Krom realza los reflejos, camufla las primeras canas y est\u00e1 dise\u00f1ada para revitalizar el color.\" \/>\n<meta name=\"robots\" content=\"index, follow, max-snippet:-1, max-image-preview:large, max-video-preview:-1\" \/>\n<link rel=\"canonical\" href=\"https:\/\/seipuntozero-haircare.it\/es\/product\/impact-krom-mascarilla-revitalizante-del-color\/\" \/>\n<meta property=\"og:locale\" content=\"es_ES\" \/>\n<meta property=\"og:type\" content=\"article\" \/>\n<meta property=\"og:title\" content=\"IMPACT KROM - Mascarilla revitalizante del color\" \/>\n<meta property=\"og:description\" content=\"Lista para usar y f\u00e1cil de aplicar, la nueva mascarilla Impact Krom realza los reflejos, camufla las primeras canas y est\u00e1 dise\u00f1ada para revitalizar el color.\" \/>\n<meta property=\"og:url\" content=\"https:\/\/seipuntozero-haircare.it\/es\/product\/impact-krom-mascarilla-revitalizante-del-color\/\" \/>\n<meta property=\"og:site_name\" content=\"6.Zero\" \/>\n<meta property=\"article:modified_time\" content=\"2021-06-28T07:13:58+00:00\" \/>\n<meta property=\"og:image\" content=\"https:\/\/seipuntozero-haircare.it\/wp-content\/uploads\/2021\/09\/262915_sei_punto_zero_impact_krome_reaviving_color_mask_blonde.png\" \/>\n\t<meta property=\"og:image:width\" content=\"600\" \/>\n\t<meta property=\"og:image:height\" content=\"600\" \/>\n\t<meta property=\"og:image:type\" content=\"image\/png\" \/>\n<meta name=\"twitter:card\" content=\"summary_large_image\" \/>\n<meta name=\"twitter:label1\" content=\"Tiempo de lectura\" \/>\n\t<meta name=\"twitter:data1\" content=\"1 minuto\" \/>\n<script type=\"application\/ld+json\" class=\"yoast-schema-graph\">{\"@context\":\"https:\/\/schema.org\",\"@graph\":[{\"@type\":\"WebPage\",\"@id\":\"https:\/\/seipuntozero-haircare.it\/es\/product\/impact-krom-mascarilla-revitalizante-del-color\/\",\"url\":\"https:\/\/seipuntozero-haircare.it\/es\/product\/impact-krom-mascarilla-revitalizante-del-color\/\",\"name\":\"IMPACT KROM - Mascarilla revitalizante del color\",\"isPartOf\":{\"@id\":\"https:\/\/seipuntozero-haircare.it\/es\/#website\"},\"primaryImageOfPage\":{\"@id\":\"https:\/\/seipuntozero-haircare.it\/es\/product\/impact-krom-mascarilla-revitalizante-del-color\/#primaryimage\"},\"image\":{\"@id\":\"https:\/\/seipuntozero-haircare.it\/es\/product\/impact-krom-mascarilla-revitalizante-del-color\/#primaryimage\"},\"thumbnailUrl\":\"https:\/\/seipuntozero-haircare.it\/wp-content\/uploads\/2021\/09\/262915_sei_punto_zero_impact_krome_reaviving_color_mask_blonde.png\",\"datePublished\":\"2018-03-16T08:00:52+00:00\",\"dateModified\":\"2021-06-28T07:13:58+00:00\",\"description\":\"Lista para usar y f\u00e1cil de aplicar, la nueva mascarilla Impact Krom realza los reflejos, camufla las primeras canas y est\u00e1 dise\u00f1ada para revitalizar el color.\",\"breadcrumb\":{\"@id\":\"https:\/\/seipuntozero-haircare.it\/es\/product\/impact-krom-mascarilla-revitalizante-del-color\/#breadcrumb\"},\"inLanguage\":\"es\",\"potentialAction\":[{\"@type\":\"ReadAction\",\"target\":[\"https:\/\/seipuntozero-haircare.it\/es\/product\/impact-krom-mascarilla-revitalizante-del-color\/\"]}]},{\"@type\":\"ImageObject\",\"inLanguage\":\"es\",\"@id\":\"https:\/\/seipuntozero-haircare.it\/es\/product\/impact-krom-mascarilla-revitalizante-del-color\/#primaryimage\",\"url\":\"https:\/\/seipuntozero-haircare.it\/wp-content\/uploads\/2021\/09\/262915_sei_punto_zero_impact_krome_reaviving_color_mask_blonde.png\",\"contentUrl\":\"https:\/\/seipuntozero-haircare.it\/wp-content\/uploads\/2021\/09\/262915_sei_punto_zero_impact_krome_reaviving_color_mask_blonde.png\",\"width\":600,\"height\":600,\"caption\":\"Impact Krom - Maschera Ravvivante Colore\"},{\"@type\":\"BreadcrumbList\",\"@id\":\"https:\/\/seipuntozero-haircare.it\/es\/product\/impact-krom-mascarilla-revitalizante-del-color\/#breadcrumb\",\"itemListElement\":[{\"@type\":\"ListItem\",\"position\":1,\"name\":\"Home\",\"item\":\"https:\/\/seipuntozero-haircare.it\/es\/\"},{\"@type\":\"ListItem\",\"position\":2,\"name\":\"Products\",\"item\":\"https:\/\/seipuntozero-haircare.it\/es\/shop\/\"},{\"@type\":\"ListItem\",\"position\":3,\"name\":\"IMPACT KROM Mascarilla revitalizante del color\"}]},{\"@type\":\"WebSite\",\"@id\":\"https:\/\/seipuntozero-haircare.it\/es\/#website\",\"url\":\"https:\/\/seipuntozero-haircare.it\/es\/\",\"name\":\"6.Zero\",\"description\":\"Essential Touch\",\"potentialAction\":[{\"@type\":\"SearchAction\",\"target\":{\"@type\":\"EntryPoint\",\"urlTemplate\":\"https:\/\/seipuntozero-haircare.it\/es\/?s={search_term_string}\"},\"query-input\":{\"@type\":\"PropertyValueSpecification\",\"valueRequired\":true,\"valueName\":\"search_term_string\"}}],\"inLanguage\":\"es\"}]}<\/script>\n<!-- \/ Yoast SEO plugin. -->","yoast_head_json":{"title":"IMPACT KROM - Mascarilla revitalizante del color","description":"Lista para usar y f\u00e1cil de aplicar, la nueva mascarilla Impact Krom realza los reflejos, camufla las primeras canas y est\u00e1 dise\u00f1ada para revitalizar el color.","robots":{"index":"index","follow":"follow","max-snippet":"max-snippet:-1","max-image-preview":"max-image-preview:large","max-video-preview":"max-video-preview:-1"},"canonical":"https:\/\/seipuntozero-haircare.it\/es\/product\/impact-krom-mascarilla-revitalizante-del-color\/","og_locale":"es_ES","og_type":"article","og_title":"IMPACT KROM - Mascarilla revitalizante del color","og_description":"Lista para usar y f\u00e1cil de aplicar, la nueva mascarilla Impact Krom realza los reflejos, camufla las primeras canas y est\u00e1 dise\u00f1ada para revitalizar el color.","og_url":"https:\/\/seipuntozero-haircare.it\/es\/product\/impact-krom-mascarilla-revitalizante-del-color\/","og_site_name":"6.Zero","article_modified_time":"2021-06-28T07:13:58+00:00","og_image":[{"width":600,"height":600,"url":"https:\/\/seipuntozero-haircare.it\/wp-content\/uploads\/2021\/09\/262915_sei_punto_zero_impact_krome_reaviving_color_mask_blonde.png","type":"image\/png"}],"twitter_card":"summary_large_image","twitter_misc":{"Tiempo de lectura":"1 minuto"},"schema":{"@context":"https:\/\/schema.org","@graph":[{"@type":"WebPage","@id":"https:\/\/seipuntozero-haircare.it\/es\/product\/impact-krom-mascarilla-revitalizante-del-color\/","url":"https:\/\/seipuntozero-haircare.it\/es\/product\/impact-krom-mascarilla-revitalizante-del-color\/","name":"IMPACT KROM - Mascarilla revitalizante del color","isPartOf":{"@id":"https:\/\/seipuntozero-haircare.it\/es\/#website"},"primaryImageOfPage":{"@id":"https:\/\/seipuntozero-haircare.it\/es\/product\/impact-krom-mascarilla-revitalizante-del-color\/#primaryimage"},"image":{"@id":"https:\/\/seipuntozero-haircare.it\/es\/product\/impact-krom-mascarilla-revitalizante-del-color\/#primaryimage"},"thumbnailUrl":"https:\/\/seipuntozero-haircare.it\/wp-content\/uploads\/2021\/09\/262915_sei_punto_zero_impact_krome_reaviving_color_mask_blonde.png","datePublished":"2018-03-16T08:00:52+00:00","dateModified":"2021-06-28T07:13:58+00:00","description":"Lista para usar y f\u00e1cil de aplicar, la nueva mascarilla Impact Krom realza los reflejos, camufla las primeras canas y est\u00e1 dise\u00f1ada para revitalizar el color.","breadcrumb":{"@id":"https:\/\/seipuntozero-haircare.it\/es\/product\/impact-krom-mascarilla-revitalizante-del-color\/#breadcrumb"},"inLanguage":"es","potentialAction":[{"@type":"ReadAction","target":["https:\/\/seipuntozero-haircare.it\/es\/product\/impact-krom-mascarilla-revitalizante-del-color\/"]}]},{"@type":"ImageObject","inLanguage":"es","@id":"https:\/\/seipuntozero-haircare.it\/es\/product\/impact-krom-mascarilla-revitalizante-del-color\/#primaryimage","url":"https:\/\/seipuntozero-haircare.it\/wp-content\/uploads\/2021\/09\/262915_sei_punto_zero_impact_krome_reaviving_color_mask_blonde.png","contentUrl":"https:\/\/seipuntozero-haircare.it\/wp-content\/uploads\/2021\/09\/262915_sei_punto_zero_impact_krome_reaviving_color_mask_blonde.png","width":600,"height":600,"caption":"Impact Krom - Maschera Ravvivante Colore"},{"@type":"BreadcrumbList","@id":"https:\/\/seipuntozero-haircare.it\/es\/product\/impact-krom-mascarilla-revitalizante-del-color\/#breadcrumb","itemListElement":[{"@type":"ListItem","position":1,"name":"Home","item":"https:\/\/seipuntozero-haircare.it\/es\/"},{"@type":"ListItem","position":2,"name":"Products","item":"https:\/\/seipuntozero-haircare.it\/es\/shop\/"},{"@type":"ListItem","position":3,"name":"IMPACT KROM Mascarilla revitalizante del color"}]},{"@type":"WebSite","@id":"https:\/\/seipuntozero-haircare.it\/es\/#website","url":"https:\/\/seipuntozero-haircare.it\/es\/","name":"6.Zero","description":"Essential Touch","potentialAction":[{"@type":"SearchAction","target":{"@type":"EntryPoint","urlTemplate":"https:\/\/seipuntozero-haircare.it\/es\/?s={search_term_string}"},"query-input":{"@type":"PropertyValueSpecification","valueRequired":true,"valueName":"search_term_string"}}],"inLanguage":"es"}]}},"_links":{"self":[{"href":"https:\/\/seipuntozero-haircare.it\/es\/wp-json\/wp\/v2\/product\/16451","targetHints":{"allow":["GET"]}}],"collection":[{"href":"https:\/\/seipuntozero-haircare.it\/es\/wp-json\/wp\/v2\/product"}],"about":[{"href":"https:\/\/seipuntozero-haircare.it\/es\/wp-json\/wp\/v2\/types\/product"}],"wp:featuredmedia":[{"embeddable":true,"href":"https:\/\/seipuntozero-haircare.it\/es\/wp-json\/wp\/v2\/media\/17970"}],"wp:attachment":[{"href":"https:\/\/seipuntozero-haircare.it\/es\/wp-json\/wp\/v2\/media?parent=16451"}],"wp:term":[{"taxonomy":"product_brand","embeddable":true,"href":"https:\/\/seipuntozero-haircare.it\/es\/wp-json\/wp\/v2\/product_brand?post=16451"},{"taxonomy":"product_cat","embeddable":true,"href":"https:\/\/seipuntozero-haircare.it\/es\/wp-json\/wp\/v2\/product_cat?post=16451"},{"taxonomy":"product_tag","embeddable":true,"href":"https:\/\/seipuntozero-haircare.it\/es\/wp-json\/wp\/v2\/product_tag?post=16451"}],"curies":[{"name":"wp","href":"https:\/\/api.w.org\/{rel}","templated":true}]}}