{"id":16449,"date":"2019-11-19T12:00:52","date_gmt":"2019-11-19T11:00:52","guid":{"rendered":"https:\/\/seipuntozero-haircare.it\/prodotto\/cream-color-off-crema-protectora-antimanchas\/"},"modified":"2021-06-25T12:40:44","modified_gmt":"2021-06-25T10:40:44","slug":"cream-color-off-crema-protectora-antimanchas","status":"publish","type":"product","link":"https:\/\/seipuntozero-haircare.it\/es\/product\/cream-color-off-crema-protectora-antimanchas\/","title":{"rendered":"CREAM COLOR OFF <br> Crema protectora antimanchas"},"content":{"rendered":"<ul>\n<li>Protege la piel de las manchas de color<\/li>\n<li>A\u00edsla la piel y la protege del posible enrojecimiento<\/li>\n<li>Ideal para el uso profesional en peluquer\u00eda<\/li>\n<\/ul>\n","protected":false},"excerpt":{"rendered":"<p>La <strong>crema Color Off<\/strong> protege la piel de las manchas causadas por el tinte del cabello. La acci\u00f3n formadora de pel\u00edcula y protectora repara la piel durante los <strong>tratamientos de coloraci\u00f3n<\/strong> y previene el enrojecimiento indeseado: gracias a las sustancias aislantes que crean una excelente<strong> pel\u00edcula protectora,<\/strong> la crema act\u00faa como barrera que excluye cualquier contacto entre la piel y los agentes colorantes del tinte. Indispensable para el <strong>uso en peluquer\u00eda<\/strong>.<\/p>\n<p>250 ml<\/p>\n","protected":false},"featured_media":18000,"template":"","meta":[],"product_brand":[],"product_cat":[945],"product_tag":[],"class_list":["post-16449","product","type-product","status-publish","has-post-thumbnail","hentry","product_cat-coloracion-profesional"],"yoast_head":"<!-- This site is optimized with the Yoast SEO plugin v27.1.1 - https:\/\/yoast.com\/product\/yoast-seo-wordpress\/ -->\n<title>CREAM COLOR OFF - Crema protectora antimanchas<\/title>\n<meta name=\"description\" content=\"La crema Color Off protege la piel de las manchas causadas por el tinte del cabello. La acci\u00f3n formadora de pel\u00edcula y protectora repara la piel durante los tratamientos de coloraci\u00f3n.\" \/>\n<meta name=\"robots\" content=\"index, follow, max-snippet:-1, max-image-preview:large, max-video-preview:-1\" \/>\n<link rel=\"canonical\" href=\"https:\/\/seipuntozero-haircare.it\/es\/product\/cream-color-off-crema-protectora-antimanchas\/\" \/>\n<meta property=\"og:locale\" content=\"es_ES\" \/>\n<meta property=\"og:type\" content=\"article\" \/>\n<meta property=\"og:title\" content=\"CREAM COLOR OFF - Crema protectora antimanchas\" \/>\n<meta property=\"og:description\" content=\"La crema Color Off protege la piel de las manchas causadas por el tinte del cabello. La acci\u00f3n formadora de pel\u00edcula y protectora repara la piel durante los tratamientos de coloraci\u00f3n.\" \/>\n<meta property=\"og:url\" content=\"https:\/\/seipuntozero-haircare.it\/es\/product\/cream-color-off-crema-protectora-antimanchas\/\" \/>\n<meta property=\"og:site_name\" content=\"6.Zero\" \/>\n<meta property=\"article:modified_time\" content=\"2021-06-25T10:40:44+00:00\" \/>\n<meta property=\"og:image\" content=\"https:\/\/seipuntozero-haircare.it\/wp-content\/uploads\/2019\/11\/262649_sei_punto_zero_cream_color_off_anti_stain_protective_cream_250ml.png\" \/>\n\t<meta property=\"og:image:width\" content=\"600\" \/>\n\t<meta property=\"og:image:height\" content=\"600\" \/>\n\t<meta property=\"og:image:type\" content=\"image\/png\" \/>\n<meta name=\"twitter:card\" content=\"summary_large_image\" \/>\n<meta name=\"twitter:label1\" content=\"Tiempo de lectura\" \/>\n\t<meta name=\"twitter:data1\" content=\"1 minuto\" \/>\n<script type=\"application\/ld+json\" class=\"yoast-schema-graph\">{\"@context\":\"https:\/\/schema.org\",\"@graph\":[{\"@type\":\"WebPage\",\"@id\":\"https:\/\/seipuntozero-haircare.it\/es\/product\/cream-color-off-crema-protectora-antimanchas\/\",\"url\":\"https:\/\/seipuntozero-haircare.it\/es\/product\/cream-color-off-crema-protectora-antimanchas\/\",\"name\":\"CREAM COLOR OFF - Crema protectora antimanchas\",\"isPartOf\":{\"@id\":\"https:\/\/seipuntozero-haircare.it\/es\/#website\"},\"primaryImageOfPage\":{\"@id\":\"https:\/\/seipuntozero-haircare.it\/es\/product\/cream-color-off-crema-protectora-antimanchas\/#primaryimage\"},\"image\":{\"@id\":\"https:\/\/seipuntozero-haircare.it\/es\/product\/cream-color-off-crema-protectora-antimanchas\/#primaryimage\"},\"thumbnailUrl\":\"https:\/\/seipuntozero-haircare.it\/wp-content\/uploads\/2019\/11\/262649_sei_punto_zero_cream_color_off_anti_stain_protective_cream_250ml.png\",\"datePublished\":\"2019-11-19T11:00:52+00:00\",\"dateModified\":\"2021-06-25T10:40:44+00:00\",\"description\":\"La crema Color Off protege la piel de las manchas causadas por el tinte del cabello. La acci\u00f3n formadora de pel\u00edcula y protectora repara la piel durante los tratamientos de coloraci\u00f3n.\",\"breadcrumb\":{\"@id\":\"https:\/\/seipuntozero-haircare.it\/es\/product\/cream-color-off-crema-protectora-antimanchas\/#breadcrumb\"},\"inLanguage\":\"es\",\"potentialAction\":[{\"@type\":\"ReadAction\",\"target\":[\"https:\/\/seipuntozero-haircare.it\/es\/product\/cream-color-off-crema-protectora-antimanchas\/\"]}]},{\"@type\":\"ImageObject\",\"inLanguage\":\"es\",\"@id\":\"https:\/\/seipuntozero-haircare.it\/es\/product\/cream-color-off-crema-protectora-antimanchas\/#primaryimage\",\"url\":\"https:\/\/seipuntozero-haircare.it\/wp-content\/uploads\/2019\/11\/262649_sei_punto_zero_cream_color_off_anti_stain_protective_cream_250ml.png\",\"contentUrl\":\"https:\/\/seipuntozero-haircare.it\/wp-content\/uploads\/2019\/11\/262649_sei_punto_zero_cream_color_off_anti_stain_protective_cream_250ml.png\",\"width\":600,\"height\":600,\"caption\":\"Crema antimacchia protettiva\"},{\"@type\":\"BreadcrumbList\",\"@id\":\"https:\/\/seipuntozero-haircare.it\/es\/product\/cream-color-off-crema-protectora-antimanchas\/#breadcrumb\",\"itemListElement\":[{\"@type\":\"ListItem\",\"position\":1,\"name\":\"Home\",\"item\":\"https:\/\/seipuntozero-haircare.it\/es\/\"},{\"@type\":\"ListItem\",\"position\":2,\"name\":\"Products\",\"item\":\"https:\/\/seipuntozero-haircare.it\/es\/shop\/\"},{\"@type\":\"ListItem\",\"position\":3,\"name\":\"CREAM COLOR OFF Crema protectora antimanchas\"}]},{\"@type\":\"WebSite\",\"@id\":\"https:\/\/seipuntozero-haircare.it\/es\/#website\",\"url\":\"https:\/\/seipuntozero-haircare.it\/es\/\",\"name\":\"6.Zero\",\"description\":\"Essential Touch\",\"potentialAction\":[{\"@type\":\"SearchAction\",\"target\":{\"@type\":\"EntryPoint\",\"urlTemplate\":\"https:\/\/seipuntozero-haircare.it\/es\/?s={search_term_string}\"},\"query-input\":{\"@type\":\"PropertyValueSpecification\",\"valueRequired\":true,\"valueName\":\"search_term_string\"}}],\"inLanguage\":\"es\"}]}<\/script>\n<!-- \/ Yoast SEO plugin. -->","yoast_head_json":{"title":"CREAM COLOR OFF - Crema protectora antimanchas","description":"La crema Color Off protege la piel de las manchas causadas por el tinte del cabello. La acci\u00f3n formadora de pel\u00edcula y protectora repara la piel durante los tratamientos de coloraci\u00f3n.","robots":{"index":"index","follow":"follow","max-snippet":"max-snippet:-1","max-image-preview":"max-image-preview:large","max-video-preview":"max-video-preview:-1"},"canonical":"https:\/\/seipuntozero-haircare.it\/es\/product\/cream-color-off-crema-protectora-antimanchas\/","og_locale":"es_ES","og_type":"article","og_title":"CREAM COLOR OFF - Crema protectora antimanchas","og_description":"La crema Color Off protege la piel de las manchas causadas por el tinte del cabello. La acci\u00f3n formadora de pel\u00edcula y protectora repara la piel durante los tratamientos de coloraci\u00f3n.","og_url":"https:\/\/seipuntozero-haircare.it\/es\/product\/cream-color-off-crema-protectora-antimanchas\/","og_site_name":"6.Zero","article_modified_time":"2021-06-25T10:40:44+00:00","og_image":[{"width":600,"height":600,"url":"https:\/\/seipuntozero-haircare.it\/wp-content\/uploads\/2019\/11\/262649_sei_punto_zero_cream_color_off_anti_stain_protective_cream_250ml.png","type":"image\/png"}],"twitter_card":"summary_large_image","twitter_misc":{"Tiempo de lectura":"1 minuto"},"schema":{"@context":"https:\/\/schema.org","@graph":[{"@type":"WebPage","@id":"https:\/\/seipuntozero-haircare.it\/es\/product\/cream-color-off-crema-protectora-antimanchas\/","url":"https:\/\/seipuntozero-haircare.it\/es\/product\/cream-color-off-crema-protectora-antimanchas\/","name":"CREAM COLOR OFF - Crema protectora antimanchas","isPartOf":{"@id":"https:\/\/seipuntozero-haircare.it\/es\/#website"},"primaryImageOfPage":{"@id":"https:\/\/seipuntozero-haircare.it\/es\/product\/cream-color-off-crema-protectora-antimanchas\/#primaryimage"},"image":{"@id":"https:\/\/seipuntozero-haircare.it\/es\/product\/cream-color-off-crema-protectora-antimanchas\/#primaryimage"},"thumbnailUrl":"https:\/\/seipuntozero-haircare.it\/wp-content\/uploads\/2019\/11\/262649_sei_punto_zero_cream_color_off_anti_stain_protective_cream_250ml.png","datePublished":"2019-11-19T11:00:52+00:00","dateModified":"2021-06-25T10:40:44+00:00","description":"La crema Color Off protege la piel de las manchas causadas por el tinte del cabello. La acci\u00f3n formadora de pel\u00edcula y protectora repara la piel durante los tratamientos de coloraci\u00f3n.","breadcrumb":{"@id":"https:\/\/seipuntozero-haircare.it\/es\/product\/cream-color-off-crema-protectora-antimanchas\/#breadcrumb"},"inLanguage":"es","potentialAction":[{"@type":"ReadAction","target":["https:\/\/seipuntozero-haircare.it\/es\/product\/cream-color-off-crema-protectora-antimanchas\/"]}]},{"@type":"ImageObject","inLanguage":"es","@id":"https:\/\/seipuntozero-haircare.it\/es\/product\/cream-color-off-crema-protectora-antimanchas\/#primaryimage","url":"https:\/\/seipuntozero-haircare.it\/wp-content\/uploads\/2019\/11\/262649_sei_punto_zero_cream_color_off_anti_stain_protective_cream_250ml.png","contentUrl":"https:\/\/seipuntozero-haircare.it\/wp-content\/uploads\/2019\/11\/262649_sei_punto_zero_cream_color_off_anti_stain_protective_cream_250ml.png","width":600,"height":600,"caption":"Crema antimacchia protettiva"},{"@type":"BreadcrumbList","@id":"https:\/\/seipuntozero-haircare.it\/es\/product\/cream-color-off-crema-protectora-antimanchas\/#breadcrumb","itemListElement":[{"@type":"ListItem","position":1,"name":"Home","item":"https:\/\/seipuntozero-haircare.it\/es\/"},{"@type":"ListItem","position":2,"name":"Products","item":"https:\/\/seipuntozero-haircare.it\/es\/shop\/"},{"@type":"ListItem","position":3,"name":"CREAM COLOR OFF Crema protectora antimanchas"}]},{"@type":"WebSite","@id":"https:\/\/seipuntozero-haircare.it\/es\/#website","url":"https:\/\/seipuntozero-haircare.it\/es\/","name":"6.Zero","description":"Essential Touch","potentialAction":[{"@type":"SearchAction","target":{"@type":"EntryPoint","urlTemplate":"https:\/\/seipuntozero-haircare.it\/es\/?s={search_term_string}"},"query-input":{"@type":"PropertyValueSpecification","valueRequired":true,"valueName":"search_term_string"}}],"inLanguage":"es"}]}},"_links":{"self":[{"href":"https:\/\/seipuntozero-haircare.it\/es\/wp-json\/wp\/v2\/product\/16449","targetHints":{"allow":["GET"]}}],"collection":[{"href":"https:\/\/seipuntozero-haircare.it\/es\/wp-json\/wp\/v2\/product"}],"about":[{"href":"https:\/\/seipuntozero-haircare.it\/es\/wp-json\/wp\/v2\/types\/product"}],"wp:featuredmedia":[{"embeddable":true,"href":"https:\/\/seipuntozero-haircare.it\/es\/wp-json\/wp\/v2\/media\/18000"}],"wp:attachment":[{"href":"https:\/\/seipuntozero-haircare.it\/es\/wp-json\/wp\/v2\/media?parent=16449"}],"wp:term":[{"taxonomy":"product_brand","embeddable":true,"href":"https:\/\/seipuntozero-haircare.it\/es\/wp-json\/wp\/v2\/product_brand?post=16449"},{"taxonomy":"product_cat","embeddable":true,"href":"https:\/\/seipuntozero-haircare.it\/es\/wp-json\/wp\/v2\/product_cat?post=16449"},{"taxonomy":"product_tag","embeddable":true,"href":"https:\/\/seipuntozero-haircare.it\/es\/wp-json\/wp\/v2\/product_tag?post=16449"}],"curies":[{"name":"wp","href":"https:\/\/api.w.org\/{rel}","templated":true}]}}