{"id":16337,"date":"2021-06-24T14:41:00","date_gmt":"2021-06-24T12:41:00","guid":{"rendered":"https:\/\/seipuntozero-haircare.it\/hair-connection\/"},"modified":"2022-04-20T08:42:33","modified_gmt":"2022-04-20T06:42:33","slug":"hair-connection","status":"publish","type":"page","link":"https:\/\/seipuntozero-haircare.it\/es\/hair-connection\/","title":{"rendered":"Essential Touch"},"content":{"rendered":"<div class=\"wpb-content-wrapper\"><p>[vc_row css=\u00bb.vc_custom_1489489155009{margin-top: 0px !important;border-top-width: 0px !important;padding-top: 0px !important;}\u00bb][vc_column css=\u00bb.vc_custom_1489483859416{margin-top: 0px !important;border-top-width: 0px !important;padding-top: 0px !important;}\u00bb][vc_row_inner][vc_column_inner offset=\u00bbvc_hidden-md vc_hidden-sm vc_hidden-xs\u00bb][vc_empty_space height=\u00bb20px\u00bb][\/vc_column_inner][\/vc_row_inner][vc_row_inner wrap_type=\u00bbin_container\u00bb][vc_column_inner][vc_custom_heading text=\u00bbCREAMOS PRODUCTOS PARA EL CABELLO QUE ANTICIPAN TENDENCIAS Y NECESIDADES.<br \/>\n\u00bb font_container=\u00bbtag:h1|text_align:center\u00bb use_theme_fonts=\u00bbyes\u00bb][vc_column_text]<\/p>\n<p style=\"text-align: center;\">6.Zero desaf\u00eda las convenciones para crear un concepto de belleza inteligente y de tendencia. Expresi\u00f3n de ideas <strong>fashion forward y libertad de imaginaci\u00f3n<\/strong>: se\u00f1ales del futuro.<\/p>\n<p style=\"text-align: center;\"><strong>Essential Touch<\/strong>. Es la filosof\u00eda detr\u00e1s de lo que hacemos. Porque, en un mundo de excesos, lo esencial gana. 6.Zero da vida a una <strong>experiencia de belleza<\/strong> que conecta cada esfera sensorial.<\/p>\n<p>[\/vc_column_text][\/vc_column_inner][\/vc_row_inner][vc_row_inner][vc_column_inner offset=\u00bbvc_hidden-md vc_hidden-sm vc_hidden-xs\u00bb][vc_empty_space height=\u00bb20px\u00bb][\/vc_column_inner][\/vc_row_inner][\/vc_column][\/vc_row][vc_row css=\u00bb.vc_custom_1489489147637{margin-top: 0px !important;border-top-width: 0px !important;padding-top: 0px !important;}\u00bb][vc_column css=\u00bb.vc_custom_1489483859416{margin-top: 0px !important;border-top-width: 0px !important;padding-top: 0px !important;}\u00bb][vc_row_inner][vc_column_inner offset=\u00bbvc_hidden-md vc_hidden-sm vc_hidden-xs\u00bb][vc_empty_space height=\u00bb20px\u00bb][\/vc_column_inner][\/vc_row_inner][vc_row_inner wrap_type=\u00bbin_container\u00bb][vc_column_inner width=\u00bb5\/12&#8243; css=\u00bb.vc_custom_1489488972825{padding-top: 20% !important;padding-bottom: 20% !important;}\u00bb offset=\u00bbvc_hidden-sm vc_hidden-xs\u00bb][vc_custom_heading text=\u00bbNO ESTAMOS AQU\u00cd PARA QUE ELIJAS ENTRE FUNCI\u00d3N Y ESTILO.<br \/>\n\u00bb font_container=\u00bbtag:h1|text_align:left\u00bb use_theme_fonts=\u00bbyes\u00bb][vc_column_text]6.Zero es <strong>tecnolog\u00eda y materias primas seleccionadas<\/strong>, para dar vida a f\u00f3rmulas innovadoras y de alto rendimiento. Un estilo lineal, pero con detalles que dejan huella.<\/p>\n<p>Proyectarnos m\u00e1s all\u00e1, siempre. Ir m\u00e1s all\u00e1 de los l\u00edmites de la modernidad, con esp\u00edritu futurista. Tener un enfoque proyectado a las necesidades de belleza de la Mujer contempor\u00e1nea. Renovar la <strong>idea de lo esencial<\/strong>: crear productos completos y funcionales, nuevos must para el haircare routine.[\/vc_column_text][\/vc_column_inner][vc_column_inner width=\u00bb7\/12&#8243; css=\u00bb.vc_custom_1510063195349{background-image: url(https:\/\/seipuntozero-haircare.it\/wp-content\/uploads\/2015\/04\/seipuntozero_riga2_hair_connection-1.png?id=12161) !important;background-position: center !important;background-repeat: no-repeat !important;background-size: contain !important;}\u00bb offset=\u00bbvc_hidden-sm vc_hidden-xs\u00bb][vc_empty_space height=\u00bb600px\u00bb][\/vc_column_inner][\/vc_row_inner][vc_row_inner wrap_type=\u00bbin_container\u00bb][vc_column_inner offset=\u00bbvc_hidden-lg vc_hidden-md\u00bb][vc_empty_space height=\u00bb400px\u00bb css=\u00bb.vc_custom_1489489093986{background-image: url(https:\/\/seipuntozero-haircare.it\/wp-content\/uploads\/2015\/04\/seipuntozero_riga2_hair_connection.png?id=11624) !important;background-position: center !important;background-repeat: no-repeat !important;background-size: cover !important;}\u00bb][vc_custom_heading text=\u00bbNO ESTAMOS AQU\u00cd PARA QUE ELIJAS ENTRE FUNCI\u00d3N Y ESTILO.<br \/>\n\u00bb font_container=\u00bbtag:h1|text_align:left\u00bb use_theme_fonts=\u00bbyes\u00bb][vc_column_text]6.Zero es <strong>tecnolog\u00eda y materias primas seleccionadas<\/strong>, para dar vida a f\u00f3rmulas innovadoras y de alto rendimiento. Un estilo lineal, pero con detalles que dejan huella.<\/p>\n<p>Proyectarnos m\u00e1s all\u00e1, siempre. Ir m\u00e1s all\u00e1 de los l\u00edmites de la modernidad, con esp\u00edritu futurista. Tener un enfoque proyectado a las necesidades de belleza de la Mujer contempor\u00e1nea. Renovar la <strong>idea de lo esencial<\/strong>: crear productos completos y funcionales, nuevos must para el haircare routine.[\/vc_column_text][\/vc_column_inner][\/vc_row_inner][vc_row_inner][vc_column_inner offset=\u00bbvc_hidden-md vc_hidden-sm vc_hidden-xs\u00bb][vc_empty_space height=\u00bb20px\u00bb][\/vc_column_inner][\/vc_row_inner][\/vc_column][\/vc_row]<\/p>\n<\/div>","protected":false},"excerpt":{"rendered":"<p>[vc_row css=\u00bb.vc_custom_1489489155009{margin-top: 0px !important;border-top-width: 0px !important;padding-top: 0px !important;}\u00bb][vc_column css=\u00bb.vc_custom_1489483859416{margin-top: 0px !important;border-top-width: 0px !important;padding-top: 0px !important;}\u00bb][vc_row_inner][vc_column_inner offset=\u00bbvc_hidden-md vc_hidden-sm vc_hidden-xs\u00bb][vc_empty_space height=\u00bb20px\u00bb][\/vc_column_inner][\/vc_row_inner][vc_row_inner wrap_type=\u00bbin_container\u00bb][vc_column_inner][vc_custom_heading text=\u00bbCREAMOS PRODUCTOS PARA EL CABELLO QUE ANTICIPAN TENDENCIAS Y NECESIDADES. \u00bb font_container=\u00bbtag:h1|text_align:center\u00bb use_theme_fonts=\u00bbyes\u00bb][vc_column_text] 6.Zero desaf\u00eda las convenciones para crear un concepto de belleza inteligente y de tendencia. Expresi\u00f3n de ideas fashion forward y libertad de imaginaci\u00f3n: se\u00f1ales del futuro. Essential&#8230;<\/p>\n","protected":false},"author":1,"featured_media":0,"parent":0,"menu_order":0,"comment_status":"closed","ping_status":"closed","template":"page-full-width-padding.php","meta":{"footnotes":""},"class_list":["post-16337","page","type-page","status-publish","hentry"],"yoast_head":"<!-- This site is optimized with the Yoast SEO plugin v27.1.1 - https:\/\/yoast.com\/product\/yoast-seo-wordpress\/ -->\n<title>Nuestra Misi\u00f3n - Essential Touch | Sei.Zero<\/title>\n<meta name=\"description\" content=\"6.Zero es tecnolog\u00eda y materias primas seleccionadas, para dar vida a f\u00f3rmulasinnovadoras y de alto rendimiento\" \/>\n<meta name=\"robots\" content=\"index, follow, max-snippet:-1, max-image-preview:large, max-video-preview:-1\" \/>\n<link rel=\"canonical\" href=\"https:\/\/seipuntozero-haircare.it\/es\/hair-connection\/\" \/>\n<meta property=\"og:locale\" content=\"es_ES\" \/>\n<meta property=\"og:type\" content=\"article\" \/>\n<meta property=\"og:title\" content=\"Nuestra Misi\u00f3n - Essential Touch | Sei.Zero\" \/>\n<meta property=\"og:description\" content=\"6.Zero es tecnolog\u00eda y materias primas seleccionadas, para dar vida a f\u00f3rmulasinnovadoras y de alto rendimiento\" \/>\n<meta property=\"og:url\" content=\"https:\/\/seipuntozero-haircare.it\/es\/hair-connection\/\" \/>\n<meta property=\"og:site_name\" content=\"6.Zero\" \/>\n<meta property=\"article:modified_time\" content=\"2022-04-20T06:42:33+00:00\" \/>\n<meta name=\"twitter:card\" content=\"summary_large_image\" \/>\n<meta name=\"twitter:label1\" content=\"Tiempo de lectura\" \/>\n\t<meta name=\"twitter:data1\" content=\"2 minutos\" \/>\n<script type=\"application\/ld+json\" class=\"yoast-schema-graph\">{\"@context\":\"https:\/\/schema.org\",\"@graph\":[{\"@type\":\"WebPage\",\"@id\":\"https:\/\/seipuntozero-haircare.it\/es\/hair-connection\/\",\"url\":\"https:\/\/seipuntozero-haircare.it\/es\/hair-connection\/\",\"name\":\"Nuestra Misi\u00f3n - Essential Touch | Sei.Zero\",\"isPartOf\":{\"@id\":\"https:\/\/seipuntozero-haircare.it\/es\/#website\"},\"datePublished\":\"2021-06-24T12:41:00+00:00\",\"dateModified\":\"2022-04-20T06:42:33+00:00\",\"description\":\"6.Zero es tecnolog\u00eda y materias primas seleccionadas, para dar vida a f\u00f3rmulasinnovadoras y de alto rendimiento\",\"breadcrumb\":{\"@id\":\"https:\/\/seipuntozero-haircare.it\/es\/hair-connection\/#breadcrumb\"},\"inLanguage\":\"es\",\"potentialAction\":[{\"@type\":\"ReadAction\",\"target\":[\"https:\/\/seipuntozero-haircare.it\/es\/hair-connection\/\"]}]},{\"@type\":\"BreadcrumbList\",\"@id\":\"https:\/\/seipuntozero-haircare.it\/es\/hair-connection\/#breadcrumb\",\"itemListElement\":[{\"@type\":\"ListItem\",\"position\":1,\"name\":\"Home\",\"item\":\"https:\/\/seipuntozero-haircare.it\/es\/\"},{\"@type\":\"ListItem\",\"position\":2,\"name\":\"Essential Touch\"}]},{\"@type\":\"WebSite\",\"@id\":\"https:\/\/seipuntozero-haircare.it\/es\/#website\",\"url\":\"https:\/\/seipuntozero-haircare.it\/es\/\",\"name\":\"6.Zero\",\"description\":\"Essential Touch\",\"potentialAction\":[{\"@type\":\"SearchAction\",\"target\":{\"@type\":\"EntryPoint\",\"urlTemplate\":\"https:\/\/seipuntozero-haircare.it\/es\/?s={search_term_string}\"},\"query-input\":{\"@type\":\"PropertyValueSpecification\",\"valueRequired\":true,\"valueName\":\"search_term_string\"}}],\"inLanguage\":\"es\"}]}<\/script>\n<!-- \/ Yoast SEO plugin. -->","yoast_head_json":{"title":"Nuestra Misi\u00f3n - Essential Touch | Sei.Zero","description":"6.Zero es tecnolog\u00eda y materias primas seleccionadas, para dar vida a f\u00f3rmulasinnovadoras y de alto rendimiento","robots":{"index":"index","follow":"follow","max-snippet":"max-snippet:-1","max-image-preview":"max-image-preview:large","max-video-preview":"max-video-preview:-1"},"canonical":"https:\/\/seipuntozero-haircare.it\/es\/hair-connection\/","og_locale":"es_ES","og_type":"article","og_title":"Nuestra Misi\u00f3n - Essential Touch | Sei.Zero","og_description":"6.Zero es tecnolog\u00eda y materias primas seleccionadas, para dar vida a f\u00f3rmulasinnovadoras y de alto rendimiento","og_url":"https:\/\/seipuntozero-haircare.it\/es\/hair-connection\/","og_site_name":"6.Zero","article_modified_time":"2022-04-20T06:42:33+00:00","twitter_card":"summary_large_image","twitter_misc":{"Tiempo de lectura":"2 minutos"},"schema":{"@context":"https:\/\/schema.org","@graph":[{"@type":"WebPage","@id":"https:\/\/seipuntozero-haircare.it\/es\/hair-connection\/","url":"https:\/\/seipuntozero-haircare.it\/es\/hair-connection\/","name":"Nuestra Misi\u00f3n - Essential Touch | Sei.Zero","isPartOf":{"@id":"https:\/\/seipuntozero-haircare.it\/es\/#website"},"datePublished":"2021-06-24T12:41:00+00:00","dateModified":"2022-04-20T06:42:33+00:00","description":"6.Zero es tecnolog\u00eda y materias primas seleccionadas, para dar vida a f\u00f3rmulasinnovadoras y de alto rendimiento","breadcrumb":{"@id":"https:\/\/seipuntozero-haircare.it\/es\/hair-connection\/#breadcrumb"},"inLanguage":"es","potentialAction":[{"@type":"ReadAction","target":["https:\/\/seipuntozero-haircare.it\/es\/hair-connection\/"]}]},{"@type":"BreadcrumbList","@id":"https:\/\/seipuntozero-haircare.it\/es\/hair-connection\/#breadcrumb","itemListElement":[{"@type":"ListItem","position":1,"name":"Home","item":"https:\/\/seipuntozero-haircare.it\/es\/"},{"@type":"ListItem","position":2,"name":"Essential Touch"}]},{"@type":"WebSite","@id":"https:\/\/seipuntozero-haircare.it\/es\/#website","url":"https:\/\/seipuntozero-haircare.it\/es\/","name":"6.Zero","description":"Essential Touch","potentialAction":[{"@type":"SearchAction","target":{"@type":"EntryPoint","urlTemplate":"https:\/\/seipuntozero-haircare.it\/es\/?s={search_term_string}"},"query-input":{"@type":"PropertyValueSpecification","valueRequired":true,"valueName":"search_term_string"}}],"inLanguage":"es"}]}},"_links":{"self":[{"href":"https:\/\/seipuntozero-haircare.it\/es\/wp-json\/wp\/v2\/pages\/16337","targetHints":{"allow":["GET"]}}],"collection":[{"href":"https:\/\/seipuntozero-haircare.it\/es\/wp-json\/wp\/v2\/pages"}],"about":[{"href":"https:\/\/seipuntozero-haircare.it\/es\/wp-json\/wp\/v2\/types\/page"}],"author":[{"embeddable":true,"href":"https:\/\/seipuntozero-haircare.it\/es\/wp-json\/wp\/v2\/users\/1"}],"replies":[{"embeddable":true,"href":"https:\/\/seipuntozero-haircare.it\/es\/wp-json\/wp\/v2\/comments?post=16337"}],"version-history":[{"count":3,"href":"https:\/\/seipuntozero-haircare.it\/es\/wp-json\/wp\/v2\/pages\/16337\/revisions"}],"predecessor-version":[{"id":19153,"href":"https:\/\/seipuntozero-haircare.it\/es\/wp-json\/wp\/v2\/pages\/16337\/revisions\/19153"}],"wp:attachment":[{"href":"https:\/\/seipuntozero-haircare.it\/es\/wp-json\/wp\/v2\/media?parent=16337"}],"curies":[{"name":"wp","href":"https:\/\/api.w.org\/{rel}","templated":true}]}}