{"id":16324,"date":"2021-06-24T14:35:02","date_gmt":"2021-06-24T12:35:02","guid":{"rendered":"https:\/\/seipuntozero-haircare.it\/contacts\/"},"modified":"2026-04-09T13:10:02","modified_gmt":"2026-04-09T11:10:02","slug":"contacts","status":"publish","type":"page","link":"https:\/\/seipuntozero-haircare.it\/es\/contacts\/","title":{"rendered":"Contacts"},"content":{"rendered":"<div class=\"wpb-content-wrapper\"><p>[vc_row wrap_type=\u00bbin_container\u00bb css=\u00bb.vc_custom_1623141242690{padding-top: 50px !important;}\u00bb][vc_column width=\u00bb5\/12&#8243;][vc_row_inner][vc_column_inner][vc_custom_heading text=\u00bb\u00bfNECESITAS AYUDA?\u00bb font_container=\u00bbtag:h1|text_align:left\u00bb use_theme_fonts=\u00bbyes\u00bb][vc_separator][vc_column_text]Si necesitas asistencia o deseas recibir informaci\u00f3n t\u00e9cnica y comercial sobre nuestras gamas de productos, env\u00eda tu solicitud a trav\u00e9s del formulario de contacto o por correo electr\u00f3nico. Nuestro servicio de atenci\u00f3n al cliente responder\u00e1 con la mayor brevedad.[\/vc_column_text][vc_separator][vc_raw_html]PGRpdiBjbGFzcz0ic3VwcG9ydC1pY29uIiBzdHlsZT0ibWFyZ2luLWJvdHRvbToxNXB4Ij4NCjxpIGNsYXNzPSJmYSBmYS1waG9uZSIgc3R5bGU9ImZvbnQtc2l6ZTogMThweDsgdmVydGljYWwtYWxpZ246IHRleHQtYm90dG9tOyBtYXJnaW4tcmlnaHQ6IDEwcHg7Ij48L2k+DQo4MDAgMjczIDcwOA0KPC9kaXY+[\/vc_raw_html][vc_separator][vc_raw_html]PGRpdiBjbGFzcz0ic3VwcG9ydC1pY29uIiBzdHlsZT0ibWFyZ2luLWJvdHRvbToxNXB4Ij4NCjxpIGNsYXNzPSJmYSBmYS1lbnZlbG9wZS1vIiBzdHlsZT0iZm9udC1zaXplOiAxOHB4OyB2ZXJ0aWNhbC1hbGlnbjogdGV4dC1ib3R0b207IG1hcmdpbi1yaWdodDogMTBweDsiPjwvaT4NCjxhIGhyZWY9IiMiPjxhIGhyZWY9Im1haWx0bzppbmZvQHNlaXB1bnRvemVyby1oYWlyY2FyZS5pdCI+aW5mb0BzZWlwdW50b3plcm8taGFpcmNhcmUuaXQ8L2E+PC9hPg0KPC9kaXY+[\/vc_raw_html][vc_separator][\/vc_column_inner][\/vc_row_inner][vc_raw_html]JTNDZGl2JTIwY2xhc3MlM0QlMjJzdXBwb3J0LWljb24lMjIlMjBzdHlsZSUzRCUyMm1hcmdpbi1ib3R0b20lM0ElMjAxNXB4JTNCJTIyJTNFJTNDaSUyMGNsYXNzJTNEJTIyZmElMjBmYS1ib29rJTIyJTIwc3R5bGUlM0QlMjJmb250LXNpemUlM0ElMjAxOHB4JTNCJTIwdmVydGljYWwtYWxpZ24lM0ElMjB0ZXh0LWJvdHRvbSUzQiUyMG1hcmdpbi1yaWdodCUzQSUyMDEwcHglM0IlMjIlM0UlM0MlMkZpJTNFJTBBJTNDYSUyMGhyZWYlM0QlMjJodHRwcyUzQSUyRiUyRmNvbXByb2YuaXQlMkZjYXRhbG9naGklMkZzZWlwdW50b3plcm8lMkZzZWlwdW50b3plcm9fcHJvZHVjdHNfYm9vay5wZGYlMjIlMjB0YXJnZXQlM0QlMjJfYmxhbmslMjIlMjByZWwlM0QlMjJub2ZvbGxvdyUyMG5vb3BlbmVyJTIyJTNFRGVzY2FyZ2FyJTIwY2F0JUMzJUExbG9nbyUyMGRlJTIwcHJvZHVjdG9zJTNDJTJGYSUzRSUzQyUyRmRpdiUzRQ==[\/vc_raw_html][\/vc_column][vc_column width=\u00bb7\/12&#8243;][vc_row_inner][vc_column_inner][vc_raw_html css=\u00bb\u00bb]JTNDJTIxLS0lMjBDdXN0b20lMjBGb3JtJTNBJTIwNi5aZXJvJTIwRVMlMjAtLSUzRSUwQSUzQ2xpbmslMjByZWwlM0QlMjJzdHlsZXNoZWV0JTIyJTIwaHJlZiUzRCUyMmh0dHBzJTNBJTJGJTJGaGVscGRlc2suY29tcHJvZi5pdCUyRmFzc2V0cyUyRmN1c3RvbS1mb3JtJTJGY3VzdG9tLWZvcm0uY3NzJTIyJTNFJTBBJTNDZGl2JTIwaWQlM0QlMjJjdXN0b20tZm9ybS1LZTRTeG5iSSUyMiUzRSUzQyUyRmRpdiUzRSUwQSUzQ3NjcmlwdCUyMHNyYyUzRCUyMmh0dHBzJTNBJTJGJTJGaGVscGRlc2suY29tcHJvZi5pdCUyRmFzc2V0cyUyRmN1c3RvbS1mb3JtJTJGY3VzdG9tLWZvcm0uanMlMjIlM0UlM0MlMkZzY3JpcHQlM0UlMEElM0NzY3JpcHQlM0UlMEElMjAlMjBaYW1tYWRDdXN0b21Gb3JtLmluaXQlMjglN0IlMEElMjAlMjAlMjAlMjBlbCUzQSUyMCUyMCUyMCUyMCUyMCUyMCUyNyUyM2N1c3RvbS1mb3JtLUtlNFN4bmJJJTI3JTJDJTBBJTIwJTIwJTIwJTIwdG9rZW4lM0ElMjAlMjAlMjAlMjdLZTRTeG5iSWdKWWlaNDBfNTVic20wS1ZCUGwxczB2VmZ1MXRRaW42NWUxTU1jZlBBczJPcFJVMWdCMXpDUThfJTI3JTJDJTBBJTIwJTIwJTIwJTIwYmFzZVVybCUzQSUyMCUyN2h0dHBzJTNBJTJGJTJGaGVscGRlc2suY29tcHJvZi5pdCUyNyUwQSUyMCUyMCU3RCUyOSUzQiUwQSUzQyUyRnNjcmlwdCUzRQ==[\/vc_raw_html][\/vc_column_inner][\/vc_row_inner][\/vc_column][\/vc_row]<\/p>\n<\/div>","protected":false},"excerpt":{"rendered":"<p>[vc_row wrap_type=\u00bbin_container\u00bb css=\u00bb.vc_custom_1623141242690{padding-top: 50px !important;}\u00bb][vc_column width=\u00bb5\/12&#8243;][vc_row_inner][vc_column_inner][vc_custom_heading text=\u00bb\u00bfNECESITAS AYUDA?\u00bb font_container=\u00bbtag:h1|text_align:left\u00bb use_theme_fonts=\u00bbyes\u00bb][vc_separator][vc_column_text]Si necesitas asistencia o deseas recibir informaci\u00f3n t\u00e9cnica y comercial sobre nuestras gamas de productos, env\u00eda tu solicitud a trav\u00e9s del formulario de contacto o por correo electr\u00f3nico. Nuestro servicio de atenci\u00f3n al cliente responder\u00e1 con la mayor brevedad.[\/vc_column_text][vc_separator][vc_raw_html]PGRpdiBjbGFzcz0ic3VwcG9ydC1pY29uIiBzdHlsZT0ibWFyZ2luLWJvdHRvbToxNXB4Ij4NCjxpIGNsYXNzPSJmYSBmYS1waG9uZSIgc3R5bGU9ImZvbnQtc2l6ZTogMThweDsgdmVydGljYWwtYWxpZ246IHRleHQtYm90dG9tOyBtYXJnaW4tcmlnaHQ6IDEwcHg7Ij48L2k+DQo4MDAgMjczIDcwOA0KPC9kaXY+[\/vc_raw_html][vc_separator][vc_raw_html]PGRpdiBjbGFzcz0ic3VwcG9ydC1pY29uIiBzdHlsZT0ibWFyZ2luLWJvdHRvbToxNXB4Ij4NCjxpIGNsYXNzPSJmYSBmYS1lbnZlbG9wZS1vIiBzdHlsZT0iZm9udC1zaXplOiAxOHB4OyB2ZXJ0aWNhbC1hbGlnbjogdGV4dC1ib3R0b207IG1hcmdpbi1yaWdodDogMTBweDsiPjwvaT4NCjxhIGhyZWY9IiMiPjxhIGhyZWY9Im1haWx0bzppbmZvQHNlaXB1bnRvemVyby1oYWlyY2FyZS5pdCI+aW5mb0BzZWlwdW50b3plcm8taGFpcmNhcmUuaXQ8L2E+PC9hPg0KPC9kaXY+[\/vc_raw_html][vc_separator][\/vc_column_inner][\/vc_row_inner][vc_raw_html]JTNDZGl2JTIwY2xhc3MlM0QlMjJzdXBwb3J0LWljb24lMjIlMjBzdHlsZSUzRCUyMm1hcmdpbi1ib3R0b20lM0ElMjAxNXB4JTNCJTIyJTNFJTNDaSUyMGNsYXNzJTNEJTIyZmElMjBmYS1ib29rJTIyJTIwc3R5bGUlM0QlMjJmb250LXNpemUlM0ElMjAxOHB4JTNCJTIwdmVydGljYWwtYWxpZ24lM0ElMjB0ZXh0LWJvdHRvbSUzQiUyMG1hcmdpbi1yaWdodCUzQSUyMDEwcHglM0IlMjIlM0UlM0MlMkZpJTNFJTBBJTNDYSUyMGhyZWYlM0QlMjJodHRwcyUzQSUyRiUyRmNvbXByb2YuaXQlMkZjYXRhbG9naGklMkZzZWlwdW50b3plcm8lMkZzZWlwdW50b3plcm9fcHJvZHVjdHNfYm9vay5wZGYlMjIlMjB0YXJnZXQlM0QlMjJfYmxhbmslMjIlMjByZWwlM0QlMjJub2ZvbGxvdyUyMG5vb3BlbmVyJTIyJTNFRGVzY2FyZ2FyJTIwY2F0JUMzJUExbG9nbyUyMGRlJTIwcHJvZHVjdG9zJTNDJTJGYSUzRSUzQyUyRmRpdiUzRQ==[\/vc_raw_html][\/vc_column][vc_column width=\u00bb7\/12&#8243;][vc_row_inner][vc_column_inner][vc_raw_html css=\u00bb\u00bb]JTNDJTIxLS0lMjBDdXN0b20lMjBGb3JtJTNBJTIwNi5aZXJvJTIwRVMlMjAtLSUzRSUwQSUzQ2xpbmslMjByZWwlM0QlMjJzdHlsZXNoZWV0JTIyJTIwaHJlZiUzRCUyMmh0dHBzJTNBJTJGJTJGaGVscGRlc2suY29tcHJvZi5pdCUyRmFzc2V0cyUyRmN1c3RvbS1mb3JtJTJGY3VzdG9tLWZvcm0uY3NzJTIyJTNFJTBBJTNDZGl2JTIwaWQlM0QlMjJjdXN0b20tZm9ybS1LZTRTeG5iSSUyMiUzRSUzQyUyRmRpdiUzRSUwQSUzQ3NjcmlwdCUyMHNyYyUzRCUyMmh0dHBzJTNBJTJGJTJGaGVscGRlc2suY29tcHJvZi5pdCUyRmFzc2V0cyUyRmN1c3RvbS1mb3JtJTJGY3VzdG9tLWZvcm0uanMlMjIlM0UlM0MlMkZzY3JpcHQlM0UlMEElM0NzY3JpcHQlM0UlMEElMjAlMjBaYW1tYWRDdXN0b21Gb3JtLmluaXQlMjglN0IlMEElMjAlMjAlMjAlMjBlbCUzQSUyMCUyMCUyMCUyMCUyMCUyMCUyNyUyM2N1c3RvbS1mb3JtLUtlNFN4bmJJJTI3JTJDJTBBJTIwJTIwJTIwJTIwdG9rZW4lM0ElMjAlMjAlMjAlMjdLZTRTeG5iSWdKWWlaNDBfNTVic20wS1ZCUGwxczB2VmZ1MXRRaW42NWUxTU1jZlBBczJPcFJVMWdCMXpDUThfJTI3JTJDJTBBJTIwJTIwJTIwJTIwYmFzZVVybCUzQSUyMCUyN2h0dHBzJTNBJTJGJTJGaGVscGRlc2suY29tcHJvZi5pdCUyNyUwQSUyMCUyMCU3RCUyOSUzQiUwQSUzQyUyRnNjcmlwdCUzRQ==[\/vc_raw_html][\/vc_column_inner][\/vc_row_inner][\/vc_column][\/vc_row]<\/p>\n","protected":false},"author":1,"featured_media":0,"parent":0,"menu_order":0,"comment_status":"closed","ping_status":"closed","template":"page-full-width-padding.php","meta":{"footnotes":""},"class_list":["post-16324","page","type-page","status-publish","hentry"],"yoast_head":"<!-- This site is optimized with the Yoast SEO plugin v27.1.1 - https:\/\/yoast.com\/product\/yoast-seo-wordpress\/ -->\n<title>Contactos | Sei.Zero<\/title>\n<meta name=\"description\" content=\"Nuestro servicio de atenci\u00f3n al cliente responder\u00e1 con la mayor brevedad: 800 273 708 - info@seipuntozero-haircare.it.\" \/>\n<meta name=\"robots\" content=\"index, follow, max-snippet:-1, max-image-preview:large, max-video-preview:-1\" \/>\n<link rel=\"canonical\" href=\"https:\/\/seipuntozero-haircare.it\/es\/contacts\/\" \/>\n<meta property=\"og:locale\" content=\"es_ES\" \/>\n<meta property=\"og:type\" content=\"article\" \/>\n<meta property=\"og:title\" content=\"Contactos | Sei.Zero\" \/>\n<meta property=\"og:description\" content=\"Nuestro servicio de atenci\u00f3n al cliente responder\u00e1 con la mayor brevedad: 800 273 708 - info@seipuntozero-haircare.it.\" \/>\n<meta property=\"og:url\" content=\"https:\/\/seipuntozero-haircare.it\/es\/contacts\/\" \/>\n<meta property=\"og:site_name\" content=\"6.Zero\" \/>\n<meta property=\"article:modified_time\" content=\"2026-04-09T11:10:02+00:00\" \/>\n<meta name=\"twitter:card\" content=\"summary_large_image\" \/>\n<meta name=\"twitter:label1\" content=\"Tiempo de lectura\" \/>\n\t<meta name=\"twitter:data1\" content=\"1 minuto\" \/>\n<script type=\"application\/ld+json\" class=\"yoast-schema-graph\">{\"@context\":\"https:\/\/schema.org\",\"@graph\":[{\"@type\":\"WebPage\",\"@id\":\"https:\/\/seipuntozero-haircare.it\/es\/contacts\/\",\"url\":\"https:\/\/seipuntozero-haircare.it\/es\/contacts\/\",\"name\":\"Contactos | Sei.Zero\",\"isPartOf\":{\"@id\":\"https:\/\/seipuntozero-haircare.it\/es\/#website\"},\"datePublished\":\"2021-06-24T12:35:02+00:00\",\"dateModified\":\"2026-04-09T11:10:02+00:00\",\"description\":\"Nuestro servicio de atenci\u00f3n al cliente responder\u00e1 con la mayor brevedad: 800 273 708 - info@seipuntozero-haircare.it.\",\"breadcrumb\":{\"@id\":\"https:\/\/seipuntozero-haircare.it\/es\/contacts\/#breadcrumb\"},\"inLanguage\":\"es\",\"potentialAction\":[{\"@type\":\"ReadAction\",\"target\":[\"https:\/\/seipuntozero-haircare.it\/es\/contacts\/\"]}]},{\"@type\":\"BreadcrumbList\",\"@id\":\"https:\/\/seipuntozero-haircare.it\/es\/contacts\/#breadcrumb\",\"itemListElement\":[{\"@type\":\"ListItem\",\"position\":1,\"name\":\"Home\",\"item\":\"https:\/\/seipuntozero-haircare.it\/es\/\"},{\"@type\":\"ListItem\",\"position\":2,\"name\":\"Contacts\"}]},{\"@type\":\"WebSite\",\"@id\":\"https:\/\/seipuntozero-haircare.it\/es\/#website\",\"url\":\"https:\/\/seipuntozero-haircare.it\/es\/\",\"name\":\"6.Zero\",\"description\":\"Essential Touch\",\"potentialAction\":[{\"@type\":\"SearchAction\",\"target\":{\"@type\":\"EntryPoint\",\"urlTemplate\":\"https:\/\/seipuntozero-haircare.it\/es\/?s={search_term_string}\"},\"query-input\":{\"@type\":\"PropertyValueSpecification\",\"valueRequired\":true,\"valueName\":\"search_term_string\"}}],\"inLanguage\":\"es\"}]}<\/script>\n<!-- \/ Yoast SEO plugin. -->","yoast_head_json":{"title":"Contactos | Sei.Zero","description":"Nuestro servicio de atenci\u00f3n al cliente responder\u00e1 con la mayor brevedad: 800 273 708 - info@seipuntozero-haircare.it.","robots":{"index":"index","follow":"follow","max-snippet":"max-snippet:-1","max-image-preview":"max-image-preview:large","max-video-preview":"max-video-preview:-1"},"canonical":"https:\/\/seipuntozero-haircare.it\/es\/contacts\/","og_locale":"es_ES","og_type":"article","og_title":"Contactos | Sei.Zero","og_description":"Nuestro servicio de atenci\u00f3n al cliente responder\u00e1 con la mayor brevedad: 800 273 708 - info@seipuntozero-haircare.it.","og_url":"https:\/\/seipuntozero-haircare.it\/es\/contacts\/","og_site_name":"6.Zero","article_modified_time":"2026-04-09T11:10:02+00:00","twitter_card":"summary_large_image","twitter_misc":{"Tiempo de lectura":"1 minuto"},"schema":{"@context":"https:\/\/schema.org","@graph":[{"@type":"WebPage","@id":"https:\/\/seipuntozero-haircare.it\/es\/contacts\/","url":"https:\/\/seipuntozero-haircare.it\/es\/contacts\/","name":"Contactos | Sei.Zero","isPartOf":{"@id":"https:\/\/seipuntozero-haircare.it\/es\/#website"},"datePublished":"2021-06-24T12:35:02+00:00","dateModified":"2026-04-09T11:10:02+00:00","description":"Nuestro servicio de atenci\u00f3n al cliente responder\u00e1 con la mayor brevedad: 800 273 708 - info@seipuntozero-haircare.it.","breadcrumb":{"@id":"https:\/\/seipuntozero-haircare.it\/es\/contacts\/#breadcrumb"},"inLanguage":"es","potentialAction":[{"@type":"ReadAction","target":["https:\/\/seipuntozero-haircare.it\/es\/contacts\/"]}]},{"@type":"BreadcrumbList","@id":"https:\/\/seipuntozero-haircare.it\/es\/contacts\/#breadcrumb","itemListElement":[{"@type":"ListItem","position":1,"name":"Home","item":"https:\/\/seipuntozero-haircare.it\/es\/"},{"@type":"ListItem","position":2,"name":"Contacts"}]},{"@type":"WebSite","@id":"https:\/\/seipuntozero-haircare.it\/es\/#website","url":"https:\/\/seipuntozero-haircare.it\/es\/","name":"6.Zero","description":"Essential Touch","potentialAction":[{"@type":"SearchAction","target":{"@type":"EntryPoint","urlTemplate":"https:\/\/seipuntozero-haircare.it\/es\/?s={search_term_string}"},"query-input":{"@type":"PropertyValueSpecification","valueRequired":true,"valueName":"search_term_string"}}],"inLanguage":"es"}]}},"_links":{"self":[{"href":"https:\/\/seipuntozero-haircare.it\/es\/wp-json\/wp\/v2\/pages\/16324","targetHints":{"allow":["GET"]}}],"collection":[{"href":"https:\/\/seipuntozero-haircare.it\/es\/wp-json\/wp\/v2\/pages"}],"about":[{"href":"https:\/\/seipuntozero-haircare.it\/es\/wp-json\/wp\/v2\/types\/page"}],"author":[{"embeddable":true,"href":"https:\/\/seipuntozero-haircare.it\/es\/wp-json\/wp\/v2\/users\/1"}],"replies":[{"embeddable":true,"href":"https:\/\/seipuntozero-haircare.it\/es\/wp-json\/wp\/v2\/comments?post=16324"}],"version-history":[{"count":4,"href":"https:\/\/seipuntozero-haircare.it\/es\/wp-json\/wp\/v2\/pages\/16324\/revisions"}],"predecessor-version":[{"id":24441,"href":"https:\/\/seipuntozero-haircare.it\/es\/wp-json\/wp\/v2\/pages\/16324\/revisions\/24441"}],"wp:attachment":[{"href":"https:\/\/seipuntozero-haircare.it\/es\/wp-json\/wp\/v2\/media?parent=16324"}],"curies":[{"name":"wp","href":"https:\/\/api.w.org\/{rel}","templated":true}]}}