{"id":24509,"date":"2026-04-24T12:21:50","date_gmt":"2026-04-24T10:21:50","guid":{"rendered":"https:\/\/seipuntozero-haircare.it\/?post_type=product&#038;p=24509"},"modified":"2026-04-24T12:24:21","modified_gmt":"2026-04-24T10:24:21","slug":"take-over-sun-set-after-sun-maske-2","status":"publish","type":"product","link":"https:\/\/seipuntozero-haircare.it\/de\/product\/take-over-sun-set-after-sun-maske-2\/","title":{"rendered":"TAKE OVER \u2013 SUN SET <br> After-Sun Maske"},"content":{"rendered":"<ul>\n<li style=\"font-weight: 400;\" aria-level=\"1\"><span style=\"font-weight: 400;\">N\u00e4hrt tiefenwirksam das durch Sonne, Chlor und Salz strapazierte Haar<\/span><\/li>\n<li style=\"font-weight: 400;\" aria-level=\"1\"><span style=\"font-weight: 400;\">Hilft, die Haarfaser zu restrukturieren<\/span><\/li>\n<li style=\"font-weight: 400;\" aria-level=\"1\"><span style=\"font-weight: 400;\">Verbessert Elastizit\u00e4t und K\u00e4mmbarkeit<\/span><\/li>\n<li style=\"font-weight: 400;\" aria-level=\"1\"><span style=\"font-weight: 400;\">Reduziert Frizz<\/span><\/li>\n<li style=\"font-weight: 400;\" aria-level=\"1\"><span style=\"font-weight: 400;\">Macht das Haar weich und gl\u00e4nzend, ohne es zu beschweren<\/span><\/li>\n<\/ul>\n","protected":false},"excerpt":{"rendered":"<p><span style=\"font-weight: 400;\">Eine intensive Pflege, die entwickelt wurde, um das Haar nach der Einwirkung von Sonne, Wind und Salz zu n\u00e4hren und zu restrukturieren. Die reichhaltige, aber leichte Textur verbessert die K\u00e4mmbarkeit und verleiht der Haarfaser Elastizit\u00e4t und Geschmeidigkeit.<\/span><\/p>\n<p>50 ml<\/p>\n","protected":false},"featured_media":24448,"template":"","meta":[],"product_brand":[],"product_cat":[932],"product_tag":[],"class_list":["post-24509","product","type-product","status-publish","has-post-thumbnail","hentry","product_cat-take-over-sun-set"],"yoast_head":"<!-- This site is optimized with the Yoast SEO plugin v27.1.1 - https:\/\/yoast.com\/product\/yoast-seo-wordpress\/ -->\n<title>Glanzverleihende, sch\u00fctzende after-sun-maske<\/title>\n<meta name=\"description\" content=\"Take Over Sun Set, glanzverleihende und sch\u00fctzende After-Sun-Maske.\" \/>\n<meta name=\"robots\" content=\"index, follow, max-snippet:-1, max-image-preview:large, max-video-preview:-1\" \/>\n<link rel=\"canonical\" href=\"https:\/\/seipuntozero-haircare.it\/de\/product\/take-over-sun-set-after-sun-maske-2\/\" \/>\n<meta property=\"og:locale\" content=\"de_DE\" \/>\n<meta property=\"og:type\" content=\"article\" \/>\n<meta property=\"og:title\" content=\"Glanzverleihende, sch\u00fctzende after-sun-maske\" \/>\n<meta property=\"og:description\" content=\"Take Over Sun Set, glanzverleihende und sch\u00fctzende After-Sun-Maske.\" \/>\n<meta property=\"og:url\" content=\"https:\/\/seipuntozero-haircare.it\/de\/product\/take-over-sun-set-after-sun-maske-2\/\" \/>\n<meta property=\"og:site_name\" content=\"6.Zero\" \/>\n<meta property=\"article:modified_time\" content=\"2026-04-24T10:24:21+00:00\" \/>\n<meta property=\"og:image\" content=\"https:\/\/seipuntozero-haircare.it\/wp-content\/uploads\/2026\/04\/sei-punto-zero-take-over-sun-deluxe-mask-50ml.png\" \/>\n\t<meta property=\"og:image:width\" content=\"800\" \/>\n\t<meta property=\"og:image:height\" content=\"800\" \/>\n\t<meta property=\"og:image:type\" content=\"image\/png\" \/>\n<meta name=\"twitter:card\" content=\"summary_large_image\" \/>\n<meta name=\"twitter:label1\" content=\"Gesch\u00e4tzte Lesezeit\" \/>\n\t<meta name=\"twitter:data1\" content=\"1\u00a0Minute\" \/>\n<script type=\"application\/ld+json\" class=\"yoast-schema-graph\">{\"@context\":\"https:\/\/schema.org\",\"@graph\":[{\"@type\":\"WebPage\",\"@id\":\"https:\/\/seipuntozero-haircare.it\/de\/product\/take-over-sun-set-after-sun-maske-2\/\",\"url\":\"https:\/\/seipuntozero-haircare.it\/de\/product\/take-over-sun-set-after-sun-maske-2\/\",\"name\":\"Glanzverleihende, sch\u00fctzende after-sun-maske\",\"isPartOf\":{\"@id\":\"https:\/\/seipuntozero-haircare.it\/de\/#website\"},\"primaryImageOfPage\":{\"@id\":\"https:\/\/seipuntozero-haircare.it\/de\/product\/take-over-sun-set-after-sun-maske-2\/#primaryimage\"},\"image\":{\"@id\":\"https:\/\/seipuntozero-haircare.it\/de\/product\/take-over-sun-set-after-sun-maske-2\/#primaryimage\"},\"thumbnailUrl\":\"https:\/\/seipuntozero-haircare.it\/wp-content\/uploads\/2026\/04\/sei-punto-zero-take-over-sun-deluxe-mask-50ml.png\",\"datePublished\":\"2026-04-24T10:21:50+00:00\",\"dateModified\":\"2026-04-24T10:24:21+00:00\",\"description\":\"Take Over Sun Set, glanzverleihende und sch\u00fctzende After-Sun-Maske.\",\"breadcrumb\":{\"@id\":\"https:\/\/seipuntozero-haircare.it\/de\/product\/take-over-sun-set-after-sun-maske-2\/#breadcrumb\"},\"inLanguage\":\"de\",\"potentialAction\":[{\"@type\":\"ReadAction\",\"target\":[\"https:\/\/seipuntozero-haircare.it\/de\/product\/take-over-sun-set-after-sun-maske-2\/\"]}]},{\"@type\":\"ImageObject\",\"inLanguage\":\"de\",\"@id\":\"https:\/\/seipuntozero-haircare.it\/de\/product\/take-over-sun-set-after-sun-maske-2\/#primaryimage\",\"url\":\"https:\/\/seipuntozero-haircare.it\/wp-content\/uploads\/2026\/04\/sei-punto-zero-take-over-sun-deluxe-mask-50ml.png\",\"contentUrl\":\"https:\/\/seipuntozero-haircare.it\/wp-content\/uploads\/2026\/04\/sei-punto-zero-take-over-sun-deluxe-mask-50ml.png\",\"width\":800,\"height\":800},{\"@type\":\"BreadcrumbList\",\"@id\":\"https:\/\/seipuntozero-haircare.it\/de\/product\/take-over-sun-set-after-sun-maske-2\/#breadcrumb\",\"itemListElement\":[{\"@type\":\"ListItem\",\"position\":1,\"name\":\"Home\",\"item\":\"https:\/\/seipuntozero-haircare.it\/de\/\"},{\"@type\":\"ListItem\",\"position\":2,\"name\":\"Products\",\"item\":\"https:\/\/seipuntozero-haircare.it\/de\/shop\/\"},{\"@type\":\"ListItem\",\"position\":3,\"name\":\"TAKE OVER \u2013 SUN SET After-Sun Maske\"}]},{\"@type\":\"WebSite\",\"@id\":\"https:\/\/seipuntozero-haircare.it\/de\/#website\",\"url\":\"https:\/\/seipuntozero-haircare.it\/de\/\",\"name\":\"6.Zero\",\"description\":\"Essential Touch\",\"potentialAction\":[{\"@type\":\"SearchAction\",\"target\":{\"@type\":\"EntryPoint\",\"urlTemplate\":\"https:\/\/seipuntozero-haircare.it\/de\/?s={search_term_string}\"},\"query-input\":{\"@type\":\"PropertyValueSpecification\",\"valueRequired\":true,\"valueName\":\"search_term_string\"}}],\"inLanguage\":\"de\"}]}<\/script>\n<!-- \/ Yoast SEO plugin. -->","yoast_head_json":{"title":"Glanzverleihende, sch\u00fctzende after-sun-maske","description":"Take Over Sun Set, glanzverleihende und sch\u00fctzende After-Sun-Maske.","robots":{"index":"index","follow":"follow","max-snippet":"max-snippet:-1","max-image-preview":"max-image-preview:large","max-video-preview":"max-video-preview:-1"},"canonical":"https:\/\/seipuntozero-haircare.it\/de\/product\/take-over-sun-set-after-sun-maske-2\/","og_locale":"de_DE","og_type":"article","og_title":"Glanzverleihende, sch\u00fctzende after-sun-maske","og_description":"Take Over Sun Set, glanzverleihende und sch\u00fctzende After-Sun-Maske.","og_url":"https:\/\/seipuntozero-haircare.it\/de\/product\/take-over-sun-set-after-sun-maske-2\/","og_site_name":"6.Zero","article_modified_time":"2026-04-24T10:24:21+00:00","og_image":[{"width":800,"height":800,"url":"https:\/\/seipuntozero-haircare.it\/wp-content\/uploads\/2026\/04\/sei-punto-zero-take-over-sun-deluxe-mask-50ml.png","type":"image\/png"}],"twitter_card":"summary_large_image","twitter_misc":{"Gesch\u00e4tzte Lesezeit":"1\u00a0Minute"},"schema":{"@context":"https:\/\/schema.org","@graph":[{"@type":"WebPage","@id":"https:\/\/seipuntozero-haircare.it\/de\/product\/take-over-sun-set-after-sun-maske-2\/","url":"https:\/\/seipuntozero-haircare.it\/de\/product\/take-over-sun-set-after-sun-maske-2\/","name":"Glanzverleihende, sch\u00fctzende after-sun-maske","isPartOf":{"@id":"https:\/\/seipuntozero-haircare.it\/de\/#website"},"primaryImageOfPage":{"@id":"https:\/\/seipuntozero-haircare.it\/de\/product\/take-over-sun-set-after-sun-maske-2\/#primaryimage"},"image":{"@id":"https:\/\/seipuntozero-haircare.it\/de\/product\/take-over-sun-set-after-sun-maske-2\/#primaryimage"},"thumbnailUrl":"https:\/\/seipuntozero-haircare.it\/wp-content\/uploads\/2026\/04\/sei-punto-zero-take-over-sun-deluxe-mask-50ml.png","datePublished":"2026-04-24T10:21:50+00:00","dateModified":"2026-04-24T10:24:21+00:00","description":"Take Over Sun Set, glanzverleihende und sch\u00fctzende After-Sun-Maske.","breadcrumb":{"@id":"https:\/\/seipuntozero-haircare.it\/de\/product\/take-over-sun-set-after-sun-maske-2\/#breadcrumb"},"inLanguage":"de","potentialAction":[{"@type":"ReadAction","target":["https:\/\/seipuntozero-haircare.it\/de\/product\/take-over-sun-set-after-sun-maske-2\/"]}]},{"@type":"ImageObject","inLanguage":"de","@id":"https:\/\/seipuntozero-haircare.it\/de\/product\/take-over-sun-set-after-sun-maske-2\/#primaryimage","url":"https:\/\/seipuntozero-haircare.it\/wp-content\/uploads\/2026\/04\/sei-punto-zero-take-over-sun-deluxe-mask-50ml.png","contentUrl":"https:\/\/seipuntozero-haircare.it\/wp-content\/uploads\/2026\/04\/sei-punto-zero-take-over-sun-deluxe-mask-50ml.png","width":800,"height":800},{"@type":"BreadcrumbList","@id":"https:\/\/seipuntozero-haircare.it\/de\/product\/take-over-sun-set-after-sun-maske-2\/#breadcrumb","itemListElement":[{"@type":"ListItem","position":1,"name":"Home","item":"https:\/\/seipuntozero-haircare.it\/de\/"},{"@type":"ListItem","position":2,"name":"Products","item":"https:\/\/seipuntozero-haircare.it\/de\/shop\/"},{"@type":"ListItem","position":3,"name":"TAKE OVER \u2013 SUN SET After-Sun Maske"}]},{"@type":"WebSite","@id":"https:\/\/seipuntozero-haircare.it\/de\/#website","url":"https:\/\/seipuntozero-haircare.it\/de\/","name":"6.Zero","description":"Essential Touch","potentialAction":[{"@type":"SearchAction","target":{"@type":"EntryPoint","urlTemplate":"https:\/\/seipuntozero-haircare.it\/de\/?s={search_term_string}"},"query-input":{"@type":"PropertyValueSpecification","valueRequired":true,"valueName":"search_term_string"}}],"inLanguage":"de"}]}},"_links":{"self":[{"href":"https:\/\/seipuntozero-haircare.it\/de\/wp-json\/wp\/v2\/product\/24509","targetHints":{"allow":["GET"]}}],"collection":[{"href":"https:\/\/seipuntozero-haircare.it\/de\/wp-json\/wp\/v2\/product"}],"about":[{"href":"https:\/\/seipuntozero-haircare.it\/de\/wp-json\/wp\/v2\/types\/product"}],"wp:featuredmedia":[{"embeddable":true,"href":"https:\/\/seipuntozero-haircare.it\/de\/wp-json\/wp\/v2\/media\/24448"}],"wp:attachment":[{"href":"https:\/\/seipuntozero-haircare.it\/de\/wp-json\/wp\/v2\/media?parent=24509"}],"wp:term":[{"taxonomy":"product_brand","embeddable":true,"href":"https:\/\/seipuntozero-haircare.it\/de\/wp-json\/wp\/v2\/product_brand?post=24509"},{"taxonomy":"product_cat","embeddable":true,"href":"https:\/\/seipuntozero-haircare.it\/de\/wp-json\/wp\/v2\/product_cat?post=24509"},{"taxonomy":"product_tag","embeddable":true,"href":"https:\/\/seipuntozero-haircare.it\/de\/wp-json\/wp\/v2\/product_tag?post=24509"}],"curies":[{"name":"wp","href":"https:\/\/api.w.org\/{rel}","templated":true}]}}