{"id":24496,"date":"2026-04-24T11:34:13","date_gmt":"2026-04-24T09:34:13","guid":{"rendered":"https:\/\/seipuntozero-haircare.it\/?post_type=product&#038;p=24496"},"modified":"2026-04-24T11:36:46","modified_gmt":"2026-04-24T09:36:46","slug":"take-over-sun-set-after-sun-shampoo-duschgel-2","status":"publish","type":"product","link":"https:\/\/seipuntozero-haircare.it\/de\/product\/take-over-sun-set-after-sun-shampoo-duschgel-2\/","title":{"rendered":"TAKE OVER \u2013 SUN SET <br> After-Sun Shampoo-Duschgel"},"content":{"rendered":"<ul>\n<li style=\"font-weight: 400;\" aria-level=\"1\"><span style=\"font-weight: 400;\">Reinigt sanft K\u00f6rper und Haar<\/span><\/li>\n<li style=\"font-weight: 400;\" aria-level=\"1\"><span style=\"font-weight: 400;\">Entfernt Salz, Chlor und Unreinheiten<\/span><\/li>\n<li style=\"font-weight: 400;\" aria-level=\"1\"><span style=\"font-weight: 400;\">Hilft, die Feuchtigkeit zu bewahren<\/span><\/li>\n<li style=\"font-weight: 400;\" aria-level=\"1\"><span style=\"font-weight: 400;\">Verleiht der Haut Geschmeidigkeit<\/span><\/li>\n<li style=\"font-weight: 400;\" aria-level=\"1\"><span style=\"font-weight: 400;\">Macht das Haar leicht und gl\u00e4nzend<\/span><\/li>\n<\/ul>\n","protected":false},"excerpt":{"rendered":"<p><span style=\"font-weight: 400;\">Ein sanfter 2-in-1-Reiniger, der entwickelt wurde, um K\u00f6rper und Haar nach einem Tag in der Sonne effektiv zu reinigen. Entfernt R\u00fcckst\u00e4nde von Salz, Chlor und Unreinheiten, respektiert das nat\u00fcrliche Gleichgewicht von Haut und Haar und hinterl\u00e4sst ein angenehmes Gef\u00fchl von Frische und Leichtigkeit.<\/span><\/p>\n<p>100 ml<\/p>\n<p>&nbsp;<\/p>\n","protected":false},"featured_media":24469,"template":"","meta":[],"product_brand":[],"product_cat":[932],"product_tag":[],"class_list":["post-24496","product","type-product","status-publish","has-post-thumbnail","hentry","product_cat-take-over-sun-set"],"yoast_head":"<!-- This site is optimized with the Yoast SEO plugin v27.1.1 - https:\/\/yoast.com\/product\/yoast-seo-wordpress\/ -->\n<title>Glanzverleihendes, sch\u00fctzendes after-sun-dusch-shampoo<\/title>\n<meta name=\"description\" content=\"Take Over Sun Set, glanzverleihendes und sch\u00fctzendes After-Sun-Dusch-Shampoo. Reinigt sanft K\u00f6rper und Haare, die durch \u00e4u\u00dfere Einfl\u00fcsse, wie UV-Strahlen, Salz und Chlor belastet sind.\" \/>\n<meta name=\"robots\" content=\"index, follow, max-snippet:-1, max-image-preview:large, max-video-preview:-1\" \/>\n<link rel=\"canonical\" href=\"https:\/\/seipuntozero-haircare.it\/de\/product\/take-over-sun-set-after-sun-shampoo-duschgel-2\/\" \/>\n<meta property=\"og:locale\" content=\"de_DE\" \/>\n<meta property=\"og:type\" content=\"article\" \/>\n<meta property=\"og:title\" content=\"Glanzverleihendes, sch\u00fctzendes after-sun-dusch-shampoo\" \/>\n<meta property=\"og:description\" content=\"Take Over Sun Set, glanzverleihendes und sch\u00fctzendes After-Sun-Dusch-Shampoo. Reinigt sanft K\u00f6rper und Haare, die durch \u00e4u\u00dfere Einfl\u00fcsse, wie UV-Strahlen, Salz und Chlor belastet sind.\" \/>\n<meta property=\"og:url\" content=\"https:\/\/seipuntozero-haircare.it\/de\/product\/take-over-sun-set-after-sun-shampoo-duschgel-2\/\" \/>\n<meta property=\"og:site_name\" content=\"6.Zero\" \/>\n<meta property=\"article:modified_time\" content=\"2026-04-24T09:36:46+00:00\" \/>\n<meta property=\"og:image\" content=\"https:\/\/seipuntozero-haircare.it\/wp-content\/uploads\/2026\/04\/sei-punto-zero-take-over-sun-deluxe-shampoo-100ml.png\" \/>\n\t<meta property=\"og:image:width\" content=\"800\" \/>\n\t<meta property=\"og:image:height\" content=\"800\" \/>\n\t<meta property=\"og:image:type\" content=\"image\/png\" \/>\n<meta name=\"twitter:card\" content=\"summary_large_image\" \/>\n<meta name=\"twitter:label1\" content=\"Gesch\u00e4tzte Lesezeit\" \/>\n\t<meta name=\"twitter:data1\" content=\"1\u00a0Minute\" \/>\n<script type=\"application\/ld+json\" class=\"yoast-schema-graph\">{\"@context\":\"https:\/\/schema.org\",\"@graph\":[{\"@type\":\"WebPage\",\"@id\":\"https:\/\/seipuntozero-haircare.it\/de\/product\/take-over-sun-set-after-sun-shampoo-duschgel-2\/\",\"url\":\"https:\/\/seipuntozero-haircare.it\/de\/product\/take-over-sun-set-after-sun-shampoo-duschgel-2\/\",\"name\":\"Glanzverleihendes, sch\u00fctzendes after-sun-dusch-shampoo\",\"isPartOf\":{\"@id\":\"https:\/\/seipuntozero-haircare.it\/de\/#website\"},\"primaryImageOfPage\":{\"@id\":\"https:\/\/seipuntozero-haircare.it\/de\/product\/take-over-sun-set-after-sun-shampoo-duschgel-2\/#primaryimage\"},\"image\":{\"@id\":\"https:\/\/seipuntozero-haircare.it\/de\/product\/take-over-sun-set-after-sun-shampoo-duschgel-2\/#primaryimage\"},\"thumbnailUrl\":\"https:\/\/seipuntozero-haircare.it\/wp-content\/uploads\/2026\/04\/sei-punto-zero-take-over-sun-deluxe-shampoo-100ml.png\",\"datePublished\":\"2026-04-24T09:34:13+00:00\",\"dateModified\":\"2026-04-24T09:36:46+00:00\",\"description\":\"Take Over Sun Set, glanzverleihendes und sch\u00fctzendes After-Sun-Dusch-Shampoo. Reinigt sanft K\u00f6rper und Haare, die durch \u00e4u\u00dfere Einfl\u00fcsse, wie UV-Strahlen, Salz und Chlor belastet sind.\",\"breadcrumb\":{\"@id\":\"https:\/\/seipuntozero-haircare.it\/de\/product\/take-over-sun-set-after-sun-shampoo-duschgel-2\/#breadcrumb\"},\"inLanguage\":\"de\",\"potentialAction\":[{\"@type\":\"ReadAction\",\"target\":[\"https:\/\/seipuntozero-haircare.it\/de\/product\/take-over-sun-set-after-sun-shampoo-duschgel-2\/\"]}]},{\"@type\":\"ImageObject\",\"inLanguage\":\"de\",\"@id\":\"https:\/\/seipuntozero-haircare.it\/de\/product\/take-over-sun-set-after-sun-shampoo-duschgel-2\/#primaryimage\",\"url\":\"https:\/\/seipuntozero-haircare.it\/wp-content\/uploads\/2026\/04\/sei-punto-zero-take-over-sun-deluxe-shampoo-100ml.png\",\"contentUrl\":\"https:\/\/seipuntozero-haircare.it\/wp-content\/uploads\/2026\/04\/sei-punto-zero-take-over-sun-deluxe-shampoo-100ml.png\",\"width\":800,\"height\":800},{\"@type\":\"BreadcrumbList\",\"@id\":\"https:\/\/seipuntozero-haircare.it\/de\/product\/take-over-sun-set-after-sun-shampoo-duschgel-2\/#breadcrumb\",\"itemListElement\":[{\"@type\":\"ListItem\",\"position\":1,\"name\":\"Home\",\"item\":\"https:\/\/seipuntozero-haircare.it\/de\/\"},{\"@type\":\"ListItem\",\"position\":2,\"name\":\"Products\",\"item\":\"https:\/\/seipuntozero-haircare.it\/de\/shop\/\"},{\"@type\":\"ListItem\",\"position\":3,\"name\":\"TAKE OVER \u2013 SUN SET After-Sun Shampoo-Duschgel\"}]},{\"@type\":\"WebSite\",\"@id\":\"https:\/\/seipuntozero-haircare.it\/de\/#website\",\"url\":\"https:\/\/seipuntozero-haircare.it\/de\/\",\"name\":\"6.Zero\",\"description\":\"Essential Touch\",\"potentialAction\":[{\"@type\":\"SearchAction\",\"target\":{\"@type\":\"EntryPoint\",\"urlTemplate\":\"https:\/\/seipuntozero-haircare.it\/de\/?s={search_term_string}\"},\"query-input\":{\"@type\":\"PropertyValueSpecification\",\"valueRequired\":true,\"valueName\":\"search_term_string\"}}],\"inLanguage\":\"de\"}]}<\/script>\n<!-- \/ Yoast SEO plugin. -->","yoast_head_json":{"title":"Glanzverleihendes, sch\u00fctzendes after-sun-dusch-shampoo","description":"Take Over Sun Set, glanzverleihendes und sch\u00fctzendes After-Sun-Dusch-Shampoo. Reinigt sanft K\u00f6rper und Haare, die durch \u00e4u\u00dfere Einfl\u00fcsse, wie UV-Strahlen, Salz und Chlor belastet sind.","robots":{"index":"index","follow":"follow","max-snippet":"max-snippet:-1","max-image-preview":"max-image-preview:large","max-video-preview":"max-video-preview:-1"},"canonical":"https:\/\/seipuntozero-haircare.it\/de\/product\/take-over-sun-set-after-sun-shampoo-duschgel-2\/","og_locale":"de_DE","og_type":"article","og_title":"Glanzverleihendes, sch\u00fctzendes after-sun-dusch-shampoo","og_description":"Take Over Sun Set, glanzverleihendes und sch\u00fctzendes After-Sun-Dusch-Shampoo. Reinigt sanft K\u00f6rper und Haare, die durch \u00e4u\u00dfere Einfl\u00fcsse, wie UV-Strahlen, Salz und Chlor belastet sind.","og_url":"https:\/\/seipuntozero-haircare.it\/de\/product\/take-over-sun-set-after-sun-shampoo-duschgel-2\/","og_site_name":"6.Zero","article_modified_time":"2026-04-24T09:36:46+00:00","og_image":[{"width":800,"height":800,"url":"https:\/\/seipuntozero-haircare.it\/wp-content\/uploads\/2026\/04\/sei-punto-zero-take-over-sun-deluxe-shampoo-100ml.png","type":"image\/png"}],"twitter_card":"summary_large_image","twitter_misc":{"Gesch\u00e4tzte Lesezeit":"1\u00a0Minute"},"schema":{"@context":"https:\/\/schema.org","@graph":[{"@type":"WebPage","@id":"https:\/\/seipuntozero-haircare.it\/de\/product\/take-over-sun-set-after-sun-shampoo-duschgel-2\/","url":"https:\/\/seipuntozero-haircare.it\/de\/product\/take-over-sun-set-after-sun-shampoo-duschgel-2\/","name":"Glanzverleihendes, sch\u00fctzendes after-sun-dusch-shampoo","isPartOf":{"@id":"https:\/\/seipuntozero-haircare.it\/de\/#website"},"primaryImageOfPage":{"@id":"https:\/\/seipuntozero-haircare.it\/de\/product\/take-over-sun-set-after-sun-shampoo-duschgel-2\/#primaryimage"},"image":{"@id":"https:\/\/seipuntozero-haircare.it\/de\/product\/take-over-sun-set-after-sun-shampoo-duschgel-2\/#primaryimage"},"thumbnailUrl":"https:\/\/seipuntozero-haircare.it\/wp-content\/uploads\/2026\/04\/sei-punto-zero-take-over-sun-deluxe-shampoo-100ml.png","datePublished":"2026-04-24T09:34:13+00:00","dateModified":"2026-04-24T09:36:46+00:00","description":"Take Over Sun Set, glanzverleihendes und sch\u00fctzendes After-Sun-Dusch-Shampoo. Reinigt sanft K\u00f6rper und Haare, die durch \u00e4u\u00dfere Einfl\u00fcsse, wie UV-Strahlen, Salz und Chlor belastet sind.","breadcrumb":{"@id":"https:\/\/seipuntozero-haircare.it\/de\/product\/take-over-sun-set-after-sun-shampoo-duschgel-2\/#breadcrumb"},"inLanguage":"de","potentialAction":[{"@type":"ReadAction","target":["https:\/\/seipuntozero-haircare.it\/de\/product\/take-over-sun-set-after-sun-shampoo-duschgel-2\/"]}]},{"@type":"ImageObject","inLanguage":"de","@id":"https:\/\/seipuntozero-haircare.it\/de\/product\/take-over-sun-set-after-sun-shampoo-duschgel-2\/#primaryimage","url":"https:\/\/seipuntozero-haircare.it\/wp-content\/uploads\/2026\/04\/sei-punto-zero-take-over-sun-deluxe-shampoo-100ml.png","contentUrl":"https:\/\/seipuntozero-haircare.it\/wp-content\/uploads\/2026\/04\/sei-punto-zero-take-over-sun-deluxe-shampoo-100ml.png","width":800,"height":800},{"@type":"BreadcrumbList","@id":"https:\/\/seipuntozero-haircare.it\/de\/product\/take-over-sun-set-after-sun-shampoo-duschgel-2\/#breadcrumb","itemListElement":[{"@type":"ListItem","position":1,"name":"Home","item":"https:\/\/seipuntozero-haircare.it\/de\/"},{"@type":"ListItem","position":2,"name":"Products","item":"https:\/\/seipuntozero-haircare.it\/de\/shop\/"},{"@type":"ListItem","position":3,"name":"TAKE OVER \u2013 SUN SET After-Sun Shampoo-Duschgel"}]},{"@type":"WebSite","@id":"https:\/\/seipuntozero-haircare.it\/de\/#website","url":"https:\/\/seipuntozero-haircare.it\/de\/","name":"6.Zero","description":"Essential Touch","potentialAction":[{"@type":"SearchAction","target":{"@type":"EntryPoint","urlTemplate":"https:\/\/seipuntozero-haircare.it\/de\/?s={search_term_string}"},"query-input":{"@type":"PropertyValueSpecification","valueRequired":true,"valueName":"search_term_string"}}],"inLanguage":"de"}]}},"_links":{"self":[{"href":"https:\/\/seipuntozero-haircare.it\/de\/wp-json\/wp\/v2\/product\/24496","targetHints":{"allow":["GET"]}}],"collection":[{"href":"https:\/\/seipuntozero-haircare.it\/de\/wp-json\/wp\/v2\/product"}],"about":[{"href":"https:\/\/seipuntozero-haircare.it\/de\/wp-json\/wp\/v2\/types\/product"}],"wp:featuredmedia":[{"embeddable":true,"href":"https:\/\/seipuntozero-haircare.it\/de\/wp-json\/wp\/v2\/media\/24469"}],"wp:attachment":[{"href":"https:\/\/seipuntozero-haircare.it\/de\/wp-json\/wp\/v2\/media?parent=24496"}],"wp:term":[{"taxonomy":"product_brand","embeddable":true,"href":"https:\/\/seipuntozero-haircare.it\/de\/wp-json\/wp\/v2\/product_brand?post=24496"},{"taxonomy":"product_cat","embeddable":true,"href":"https:\/\/seipuntozero-haircare.it\/de\/wp-json\/wp\/v2\/product_cat?post=24496"},{"taxonomy":"product_tag","embeddable":true,"href":"https:\/\/seipuntozero-haircare.it\/de\/wp-json\/wp\/v2\/product_tag?post=24496"}],"curies":[{"name":"wp","href":"https:\/\/api.w.org\/{rel}","templated":true}]}}