{"id":24217,"date":"2025-09-23T08:56:10","date_gmt":"2025-09-23T06:56:10","guid":{"rendered":"https:\/\/seipuntozero-haircare.it\/?post_type=product&#038;p=24217"},"modified":"2025-09-23T09:26:32","modified_gmt":"2025-09-23T07:26:32","slug":"take-over-active-power-spray-tonikum-zur-vorbeugung-von-haarausfall","status":"publish","type":"product","link":"https:\/\/seipuntozero-haircare.it\/de\/product\/take-over-active-power-spray-tonikum-zur-vorbeugung-von-haarausfall\/","title":{"rendered":"TAKE OVER \u2013 ACTIVE POWER <br> Spray-Tonikum zur Vorbeugung von Haarausfall"},"content":{"rendered":"","protected":false},"excerpt":{"rendered":"<p><span style=\"font-weight: 400;\">Das <strong>Active Power Anti-Haarausfall-Spray-Tonikum<\/strong> ist ein t\u00e4gliches Ritual, das dem Haar neue Vitalit\u00e4t und Kraft verleiht. Seine fortschrittliche Formel wirkt direkt auf die Kopfhaut, reaktiviert die Mikrozirkulation und verbessert die Sauerstoffversorgung der Follikel. Ein unverzichtbarer Verb\u00fcndeter, um Haarausfall zu bek\u00e4mpfen und eine sichtbar dichtere und widerstandsf\u00e4higere Haarpracht zur\u00fcckzugewinnen.<\/span><span style=\"font-weight: 400;\"><br \/>\n<\/span><span style=\"font-weight: 400;\"> Wirksamkeit und Vertr\u00e4glichkeit klinisch getestet.<\/span><\/p>\n<p><span style=\"font-weight: 400;\">100 ml<\/span><\/p>\n","protected":false},"featured_media":24225,"template":"","meta":[],"product_brand":[],"product_cat":[933],"product_tag":[],"class_list":["post-24217","product","type-product","status-publish","has-post-thumbnail","hentry","product_cat-take-over-active-power-de"],"yoast_head":"<!-- This site is optimized with the Yoast SEO plugin v27.1.1 - https:\/\/yoast.com\/product\/yoast-seo-wordpress\/ -->\n<title>TAKE OVER \u2013 ACTIVE POWER - Spray-Tonikum zur Vorbeugung von Haarausfall<\/title>\n<meta name=\"description\" content=\"Das Active Power Anti-Haarausfall-Spray-Tonikum ist ein t\u00e4gliches Ritual, das dem Haar neue Vitalit\u00e4t und Kraft verleiht.\" \/>\n<meta name=\"robots\" content=\"index, follow, max-snippet:-1, max-image-preview:large, max-video-preview:-1\" \/>\n<link rel=\"canonical\" href=\"https:\/\/seipuntozero-haircare.it\/de\/product\/take-over-active-power-spray-tonikum-zur-vorbeugung-von-haarausfall\/\" \/>\n<meta property=\"og:locale\" content=\"de_DE\" \/>\n<meta property=\"og:type\" content=\"article\" \/>\n<meta property=\"og:title\" content=\"TAKE OVER \u2013 ACTIVE POWER - Spray-Tonikum zur Vorbeugung von Haarausfall\" \/>\n<meta property=\"og:description\" content=\"Das Active Power Anti-Haarausfall-Spray-Tonikum ist ein t\u00e4gliches Ritual, das dem Haar neue Vitalit\u00e4t und Kraft verleiht.\" \/>\n<meta property=\"og:url\" content=\"https:\/\/seipuntozero-haircare.it\/de\/product\/take-over-active-power-spray-tonikum-zur-vorbeugung-von-haarausfall\/\" \/>\n<meta property=\"og:site_name\" content=\"6.Zero\" \/>\n<meta property=\"article:modified_time\" content=\"2025-09-23T07:26:32+00:00\" \/>\n<meta property=\"og:image\" content=\"https:\/\/seipuntozero-haircare.it\/wp-content\/uploads\/2025\/09\/sei_punto_zero_active_power_tonic_100ml.png\" \/>\n\t<meta property=\"og:image:width\" content=\"800\" \/>\n\t<meta property=\"og:image:height\" content=\"800\" \/>\n\t<meta property=\"og:image:type\" content=\"image\/png\" \/>\n<meta name=\"twitter:card\" content=\"summary_large_image\" \/>\n<meta name=\"twitter:label1\" content=\"Gesch\u00e4tzte Lesezeit\" \/>\n\t<meta name=\"twitter:data1\" content=\"1\u00a0Minute\" \/>\n<script type=\"application\/ld+json\" class=\"yoast-schema-graph\">{\"@context\":\"https:\/\/schema.org\",\"@graph\":[{\"@type\":\"WebPage\",\"@id\":\"https:\/\/seipuntozero-haircare.it\/de\/product\/take-over-active-power-spray-tonikum-zur-vorbeugung-von-haarausfall\/\",\"url\":\"https:\/\/seipuntozero-haircare.it\/de\/product\/take-over-active-power-spray-tonikum-zur-vorbeugung-von-haarausfall\/\",\"name\":\"TAKE OVER \u2013 ACTIVE POWER - Spray-Tonikum zur Vorbeugung von Haarausfall\",\"isPartOf\":{\"@id\":\"https:\/\/seipuntozero-haircare.it\/de\/#website\"},\"primaryImageOfPage\":{\"@id\":\"https:\/\/seipuntozero-haircare.it\/de\/product\/take-over-active-power-spray-tonikum-zur-vorbeugung-von-haarausfall\/#primaryimage\"},\"image\":{\"@id\":\"https:\/\/seipuntozero-haircare.it\/de\/product\/take-over-active-power-spray-tonikum-zur-vorbeugung-von-haarausfall\/#primaryimage\"},\"thumbnailUrl\":\"https:\/\/seipuntozero-haircare.it\/wp-content\/uploads\/2025\/09\/sei_punto_zero_active_power_tonic_100ml.png\",\"datePublished\":\"2025-09-23T06:56:10+00:00\",\"dateModified\":\"2025-09-23T07:26:32+00:00\",\"description\":\"Das Active Power Anti-Haarausfall-Spray-Tonikum ist ein t\u00e4gliches Ritual, das dem Haar neue Vitalit\u00e4t und Kraft verleiht.\",\"breadcrumb\":{\"@id\":\"https:\/\/seipuntozero-haircare.it\/de\/product\/take-over-active-power-spray-tonikum-zur-vorbeugung-von-haarausfall\/#breadcrumb\"},\"inLanguage\":\"de\",\"potentialAction\":[{\"@type\":\"ReadAction\",\"target\":[\"https:\/\/seipuntozero-haircare.it\/de\/product\/take-over-active-power-spray-tonikum-zur-vorbeugung-von-haarausfall\/\"]}]},{\"@type\":\"ImageObject\",\"inLanguage\":\"de\",\"@id\":\"https:\/\/seipuntozero-haircare.it\/de\/product\/take-over-active-power-spray-tonikum-zur-vorbeugung-von-haarausfall\/#primaryimage\",\"url\":\"https:\/\/seipuntozero-haircare.it\/wp-content\/uploads\/2025\/09\/sei_punto_zero_active_power_tonic_100ml.png\",\"contentUrl\":\"https:\/\/seipuntozero-haircare.it\/wp-content\/uploads\/2025\/09\/sei_punto_zero_active_power_tonic_100ml.png\",\"width\":800,\"height\":800},{\"@type\":\"BreadcrumbList\",\"@id\":\"https:\/\/seipuntozero-haircare.it\/de\/product\/take-over-active-power-spray-tonikum-zur-vorbeugung-von-haarausfall\/#breadcrumb\",\"itemListElement\":[{\"@type\":\"ListItem\",\"position\":1,\"name\":\"Home\",\"item\":\"https:\/\/seipuntozero-haircare.it\/de\/\"},{\"@type\":\"ListItem\",\"position\":2,\"name\":\"Products\",\"item\":\"https:\/\/seipuntozero-haircare.it\/de\/shop\/\"},{\"@type\":\"ListItem\",\"position\":3,\"name\":\"TAKE OVER \u2013 ACTIVE POWER Spray-Tonikum zur Vorbeugung von Haarausfall\"}]},{\"@type\":\"WebSite\",\"@id\":\"https:\/\/seipuntozero-haircare.it\/de\/#website\",\"url\":\"https:\/\/seipuntozero-haircare.it\/de\/\",\"name\":\"6.Zero\",\"description\":\"Essential Touch\",\"potentialAction\":[{\"@type\":\"SearchAction\",\"target\":{\"@type\":\"EntryPoint\",\"urlTemplate\":\"https:\/\/seipuntozero-haircare.it\/de\/?s={search_term_string}\"},\"query-input\":{\"@type\":\"PropertyValueSpecification\",\"valueRequired\":true,\"valueName\":\"search_term_string\"}}],\"inLanguage\":\"de\"}]}<\/script>\n<!-- \/ Yoast SEO plugin. -->","yoast_head_json":{"title":"TAKE OVER \u2013 ACTIVE POWER - Spray-Tonikum zur Vorbeugung von Haarausfall","description":"Das Active Power Anti-Haarausfall-Spray-Tonikum ist ein t\u00e4gliches Ritual, das dem Haar neue Vitalit\u00e4t und Kraft verleiht.","robots":{"index":"index","follow":"follow","max-snippet":"max-snippet:-1","max-image-preview":"max-image-preview:large","max-video-preview":"max-video-preview:-1"},"canonical":"https:\/\/seipuntozero-haircare.it\/de\/product\/take-over-active-power-spray-tonikum-zur-vorbeugung-von-haarausfall\/","og_locale":"de_DE","og_type":"article","og_title":"TAKE OVER \u2013 ACTIVE POWER - Spray-Tonikum zur Vorbeugung von Haarausfall","og_description":"Das Active Power Anti-Haarausfall-Spray-Tonikum ist ein t\u00e4gliches Ritual, das dem Haar neue Vitalit\u00e4t und Kraft verleiht.","og_url":"https:\/\/seipuntozero-haircare.it\/de\/product\/take-over-active-power-spray-tonikum-zur-vorbeugung-von-haarausfall\/","og_site_name":"6.Zero","article_modified_time":"2025-09-23T07:26:32+00:00","og_image":[{"width":800,"height":800,"url":"https:\/\/seipuntozero-haircare.it\/wp-content\/uploads\/2025\/09\/sei_punto_zero_active_power_tonic_100ml.png","type":"image\/png"}],"twitter_card":"summary_large_image","twitter_misc":{"Gesch\u00e4tzte Lesezeit":"1\u00a0Minute"},"schema":{"@context":"https:\/\/schema.org","@graph":[{"@type":"WebPage","@id":"https:\/\/seipuntozero-haircare.it\/de\/product\/take-over-active-power-spray-tonikum-zur-vorbeugung-von-haarausfall\/","url":"https:\/\/seipuntozero-haircare.it\/de\/product\/take-over-active-power-spray-tonikum-zur-vorbeugung-von-haarausfall\/","name":"TAKE OVER \u2013 ACTIVE POWER - Spray-Tonikum zur Vorbeugung von Haarausfall","isPartOf":{"@id":"https:\/\/seipuntozero-haircare.it\/de\/#website"},"primaryImageOfPage":{"@id":"https:\/\/seipuntozero-haircare.it\/de\/product\/take-over-active-power-spray-tonikum-zur-vorbeugung-von-haarausfall\/#primaryimage"},"image":{"@id":"https:\/\/seipuntozero-haircare.it\/de\/product\/take-over-active-power-spray-tonikum-zur-vorbeugung-von-haarausfall\/#primaryimage"},"thumbnailUrl":"https:\/\/seipuntozero-haircare.it\/wp-content\/uploads\/2025\/09\/sei_punto_zero_active_power_tonic_100ml.png","datePublished":"2025-09-23T06:56:10+00:00","dateModified":"2025-09-23T07:26:32+00:00","description":"Das Active Power Anti-Haarausfall-Spray-Tonikum ist ein t\u00e4gliches Ritual, das dem Haar neue Vitalit\u00e4t und Kraft verleiht.","breadcrumb":{"@id":"https:\/\/seipuntozero-haircare.it\/de\/product\/take-over-active-power-spray-tonikum-zur-vorbeugung-von-haarausfall\/#breadcrumb"},"inLanguage":"de","potentialAction":[{"@type":"ReadAction","target":["https:\/\/seipuntozero-haircare.it\/de\/product\/take-over-active-power-spray-tonikum-zur-vorbeugung-von-haarausfall\/"]}]},{"@type":"ImageObject","inLanguage":"de","@id":"https:\/\/seipuntozero-haircare.it\/de\/product\/take-over-active-power-spray-tonikum-zur-vorbeugung-von-haarausfall\/#primaryimage","url":"https:\/\/seipuntozero-haircare.it\/wp-content\/uploads\/2025\/09\/sei_punto_zero_active_power_tonic_100ml.png","contentUrl":"https:\/\/seipuntozero-haircare.it\/wp-content\/uploads\/2025\/09\/sei_punto_zero_active_power_tonic_100ml.png","width":800,"height":800},{"@type":"BreadcrumbList","@id":"https:\/\/seipuntozero-haircare.it\/de\/product\/take-over-active-power-spray-tonikum-zur-vorbeugung-von-haarausfall\/#breadcrumb","itemListElement":[{"@type":"ListItem","position":1,"name":"Home","item":"https:\/\/seipuntozero-haircare.it\/de\/"},{"@type":"ListItem","position":2,"name":"Products","item":"https:\/\/seipuntozero-haircare.it\/de\/shop\/"},{"@type":"ListItem","position":3,"name":"TAKE OVER \u2013 ACTIVE POWER Spray-Tonikum zur Vorbeugung von Haarausfall"}]},{"@type":"WebSite","@id":"https:\/\/seipuntozero-haircare.it\/de\/#website","url":"https:\/\/seipuntozero-haircare.it\/de\/","name":"6.Zero","description":"Essential Touch","potentialAction":[{"@type":"SearchAction","target":{"@type":"EntryPoint","urlTemplate":"https:\/\/seipuntozero-haircare.it\/de\/?s={search_term_string}"},"query-input":{"@type":"PropertyValueSpecification","valueRequired":true,"valueName":"search_term_string"}}],"inLanguage":"de"}]}},"_links":{"self":[{"href":"https:\/\/seipuntozero-haircare.it\/de\/wp-json\/wp\/v2\/product\/24217","targetHints":{"allow":["GET"]}}],"collection":[{"href":"https:\/\/seipuntozero-haircare.it\/de\/wp-json\/wp\/v2\/product"}],"about":[{"href":"https:\/\/seipuntozero-haircare.it\/de\/wp-json\/wp\/v2\/types\/product"}],"wp:featuredmedia":[{"embeddable":true,"href":"https:\/\/seipuntozero-haircare.it\/de\/wp-json\/wp\/v2\/media\/24225"}],"wp:attachment":[{"href":"https:\/\/seipuntozero-haircare.it\/de\/wp-json\/wp\/v2\/media?parent=24217"}],"wp:term":[{"taxonomy":"product_brand","embeddable":true,"href":"https:\/\/seipuntozero-haircare.it\/de\/wp-json\/wp\/v2\/product_brand?post=24217"},{"taxonomy":"product_cat","embeddable":true,"href":"https:\/\/seipuntozero-haircare.it\/de\/wp-json\/wp\/v2\/product_cat?post=24217"},{"taxonomy":"product_tag","embeddable":true,"href":"https:\/\/seipuntozero-haircare.it\/de\/wp-json\/wp\/v2\/product_tag?post=24217"}],"curies":[{"name":"wp","href":"https:\/\/api.w.org\/{rel}","templated":true}]}}