{"id":24099,"date":"2024-12-05T08:49:43","date_gmt":"2024-12-05T07:49:43","guid":{"rendered":"https:\/\/seipuntozero-haircare.it\/?post_type=product&#038;p=24099"},"modified":"2025-01-21T10:10:55","modified_gmt":"2025-01-21T09:10:55","slug":"bleichcreme-violett","status":"publish","type":"product","link":"https:\/\/seipuntozero-haircare.it\/de\/product\/bleichcreme-violett\/","title":{"rendered":"Bleichcreme Violett"},"content":{"rendered":"<ul>\n<li>Progressive Aufhellung bis zu <strong>7 Stufen<\/strong><\/li>\n<li>Anwendung <strong>ohne zu Verschmieren<\/strong><\/li>\n<li>Neutralisierende violette<strong> Pigmente<\/strong><\/li>\n<\/ul>\n","protected":false},"excerpt":{"rendered":"<p><strong>Violette Bleichcreme<\/strong>. Dank ihrer innovativen Formel ist sie ideal f\u00fcr alle Bleichtechniken und bietet eine progressive Aufhellung bis zu<strong> 7 Stufen<\/strong>. Ihre professionelle Formel wurde entwickelt, um eine pr\u00e4zise und gleichm\u00e4\u00dfige <strong>Aufhellung<\/strong> zu garantieren, auch auf der <strong>Haut<\/strong>.<\/p>\n<p>Dank ihrer <strong>cremigen<\/strong> Textur verfliegt sie nicht in der Luft und haftet perfekt auf den Locken, ohne zu verschmieren.<\/p>\n<p>Professionelle Anwendung<\/p>\n<p>250 g<\/p>\n","protected":false},"featured_media":24122,"template":"","meta":[],"product_brand":[],"product_cat":[939],"product_tag":[],"class_list":["post-24099","product","type-product","status-publish","has-post-thumbnail","hentry","product_cat-entfarbung"],"yoast_head":"<!-- This site is optimized with the Yoast SEO plugin v27.1.1 - https:\/\/yoast.com\/product\/yoast-seo-wordpress\/ -->\n<title>Bleichcreme Violett | 6.Zero<\/title>\n<meta name=\"description\" content=\"Dank ihrer innovativen Formel ist sie ideal f\u00fcr alle Bleichtechniken und bietet eine progressive Aufhellung bis zu 7 Stufen.\" \/>\n<meta name=\"robots\" content=\"index, follow, max-snippet:-1, max-image-preview:large, max-video-preview:-1\" \/>\n<link rel=\"canonical\" href=\"https:\/\/seipuntozero-haircare.it\/de\/product\/bleichcreme-violett\/\" \/>\n<meta property=\"og:locale\" content=\"de_DE\" \/>\n<meta property=\"og:type\" content=\"article\" \/>\n<meta property=\"og:title\" content=\"Bleichcreme Violett | 6.Zero\" \/>\n<meta property=\"og:description\" content=\"Dank ihrer innovativen Formel ist sie ideal f\u00fcr alle Bleichtechniken und bietet eine progressive Aufhellung bis zu 7 Stufen.\" \/>\n<meta property=\"og:url\" content=\"https:\/\/seipuntozero-haircare.it\/de\/product\/bleichcreme-violett\/\" \/>\n<meta property=\"og:site_name\" content=\"6.Zero\" \/>\n<meta property=\"article:modified_time\" content=\"2025-01-21T09:10:55+00:00\" \/>\n<meta property=\"og:image\" content=\"https:\/\/seipuntozero-haircare.it\/wp-content\/uploads\/2024\/12\/263035_sei_punto_zero_violet_bleaching_cream_250ml.png\" \/>\n\t<meta property=\"og:image:width\" content=\"600\" \/>\n\t<meta property=\"og:image:height\" content=\"600\" \/>\n\t<meta property=\"og:image:type\" content=\"image\/png\" \/>\n<meta name=\"twitter:card\" content=\"summary_large_image\" \/>\n<meta name=\"twitter:label1\" content=\"Gesch\u00e4tzte Lesezeit\" \/>\n\t<meta name=\"twitter:data1\" content=\"1\u00a0Minute\" \/>\n<script type=\"application\/ld+json\" class=\"yoast-schema-graph\">{\"@context\":\"https:\/\/schema.org\",\"@graph\":[{\"@type\":\"WebPage\",\"@id\":\"https:\/\/seipuntozero-haircare.it\/de\/product\/bleichcreme-violett\/\",\"url\":\"https:\/\/seipuntozero-haircare.it\/de\/product\/bleichcreme-violett\/\",\"name\":\"Bleichcreme Violett | 6.Zero\",\"isPartOf\":{\"@id\":\"https:\/\/seipuntozero-haircare.it\/de\/#website\"},\"primaryImageOfPage\":{\"@id\":\"https:\/\/seipuntozero-haircare.it\/de\/product\/bleichcreme-violett\/#primaryimage\"},\"image\":{\"@id\":\"https:\/\/seipuntozero-haircare.it\/de\/product\/bleichcreme-violett\/#primaryimage\"},\"thumbnailUrl\":\"https:\/\/seipuntozero-haircare.it\/wp-content\/uploads\/2024\/12\/263035_sei_punto_zero_violet_bleaching_cream_250ml.png\",\"datePublished\":\"2024-12-05T07:49:43+00:00\",\"dateModified\":\"2025-01-21T09:10:55+00:00\",\"description\":\"Dank ihrer innovativen Formel ist sie ideal f\u00fcr alle Bleichtechniken und bietet eine progressive Aufhellung bis zu 7 Stufen.\",\"breadcrumb\":{\"@id\":\"https:\/\/seipuntozero-haircare.it\/de\/product\/bleichcreme-violett\/#breadcrumb\"},\"inLanguage\":\"de\",\"potentialAction\":[{\"@type\":\"ReadAction\",\"target\":[\"https:\/\/seipuntozero-haircare.it\/de\/product\/bleichcreme-violett\/\"]}]},{\"@type\":\"ImageObject\",\"inLanguage\":\"de\",\"@id\":\"https:\/\/seipuntozero-haircare.it\/de\/product\/bleichcreme-violett\/#primaryimage\",\"url\":\"https:\/\/seipuntozero-haircare.it\/wp-content\/uploads\/2024\/12\/263035_sei_punto_zero_violet_bleaching_cream_250ml.png\",\"contentUrl\":\"https:\/\/seipuntozero-haircare.it\/wp-content\/uploads\/2024\/12\/263035_sei_punto_zero_violet_bleaching_cream_250ml.png\",\"width\":600,\"height\":600},{\"@type\":\"BreadcrumbList\",\"@id\":\"https:\/\/seipuntozero-haircare.it\/de\/product\/bleichcreme-violett\/#breadcrumb\",\"itemListElement\":[{\"@type\":\"ListItem\",\"position\":1,\"name\":\"Home\",\"item\":\"https:\/\/seipuntozero-haircare.it\/de\/\"},{\"@type\":\"ListItem\",\"position\":2,\"name\":\"Products\",\"item\":\"https:\/\/seipuntozero-haircare.it\/de\/shop\/\"},{\"@type\":\"ListItem\",\"position\":3,\"name\":\"Bleichcreme Violett\"}]},{\"@type\":\"WebSite\",\"@id\":\"https:\/\/seipuntozero-haircare.it\/de\/#website\",\"url\":\"https:\/\/seipuntozero-haircare.it\/de\/\",\"name\":\"6.Zero\",\"description\":\"Essential Touch\",\"potentialAction\":[{\"@type\":\"SearchAction\",\"target\":{\"@type\":\"EntryPoint\",\"urlTemplate\":\"https:\/\/seipuntozero-haircare.it\/de\/?s={search_term_string}\"},\"query-input\":{\"@type\":\"PropertyValueSpecification\",\"valueRequired\":true,\"valueName\":\"search_term_string\"}}],\"inLanguage\":\"de\"}]}<\/script>\n<!-- \/ Yoast SEO plugin. -->","yoast_head_json":{"title":"Bleichcreme Violett | 6.Zero","description":"Dank ihrer innovativen Formel ist sie ideal f\u00fcr alle Bleichtechniken und bietet eine progressive Aufhellung bis zu 7 Stufen.","robots":{"index":"index","follow":"follow","max-snippet":"max-snippet:-1","max-image-preview":"max-image-preview:large","max-video-preview":"max-video-preview:-1"},"canonical":"https:\/\/seipuntozero-haircare.it\/de\/product\/bleichcreme-violett\/","og_locale":"de_DE","og_type":"article","og_title":"Bleichcreme Violett | 6.Zero","og_description":"Dank ihrer innovativen Formel ist sie ideal f\u00fcr alle Bleichtechniken und bietet eine progressive Aufhellung bis zu 7 Stufen.","og_url":"https:\/\/seipuntozero-haircare.it\/de\/product\/bleichcreme-violett\/","og_site_name":"6.Zero","article_modified_time":"2025-01-21T09:10:55+00:00","og_image":[{"width":600,"height":600,"url":"https:\/\/seipuntozero-haircare.it\/wp-content\/uploads\/2024\/12\/263035_sei_punto_zero_violet_bleaching_cream_250ml.png","type":"image\/png"}],"twitter_card":"summary_large_image","twitter_misc":{"Gesch\u00e4tzte Lesezeit":"1\u00a0Minute"},"schema":{"@context":"https:\/\/schema.org","@graph":[{"@type":"WebPage","@id":"https:\/\/seipuntozero-haircare.it\/de\/product\/bleichcreme-violett\/","url":"https:\/\/seipuntozero-haircare.it\/de\/product\/bleichcreme-violett\/","name":"Bleichcreme Violett | 6.Zero","isPartOf":{"@id":"https:\/\/seipuntozero-haircare.it\/de\/#website"},"primaryImageOfPage":{"@id":"https:\/\/seipuntozero-haircare.it\/de\/product\/bleichcreme-violett\/#primaryimage"},"image":{"@id":"https:\/\/seipuntozero-haircare.it\/de\/product\/bleichcreme-violett\/#primaryimage"},"thumbnailUrl":"https:\/\/seipuntozero-haircare.it\/wp-content\/uploads\/2024\/12\/263035_sei_punto_zero_violet_bleaching_cream_250ml.png","datePublished":"2024-12-05T07:49:43+00:00","dateModified":"2025-01-21T09:10:55+00:00","description":"Dank ihrer innovativen Formel ist sie ideal f\u00fcr alle Bleichtechniken und bietet eine progressive Aufhellung bis zu 7 Stufen.","breadcrumb":{"@id":"https:\/\/seipuntozero-haircare.it\/de\/product\/bleichcreme-violett\/#breadcrumb"},"inLanguage":"de","potentialAction":[{"@type":"ReadAction","target":["https:\/\/seipuntozero-haircare.it\/de\/product\/bleichcreme-violett\/"]}]},{"@type":"ImageObject","inLanguage":"de","@id":"https:\/\/seipuntozero-haircare.it\/de\/product\/bleichcreme-violett\/#primaryimage","url":"https:\/\/seipuntozero-haircare.it\/wp-content\/uploads\/2024\/12\/263035_sei_punto_zero_violet_bleaching_cream_250ml.png","contentUrl":"https:\/\/seipuntozero-haircare.it\/wp-content\/uploads\/2024\/12\/263035_sei_punto_zero_violet_bleaching_cream_250ml.png","width":600,"height":600},{"@type":"BreadcrumbList","@id":"https:\/\/seipuntozero-haircare.it\/de\/product\/bleichcreme-violett\/#breadcrumb","itemListElement":[{"@type":"ListItem","position":1,"name":"Home","item":"https:\/\/seipuntozero-haircare.it\/de\/"},{"@type":"ListItem","position":2,"name":"Products","item":"https:\/\/seipuntozero-haircare.it\/de\/shop\/"},{"@type":"ListItem","position":3,"name":"Bleichcreme Violett"}]},{"@type":"WebSite","@id":"https:\/\/seipuntozero-haircare.it\/de\/#website","url":"https:\/\/seipuntozero-haircare.it\/de\/","name":"6.Zero","description":"Essential Touch","potentialAction":[{"@type":"SearchAction","target":{"@type":"EntryPoint","urlTemplate":"https:\/\/seipuntozero-haircare.it\/de\/?s={search_term_string}"},"query-input":{"@type":"PropertyValueSpecification","valueRequired":true,"valueName":"search_term_string"}}],"inLanguage":"de"}]}},"_links":{"self":[{"href":"https:\/\/seipuntozero-haircare.it\/de\/wp-json\/wp\/v2\/product\/24099","targetHints":{"allow":["GET"]}}],"collection":[{"href":"https:\/\/seipuntozero-haircare.it\/de\/wp-json\/wp\/v2\/product"}],"about":[{"href":"https:\/\/seipuntozero-haircare.it\/de\/wp-json\/wp\/v2\/types\/product"}],"wp:featuredmedia":[{"embeddable":true,"href":"https:\/\/seipuntozero-haircare.it\/de\/wp-json\/wp\/v2\/media\/24122"}],"wp:attachment":[{"href":"https:\/\/seipuntozero-haircare.it\/de\/wp-json\/wp\/v2\/media?parent=24099"}],"wp:term":[{"taxonomy":"product_brand","embeddable":true,"href":"https:\/\/seipuntozero-haircare.it\/de\/wp-json\/wp\/v2\/product_brand?post=24099"},{"taxonomy":"product_cat","embeddable":true,"href":"https:\/\/seipuntozero-haircare.it\/de\/wp-json\/wp\/v2\/product_cat?post=24099"},{"taxonomy":"product_tag","embeddable":true,"href":"https:\/\/seipuntozero-haircare.it\/de\/wp-json\/wp\/v2\/product_tag?post=24099"}],"curies":[{"name":"wp","href":"https:\/\/api.w.org\/{rel}","templated":true}]}}