{"id":24019,"date":"2024-07-04T17:05:19","date_gmt":"2024-07-04T15:05:19","guid":{"rendered":"https:\/\/seipuntozero-haircare.it\/?post_type=product&#038;p=24019"},"modified":"2024-07-05T09:00:02","modified_gmt":"2024-07-05T07:00:02","slug":"bleichpuder-violett","status":"publish","type":"product","link":"https:\/\/seipuntozero-haircare.it\/de\/product\/bleichpuder-violett\/","title":{"rendered":"Bleichpuder Violett"},"content":{"rendered":"<ul>\n<li>Progressive Aufhellung um bis zu <strong>10 Stufen<\/strong>.<\/li>\n<li>Einfach zu <strong>mischen<\/strong>.<\/li>\n<li>Violette Pigmente f\u00fcr einen <strong>Anti-Gelb-Effekt<\/strong>.<\/li>\n<\/ul>\n","protected":false},"excerpt":{"rendered":"<p><strong>Parf\u00fcmiertes Bleichpulver Violett<\/strong>. Dank seiner fortschrittlichen Formel bietet es eine progressive Aufhellung um bis zu <strong>10 Stufen <\/strong>f\u00fcr ein <strong>gleichm\u00e4\u00dfiges und professionelles <\/strong>Ergebnis. Professionelles Produkt, ideal f\u00fcr die Durchf\u00fchrung verschiedener <strong>Arbeitstechniken<\/strong> wie Shadowing, Str\u00e4hnchen, Balayage oder Total Bleaching.<\/p>\n<p>Die Extrakte von <strong>Biotin<\/strong> und <strong>Macadamia<\/strong> in der Formel helfen <strong>dem Haar Feuchtigkeit zu spenden<\/strong> und verleihen ihm ein gl\u00e4nzendes, weiches Finish.<\/p>\n<p>Professionelle Anwendung<\/p>\n<p>500 g<\/p>\n","protected":false},"featured_media":24013,"template":"","meta":[],"product_brand":[],"product_cat":[939],"product_tag":[],"class_list":["post-24019","product","type-product","status-publish","has-post-thumbnail","hentry","product_cat-entfarbung"],"yoast_head":"<!-- This site is optimized with the Yoast SEO plugin v27.1.1 - https:\/\/yoast.com\/product\/yoast-seo-wordpress\/ -->\n<title>Bleichpuder Violett | 6.Zero<\/title>\n<meta name=\"description\" content=\"Parf\u00fcmiertes Bleichpulver Violett. Dank seiner fortschrittlichen Formel bietet es eine progressive Aufhellung um bis zu 10 Stufen\" \/>\n<meta name=\"robots\" content=\"index, follow, max-snippet:-1, max-image-preview:large, max-video-preview:-1\" \/>\n<link rel=\"canonical\" href=\"https:\/\/seipuntozero-haircare.it\/de\/product\/bleichpuder-violett\/\" \/>\n<meta property=\"og:locale\" content=\"de_DE\" \/>\n<meta property=\"og:type\" content=\"article\" \/>\n<meta property=\"og:title\" content=\"Bleichpuder Violett | 6.Zero\" \/>\n<meta property=\"og:description\" content=\"Parf\u00fcmiertes Bleichpulver Violett. Dank seiner fortschrittlichen Formel bietet es eine progressive Aufhellung um bis zu 10 Stufen\" \/>\n<meta property=\"og:url\" content=\"https:\/\/seipuntozero-haircare.it\/de\/product\/bleichpuder-violett\/\" \/>\n<meta property=\"og:site_name\" content=\"6.Zero\" \/>\n<meta property=\"article:modified_time\" content=\"2024-07-05T07:00:02+00:00\" \/>\n<meta property=\"og:image\" content=\"https:\/\/seipuntozero-haircare.it\/wp-content\/uploads\/2024\/07\/263028_sei_punto_zero_violet_bleaching_powder_500gr.png\" \/>\n\t<meta property=\"og:image:width\" content=\"800\" \/>\n\t<meta property=\"og:image:height\" content=\"800\" \/>\n\t<meta property=\"og:image:type\" content=\"image\/png\" \/>\n<meta name=\"twitter:card\" content=\"summary_large_image\" \/>\n<meta name=\"twitter:label1\" content=\"Gesch\u00e4tzte Lesezeit\" \/>\n\t<meta name=\"twitter:data1\" content=\"1\u00a0Minute\" \/>\n<script type=\"application\/ld+json\" class=\"yoast-schema-graph\">{\"@context\":\"https:\/\/schema.org\",\"@graph\":[{\"@type\":\"WebPage\",\"@id\":\"https:\/\/seipuntozero-haircare.it\/de\/product\/bleichpuder-violett\/\",\"url\":\"https:\/\/seipuntozero-haircare.it\/de\/product\/bleichpuder-violett\/\",\"name\":\"Bleichpuder Violett | 6.Zero\",\"isPartOf\":{\"@id\":\"https:\/\/seipuntozero-haircare.it\/de\/#website\"},\"primaryImageOfPage\":{\"@id\":\"https:\/\/seipuntozero-haircare.it\/de\/product\/bleichpuder-violett\/#primaryimage\"},\"image\":{\"@id\":\"https:\/\/seipuntozero-haircare.it\/de\/product\/bleichpuder-violett\/#primaryimage\"},\"thumbnailUrl\":\"https:\/\/seipuntozero-haircare.it\/wp-content\/uploads\/2024\/07\/263028_sei_punto_zero_violet_bleaching_powder_500gr.png\",\"datePublished\":\"2024-07-04T15:05:19+00:00\",\"dateModified\":\"2024-07-05T07:00:02+00:00\",\"description\":\"Parf\u00fcmiertes Bleichpulver Violett. Dank seiner fortschrittlichen Formel bietet es eine progressive Aufhellung um bis zu 10 Stufen\",\"breadcrumb\":{\"@id\":\"https:\/\/seipuntozero-haircare.it\/de\/product\/bleichpuder-violett\/#breadcrumb\"},\"inLanguage\":\"de\",\"potentialAction\":[{\"@type\":\"ReadAction\",\"target\":[\"https:\/\/seipuntozero-haircare.it\/de\/product\/bleichpuder-violett\/\"]}]},{\"@type\":\"ImageObject\",\"inLanguage\":\"de\",\"@id\":\"https:\/\/seipuntozero-haircare.it\/de\/product\/bleichpuder-violett\/#primaryimage\",\"url\":\"https:\/\/seipuntozero-haircare.it\/wp-content\/uploads\/2024\/07\/263028_sei_punto_zero_violet_bleaching_powder_500gr.png\",\"contentUrl\":\"https:\/\/seipuntozero-haircare.it\/wp-content\/uploads\/2024\/07\/263028_sei_punto_zero_violet_bleaching_powder_500gr.png\",\"width\":800,\"height\":800},{\"@type\":\"BreadcrumbList\",\"@id\":\"https:\/\/seipuntozero-haircare.it\/de\/product\/bleichpuder-violett\/#breadcrumb\",\"itemListElement\":[{\"@type\":\"ListItem\",\"position\":1,\"name\":\"Home\",\"item\":\"https:\/\/seipuntozero-haircare.it\/de\/\"},{\"@type\":\"ListItem\",\"position\":2,\"name\":\"Products\",\"item\":\"https:\/\/seipuntozero-haircare.it\/de\/shop\/\"},{\"@type\":\"ListItem\",\"position\":3,\"name\":\"Bleichpuder Violett\"}]},{\"@type\":\"WebSite\",\"@id\":\"https:\/\/seipuntozero-haircare.it\/de\/#website\",\"url\":\"https:\/\/seipuntozero-haircare.it\/de\/\",\"name\":\"6.Zero\",\"description\":\"Essential Touch\",\"potentialAction\":[{\"@type\":\"SearchAction\",\"target\":{\"@type\":\"EntryPoint\",\"urlTemplate\":\"https:\/\/seipuntozero-haircare.it\/de\/?s={search_term_string}\"},\"query-input\":{\"@type\":\"PropertyValueSpecification\",\"valueRequired\":true,\"valueName\":\"search_term_string\"}}],\"inLanguage\":\"de\"}]}<\/script>\n<!-- \/ Yoast SEO plugin. -->","yoast_head_json":{"title":"Bleichpuder Violett | 6.Zero","description":"Parf\u00fcmiertes Bleichpulver Violett. Dank seiner fortschrittlichen Formel bietet es eine progressive Aufhellung um bis zu 10 Stufen","robots":{"index":"index","follow":"follow","max-snippet":"max-snippet:-1","max-image-preview":"max-image-preview:large","max-video-preview":"max-video-preview:-1"},"canonical":"https:\/\/seipuntozero-haircare.it\/de\/product\/bleichpuder-violett\/","og_locale":"de_DE","og_type":"article","og_title":"Bleichpuder Violett | 6.Zero","og_description":"Parf\u00fcmiertes Bleichpulver Violett. Dank seiner fortschrittlichen Formel bietet es eine progressive Aufhellung um bis zu 10 Stufen","og_url":"https:\/\/seipuntozero-haircare.it\/de\/product\/bleichpuder-violett\/","og_site_name":"6.Zero","article_modified_time":"2024-07-05T07:00:02+00:00","og_image":[{"width":800,"height":800,"url":"https:\/\/seipuntozero-haircare.it\/wp-content\/uploads\/2024\/07\/263028_sei_punto_zero_violet_bleaching_powder_500gr.png","type":"image\/png"}],"twitter_card":"summary_large_image","twitter_misc":{"Gesch\u00e4tzte Lesezeit":"1\u00a0Minute"},"schema":{"@context":"https:\/\/schema.org","@graph":[{"@type":"WebPage","@id":"https:\/\/seipuntozero-haircare.it\/de\/product\/bleichpuder-violett\/","url":"https:\/\/seipuntozero-haircare.it\/de\/product\/bleichpuder-violett\/","name":"Bleichpuder Violett | 6.Zero","isPartOf":{"@id":"https:\/\/seipuntozero-haircare.it\/de\/#website"},"primaryImageOfPage":{"@id":"https:\/\/seipuntozero-haircare.it\/de\/product\/bleichpuder-violett\/#primaryimage"},"image":{"@id":"https:\/\/seipuntozero-haircare.it\/de\/product\/bleichpuder-violett\/#primaryimage"},"thumbnailUrl":"https:\/\/seipuntozero-haircare.it\/wp-content\/uploads\/2024\/07\/263028_sei_punto_zero_violet_bleaching_powder_500gr.png","datePublished":"2024-07-04T15:05:19+00:00","dateModified":"2024-07-05T07:00:02+00:00","description":"Parf\u00fcmiertes Bleichpulver Violett. Dank seiner fortschrittlichen Formel bietet es eine progressive Aufhellung um bis zu 10 Stufen","breadcrumb":{"@id":"https:\/\/seipuntozero-haircare.it\/de\/product\/bleichpuder-violett\/#breadcrumb"},"inLanguage":"de","potentialAction":[{"@type":"ReadAction","target":["https:\/\/seipuntozero-haircare.it\/de\/product\/bleichpuder-violett\/"]}]},{"@type":"ImageObject","inLanguage":"de","@id":"https:\/\/seipuntozero-haircare.it\/de\/product\/bleichpuder-violett\/#primaryimage","url":"https:\/\/seipuntozero-haircare.it\/wp-content\/uploads\/2024\/07\/263028_sei_punto_zero_violet_bleaching_powder_500gr.png","contentUrl":"https:\/\/seipuntozero-haircare.it\/wp-content\/uploads\/2024\/07\/263028_sei_punto_zero_violet_bleaching_powder_500gr.png","width":800,"height":800},{"@type":"BreadcrumbList","@id":"https:\/\/seipuntozero-haircare.it\/de\/product\/bleichpuder-violett\/#breadcrumb","itemListElement":[{"@type":"ListItem","position":1,"name":"Home","item":"https:\/\/seipuntozero-haircare.it\/de\/"},{"@type":"ListItem","position":2,"name":"Products","item":"https:\/\/seipuntozero-haircare.it\/de\/shop\/"},{"@type":"ListItem","position":3,"name":"Bleichpuder Violett"}]},{"@type":"WebSite","@id":"https:\/\/seipuntozero-haircare.it\/de\/#website","url":"https:\/\/seipuntozero-haircare.it\/de\/","name":"6.Zero","description":"Essential Touch","potentialAction":[{"@type":"SearchAction","target":{"@type":"EntryPoint","urlTemplate":"https:\/\/seipuntozero-haircare.it\/de\/?s={search_term_string}"},"query-input":{"@type":"PropertyValueSpecification","valueRequired":true,"valueName":"search_term_string"}}],"inLanguage":"de"}]}},"_links":{"self":[{"href":"https:\/\/seipuntozero-haircare.it\/de\/wp-json\/wp\/v2\/product\/24019","targetHints":{"allow":["GET"]}}],"collection":[{"href":"https:\/\/seipuntozero-haircare.it\/de\/wp-json\/wp\/v2\/product"}],"about":[{"href":"https:\/\/seipuntozero-haircare.it\/de\/wp-json\/wp\/v2\/types\/product"}],"wp:featuredmedia":[{"embeddable":true,"href":"https:\/\/seipuntozero-haircare.it\/de\/wp-json\/wp\/v2\/media\/24013"}],"wp:attachment":[{"href":"https:\/\/seipuntozero-haircare.it\/de\/wp-json\/wp\/v2\/media?parent=24019"}],"wp:term":[{"taxonomy":"product_brand","embeddable":true,"href":"https:\/\/seipuntozero-haircare.it\/de\/wp-json\/wp\/v2\/product_brand?post=24019"},{"taxonomy":"product_cat","embeddable":true,"href":"https:\/\/seipuntozero-haircare.it\/de\/wp-json\/wp\/v2\/product_cat?post=24019"},{"taxonomy":"product_tag","embeddable":true,"href":"https:\/\/seipuntozero-haircare.it\/de\/wp-json\/wp\/v2\/product_tag?post=24019"}],"curies":[{"name":"wp","href":"https:\/\/api.w.org\/{rel}","templated":true}]}}