{"id":23266,"date":"2024-06-26T12:20:08","date_gmt":"2024-06-26T10:21:06","guid":{"rendered":"https:\/\/seipuntozero-haircare.it\/?post_type=product&#038;p=23266"},"modified":"2024-06-27T11:28:05","modified_gmt":"2024-06-27T09:28:05","slug":"kromlite-double-modeammoniakfreie-demi-permanente-faerbung","status":"publish","type":"product","link":"https:\/\/seipuntozero-haircare.it\/de\/product\/kromlite-double-modeammoniakfreie-demi-permanente-faerbung\/","title":{"rendered":"KROMLITE <br> Ammoniakfreie demi-permanente F\u00e4rbung"},"content":{"rendered":"<ul>\n<li><strong>Abdeckung wei\u00dfer Haare<\/strong> <strong>bis zu 80 %<\/strong><\/li>\n<li>Bis zu 3 Aufhellungsstufen<\/li>\n<li>Ideal auch f\u00fcr <strong>gestresstes und gesch\u00e4digtes<\/strong> <strong>Haar<\/strong><\/li>\n<\/ul>\n","protected":false},"excerpt":{"rendered":"<p>Kromlite ist die ammoniakfreie <strong>demi-permanente F\u00e4rbung in \u00d6l<\/strong>, die <strong>zwei Arten der F\u00e4rbung<\/strong> in einer einzigen L\u00f6sung bietet. Seine <strong>bivalente Formel<\/strong> erm\u00f6glicht sowohl eine <strong>nat\u00fcrliche <\/strong>als auch eine <strong>Ton-in-Ton<\/strong>-F\u00e4rbung.<\/p>\n<p>Angereichert mit <strong>Macadamia-\u00d6l<\/strong> und <strong>Extrakten aus Gr\u00fcnem Tee<\/strong> und <strong>Holunder<\/strong>, verleiht Kromlite eine au\u00dfergew\u00f6hnliche <strong>Intensit\u00e4t der Reflexe<\/strong> und <strong>Ausstrahlung<\/strong> f\u00fcr einen <strong>nat\u00fcrlichen und lang anhaltenden Effekt<\/strong>.<\/p>\n<p>&nbsp;<\/p>\n<p>Professionelle Anwendung<\/p>\n<p>Flakon \u00e0 60 ml<\/p>\n<p>42 Nuancen<\/p>\n","protected":false},"featured_media":22786,"template":"","meta":[],"product_brand":[],"product_cat":[921],"product_tag":[],"class_list":["post-23266","product","type-product","status-publish","has-post-thumbnail","hentry","product_cat-professional-colouring-de"],"yoast_head":"<!-- This site is optimized with the Yoast SEO plugin v27.1.1 - https:\/\/yoast.com\/product\/yoast-seo-wordpress\/ -->\n<title>KROMLITE  Ammoniakfreie demi-permanente F\u00e4rbung - 6.Zero<\/title>\n<meta name=\"description\" content=\"Kromlite ist die ammoniakfreie demi-permanente F\u00e4rbung in \u00d6l, die zwei Arten der F\u00e4rbung in einer einzigen L\u00f6sung bietet.\" \/>\n<meta name=\"robots\" content=\"index, follow, max-snippet:-1, max-image-preview:large, max-video-preview:-1\" \/>\n<link rel=\"canonical\" href=\"https:\/\/seipuntozero-haircare.it\/de\/product\/kromlite-double-modeammoniakfreie-demi-permanente-faerbung\/\" \/>\n<meta property=\"og:locale\" content=\"de_DE\" \/>\n<meta property=\"og:type\" content=\"article\" \/>\n<meta property=\"og:title\" content=\"KROMLITE  Ammoniakfreie demi-permanente F\u00e4rbung - 6.Zero\" \/>\n<meta property=\"og:description\" content=\"Kromlite ist die ammoniakfreie demi-permanente F\u00e4rbung in \u00d6l, die zwei Arten der F\u00e4rbung in einer einzigen L\u00f6sung bietet.\" \/>\n<meta property=\"og:url\" content=\"https:\/\/seipuntozero-haircare.it\/de\/product\/kromlite-double-modeammoniakfreie-demi-permanente-faerbung\/\" \/>\n<meta property=\"og:site_name\" content=\"6.Zero\" \/>\n<meta property=\"article:modified_time\" content=\"2024-06-27T09:28:05+00:00\" \/>\n<meta property=\"og:image\" content=\"https:\/\/seipuntozero-haircare.it\/wp-content\/uploads\/2024\/06\/265xxx_sei_punto_zero_kromlite.png\" \/>\n\t<meta property=\"og:image:width\" content=\"800\" \/>\n\t<meta property=\"og:image:height\" content=\"800\" \/>\n\t<meta property=\"og:image:type\" content=\"image\/png\" \/>\n<meta name=\"twitter:card\" content=\"summary_large_image\" \/>\n<meta name=\"twitter:label1\" content=\"Gesch\u00e4tzte Lesezeit\" \/>\n\t<meta name=\"twitter:data1\" content=\"1\u00a0Minute\" \/>\n<script type=\"application\/ld+json\" class=\"yoast-schema-graph\">{\"@context\":\"https:\/\/schema.org\",\"@graph\":[{\"@type\":\"WebPage\",\"@id\":\"https:\/\/seipuntozero-haircare.it\/de\/product\/kromlite-double-modeammoniakfreie-demi-permanente-faerbung\/\",\"url\":\"https:\/\/seipuntozero-haircare.it\/de\/product\/kromlite-double-modeammoniakfreie-demi-permanente-faerbung\/\",\"name\":\"KROMLITE Ammoniakfreie demi-permanente F\u00e4rbung - 6.Zero\",\"isPartOf\":{\"@id\":\"https:\/\/seipuntozero-haircare.it\/de\/#website\"},\"primaryImageOfPage\":{\"@id\":\"https:\/\/seipuntozero-haircare.it\/de\/product\/kromlite-double-modeammoniakfreie-demi-permanente-faerbung\/#primaryimage\"},\"image\":{\"@id\":\"https:\/\/seipuntozero-haircare.it\/de\/product\/kromlite-double-modeammoniakfreie-demi-permanente-faerbung\/#primaryimage\"},\"thumbnailUrl\":\"https:\/\/seipuntozero-haircare.it\/wp-content\/uploads\/2024\/06\/265xxx_sei_punto_zero_kromlite.png\",\"datePublished\":\"2024-06-26T10:21:06+00:00\",\"dateModified\":\"2024-06-27T09:28:05+00:00\",\"description\":\"Kromlite ist die ammoniakfreie demi-permanente F\u00e4rbung in \u00d6l, die zwei Arten der F\u00e4rbung in einer einzigen L\u00f6sung bietet.\",\"breadcrumb\":{\"@id\":\"https:\/\/seipuntozero-haircare.it\/de\/product\/kromlite-double-modeammoniakfreie-demi-permanente-faerbung\/#breadcrumb\"},\"inLanguage\":\"de\",\"potentialAction\":[{\"@type\":\"ReadAction\",\"target\":[\"https:\/\/seipuntozero-haircare.it\/de\/product\/kromlite-double-modeammoniakfreie-demi-permanente-faerbung\/\"]}]},{\"@type\":\"ImageObject\",\"inLanguage\":\"de\",\"@id\":\"https:\/\/seipuntozero-haircare.it\/de\/product\/kromlite-double-modeammoniakfreie-demi-permanente-faerbung\/#primaryimage\",\"url\":\"https:\/\/seipuntozero-haircare.it\/wp-content\/uploads\/2024\/06\/265xxx_sei_punto_zero_kromlite.png\",\"contentUrl\":\"https:\/\/seipuntozero-haircare.it\/wp-content\/uploads\/2024\/06\/265xxx_sei_punto_zero_kromlite.png\",\"width\":800,\"height\":800},{\"@type\":\"BreadcrumbList\",\"@id\":\"https:\/\/seipuntozero-haircare.it\/de\/product\/kromlite-double-modeammoniakfreie-demi-permanente-faerbung\/#breadcrumb\",\"itemListElement\":[{\"@type\":\"ListItem\",\"position\":1,\"name\":\"Home\",\"item\":\"https:\/\/seipuntozero-haircare.it\/de\/\"},{\"@type\":\"ListItem\",\"position\":2,\"name\":\"Products\",\"item\":\"https:\/\/seipuntozero-haircare.it\/de\/shop\/\"},{\"@type\":\"ListItem\",\"position\":3,\"name\":\"KROMLITE Ammoniakfreie demi-permanente F\u00e4rbung\"}]},{\"@type\":\"WebSite\",\"@id\":\"https:\/\/seipuntozero-haircare.it\/de\/#website\",\"url\":\"https:\/\/seipuntozero-haircare.it\/de\/\",\"name\":\"6.Zero\",\"description\":\"Essential Touch\",\"potentialAction\":[{\"@type\":\"SearchAction\",\"target\":{\"@type\":\"EntryPoint\",\"urlTemplate\":\"https:\/\/seipuntozero-haircare.it\/de\/?s={search_term_string}\"},\"query-input\":{\"@type\":\"PropertyValueSpecification\",\"valueRequired\":true,\"valueName\":\"search_term_string\"}}],\"inLanguage\":\"de\"}]}<\/script>\n<!-- \/ Yoast SEO plugin. -->","yoast_head_json":{"title":"KROMLITE  Ammoniakfreie demi-permanente F\u00e4rbung - 6.Zero","description":"Kromlite ist die ammoniakfreie demi-permanente F\u00e4rbung in \u00d6l, die zwei Arten der F\u00e4rbung in einer einzigen L\u00f6sung bietet.","robots":{"index":"index","follow":"follow","max-snippet":"max-snippet:-1","max-image-preview":"max-image-preview:large","max-video-preview":"max-video-preview:-1"},"canonical":"https:\/\/seipuntozero-haircare.it\/de\/product\/kromlite-double-modeammoniakfreie-demi-permanente-faerbung\/","og_locale":"de_DE","og_type":"article","og_title":"KROMLITE  Ammoniakfreie demi-permanente F\u00e4rbung - 6.Zero","og_description":"Kromlite ist die ammoniakfreie demi-permanente F\u00e4rbung in \u00d6l, die zwei Arten der F\u00e4rbung in einer einzigen L\u00f6sung bietet.","og_url":"https:\/\/seipuntozero-haircare.it\/de\/product\/kromlite-double-modeammoniakfreie-demi-permanente-faerbung\/","og_site_name":"6.Zero","article_modified_time":"2024-06-27T09:28:05+00:00","og_image":[{"width":800,"height":800,"url":"https:\/\/seipuntozero-haircare.it\/wp-content\/uploads\/2024\/06\/265xxx_sei_punto_zero_kromlite.png","type":"image\/png"}],"twitter_card":"summary_large_image","twitter_misc":{"Gesch\u00e4tzte Lesezeit":"1\u00a0Minute"},"schema":{"@context":"https:\/\/schema.org","@graph":[{"@type":"WebPage","@id":"https:\/\/seipuntozero-haircare.it\/de\/product\/kromlite-double-modeammoniakfreie-demi-permanente-faerbung\/","url":"https:\/\/seipuntozero-haircare.it\/de\/product\/kromlite-double-modeammoniakfreie-demi-permanente-faerbung\/","name":"KROMLITE Ammoniakfreie demi-permanente F\u00e4rbung - 6.Zero","isPartOf":{"@id":"https:\/\/seipuntozero-haircare.it\/de\/#website"},"primaryImageOfPage":{"@id":"https:\/\/seipuntozero-haircare.it\/de\/product\/kromlite-double-modeammoniakfreie-demi-permanente-faerbung\/#primaryimage"},"image":{"@id":"https:\/\/seipuntozero-haircare.it\/de\/product\/kromlite-double-modeammoniakfreie-demi-permanente-faerbung\/#primaryimage"},"thumbnailUrl":"https:\/\/seipuntozero-haircare.it\/wp-content\/uploads\/2024\/06\/265xxx_sei_punto_zero_kromlite.png","datePublished":"2024-06-26T10:21:06+00:00","dateModified":"2024-06-27T09:28:05+00:00","description":"Kromlite ist die ammoniakfreie demi-permanente F\u00e4rbung in \u00d6l, die zwei Arten der F\u00e4rbung in einer einzigen L\u00f6sung bietet.","breadcrumb":{"@id":"https:\/\/seipuntozero-haircare.it\/de\/product\/kromlite-double-modeammoniakfreie-demi-permanente-faerbung\/#breadcrumb"},"inLanguage":"de","potentialAction":[{"@type":"ReadAction","target":["https:\/\/seipuntozero-haircare.it\/de\/product\/kromlite-double-modeammoniakfreie-demi-permanente-faerbung\/"]}]},{"@type":"ImageObject","inLanguage":"de","@id":"https:\/\/seipuntozero-haircare.it\/de\/product\/kromlite-double-modeammoniakfreie-demi-permanente-faerbung\/#primaryimage","url":"https:\/\/seipuntozero-haircare.it\/wp-content\/uploads\/2024\/06\/265xxx_sei_punto_zero_kromlite.png","contentUrl":"https:\/\/seipuntozero-haircare.it\/wp-content\/uploads\/2024\/06\/265xxx_sei_punto_zero_kromlite.png","width":800,"height":800},{"@type":"BreadcrumbList","@id":"https:\/\/seipuntozero-haircare.it\/de\/product\/kromlite-double-modeammoniakfreie-demi-permanente-faerbung\/#breadcrumb","itemListElement":[{"@type":"ListItem","position":1,"name":"Home","item":"https:\/\/seipuntozero-haircare.it\/de\/"},{"@type":"ListItem","position":2,"name":"Products","item":"https:\/\/seipuntozero-haircare.it\/de\/shop\/"},{"@type":"ListItem","position":3,"name":"KROMLITE Ammoniakfreie demi-permanente F\u00e4rbung"}]},{"@type":"WebSite","@id":"https:\/\/seipuntozero-haircare.it\/de\/#website","url":"https:\/\/seipuntozero-haircare.it\/de\/","name":"6.Zero","description":"Essential Touch","potentialAction":[{"@type":"SearchAction","target":{"@type":"EntryPoint","urlTemplate":"https:\/\/seipuntozero-haircare.it\/de\/?s={search_term_string}"},"query-input":{"@type":"PropertyValueSpecification","valueRequired":true,"valueName":"search_term_string"}}],"inLanguage":"de"}]}},"_links":{"self":[{"href":"https:\/\/seipuntozero-haircare.it\/de\/wp-json\/wp\/v2\/product\/23266","targetHints":{"allow":["GET"]}}],"collection":[{"href":"https:\/\/seipuntozero-haircare.it\/de\/wp-json\/wp\/v2\/product"}],"about":[{"href":"https:\/\/seipuntozero-haircare.it\/de\/wp-json\/wp\/v2\/types\/product"}],"wp:featuredmedia":[{"embeddable":true,"href":"https:\/\/seipuntozero-haircare.it\/de\/wp-json\/wp\/v2\/media\/22786"}],"wp:attachment":[{"href":"https:\/\/seipuntozero-haircare.it\/de\/wp-json\/wp\/v2\/media?parent=23266"}],"wp:term":[{"taxonomy":"product_brand","embeddable":true,"href":"https:\/\/seipuntozero-haircare.it\/de\/wp-json\/wp\/v2\/product_brand?post=23266"},{"taxonomy":"product_cat","embeddable":true,"href":"https:\/\/seipuntozero-haircare.it\/de\/wp-json\/wp\/v2\/product_cat?post=23266"},{"taxonomy":"product_tag","embeddable":true,"href":"https:\/\/seipuntozero-haircare.it\/de\/wp-json\/wp\/v2\/product_tag?post=23266"}],"curies":[{"name":"wp","href":"https:\/\/api.w.org\/{rel}","templated":true}]}}