{"id":19581,"date":"2023-10-02T09:00:50","date_gmt":"2023-07-11T15:26:51","guid":{"rendered":"https:\/\/seipuntozero-haircare.it\/?post_type=product&#038;p=19581"},"modified":"2023-10-02T16:36:58","modified_gmt":"2023-10-02T14:36:58","slug":"take-over-pure-silver-anti-gelbstich-mousse","status":"publish","type":"product","link":"https:\/\/seipuntozero-haircare.it\/de\/product\/take-over-pure-silver-anti-gelbstich-mousse\/","title":{"rendered":"TAKE OVER \u2013 PURE SILVER <br> Anti-Gelbstich-Mousse"},"content":{"rendered":"<ul>\n<li>Neutralisiert ungewollte <strong>gelbstichige Str\u00e4hnchen<\/strong><\/li>\n<li>Verleiht dem Haar eine <strong>intensive<\/strong> und gl\u00e4nzende <strong>Farbe<\/strong><\/li>\n<li><span style=\"font-weight: 400;\">Belastet die Haare nicht<\/span><\/li>\n<\/ul>\n","protected":false},"excerpt":{"rendered":"<p><span style=\"font-weight: 400;\">Take Over Pure Silver ist die <\/span><b>Mousse gegen Gelbstich<\/b><span style=\"font-weight: 400;\"> f\u00fcr<\/span><b> blondes, gebleichtes<\/b> <b>oder graues Haar<\/b><span style=\"font-weight: 400;\">. Sie sch\u00fctzt die Farbe und den Glanz vor m\u00f6glichen Ver\u00e4nderungen durch \u00e4u\u00dfere Einfl\u00fcsse wie Sonne oder Umweltverschmutzung.\u00a0<\/span><\/p>\n<p><span style=\"font-weight: 400;\">Sie neutralisiert schnell unerw\u00fcnschte <\/span><b>gelbe Reflexe <\/b><span style=\"font-weight: 400;\">und verleiht dem Haar dank seiner <\/span><b>Pflegeformel<\/b><span style=\"font-weight: 400;\"> Weichheit, Glanz und Geschmeidigkeit.\u00a0<\/span><\/p>\n<p><span style=\"font-weight: 400;\">Die Mousse-Textur erzeugt einen intensiven Schaum, der <\/span><b>das Haar mit Feuchtigkeit versorgt, ohne dabei die Haare zu belasten. <\/b><\/p>\n<p>300 ml Flacon<\/p>\n","protected":false},"featured_media":19577,"template":"","meta":[],"product_brand":[],"product_cat":[931],"product_tag":[],"class_list":["post-19581","product","type-product","status-publish","has-post-thumbnail","hentry","product_cat-take-over-pure-silver-de"],"yoast_head":"<!-- This site is optimized with the Yoast SEO plugin v27.1.1 - https:\/\/yoast.com\/product\/yoast-seo-wordpress\/ -->\n<title>Take Over Pure Silver | Shampoo gegen Gelbstich<\/title>\n<meta name=\"description\" content=\"Take Over Pure Silver ist die Mousse gegen Gelbstich f\u00fcr blondes, gebleichtes oder graues Haar.\" \/>\n<meta name=\"robots\" content=\"index, follow, max-snippet:-1, max-image-preview:large, max-video-preview:-1\" \/>\n<link rel=\"canonical\" href=\"https:\/\/seipuntozero-haircare.it\/de\/product\/take-over-pure-silver-anti-gelbstich-mousse\/\" \/>\n<meta property=\"og:locale\" content=\"de_DE\" \/>\n<meta property=\"og:type\" content=\"article\" \/>\n<meta property=\"og:title\" content=\"Take Over Pure Silver | Shampoo gegen Gelbstich\" \/>\n<meta property=\"og:description\" content=\"Take Over Pure Silver ist die Mousse gegen Gelbstich f\u00fcr blondes, gebleichtes oder graues Haar.\" \/>\n<meta property=\"og:url\" content=\"https:\/\/seipuntozero-haircare.it\/de\/product\/take-over-pure-silver-anti-gelbstich-mousse\/\" \/>\n<meta property=\"og:site_name\" content=\"6.Zero\" \/>\n<meta property=\"article:modified_time\" content=\"2023-10-02T14:36:58+00:00\" \/>\n<meta property=\"og:image\" content=\"https:\/\/seipuntozero-haircare.it\/wp-content\/uploads\/2023\/07\/263400_sei_punto_zero_take_over_pure_silver_mousse_300ml.png\" \/>\n\t<meta property=\"og:image:width\" content=\"600\" \/>\n\t<meta property=\"og:image:height\" content=\"600\" \/>\n\t<meta property=\"og:image:type\" content=\"image\/png\" \/>\n<meta name=\"twitter:card\" content=\"summary_large_image\" \/>\n<meta name=\"twitter:label1\" content=\"Gesch\u00e4tzte Lesezeit\" \/>\n\t<meta name=\"twitter:data1\" content=\"1\u00a0Minute\" \/>\n<script type=\"application\/ld+json\" class=\"yoast-schema-graph\">{\"@context\":\"https:\/\/schema.org\",\"@graph\":[{\"@type\":\"WebPage\",\"@id\":\"https:\/\/seipuntozero-haircare.it\/de\/product\/take-over-pure-silver-anti-gelbstich-mousse\/\",\"url\":\"https:\/\/seipuntozero-haircare.it\/de\/product\/take-over-pure-silver-anti-gelbstich-mousse\/\",\"name\":\"Take Over Pure Silver | Shampoo gegen Gelbstich\",\"isPartOf\":{\"@id\":\"https:\/\/seipuntozero-haircare.it\/de\/#website\"},\"primaryImageOfPage\":{\"@id\":\"https:\/\/seipuntozero-haircare.it\/de\/product\/take-over-pure-silver-anti-gelbstich-mousse\/#primaryimage\"},\"image\":{\"@id\":\"https:\/\/seipuntozero-haircare.it\/de\/product\/take-over-pure-silver-anti-gelbstich-mousse\/#primaryimage\"},\"thumbnailUrl\":\"https:\/\/seipuntozero-haircare.it\/wp-content\/uploads\/2023\/07\/263400_sei_punto_zero_take_over_pure_silver_mousse_300ml.png\",\"datePublished\":\"2023-07-11T15:26:51+00:00\",\"dateModified\":\"2023-10-02T14:36:58+00:00\",\"description\":\"Take Over Pure Silver ist die Mousse gegen Gelbstich f\u00fcr blondes, gebleichtes oder graues Haar.\",\"breadcrumb\":{\"@id\":\"https:\/\/seipuntozero-haircare.it\/de\/product\/take-over-pure-silver-anti-gelbstich-mousse\/#breadcrumb\"},\"inLanguage\":\"de\",\"potentialAction\":[{\"@type\":\"ReadAction\",\"target\":[\"https:\/\/seipuntozero-haircare.it\/de\/product\/take-over-pure-silver-anti-gelbstich-mousse\/\"]}]},{\"@type\":\"ImageObject\",\"inLanguage\":\"de\",\"@id\":\"https:\/\/seipuntozero-haircare.it\/de\/product\/take-over-pure-silver-anti-gelbstich-mousse\/#primaryimage\",\"url\":\"https:\/\/seipuntozero-haircare.it\/wp-content\/uploads\/2023\/07\/263400_sei_punto_zero_take_over_pure_silver_mousse_300ml.png\",\"contentUrl\":\"https:\/\/seipuntozero-haircare.it\/wp-content\/uploads\/2023\/07\/263400_sei_punto_zero_take_over_pure_silver_mousse_300ml.png\",\"width\":600,\"height\":600,\"caption\":\"silver mousse\"},{\"@type\":\"BreadcrumbList\",\"@id\":\"https:\/\/seipuntozero-haircare.it\/de\/product\/take-over-pure-silver-anti-gelbstich-mousse\/#breadcrumb\",\"itemListElement\":[{\"@type\":\"ListItem\",\"position\":1,\"name\":\"Home\",\"item\":\"https:\/\/seipuntozero-haircare.it\/de\/\"},{\"@type\":\"ListItem\",\"position\":2,\"name\":\"Products\",\"item\":\"https:\/\/seipuntozero-haircare.it\/de\/shop\/\"},{\"@type\":\"ListItem\",\"position\":3,\"name\":\"TAKE OVER \u2013 PURE SILVER Anti-Gelbstich-Mousse\"}]},{\"@type\":\"WebSite\",\"@id\":\"https:\/\/seipuntozero-haircare.it\/de\/#website\",\"url\":\"https:\/\/seipuntozero-haircare.it\/de\/\",\"name\":\"6.Zero\",\"description\":\"Essential Touch\",\"potentialAction\":[{\"@type\":\"SearchAction\",\"target\":{\"@type\":\"EntryPoint\",\"urlTemplate\":\"https:\/\/seipuntozero-haircare.it\/de\/?s={search_term_string}\"},\"query-input\":{\"@type\":\"PropertyValueSpecification\",\"valueRequired\":true,\"valueName\":\"search_term_string\"}}],\"inLanguage\":\"de\"}]}<\/script>\n<!-- \/ Yoast SEO plugin. -->","yoast_head_json":{"title":"Take Over Pure Silver | Shampoo gegen Gelbstich","description":"Take Over Pure Silver ist die Mousse gegen Gelbstich f\u00fcr blondes, gebleichtes oder graues Haar.","robots":{"index":"index","follow":"follow","max-snippet":"max-snippet:-1","max-image-preview":"max-image-preview:large","max-video-preview":"max-video-preview:-1"},"canonical":"https:\/\/seipuntozero-haircare.it\/de\/product\/take-over-pure-silver-anti-gelbstich-mousse\/","og_locale":"de_DE","og_type":"article","og_title":"Take Over Pure Silver | Shampoo gegen Gelbstich","og_description":"Take Over Pure Silver ist die Mousse gegen Gelbstich f\u00fcr blondes, gebleichtes oder graues Haar.","og_url":"https:\/\/seipuntozero-haircare.it\/de\/product\/take-over-pure-silver-anti-gelbstich-mousse\/","og_site_name":"6.Zero","article_modified_time":"2023-10-02T14:36:58+00:00","og_image":[{"width":600,"height":600,"url":"https:\/\/seipuntozero-haircare.it\/wp-content\/uploads\/2023\/07\/263400_sei_punto_zero_take_over_pure_silver_mousse_300ml.png","type":"image\/png"}],"twitter_card":"summary_large_image","twitter_misc":{"Gesch\u00e4tzte Lesezeit":"1\u00a0Minute"},"schema":{"@context":"https:\/\/schema.org","@graph":[{"@type":"WebPage","@id":"https:\/\/seipuntozero-haircare.it\/de\/product\/take-over-pure-silver-anti-gelbstich-mousse\/","url":"https:\/\/seipuntozero-haircare.it\/de\/product\/take-over-pure-silver-anti-gelbstich-mousse\/","name":"Take Over Pure Silver | Shampoo gegen Gelbstich","isPartOf":{"@id":"https:\/\/seipuntozero-haircare.it\/de\/#website"},"primaryImageOfPage":{"@id":"https:\/\/seipuntozero-haircare.it\/de\/product\/take-over-pure-silver-anti-gelbstich-mousse\/#primaryimage"},"image":{"@id":"https:\/\/seipuntozero-haircare.it\/de\/product\/take-over-pure-silver-anti-gelbstich-mousse\/#primaryimage"},"thumbnailUrl":"https:\/\/seipuntozero-haircare.it\/wp-content\/uploads\/2023\/07\/263400_sei_punto_zero_take_over_pure_silver_mousse_300ml.png","datePublished":"2023-07-11T15:26:51+00:00","dateModified":"2023-10-02T14:36:58+00:00","description":"Take Over Pure Silver ist die Mousse gegen Gelbstich f\u00fcr blondes, gebleichtes oder graues Haar.","breadcrumb":{"@id":"https:\/\/seipuntozero-haircare.it\/de\/product\/take-over-pure-silver-anti-gelbstich-mousse\/#breadcrumb"},"inLanguage":"de","potentialAction":[{"@type":"ReadAction","target":["https:\/\/seipuntozero-haircare.it\/de\/product\/take-over-pure-silver-anti-gelbstich-mousse\/"]}]},{"@type":"ImageObject","inLanguage":"de","@id":"https:\/\/seipuntozero-haircare.it\/de\/product\/take-over-pure-silver-anti-gelbstich-mousse\/#primaryimage","url":"https:\/\/seipuntozero-haircare.it\/wp-content\/uploads\/2023\/07\/263400_sei_punto_zero_take_over_pure_silver_mousse_300ml.png","contentUrl":"https:\/\/seipuntozero-haircare.it\/wp-content\/uploads\/2023\/07\/263400_sei_punto_zero_take_over_pure_silver_mousse_300ml.png","width":600,"height":600,"caption":"silver mousse"},{"@type":"BreadcrumbList","@id":"https:\/\/seipuntozero-haircare.it\/de\/product\/take-over-pure-silver-anti-gelbstich-mousse\/#breadcrumb","itemListElement":[{"@type":"ListItem","position":1,"name":"Home","item":"https:\/\/seipuntozero-haircare.it\/de\/"},{"@type":"ListItem","position":2,"name":"Products","item":"https:\/\/seipuntozero-haircare.it\/de\/shop\/"},{"@type":"ListItem","position":3,"name":"TAKE OVER \u2013 PURE SILVER Anti-Gelbstich-Mousse"}]},{"@type":"WebSite","@id":"https:\/\/seipuntozero-haircare.it\/de\/#website","url":"https:\/\/seipuntozero-haircare.it\/de\/","name":"6.Zero","description":"Essential Touch","potentialAction":[{"@type":"SearchAction","target":{"@type":"EntryPoint","urlTemplate":"https:\/\/seipuntozero-haircare.it\/de\/?s={search_term_string}"},"query-input":{"@type":"PropertyValueSpecification","valueRequired":true,"valueName":"search_term_string"}}],"inLanguage":"de"}]}},"_links":{"self":[{"href":"https:\/\/seipuntozero-haircare.it\/de\/wp-json\/wp\/v2\/product\/19581","targetHints":{"allow":["GET"]}}],"collection":[{"href":"https:\/\/seipuntozero-haircare.it\/de\/wp-json\/wp\/v2\/product"}],"about":[{"href":"https:\/\/seipuntozero-haircare.it\/de\/wp-json\/wp\/v2\/types\/product"}],"wp:featuredmedia":[{"embeddable":true,"href":"https:\/\/seipuntozero-haircare.it\/de\/wp-json\/wp\/v2\/media\/19577"}],"wp:attachment":[{"href":"https:\/\/seipuntozero-haircare.it\/de\/wp-json\/wp\/v2\/media?parent=19581"}],"wp:term":[{"taxonomy":"product_brand","embeddable":true,"href":"https:\/\/seipuntozero-haircare.it\/de\/wp-json\/wp\/v2\/product_brand?post=19581"},{"taxonomy":"product_cat","embeddable":true,"href":"https:\/\/seipuntozero-haircare.it\/de\/wp-json\/wp\/v2\/product_cat?post=19581"},{"taxonomy":"product_tag","embeddable":true,"href":"https:\/\/seipuntozero-haircare.it\/de\/wp-json\/wp\/v2\/product_tag?post=19581"}],"curies":[{"name":"wp","href":"https:\/\/api.w.org\/{rel}","templated":true}]}}