{"id":19205,"date":"2022-05-25T09:56:59","date_gmt":"2022-05-25T07:56:59","guid":{"rendered":"https:\/\/seipuntozero-haircare.it\/?post_type=product&#038;p=19205"},"modified":"2022-05-27T12:35:18","modified_gmt":"2022-05-27T10:35:18","slug":"take-over-pure-silver-shampoo-gegen-gelbstich-2","status":"publish","type":"product","link":"https:\/\/seipuntozero-haircare.it\/de\/product\/take-over-pure-silver-shampoo-gegen-gelbstich-2\/","title":{"rendered":"TAKE OVER \u2013 PURE SILVER <br> Shampoo gegen Gelbstich"},"content":{"rendered":"<ul>\n<li>Neutralisiert ungewollte <strong>gelbstichige Str\u00e4hnchen<\/strong><\/li>\n<li>Verleiht dem Haar eine <strong>intensive<\/strong> und gl\u00e4nzende <strong>Farbe<\/strong><\/li>\n<li><strong>Reinigt<\/strong> das Haar sanft, ohne es zu beschweren<\/li>\n<\/ul>\n","protected":false},"excerpt":{"rendered":"<p>Take Over Pure Silver, das <strong>Shampoo gegen gelbstichiges Haar<\/strong> f\u00fcr wei\u00dfe und graue Haare. Dank der vorhandenen Wirkstoffe reinigt es das Haar, <strong>bek\u00e4mpft ungewollte gelbstichige Str\u00e4hnchen<\/strong> und kr\u00e4ftigt die Farbe, indem es das Haar gl\u00e4nzend und lebendig macht. Ideal f\u00fcr wei\u00dfes und blondes Haar oder Haare mit Str\u00e4hnchen und Highlights: Pure Silver gegen gelbstichiges Haar pflegt die Haarpracht und verleiht ihr <strong>Geschmeidigkeit und Glanz<\/strong>.<\/p>\n<p>1000 ml Flacon<\/p>\n","protected":false},"featured_media":19990,"template":"","meta":[],"product_brand":[],"product_cat":[931],"product_tag":[],"class_list":["post-19205","product","type-product","status-publish","has-post-thumbnail","hentry","product_cat-take-over-pure-silver-de"],"yoast_head":"<!-- This site is optimized with the Yoast SEO plugin v27.1.1 - https:\/\/yoast.com\/product\/yoast-seo-wordpress\/ -->\n<title>Take Over Pure Silver | Shampoo gegen Gelbstich<\/title>\n<meta name=\"description\" content=\"Take Over Pure Silver, das Shampoo gegen gelbstichiges Haar f\u00fcr wei\u00dfe und graue Haare.\" \/>\n<meta name=\"robots\" content=\"index, follow, max-snippet:-1, max-image-preview:large, max-video-preview:-1\" \/>\n<link rel=\"canonical\" href=\"https:\/\/seipuntozero-haircare.it\/de\/product\/take-over-pure-silver-shampoo-gegen-gelbstich-2\/\" \/>\n<meta property=\"og:locale\" content=\"de_DE\" \/>\n<meta property=\"og:type\" content=\"article\" \/>\n<meta property=\"og:title\" content=\"Take Over Pure Silver | Shampoo gegen Gelbstich\" \/>\n<meta property=\"og:description\" content=\"Take Over Pure Silver, das Shampoo gegen gelbstichiges Haar f\u00fcr wei\u00dfe und graue Haare.\" \/>\n<meta property=\"og:url\" content=\"https:\/\/seipuntozero-haircare.it\/de\/product\/take-over-pure-silver-shampoo-gegen-gelbstich-2\/\" \/>\n<meta property=\"og:site_name\" content=\"6.Zero\" \/>\n<meta property=\"article:modified_time\" content=\"2022-05-27T10:35:18+00:00\" \/>\n<meta property=\"og:image\" content=\"https:\/\/seipuntozero-haircare.it\/wp-content\/uploads\/2022\/05\/263387_sei_punto_zero_take_over_pure_silver_shampoo_1000ml-1.png\" \/>\n\t<meta property=\"og:image:width\" content=\"800\" \/>\n\t<meta property=\"og:image:height\" content=\"800\" \/>\n\t<meta property=\"og:image:type\" content=\"image\/png\" \/>\n<meta name=\"twitter:card\" content=\"summary_large_image\" \/>\n<meta name=\"twitter:label1\" content=\"Gesch\u00e4tzte Lesezeit\" \/>\n\t<meta name=\"twitter:data1\" content=\"1\u00a0Minute\" \/>\n<script type=\"application\/ld+json\" class=\"yoast-schema-graph\">{\"@context\":\"https:\/\/schema.org\",\"@graph\":[{\"@type\":\"WebPage\",\"@id\":\"https:\/\/seipuntozero-haircare.it\/de\/product\/take-over-pure-silver-shampoo-gegen-gelbstich-2\/\",\"url\":\"https:\/\/seipuntozero-haircare.it\/de\/product\/take-over-pure-silver-shampoo-gegen-gelbstich-2\/\",\"name\":\"Take Over Pure Silver | Shampoo gegen Gelbstich\",\"isPartOf\":{\"@id\":\"https:\/\/seipuntozero-haircare.it\/de\/#website\"},\"primaryImageOfPage\":{\"@id\":\"https:\/\/seipuntozero-haircare.it\/de\/product\/take-over-pure-silver-shampoo-gegen-gelbstich-2\/#primaryimage\"},\"image\":{\"@id\":\"https:\/\/seipuntozero-haircare.it\/de\/product\/take-over-pure-silver-shampoo-gegen-gelbstich-2\/#primaryimage\"},\"thumbnailUrl\":\"https:\/\/seipuntozero-haircare.it\/wp-content\/uploads\/2022\/05\/263387_sei_punto_zero_take_over_pure_silver_shampoo_1000ml-1.png\",\"datePublished\":\"2022-05-25T07:56:59+00:00\",\"dateModified\":\"2022-05-27T10:35:18+00:00\",\"description\":\"Take Over Pure Silver, das Shampoo gegen gelbstichiges Haar f\u00fcr wei\u00dfe und graue Haare.\",\"breadcrumb\":{\"@id\":\"https:\/\/seipuntozero-haircare.it\/de\/product\/take-over-pure-silver-shampoo-gegen-gelbstich-2\/#breadcrumb\"},\"inLanguage\":\"de\",\"potentialAction\":[{\"@type\":\"ReadAction\",\"target\":[\"https:\/\/seipuntozero-haircare.it\/de\/product\/take-over-pure-silver-shampoo-gegen-gelbstich-2\/\"]}]},{\"@type\":\"ImageObject\",\"inLanguage\":\"de\",\"@id\":\"https:\/\/seipuntozero-haircare.it\/de\/product\/take-over-pure-silver-shampoo-gegen-gelbstich-2\/#primaryimage\",\"url\":\"https:\/\/seipuntozero-haircare.it\/wp-content\/uploads\/2022\/05\/263387_sei_punto_zero_take_over_pure_silver_shampoo_1000ml-1.png\",\"contentUrl\":\"https:\/\/seipuntozero-haircare.it\/wp-content\/uploads\/2022\/05\/263387_sei_punto_zero_take_over_pure_silver_shampoo_1000ml-1.png\",\"width\":800,\"height\":800},{\"@type\":\"BreadcrumbList\",\"@id\":\"https:\/\/seipuntozero-haircare.it\/de\/product\/take-over-pure-silver-shampoo-gegen-gelbstich-2\/#breadcrumb\",\"itemListElement\":[{\"@type\":\"ListItem\",\"position\":1,\"name\":\"Home\",\"item\":\"https:\/\/seipuntozero-haircare.it\/de\/\"},{\"@type\":\"ListItem\",\"position\":2,\"name\":\"Products\",\"item\":\"https:\/\/seipuntozero-haircare.it\/de\/shop\/\"},{\"@type\":\"ListItem\",\"position\":3,\"name\":\"TAKE OVER \u2013 PURE SILVER Shampoo gegen Gelbstich\"}]},{\"@type\":\"WebSite\",\"@id\":\"https:\/\/seipuntozero-haircare.it\/de\/#website\",\"url\":\"https:\/\/seipuntozero-haircare.it\/de\/\",\"name\":\"6.Zero\",\"description\":\"Essential Touch\",\"potentialAction\":[{\"@type\":\"SearchAction\",\"target\":{\"@type\":\"EntryPoint\",\"urlTemplate\":\"https:\/\/seipuntozero-haircare.it\/de\/?s={search_term_string}\"},\"query-input\":{\"@type\":\"PropertyValueSpecification\",\"valueRequired\":true,\"valueName\":\"search_term_string\"}}],\"inLanguage\":\"de\"}]}<\/script>\n<!-- \/ Yoast SEO plugin. -->","yoast_head_json":{"title":"Take Over Pure Silver | Shampoo gegen Gelbstich","description":"Take Over Pure Silver, das Shampoo gegen gelbstichiges Haar f\u00fcr wei\u00dfe und graue Haare.","robots":{"index":"index","follow":"follow","max-snippet":"max-snippet:-1","max-image-preview":"max-image-preview:large","max-video-preview":"max-video-preview:-1"},"canonical":"https:\/\/seipuntozero-haircare.it\/de\/product\/take-over-pure-silver-shampoo-gegen-gelbstich-2\/","og_locale":"de_DE","og_type":"article","og_title":"Take Over Pure Silver | Shampoo gegen Gelbstich","og_description":"Take Over Pure Silver, das Shampoo gegen gelbstichiges Haar f\u00fcr wei\u00dfe und graue Haare.","og_url":"https:\/\/seipuntozero-haircare.it\/de\/product\/take-over-pure-silver-shampoo-gegen-gelbstich-2\/","og_site_name":"6.Zero","article_modified_time":"2022-05-27T10:35:18+00:00","og_image":[{"width":800,"height":800,"url":"https:\/\/seipuntozero-haircare.it\/wp-content\/uploads\/2022\/05\/263387_sei_punto_zero_take_over_pure_silver_shampoo_1000ml-1.png","type":"image\/png"}],"twitter_card":"summary_large_image","twitter_misc":{"Gesch\u00e4tzte Lesezeit":"1\u00a0Minute"},"schema":{"@context":"https:\/\/schema.org","@graph":[{"@type":"WebPage","@id":"https:\/\/seipuntozero-haircare.it\/de\/product\/take-over-pure-silver-shampoo-gegen-gelbstich-2\/","url":"https:\/\/seipuntozero-haircare.it\/de\/product\/take-over-pure-silver-shampoo-gegen-gelbstich-2\/","name":"Take Over Pure Silver | Shampoo gegen Gelbstich","isPartOf":{"@id":"https:\/\/seipuntozero-haircare.it\/de\/#website"},"primaryImageOfPage":{"@id":"https:\/\/seipuntozero-haircare.it\/de\/product\/take-over-pure-silver-shampoo-gegen-gelbstich-2\/#primaryimage"},"image":{"@id":"https:\/\/seipuntozero-haircare.it\/de\/product\/take-over-pure-silver-shampoo-gegen-gelbstich-2\/#primaryimage"},"thumbnailUrl":"https:\/\/seipuntozero-haircare.it\/wp-content\/uploads\/2022\/05\/263387_sei_punto_zero_take_over_pure_silver_shampoo_1000ml-1.png","datePublished":"2022-05-25T07:56:59+00:00","dateModified":"2022-05-27T10:35:18+00:00","description":"Take Over Pure Silver, das Shampoo gegen gelbstichiges Haar f\u00fcr wei\u00dfe und graue Haare.","breadcrumb":{"@id":"https:\/\/seipuntozero-haircare.it\/de\/product\/take-over-pure-silver-shampoo-gegen-gelbstich-2\/#breadcrumb"},"inLanguage":"de","potentialAction":[{"@type":"ReadAction","target":["https:\/\/seipuntozero-haircare.it\/de\/product\/take-over-pure-silver-shampoo-gegen-gelbstich-2\/"]}]},{"@type":"ImageObject","inLanguage":"de","@id":"https:\/\/seipuntozero-haircare.it\/de\/product\/take-over-pure-silver-shampoo-gegen-gelbstich-2\/#primaryimage","url":"https:\/\/seipuntozero-haircare.it\/wp-content\/uploads\/2022\/05\/263387_sei_punto_zero_take_over_pure_silver_shampoo_1000ml-1.png","contentUrl":"https:\/\/seipuntozero-haircare.it\/wp-content\/uploads\/2022\/05\/263387_sei_punto_zero_take_over_pure_silver_shampoo_1000ml-1.png","width":800,"height":800},{"@type":"BreadcrumbList","@id":"https:\/\/seipuntozero-haircare.it\/de\/product\/take-over-pure-silver-shampoo-gegen-gelbstich-2\/#breadcrumb","itemListElement":[{"@type":"ListItem","position":1,"name":"Home","item":"https:\/\/seipuntozero-haircare.it\/de\/"},{"@type":"ListItem","position":2,"name":"Products","item":"https:\/\/seipuntozero-haircare.it\/de\/shop\/"},{"@type":"ListItem","position":3,"name":"TAKE OVER \u2013 PURE SILVER Shampoo gegen Gelbstich"}]},{"@type":"WebSite","@id":"https:\/\/seipuntozero-haircare.it\/de\/#website","url":"https:\/\/seipuntozero-haircare.it\/de\/","name":"6.Zero","description":"Essential Touch","potentialAction":[{"@type":"SearchAction","target":{"@type":"EntryPoint","urlTemplate":"https:\/\/seipuntozero-haircare.it\/de\/?s={search_term_string}"},"query-input":{"@type":"PropertyValueSpecification","valueRequired":true,"valueName":"search_term_string"}}],"inLanguage":"de"}]}},"_links":{"self":[{"href":"https:\/\/seipuntozero-haircare.it\/de\/wp-json\/wp\/v2\/product\/19205","targetHints":{"allow":["GET"]}}],"collection":[{"href":"https:\/\/seipuntozero-haircare.it\/de\/wp-json\/wp\/v2\/product"}],"about":[{"href":"https:\/\/seipuntozero-haircare.it\/de\/wp-json\/wp\/v2\/types\/product"}],"wp:featuredmedia":[{"embeddable":true,"href":"https:\/\/seipuntozero-haircare.it\/de\/wp-json\/wp\/v2\/media\/19990"}],"wp:attachment":[{"href":"https:\/\/seipuntozero-haircare.it\/de\/wp-json\/wp\/v2\/media?parent=19205"}],"wp:term":[{"taxonomy":"product_brand","embeddable":true,"href":"https:\/\/seipuntozero-haircare.it\/de\/wp-json\/wp\/v2\/product_brand?post=19205"},{"taxonomy":"product_cat","embeddable":true,"href":"https:\/\/seipuntozero-haircare.it\/de\/wp-json\/wp\/v2\/product_cat?post=19205"},{"taxonomy":"product_tag","embeddable":true,"href":"https:\/\/seipuntozero-haircare.it\/de\/wp-json\/wp\/v2\/product_tag?post=19205"}],"curies":[{"name":"wp","href":"https:\/\/api.w.org\/{rel}","templated":true}]}}