{"id":19053,"date":"2021-12-13T09:00:59","date_gmt":"2021-11-25T09:28:59","guid":{"rendered":"https:\/\/seipuntozero-haircare.it\/?post_type=product&#038;p=19053"},"modified":"2021-12-13T10:42:14","modified_gmt":"2021-12-13T09:42:14","slug":"selection-xy-maske-fur-geschadigtes-haar-copia-copia-copia","status":"publish","type":"product","link":"https:\/\/seipuntozero-haircare.it\/de\/product\/selection-xy-maske-fur-geschadigtes-haar-copia-copia-copia\/","title":{"rendered":"HY-PLEX N\u00b03 <br> Multifunktionale Pflege f\u00fcr behandeltes Haar"},"content":{"rendered":"<ul>\n<li style=\"font-weight: 400;\" aria-level=\"1\"><span style=\"font-weight: 400;\">N\u00fctzlich f\u00fcr die Pflege der im Salon durchgef\u00fchrten Behandlung<\/span><\/li>\n<li style=\"font-weight: 400;\" aria-level=\"1\"><span style=\"font-weight: 400;\">Sch\u00fctzt spr\u00f6des Haar vor aggressiven chemischen Behandlungen<\/span><\/li>\n<li style=\"font-weight: 400;\" aria-level=\"1\"><span style=\"font-weight: 400;\">Erneuert und bewahrt die innere Struktur des Haares<\/span><\/li>\n<li style=\"font-weight: 400;\" aria-level=\"1\"><span style=\"font-weight: 400;\">Das Haar gewinnt an Kraft und Vitalit\u00e4t<\/span><\/li>\n<\/ul>\n","protected":false},"excerpt":{"rendered":"<p><span style=\"font-weight: 400;\">HY-PLEX N\u00b03 ist eine multifunktionale Emulsion, die vor oder nach der Haarw\u00e4sche aufgetragen wird, um das Ergebnis der im Salon durchgef\u00fchrten HY-PLEX-Behandlung zu verl\u00e4ngern. Dieses Produkt wurde f\u00fcr Haare entwickelt, die durch technische Behandlungen wie F\u00e4rben, Blondieren oder Dauerwellen strapaziert wurden, und tr\u00e4gt dazu bei, den N\u00e4hrstoffgehalt des Haares auch zu Hause aufrecht zu erhalten.<\/span><\/p>\n<p><span style=\"font-weight: 400;\">Dank der Kombination funktioneller Molek\u00fcle erneuert und bewahrt die spezielle Formel mit HP2-Technologie die innere Struktur des Haares.<\/span><\/p>\n<p><span style=\"font-weight: 400;\">Muss ausgesp\u00fclt werden.<\/span><\/p>\n<p><span style=\"font-weight: 400;\">150 ml<\/span><\/p>\n","protected":false},"featured_media":24068,"template":"","meta":[],"product_brand":[],"product_cat":[1130],"product_tag":[],"class_list":["post-19053","product","type-product","status-publish","has-post-thumbnail","hentry","product_cat-hy-plex-de"],"yoast_head":"<!-- This site is optimized with the Yoast SEO plugin v27.1.1 - https:\/\/yoast.com\/product\/yoast-seo-wordpress\/ -->\n<title>HY-PLEX N\u00b03 | Multifunktionale Pflege f\u00fcr behandeltes Haar<\/title>\n<meta name=\"description\" content=\"HY-PLEX N\u00b03 ist eine multifunktionale Emulsion, die vor oder nach der Haarw\u00e4sche aufgetragen wird, um das Ergebnis der im Salon durchgef\u00fchrten HY-PLEX.\" \/>\n<meta name=\"robots\" content=\"index, follow, max-snippet:-1, max-image-preview:large, max-video-preview:-1\" \/>\n<link rel=\"canonical\" href=\"https:\/\/seipuntozero-haircare.it\/de\/product\/selection-xy-maske-fur-geschadigtes-haar-copia-copia-copia\/\" \/>\n<meta property=\"og:locale\" content=\"de_DE\" \/>\n<meta property=\"og:type\" content=\"article\" \/>\n<meta property=\"og:title\" content=\"HY-PLEX N\u00b03 | Multifunktionale Pflege f\u00fcr behandeltes Haar\" \/>\n<meta property=\"og:description\" content=\"HY-PLEX N\u00b03 ist eine multifunktionale Emulsion, die vor oder nach der Haarw\u00e4sche aufgetragen wird, um das Ergebnis der im Salon durchgef\u00fchrten HY-PLEX.\" \/>\n<meta property=\"og:url\" content=\"https:\/\/seipuntozero-haircare.it\/de\/product\/selection-xy-maske-fur-geschadigtes-haar-copia-copia-copia\/\" \/>\n<meta property=\"og:site_name\" content=\"6.Zero\" \/>\n<meta property=\"article:modified_time\" content=\"2021-12-13T09:42:14+00:00\" \/>\n<meta property=\"og:image\" content=\"https:\/\/seipuntozero-haircare.it\/wp-content\/uploads\/2021\/11\/262984_sei_punto_zero_hy_plex_multifunctional_treatment_3_150ml.png\" \/>\n\t<meta property=\"og:image:width\" content=\"600\" \/>\n\t<meta property=\"og:image:height\" content=\"600\" \/>\n\t<meta property=\"og:image:type\" content=\"image\/png\" \/>\n<meta name=\"twitter:card\" content=\"summary_large_image\" \/>\n<meta name=\"twitter:label1\" content=\"Gesch\u00e4tzte Lesezeit\" \/>\n\t<meta name=\"twitter:data1\" content=\"1\u00a0Minute\" \/>\n<script type=\"application\/ld+json\" class=\"yoast-schema-graph\">{\"@context\":\"https:\/\/schema.org\",\"@graph\":[{\"@type\":\"WebPage\",\"@id\":\"https:\/\/seipuntozero-haircare.it\/de\/product\/selection-xy-maske-fur-geschadigtes-haar-copia-copia-copia\/\",\"url\":\"https:\/\/seipuntozero-haircare.it\/de\/product\/selection-xy-maske-fur-geschadigtes-haar-copia-copia-copia\/\",\"name\":\"HY-PLEX N\u00b03 | Multifunktionale Pflege f\u00fcr behandeltes Haar\",\"isPartOf\":{\"@id\":\"https:\/\/seipuntozero-haircare.it\/de\/#website\"},\"primaryImageOfPage\":{\"@id\":\"https:\/\/seipuntozero-haircare.it\/de\/product\/selection-xy-maske-fur-geschadigtes-haar-copia-copia-copia\/#primaryimage\"},\"image\":{\"@id\":\"https:\/\/seipuntozero-haircare.it\/de\/product\/selection-xy-maske-fur-geschadigtes-haar-copia-copia-copia\/#primaryimage\"},\"thumbnailUrl\":\"https:\/\/seipuntozero-haircare.it\/wp-content\/uploads\/2021\/12\/262984_sei_punto_zero_hy_plex_multifunctional_treatment_3_150ml.png\",\"datePublished\":\"2021-11-25T09:28:59+00:00\",\"dateModified\":\"2021-12-13T09:42:14+00:00\",\"description\":\"HY-PLEX N\u00b03 ist eine multifunktionale Emulsion, die vor oder nach der Haarw\u00e4sche aufgetragen wird, um das Ergebnis der im Salon durchgef\u00fchrten HY-PLEX.\",\"breadcrumb\":{\"@id\":\"https:\/\/seipuntozero-haircare.it\/de\/product\/selection-xy-maske-fur-geschadigtes-haar-copia-copia-copia\/#breadcrumb\"},\"inLanguage\":\"de\",\"potentialAction\":[{\"@type\":\"ReadAction\",\"target\":[\"https:\/\/seipuntozero-haircare.it\/de\/product\/selection-xy-maske-fur-geschadigtes-haar-copia-copia-copia\/\"]}]},{\"@type\":\"ImageObject\",\"inLanguage\":\"de\",\"@id\":\"https:\/\/seipuntozero-haircare.it\/de\/product\/selection-xy-maske-fur-geschadigtes-haar-copia-copia-copia\/#primaryimage\",\"url\":\"https:\/\/seipuntozero-haircare.it\/wp-content\/uploads\/2021\/12\/262984_sei_punto_zero_hy_plex_multifunctional_treatment_3_150ml.png\",\"contentUrl\":\"https:\/\/seipuntozero-haircare.it\/wp-content\/uploads\/2021\/12\/262984_sei_punto_zero_hy_plex_multifunctional_treatment_3_150ml.png\",\"width\":600,\"height\":600},{\"@type\":\"BreadcrumbList\",\"@id\":\"https:\/\/seipuntozero-haircare.it\/de\/product\/selection-xy-maske-fur-geschadigtes-haar-copia-copia-copia\/#breadcrumb\",\"itemListElement\":[{\"@type\":\"ListItem\",\"position\":1,\"name\":\"Home\",\"item\":\"https:\/\/seipuntozero-haircare.it\/de\/\"},{\"@type\":\"ListItem\",\"position\":2,\"name\":\"Products\",\"item\":\"https:\/\/seipuntozero-haircare.it\/de\/shop\/\"},{\"@type\":\"ListItem\",\"position\":3,\"name\":\"HY-PLEX N\u00b03 Multifunktionale Pflege f\u00fcr behandeltes Haar\"}]},{\"@type\":\"WebSite\",\"@id\":\"https:\/\/seipuntozero-haircare.it\/de\/#website\",\"url\":\"https:\/\/seipuntozero-haircare.it\/de\/\",\"name\":\"6.Zero\",\"description\":\"Essential Touch\",\"potentialAction\":[{\"@type\":\"SearchAction\",\"target\":{\"@type\":\"EntryPoint\",\"urlTemplate\":\"https:\/\/seipuntozero-haircare.it\/de\/?s={search_term_string}\"},\"query-input\":{\"@type\":\"PropertyValueSpecification\",\"valueRequired\":true,\"valueName\":\"search_term_string\"}}],\"inLanguage\":\"de\"}]}<\/script>\n<!-- \/ Yoast SEO plugin. -->","yoast_head_json":{"title":"HY-PLEX N\u00b03 | Multifunktionale Pflege f\u00fcr behandeltes Haar","description":"HY-PLEX N\u00b03 ist eine multifunktionale Emulsion, die vor oder nach der Haarw\u00e4sche aufgetragen wird, um das Ergebnis der im Salon durchgef\u00fchrten HY-PLEX.","robots":{"index":"index","follow":"follow","max-snippet":"max-snippet:-1","max-image-preview":"max-image-preview:large","max-video-preview":"max-video-preview:-1"},"canonical":"https:\/\/seipuntozero-haircare.it\/de\/product\/selection-xy-maske-fur-geschadigtes-haar-copia-copia-copia\/","og_locale":"de_DE","og_type":"article","og_title":"HY-PLEX N\u00b03 | Multifunktionale Pflege f\u00fcr behandeltes Haar","og_description":"HY-PLEX N\u00b03 ist eine multifunktionale Emulsion, die vor oder nach der Haarw\u00e4sche aufgetragen wird, um das Ergebnis der im Salon durchgef\u00fchrten HY-PLEX.","og_url":"https:\/\/seipuntozero-haircare.it\/de\/product\/selection-xy-maske-fur-geschadigtes-haar-copia-copia-copia\/","og_site_name":"6.Zero","article_modified_time":"2021-12-13T09:42:14+00:00","og_image":[{"width":600,"height":600,"url":"https:\/\/seipuntozero-haircare.it\/wp-content\/uploads\/2021\/11\/262984_sei_punto_zero_hy_plex_multifunctional_treatment_3_150ml.png","type":"image\/png"}],"twitter_card":"summary_large_image","twitter_misc":{"Gesch\u00e4tzte Lesezeit":"1\u00a0Minute"},"schema":{"@context":"https:\/\/schema.org","@graph":[{"@type":"WebPage","@id":"https:\/\/seipuntozero-haircare.it\/de\/product\/selection-xy-maske-fur-geschadigtes-haar-copia-copia-copia\/","url":"https:\/\/seipuntozero-haircare.it\/de\/product\/selection-xy-maske-fur-geschadigtes-haar-copia-copia-copia\/","name":"HY-PLEX N\u00b03 | Multifunktionale Pflege f\u00fcr behandeltes Haar","isPartOf":{"@id":"https:\/\/seipuntozero-haircare.it\/de\/#website"},"primaryImageOfPage":{"@id":"https:\/\/seipuntozero-haircare.it\/de\/product\/selection-xy-maske-fur-geschadigtes-haar-copia-copia-copia\/#primaryimage"},"image":{"@id":"https:\/\/seipuntozero-haircare.it\/de\/product\/selection-xy-maske-fur-geschadigtes-haar-copia-copia-copia\/#primaryimage"},"thumbnailUrl":"https:\/\/seipuntozero-haircare.it\/wp-content\/uploads\/2021\/12\/262984_sei_punto_zero_hy_plex_multifunctional_treatment_3_150ml.png","datePublished":"2021-11-25T09:28:59+00:00","dateModified":"2021-12-13T09:42:14+00:00","description":"HY-PLEX N\u00b03 ist eine multifunktionale Emulsion, die vor oder nach der Haarw\u00e4sche aufgetragen wird, um das Ergebnis der im Salon durchgef\u00fchrten HY-PLEX.","breadcrumb":{"@id":"https:\/\/seipuntozero-haircare.it\/de\/product\/selection-xy-maske-fur-geschadigtes-haar-copia-copia-copia\/#breadcrumb"},"inLanguage":"de","potentialAction":[{"@type":"ReadAction","target":["https:\/\/seipuntozero-haircare.it\/de\/product\/selection-xy-maske-fur-geschadigtes-haar-copia-copia-copia\/"]}]},{"@type":"ImageObject","inLanguage":"de","@id":"https:\/\/seipuntozero-haircare.it\/de\/product\/selection-xy-maske-fur-geschadigtes-haar-copia-copia-copia\/#primaryimage","url":"https:\/\/seipuntozero-haircare.it\/wp-content\/uploads\/2021\/12\/262984_sei_punto_zero_hy_plex_multifunctional_treatment_3_150ml.png","contentUrl":"https:\/\/seipuntozero-haircare.it\/wp-content\/uploads\/2021\/12\/262984_sei_punto_zero_hy_plex_multifunctional_treatment_3_150ml.png","width":600,"height":600},{"@type":"BreadcrumbList","@id":"https:\/\/seipuntozero-haircare.it\/de\/product\/selection-xy-maske-fur-geschadigtes-haar-copia-copia-copia\/#breadcrumb","itemListElement":[{"@type":"ListItem","position":1,"name":"Home","item":"https:\/\/seipuntozero-haircare.it\/de\/"},{"@type":"ListItem","position":2,"name":"Products","item":"https:\/\/seipuntozero-haircare.it\/de\/shop\/"},{"@type":"ListItem","position":3,"name":"HY-PLEX N\u00b03 Multifunktionale Pflege f\u00fcr behandeltes Haar"}]},{"@type":"WebSite","@id":"https:\/\/seipuntozero-haircare.it\/de\/#website","url":"https:\/\/seipuntozero-haircare.it\/de\/","name":"6.Zero","description":"Essential Touch","potentialAction":[{"@type":"SearchAction","target":{"@type":"EntryPoint","urlTemplate":"https:\/\/seipuntozero-haircare.it\/de\/?s={search_term_string}"},"query-input":{"@type":"PropertyValueSpecification","valueRequired":true,"valueName":"search_term_string"}}],"inLanguage":"de"}]}},"_links":{"self":[{"href":"https:\/\/seipuntozero-haircare.it\/de\/wp-json\/wp\/v2\/product\/19053","targetHints":{"allow":["GET"]}}],"collection":[{"href":"https:\/\/seipuntozero-haircare.it\/de\/wp-json\/wp\/v2\/product"}],"about":[{"href":"https:\/\/seipuntozero-haircare.it\/de\/wp-json\/wp\/v2\/types\/product"}],"wp:featuredmedia":[{"embeddable":true,"href":"https:\/\/seipuntozero-haircare.it\/de\/wp-json\/wp\/v2\/media\/24068"}],"wp:attachment":[{"href":"https:\/\/seipuntozero-haircare.it\/de\/wp-json\/wp\/v2\/media?parent=19053"}],"wp:term":[{"taxonomy":"product_brand","embeddable":true,"href":"https:\/\/seipuntozero-haircare.it\/de\/wp-json\/wp\/v2\/product_brand?post=19053"},{"taxonomy":"product_cat","embeddable":true,"href":"https:\/\/seipuntozero-haircare.it\/de\/wp-json\/wp\/v2\/product_cat?post=19053"},{"taxonomy":"product_tag","embeddable":true,"href":"https:\/\/seipuntozero-haircare.it\/de\/wp-json\/wp\/v2\/product_tag?post=19053"}],"curies":[{"name":"wp","href":"https:\/\/api.w.org\/{rel}","templated":true}]}}