{"id":19039,"date":"2021-12-13T09:00:54","date_gmt":"2021-11-25T09:16:54","guid":{"rendered":"https:\/\/seipuntozero-haircare.it\/?post_type=product&#038;p=19039"},"modified":"2021-12-13T10:39:41","modified_gmt":"2021-12-13T09:39:41","slug":"hy-plex-n1-schuetzendes-additiv-fuer-technische-haarbehandlungen","status":"publish","type":"product","link":"https:\/\/seipuntozero-haircare.it\/de\/product\/hy-plex-n1-schuetzendes-additiv-fuer-technische-haarbehandlungen\/","title":{"rendered":"HY-PLEX N\u00b01 <br> Sch\u00fctzendes Additiv f\u00fcr technische Haarbehandlungen"},"content":{"rendered":"<ul>\n<li style=\"font-weight: 400;\" aria-level=\"1\"><span style=\"font-weight: 400;\">Hilft dabei, das Haar vor aggressiven chemischen Behandlungen zu sch\u00fctzen<\/span><\/li>\n<li style=\"font-weight: 400;\" aria-level=\"1\"><span style=\"font-weight: 400;\">Verleiht dem Haar gro\u00dfe Spannkraft und versiegelt den \u00e4u\u00dferen Teil des Haares\u00a0<\/span><\/li>\n<li style=\"font-weight: 400;\" aria-level=\"1\"><span style=\"font-weight: 400;\">St\u00e4rkt die Haarfaser<\/span><\/li>\n<li style=\"font-weight: 400;\" aria-level=\"1\"><span style=\"font-weight: 400;\">Macht das Haar weich und gl\u00e4nzend<\/span><\/li>\n<\/ul>\n","protected":false},"excerpt":{"rendered":"<p><span style=\"font-weight: 400;\">Kr\u00e4ftiges und gesch\u00fctztes Haar mit HY-PLEX N\u00b01: die sch\u00fctzende Fl\u00fcssigkeit zur Vermischung mit dem technischen Produkt f\u00fcr F\u00e4rbe-, Blondier- oder Dauerwellenbehandlungen. <\/span><span style=\"font-weight: 400;\">Beim ersten Schritt verleiht HY-PLEX dem Haar Vitalit\u00e4t und F\u00fclle und verbessert das kosmetische Ergebnis der technischen Behandlung.<\/span><span style=\"font-weight: 400;\">Die revolution\u00e4re HP2-Technologie wirkt auf die Haarfaser und tr\u00e4gt dazu bei, die inneren Strukturen zu erhalten und Haarbruch zu vermeiden.<\/span><\/p>\n<p>&nbsp;<\/p>\n<p><span style=\"font-weight: 400;\">Inhalt 500 ml<\/span><\/p>\n","protected":false},"featured_media":18984,"template":"","meta":[],"product_brand":[],"product_cat":[1130],"product_tag":[],"class_list":["post-19039","product","type-product","status-publish","has-post-thumbnail","hentry","product_cat-hy-plex-de"],"yoast_head":"<!-- This site is optimized with the Yoast SEO plugin v27.1.1 - https:\/\/yoast.com\/product\/yoast-seo-wordpress\/ -->\n<title>HY-PLEX N\u00b01 | Sch\u00fctzendes Additiv f\u00fcr technische Haarbehandlungen<\/title>\n<meta name=\"description\" content=\"HY-PLEX N\u00b01: die sch\u00fctzende Fl\u00fcssigkeit zur Vermischung mit dem technischen Produkt f\u00fcr F\u00e4rbe-, Blondier- oder Dauerwellenbehandlungen.\" \/>\n<meta name=\"robots\" content=\"index, follow, max-snippet:-1, max-image-preview:large, max-video-preview:-1\" \/>\n<link rel=\"canonical\" href=\"https:\/\/seipuntozero-haircare.it\/de\/product\/hy-plex-n1-schuetzendes-additiv-fuer-technische-haarbehandlungen\/\" \/>\n<meta property=\"og:locale\" content=\"de_DE\" \/>\n<meta property=\"og:type\" content=\"article\" \/>\n<meta property=\"og:title\" content=\"HY-PLEX N\u00b01 | Sch\u00fctzendes Additiv f\u00fcr technische Haarbehandlungen\" \/>\n<meta property=\"og:description\" content=\"HY-PLEX N\u00b01: die sch\u00fctzende Fl\u00fcssigkeit zur Vermischung mit dem technischen Produkt f\u00fcr F\u00e4rbe-, Blondier- oder Dauerwellenbehandlungen.\" \/>\n<meta property=\"og:url\" content=\"https:\/\/seipuntozero-haircare.it\/de\/product\/hy-plex-n1-schuetzendes-additiv-fuer-technische-haarbehandlungen\/\" \/>\n<meta property=\"og:site_name\" content=\"6.Zero\" \/>\n<meta property=\"article:modified_time\" content=\"2021-12-13T09:39:41+00:00\" \/>\n<meta property=\"og:image\" content=\"https:\/\/seipuntozero-haircare.it\/wp-content\/uploads\/2021\/11\/262960_sei_punto_zero_hy_plex_defense_additive_1_500ml.png\" \/>\n\t<meta property=\"og:image:width\" content=\"600\" \/>\n\t<meta property=\"og:image:height\" content=\"600\" \/>\n\t<meta property=\"og:image:type\" content=\"image\/png\" \/>\n<meta name=\"twitter:card\" content=\"summary_large_image\" \/>\n<meta name=\"twitter:label1\" content=\"Gesch\u00e4tzte Lesezeit\" \/>\n\t<meta name=\"twitter:data1\" content=\"1\u00a0Minute\" \/>\n<script type=\"application\/ld+json\" class=\"yoast-schema-graph\">{\"@context\":\"https:\/\/schema.org\",\"@graph\":[{\"@type\":\"WebPage\",\"@id\":\"https:\/\/seipuntozero-haircare.it\/de\/product\/hy-plex-n1-schuetzendes-additiv-fuer-technische-haarbehandlungen\/\",\"url\":\"https:\/\/seipuntozero-haircare.it\/de\/product\/hy-plex-n1-schuetzendes-additiv-fuer-technische-haarbehandlungen\/\",\"name\":\"HY-PLEX N\u00b01 | Sch\u00fctzendes Additiv f\u00fcr technische Haarbehandlungen\",\"isPartOf\":{\"@id\":\"https:\/\/seipuntozero-haircare.it\/de\/#website\"},\"primaryImageOfPage\":{\"@id\":\"https:\/\/seipuntozero-haircare.it\/de\/product\/hy-plex-n1-schuetzendes-additiv-fuer-technische-haarbehandlungen\/#primaryimage\"},\"image\":{\"@id\":\"https:\/\/seipuntozero-haircare.it\/de\/product\/hy-plex-n1-schuetzendes-additiv-fuer-technische-haarbehandlungen\/#primaryimage\"},\"thumbnailUrl\":\"https:\/\/seipuntozero-haircare.it\/wp-content\/uploads\/2021\/11\/262960_sei_punto_zero_hy_plex_defense_additive_1_500ml.png\",\"datePublished\":\"2021-11-25T09:16:54+00:00\",\"dateModified\":\"2021-12-13T09:39:41+00:00\",\"description\":\"HY-PLEX N\u00b01: die sch\u00fctzende Fl\u00fcssigkeit zur Vermischung mit dem technischen Produkt f\u00fcr F\u00e4rbe-, Blondier- oder Dauerwellenbehandlungen.\",\"breadcrumb\":{\"@id\":\"https:\/\/seipuntozero-haircare.it\/de\/product\/hy-plex-n1-schuetzendes-additiv-fuer-technische-haarbehandlungen\/#breadcrumb\"},\"inLanguage\":\"de\",\"potentialAction\":[{\"@type\":\"ReadAction\",\"target\":[\"https:\/\/seipuntozero-haircare.it\/de\/product\/hy-plex-n1-schuetzendes-additiv-fuer-technische-haarbehandlungen\/\"]}]},{\"@type\":\"ImageObject\",\"inLanguage\":\"de\",\"@id\":\"https:\/\/seipuntozero-haircare.it\/de\/product\/hy-plex-n1-schuetzendes-additiv-fuer-technische-haarbehandlungen\/#primaryimage\",\"url\":\"https:\/\/seipuntozero-haircare.it\/wp-content\/uploads\/2021\/11\/262960_sei_punto_zero_hy_plex_defense_additive_1_500ml.png\",\"contentUrl\":\"https:\/\/seipuntozero-haircare.it\/wp-content\/uploads\/2021\/11\/262960_sei_punto_zero_hy_plex_defense_additive_1_500ml.png\",\"width\":600,\"height\":600},{\"@type\":\"BreadcrumbList\",\"@id\":\"https:\/\/seipuntozero-haircare.it\/de\/product\/hy-plex-n1-schuetzendes-additiv-fuer-technische-haarbehandlungen\/#breadcrumb\",\"itemListElement\":[{\"@type\":\"ListItem\",\"position\":1,\"name\":\"Home\",\"item\":\"https:\/\/seipuntozero-haircare.it\/de\/\"},{\"@type\":\"ListItem\",\"position\":2,\"name\":\"Products\",\"item\":\"https:\/\/seipuntozero-haircare.it\/de\/shop\/\"},{\"@type\":\"ListItem\",\"position\":3,\"name\":\"HY-PLEX N\u00b01 Sch\u00fctzendes Additiv f\u00fcr technische Haarbehandlungen\"}]},{\"@type\":\"WebSite\",\"@id\":\"https:\/\/seipuntozero-haircare.it\/de\/#website\",\"url\":\"https:\/\/seipuntozero-haircare.it\/de\/\",\"name\":\"6.Zero\",\"description\":\"Essential Touch\",\"potentialAction\":[{\"@type\":\"SearchAction\",\"target\":{\"@type\":\"EntryPoint\",\"urlTemplate\":\"https:\/\/seipuntozero-haircare.it\/de\/?s={search_term_string}\"},\"query-input\":{\"@type\":\"PropertyValueSpecification\",\"valueRequired\":true,\"valueName\":\"search_term_string\"}}],\"inLanguage\":\"de\"}]}<\/script>\n<!-- \/ Yoast SEO plugin. -->","yoast_head_json":{"title":"HY-PLEX N\u00b01 | Sch\u00fctzendes Additiv f\u00fcr technische Haarbehandlungen","description":"HY-PLEX N\u00b01: die sch\u00fctzende Fl\u00fcssigkeit zur Vermischung mit dem technischen Produkt f\u00fcr F\u00e4rbe-, Blondier- oder Dauerwellenbehandlungen.","robots":{"index":"index","follow":"follow","max-snippet":"max-snippet:-1","max-image-preview":"max-image-preview:large","max-video-preview":"max-video-preview:-1"},"canonical":"https:\/\/seipuntozero-haircare.it\/de\/product\/hy-plex-n1-schuetzendes-additiv-fuer-technische-haarbehandlungen\/","og_locale":"de_DE","og_type":"article","og_title":"HY-PLEX N\u00b01 | Sch\u00fctzendes Additiv f\u00fcr technische Haarbehandlungen","og_description":"HY-PLEX N\u00b01: die sch\u00fctzende Fl\u00fcssigkeit zur Vermischung mit dem technischen Produkt f\u00fcr F\u00e4rbe-, Blondier- oder Dauerwellenbehandlungen.","og_url":"https:\/\/seipuntozero-haircare.it\/de\/product\/hy-plex-n1-schuetzendes-additiv-fuer-technische-haarbehandlungen\/","og_site_name":"6.Zero","article_modified_time":"2021-12-13T09:39:41+00:00","og_image":[{"width":600,"height":600,"url":"https:\/\/seipuntozero-haircare.it\/wp-content\/uploads\/2021\/11\/262960_sei_punto_zero_hy_plex_defense_additive_1_500ml.png","type":"image\/png"}],"twitter_card":"summary_large_image","twitter_misc":{"Gesch\u00e4tzte Lesezeit":"1\u00a0Minute"},"schema":{"@context":"https:\/\/schema.org","@graph":[{"@type":"WebPage","@id":"https:\/\/seipuntozero-haircare.it\/de\/product\/hy-plex-n1-schuetzendes-additiv-fuer-technische-haarbehandlungen\/","url":"https:\/\/seipuntozero-haircare.it\/de\/product\/hy-plex-n1-schuetzendes-additiv-fuer-technische-haarbehandlungen\/","name":"HY-PLEX N\u00b01 | Sch\u00fctzendes Additiv f\u00fcr technische Haarbehandlungen","isPartOf":{"@id":"https:\/\/seipuntozero-haircare.it\/de\/#website"},"primaryImageOfPage":{"@id":"https:\/\/seipuntozero-haircare.it\/de\/product\/hy-plex-n1-schuetzendes-additiv-fuer-technische-haarbehandlungen\/#primaryimage"},"image":{"@id":"https:\/\/seipuntozero-haircare.it\/de\/product\/hy-plex-n1-schuetzendes-additiv-fuer-technische-haarbehandlungen\/#primaryimage"},"thumbnailUrl":"https:\/\/seipuntozero-haircare.it\/wp-content\/uploads\/2021\/11\/262960_sei_punto_zero_hy_plex_defense_additive_1_500ml.png","datePublished":"2021-11-25T09:16:54+00:00","dateModified":"2021-12-13T09:39:41+00:00","description":"HY-PLEX N\u00b01: die sch\u00fctzende Fl\u00fcssigkeit zur Vermischung mit dem technischen Produkt f\u00fcr F\u00e4rbe-, Blondier- oder Dauerwellenbehandlungen.","breadcrumb":{"@id":"https:\/\/seipuntozero-haircare.it\/de\/product\/hy-plex-n1-schuetzendes-additiv-fuer-technische-haarbehandlungen\/#breadcrumb"},"inLanguage":"de","potentialAction":[{"@type":"ReadAction","target":["https:\/\/seipuntozero-haircare.it\/de\/product\/hy-plex-n1-schuetzendes-additiv-fuer-technische-haarbehandlungen\/"]}]},{"@type":"ImageObject","inLanguage":"de","@id":"https:\/\/seipuntozero-haircare.it\/de\/product\/hy-plex-n1-schuetzendes-additiv-fuer-technische-haarbehandlungen\/#primaryimage","url":"https:\/\/seipuntozero-haircare.it\/wp-content\/uploads\/2021\/11\/262960_sei_punto_zero_hy_plex_defense_additive_1_500ml.png","contentUrl":"https:\/\/seipuntozero-haircare.it\/wp-content\/uploads\/2021\/11\/262960_sei_punto_zero_hy_plex_defense_additive_1_500ml.png","width":600,"height":600},{"@type":"BreadcrumbList","@id":"https:\/\/seipuntozero-haircare.it\/de\/product\/hy-plex-n1-schuetzendes-additiv-fuer-technische-haarbehandlungen\/#breadcrumb","itemListElement":[{"@type":"ListItem","position":1,"name":"Home","item":"https:\/\/seipuntozero-haircare.it\/de\/"},{"@type":"ListItem","position":2,"name":"Products","item":"https:\/\/seipuntozero-haircare.it\/de\/shop\/"},{"@type":"ListItem","position":3,"name":"HY-PLEX N\u00b01 Sch\u00fctzendes Additiv f\u00fcr technische Haarbehandlungen"}]},{"@type":"WebSite","@id":"https:\/\/seipuntozero-haircare.it\/de\/#website","url":"https:\/\/seipuntozero-haircare.it\/de\/","name":"6.Zero","description":"Essential Touch","potentialAction":[{"@type":"SearchAction","target":{"@type":"EntryPoint","urlTemplate":"https:\/\/seipuntozero-haircare.it\/de\/?s={search_term_string}"},"query-input":{"@type":"PropertyValueSpecification","valueRequired":true,"valueName":"search_term_string"}}],"inLanguage":"de"}]}},"_links":{"self":[{"href":"https:\/\/seipuntozero-haircare.it\/de\/wp-json\/wp\/v2\/product\/19039","targetHints":{"allow":["GET"]}}],"collection":[{"href":"https:\/\/seipuntozero-haircare.it\/de\/wp-json\/wp\/v2\/product"}],"about":[{"href":"https:\/\/seipuntozero-haircare.it\/de\/wp-json\/wp\/v2\/types\/product"}],"wp:featuredmedia":[{"embeddable":true,"href":"https:\/\/seipuntozero-haircare.it\/de\/wp-json\/wp\/v2\/media\/18984"}],"wp:attachment":[{"href":"https:\/\/seipuntozero-haircare.it\/de\/wp-json\/wp\/v2\/media?parent=19039"}],"wp:term":[{"taxonomy":"product_brand","embeddable":true,"href":"https:\/\/seipuntozero-haircare.it\/de\/wp-json\/wp\/v2\/product_brand?post=19039"},{"taxonomy":"product_cat","embeddable":true,"href":"https:\/\/seipuntozero-haircare.it\/de\/wp-json\/wp\/v2\/product_cat?post=19039"},{"taxonomy":"product_tag","embeddable":true,"href":"https:\/\/seipuntozero-haircare.it\/de\/wp-json\/wp\/v2\/product_tag?post=19039"}],"curies":[{"name":"wp","href":"https:\/\/api.w.org\/{rel}","templated":true}]}}