{"id":18448,"date":"2021-09-29T16:37:29","date_gmt":"2021-09-29T14:37:29","guid":{"rendered":"https:\/\/seipuntozero-haircare.it\/?post_type=product&#038;p=18448"},"modified":"2022-09-01T12:15:17","modified_gmt":"2022-09-01T10:15:17","slug":"take-over-active-power-shampoo-gegen-haarausfall-copia","status":"publish","type":"product","link":"https:\/\/seipuntozero-haircare.it\/de\/product\/take-over-active-power-shampoo-gegen-haarausfall-copia\/","title":{"rendered":"TAKE OVER \u2013 ACTIVE POWER <br> Set zur Vorbeugung von Haarausfall mit Shampoo und Ampulle"},"content":{"rendered":"<ul>\n<li style=\"font-weight: 400;\" aria-level=\"1\"><span style=\"font-weight: 400;\">Ideal f\u00fcr <\/span><b>zu Haarausfall neigendes<\/b><span style=\"font-weight: 400;\"> Haar<\/span><\/li>\n<li style=\"font-weight: 400;\" aria-level=\"1\"><span style=\"font-weight: 400;\">Kr\u00e4ftigt und sch\u00fctzt die Kopfhaut\u00a0<\/span><\/li>\n<li style=\"font-weight: 400;\" aria-level=\"1\"><span style=\"font-weight: 400;\">Verleiht dem Haar ein gesundes, gl\u00e4nzendes Aussehen <\/span><\/li>\n<li style=\"font-weight: 400;\" aria-level=\"1\"><b>Bek\u00e4mpft<\/b> wirksam<b> die Schw\u00e4chung des Haares<\/b><\/li>\n<\/ul>\n","protected":false},"excerpt":{"rendered":"<p><span style=\"font-weight: 400;\">Stress, aggressive kosmetische Behandlungen und Umweltverschmutzung sind Faktoren, die\u00a0\u00a0<\/span><span style=\"font-weight: 400;\">das Haar von innen heraus schw\u00e4chen und das <\/span><b>Risiko von Haarausfall<\/b><span style=\"font-weight: 400;\"> erh\u00f6hen.\u00a0<\/span><span style=\"font-weight: 400;\">Das <\/span><span style=\"font-weight: 400;\">Active Power<\/span><span style=\"font-weight: 400;\"> Shampoo und die Haarkur in Ampullen<\/span><b> st\u00e4rken das empfindliche Haar<\/b><span style=\"font-weight: 400;\"> dank ihrer <\/span><b>sch\u00fctzenden<\/b><span style=\"font-weight: 400;\"> und <\/span><b>antioxidativen Wirkung<\/b><span style=\"font-weight: 400;\"> und beugen so Haarausfall vor.<\/span><span style=\"font-weight: 400;\">Die in der Formel enthaltenen Pflanzenextrakte und Vitamine haben kr\u00e4ftigende und stimulierende Eigenschaften, die das Haar pflegen und ihm ein <\/span><b>gesundes, gl\u00e4nzendes Aussehen<\/b><span style=\"font-weight: 400;\"> verleihen.\u00a0<\/span><\/p>\n<p class=\"p1\">Das Set besteht aus dem Additiv-Shampoo 300 ml, einer Box mit 10 Ampullen \u00e0 8 ml und dem Hautmassageger\u00e4t, das die Mikrozirkulation reaktiviert und das Haarwachstum f\u00f6rdert.<\/p>\n<p>&nbsp;<\/p>\n","protected":false},"featured_media":19790,"template":"","meta":[],"product_brand":[],"product_cat":[933],"product_tag":[],"class_list":["post-18448","product","type-product","status-publish","has-post-thumbnail","hentry","product_cat-take-over-active-power-de"],"yoast_head":"<!-- This site is optimized with the Yoast SEO plugin v27.1.1 - https:\/\/yoast.com\/product\/yoast-seo-wordpress\/ -->\n<title>TAKE OVER \u2013 ACTIVE POWER - Set zur Vorbeugung von Haarausfall mit Shampoo und Ampulle<\/title>\n<meta name=\"description\" content=\"Das Active Power Shampoo und die Haarkur in Ampullen st\u00e4rken das empfindliche Haar dank ihrer sch\u00fctzenden und antioxidativen Wirkung und beugen so Haarausfall vor.\" \/>\n<meta name=\"robots\" content=\"index, follow, max-snippet:-1, max-image-preview:large, max-video-preview:-1\" \/>\n<link rel=\"canonical\" href=\"https:\/\/seipuntozero-haircare.it\/de\/product\/take-over-active-power-shampoo-gegen-haarausfall-copia\/\" \/>\n<meta property=\"og:locale\" content=\"de_DE\" \/>\n<meta property=\"og:type\" content=\"article\" \/>\n<meta property=\"og:title\" content=\"TAKE OVER \u2013 ACTIVE POWER - Set zur Vorbeugung von Haarausfall mit Shampoo und Ampulle\" \/>\n<meta property=\"og:description\" content=\"Das Active Power Shampoo und die Haarkur in Ampullen st\u00e4rken das empfindliche Haar dank ihrer sch\u00fctzenden und antioxidativen Wirkung und beugen so Haarausfall vor.\" \/>\n<meta property=\"og:url\" content=\"https:\/\/seipuntozero-haircare.it\/de\/product\/take-over-active-power-shampoo-gegen-haarausfall-copia\/\" \/>\n<meta property=\"og:site_name\" content=\"6.Zero\" \/>\n<meta property=\"article:modified_time\" content=\"2022-09-01T10:15:17+00:00\" \/>\n<meta property=\"og:image\" content=\"https:\/\/seipuntozero-haircare.it\/wp-content\/uploads\/2021\/09\/sei_punto_zero_take_over_kit_active_power_massaggiatore.png\" \/>\n\t<meta property=\"og:image:width\" content=\"600\" \/>\n\t<meta property=\"og:image:height\" content=\"600\" \/>\n\t<meta property=\"og:image:type\" content=\"image\/png\" \/>\n<meta name=\"twitter:card\" content=\"summary_large_image\" \/>\n<meta name=\"twitter:label1\" content=\"Gesch\u00e4tzte Lesezeit\" \/>\n\t<meta name=\"twitter:data1\" content=\"1\u00a0Minute\" \/>\n<script type=\"application\/ld+json\" class=\"yoast-schema-graph\">{\"@context\":\"https:\/\/schema.org\",\"@graph\":[{\"@type\":\"WebPage\",\"@id\":\"https:\/\/seipuntozero-haircare.it\/de\/product\/take-over-active-power-shampoo-gegen-haarausfall-copia\/\",\"url\":\"https:\/\/seipuntozero-haircare.it\/de\/product\/take-over-active-power-shampoo-gegen-haarausfall-copia\/\",\"name\":\"TAKE OVER \u2013 ACTIVE POWER - Set zur Vorbeugung von Haarausfall mit Shampoo und Ampulle\",\"isPartOf\":{\"@id\":\"https:\/\/seipuntozero-haircare.it\/de\/#website\"},\"primaryImageOfPage\":{\"@id\":\"https:\/\/seipuntozero-haircare.it\/de\/product\/take-over-active-power-shampoo-gegen-haarausfall-copia\/#primaryimage\"},\"image\":{\"@id\":\"https:\/\/seipuntozero-haircare.it\/de\/product\/take-over-active-power-shampoo-gegen-haarausfall-copia\/#primaryimage\"},\"thumbnailUrl\":\"https:\/\/seipuntozero-haircare.it\/wp-content\/uploads\/2021\/09\/sei_punto_zero_take_over_kit_active_power_massaggiatore.png\",\"datePublished\":\"2021-09-29T14:37:29+00:00\",\"dateModified\":\"2022-09-01T10:15:17+00:00\",\"description\":\"Das Active Power Shampoo und die Haarkur in Ampullen st\u00e4rken das empfindliche Haar dank ihrer sch\u00fctzenden und antioxidativen Wirkung und beugen so Haarausfall vor.\",\"breadcrumb\":{\"@id\":\"https:\/\/seipuntozero-haircare.it\/de\/product\/take-over-active-power-shampoo-gegen-haarausfall-copia\/#breadcrumb\"},\"inLanguage\":\"de\",\"potentialAction\":[{\"@type\":\"ReadAction\",\"target\":[\"https:\/\/seipuntozero-haircare.it\/de\/product\/take-over-active-power-shampoo-gegen-haarausfall-copia\/\"]}]},{\"@type\":\"ImageObject\",\"inLanguage\":\"de\",\"@id\":\"https:\/\/seipuntozero-haircare.it\/de\/product\/take-over-active-power-shampoo-gegen-haarausfall-copia\/#primaryimage\",\"url\":\"https:\/\/seipuntozero-haircare.it\/wp-content\/uploads\/2021\/09\/sei_punto_zero_take_over_kit_active_power_massaggiatore.png\",\"contentUrl\":\"https:\/\/seipuntozero-haircare.it\/wp-content\/uploads\/2021\/09\/sei_punto_zero_take_over_kit_active_power_massaggiatore.png\",\"width\":600,\"height\":600},{\"@type\":\"BreadcrumbList\",\"@id\":\"https:\/\/seipuntozero-haircare.it\/de\/product\/take-over-active-power-shampoo-gegen-haarausfall-copia\/#breadcrumb\",\"itemListElement\":[{\"@type\":\"ListItem\",\"position\":1,\"name\":\"Home\",\"item\":\"https:\/\/seipuntozero-haircare.it\/de\/\"},{\"@type\":\"ListItem\",\"position\":2,\"name\":\"Products\",\"item\":\"https:\/\/seipuntozero-haircare.it\/de\/shop\/\"},{\"@type\":\"ListItem\",\"position\":3,\"name\":\"TAKE OVER \u2013 ACTIVE POWER Set zur Vorbeugung von Haarausfall mit Shampoo und Ampulle\"}]},{\"@type\":\"WebSite\",\"@id\":\"https:\/\/seipuntozero-haircare.it\/de\/#website\",\"url\":\"https:\/\/seipuntozero-haircare.it\/de\/\",\"name\":\"6.Zero\",\"description\":\"Essential Touch\",\"potentialAction\":[{\"@type\":\"SearchAction\",\"target\":{\"@type\":\"EntryPoint\",\"urlTemplate\":\"https:\/\/seipuntozero-haircare.it\/de\/?s={search_term_string}\"},\"query-input\":{\"@type\":\"PropertyValueSpecification\",\"valueRequired\":true,\"valueName\":\"search_term_string\"}}],\"inLanguage\":\"de\"}]}<\/script>\n<!-- \/ Yoast SEO plugin. -->","yoast_head_json":{"title":"TAKE OVER \u2013 ACTIVE POWER - Set zur Vorbeugung von Haarausfall mit Shampoo und Ampulle","description":"Das Active Power Shampoo und die Haarkur in Ampullen st\u00e4rken das empfindliche Haar dank ihrer sch\u00fctzenden und antioxidativen Wirkung und beugen so Haarausfall vor.","robots":{"index":"index","follow":"follow","max-snippet":"max-snippet:-1","max-image-preview":"max-image-preview:large","max-video-preview":"max-video-preview:-1"},"canonical":"https:\/\/seipuntozero-haircare.it\/de\/product\/take-over-active-power-shampoo-gegen-haarausfall-copia\/","og_locale":"de_DE","og_type":"article","og_title":"TAKE OVER \u2013 ACTIVE POWER - Set zur Vorbeugung von Haarausfall mit Shampoo und Ampulle","og_description":"Das Active Power Shampoo und die Haarkur in Ampullen st\u00e4rken das empfindliche Haar dank ihrer sch\u00fctzenden und antioxidativen Wirkung und beugen so Haarausfall vor.","og_url":"https:\/\/seipuntozero-haircare.it\/de\/product\/take-over-active-power-shampoo-gegen-haarausfall-copia\/","og_site_name":"6.Zero","article_modified_time":"2022-09-01T10:15:17+00:00","og_image":[{"width":600,"height":600,"url":"https:\/\/seipuntozero-haircare.it\/wp-content\/uploads\/2021\/09\/sei_punto_zero_take_over_kit_active_power_massaggiatore.png","type":"image\/png"}],"twitter_card":"summary_large_image","twitter_misc":{"Gesch\u00e4tzte Lesezeit":"1\u00a0Minute"},"schema":{"@context":"https:\/\/schema.org","@graph":[{"@type":"WebPage","@id":"https:\/\/seipuntozero-haircare.it\/de\/product\/take-over-active-power-shampoo-gegen-haarausfall-copia\/","url":"https:\/\/seipuntozero-haircare.it\/de\/product\/take-over-active-power-shampoo-gegen-haarausfall-copia\/","name":"TAKE OVER \u2013 ACTIVE POWER - Set zur Vorbeugung von Haarausfall mit Shampoo und Ampulle","isPartOf":{"@id":"https:\/\/seipuntozero-haircare.it\/de\/#website"},"primaryImageOfPage":{"@id":"https:\/\/seipuntozero-haircare.it\/de\/product\/take-over-active-power-shampoo-gegen-haarausfall-copia\/#primaryimage"},"image":{"@id":"https:\/\/seipuntozero-haircare.it\/de\/product\/take-over-active-power-shampoo-gegen-haarausfall-copia\/#primaryimage"},"thumbnailUrl":"https:\/\/seipuntozero-haircare.it\/wp-content\/uploads\/2021\/09\/sei_punto_zero_take_over_kit_active_power_massaggiatore.png","datePublished":"2021-09-29T14:37:29+00:00","dateModified":"2022-09-01T10:15:17+00:00","description":"Das Active Power Shampoo und die Haarkur in Ampullen st\u00e4rken das empfindliche Haar dank ihrer sch\u00fctzenden und antioxidativen Wirkung und beugen so Haarausfall vor.","breadcrumb":{"@id":"https:\/\/seipuntozero-haircare.it\/de\/product\/take-over-active-power-shampoo-gegen-haarausfall-copia\/#breadcrumb"},"inLanguage":"de","potentialAction":[{"@type":"ReadAction","target":["https:\/\/seipuntozero-haircare.it\/de\/product\/take-over-active-power-shampoo-gegen-haarausfall-copia\/"]}]},{"@type":"ImageObject","inLanguage":"de","@id":"https:\/\/seipuntozero-haircare.it\/de\/product\/take-over-active-power-shampoo-gegen-haarausfall-copia\/#primaryimage","url":"https:\/\/seipuntozero-haircare.it\/wp-content\/uploads\/2021\/09\/sei_punto_zero_take_over_kit_active_power_massaggiatore.png","contentUrl":"https:\/\/seipuntozero-haircare.it\/wp-content\/uploads\/2021\/09\/sei_punto_zero_take_over_kit_active_power_massaggiatore.png","width":600,"height":600},{"@type":"BreadcrumbList","@id":"https:\/\/seipuntozero-haircare.it\/de\/product\/take-over-active-power-shampoo-gegen-haarausfall-copia\/#breadcrumb","itemListElement":[{"@type":"ListItem","position":1,"name":"Home","item":"https:\/\/seipuntozero-haircare.it\/de\/"},{"@type":"ListItem","position":2,"name":"Products","item":"https:\/\/seipuntozero-haircare.it\/de\/shop\/"},{"@type":"ListItem","position":3,"name":"TAKE OVER \u2013 ACTIVE POWER Set zur Vorbeugung von Haarausfall mit Shampoo und Ampulle"}]},{"@type":"WebSite","@id":"https:\/\/seipuntozero-haircare.it\/de\/#website","url":"https:\/\/seipuntozero-haircare.it\/de\/","name":"6.Zero","description":"Essential Touch","potentialAction":[{"@type":"SearchAction","target":{"@type":"EntryPoint","urlTemplate":"https:\/\/seipuntozero-haircare.it\/de\/?s={search_term_string}"},"query-input":{"@type":"PropertyValueSpecification","valueRequired":true,"valueName":"search_term_string"}}],"inLanguage":"de"}]}},"_links":{"self":[{"href":"https:\/\/seipuntozero-haircare.it\/de\/wp-json\/wp\/v2\/product\/18448","targetHints":{"allow":["GET"]}}],"collection":[{"href":"https:\/\/seipuntozero-haircare.it\/de\/wp-json\/wp\/v2\/product"}],"about":[{"href":"https:\/\/seipuntozero-haircare.it\/de\/wp-json\/wp\/v2\/types\/product"}],"wp:featuredmedia":[{"embeddable":true,"href":"https:\/\/seipuntozero-haircare.it\/de\/wp-json\/wp\/v2\/media\/19790"}],"wp:attachment":[{"href":"https:\/\/seipuntozero-haircare.it\/de\/wp-json\/wp\/v2\/media?parent=18448"}],"wp:term":[{"taxonomy":"product_brand","embeddable":true,"href":"https:\/\/seipuntozero-haircare.it\/de\/wp-json\/wp\/v2\/product_brand?post=18448"},{"taxonomy":"product_cat","embeddable":true,"href":"https:\/\/seipuntozero-haircare.it\/de\/wp-json\/wp\/v2\/product_cat?post=18448"},{"taxonomy":"product_tag","embeddable":true,"href":"https:\/\/seipuntozero-haircare.it\/de\/wp-json\/wp\/v2\/product_tag?post=18448"}],"curies":[{"name":"wp","href":"https:\/\/api.w.org\/{rel}","templated":true}]}}