{"id":16177,"date":"2017-03-15T16:31:04","date_gmt":"2017-03-15T15:31:04","guid":{"rendered":"https:\/\/seipuntozero-haircare.it\/prodotto\/take-over-protective-color-maske-fur-koloriertes-haar-mit-strahnchen-2\/"},"modified":"2021-06-18T11:50:30","modified_gmt":"2021-06-18T09:50:30","slug":"take-over-protective-color-maske-fur-koloriertes-haar-mit-strahnchen-2","status":"publish","type":"product","link":"https:\/\/seipuntozero-haircare.it\/de\/product\/take-over-protective-color-maske-fur-koloriertes-haar-mit-strahnchen-2\/","title":{"rendered":"TAKE OVER \u2013 PROTECTIVE COLOR <br> Maske f\u00fcr koloriertes Haar mit Str\u00e4hnchen"},"content":{"rendered":"<ul>\n<li>Die <strong>Intensit\u00e4t der Haarfarbe<\/strong> h\u00e4lt l\u00e4nger an<\/li>\n<li>Koloriertes Haar mit Str\u00e4hnchen wird <strong>gepflegt und gesch\u00fctzt<\/strong><\/li>\n<li>Das Haar gl\u00e4nzt und <strong>leuchtet wieder<\/strong><\/li>\n<\/ul>\n","protected":false},"excerpt":{"rendered":"<p>Take Over Protective Color, die <strong>Maske f\u00fcr koloriertes Haar und Haar mit Str\u00e4hnchen<\/strong>, mit cremiger und leichter Textur, weist eine extrem n\u00e4hrende und sch\u00fctzende Wirkung auf. Sie bildet einen unsichtbaren Film um das Haar, der die Dauer und die Leuchtkraft der Farbe verl\u00e4ngert, und steigert dank des speziellen <strong>Farbschutz-Komplexes<\/strong>, der mit dem <strong>Argan-\u00d6l<\/strong> und dem <strong>Granatapfel-Extrakt<\/strong> interagiert, die Intensit\u00e4t.<\/p>\n<p>300 ml Gef\u00e4\u00df<\/p>\n","protected":false},"featured_media":19948,"template":"","meta":[],"product_brand":[],"product_cat":[930],"product_tag":[],"class_list":["post-16177","product","type-product","status-publish","has-post-thumbnail","hentry","product_cat-take-over-protective-color-de"],"yoast_head":"<!-- This site is optimized with the Yoast SEO plugin v27.1.1 - https:\/\/yoast.com\/product\/yoast-seo-wordpress\/ -->\n<title>Take Over Protective Color | Maske f\u00fcr koloriertes Haar mit Str\u00e4hnchen<\/title>\n<meta name=\"description\" content=\"Take Over Protective Color, die Maske f\u00fcr koloriertes Haar und Haar mit Str\u00e4hnchen, mit cremiger und leichter Textur, weist eine extrem n\u00e4hrende und sch\u00fctzende Wirkung auf.\" \/>\n<meta name=\"robots\" content=\"index, follow, max-snippet:-1, max-image-preview:large, max-video-preview:-1\" \/>\n<link rel=\"canonical\" href=\"https:\/\/seipuntozero-haircare.it\/de\/product\/take-over-protective-color-maske-fur-koloriertes-haar-mit-strahnchen-2\/\" \/>\n<meta property=\"og:locale\" content=\"de_DE\" \/>\n<meta property=\"og:type\" content=\"article\" \/>\n<meta property=\"og:title\" content=\"Take Over Protective Color | Maske f\u00fcr koloriertes Haar mit Str\u00e4hnchen\" \/>\n<meta property=\"og:description\" content=\"Take Over Protective Color, die Maske f\u00fcr koloriertes Haar und Haar mit Str\u00e4hnchen, mit cremiger und leichter Textur, weist eine extrem n\u00e4hrende und sch\u00fctzende Wirkung auf.\" \/>\n<meta property=\"og:url\" content=\"https:\/\/seipuntozero-haircare.it\/de\/product\/take-over-protective-color-maske-fur-koloriertes-haar-mit-strahnchen-2\/\" \/>\n<meta property=\"og:site_name\" content=\"6.Zero\" \/>\n<meta property=\"article:modified_time\" content=\"2021-06-18T09:50:30+00:00\" \/>\n<meta property=\"og:image\" content=\"https:\/\/seipuntozero-haircare.it\/wp-content\/uploads\/2019\/03\/262304_sei_punto_zero_take_over_protective_color_mask_300ml-1.png\" \/>\n\t<meta property=\"og:image:width\" content=\"800\" \/>\n\t<meta property=\"og:image:height\" content=\"800\" \/>\n\t<meta property=\"og:image:type\" content=\"image\/png\" \/>\n<meta name=\"twitter:card\" content=\"summary_large_image\" \/>\n<meta name=\"twitter:label1\" content=\"Gesch\u00e4tzte Lesezeit\" \/>\n\t<meta name=\"twitter:data1\" content=\"1\u00a0Minute\" \/>\n<script type=\"application\/ld+json\" class=\"yoast-schema-graph\">{\"@context\":\"https:\/\/schema.org\",\"@graph\":[{\"@type\":\"WebPage\",\"@id\":\"https:\/\/seipuntozero-haircare.it\/de\/product\/take-over-protective-color-maske-fur-koloriertes-haar-mit-strahnchen-2\/\",\"url\":\"https:\/\/seipuntozero-haircare.it\/de\/product\/take-over-protective-color-maske-fur-koloriertes-haar-mit-strahnchen-2\/\",\"name\":\"Take Over Protective Color | Maske f\u00fcr koloriertes Haar mit Str\u00e4hnchen\",\"isPartOf\":{\"@id\":\"https:\/\/seipuntozero-haircare.it\/de\/#website\"},\"primaryImageOfPage\":{\"@id\":\"https:\/\/seipuntozero-haircare.it\/de\/product\/take-over-protective-color-maske-fur-koloriertes-haar-mit-strahnchen-2\/#primaryimage\"},\"image\":{\"@id\":\"https:\/\/seipuntozero-haircare.it\/de\/product\/take-over-protective-color-maske-fur-koloriertes-haar-mit-strahnchen-2\/#primaryimage\"},\"thumbnailUrl\":\"https:\/\/seipuntozero-haircare.it\/wp-content\/uploads\/2019\/03\/262304_sei_punto_zero_take_over_protective_color_mask_300ml-1.png\",\"datePublished\":\"2017-03-15T15:31:04+00:00\",\"dateModified\":\"2021-06-18T09:50:30+00:00\",\"description\":\"Take Over Protective Color, die Maske f\u00fcr koloriertes Haar und Haar mit Str\u00e4hnchen, mit cremiger und leichter Textur, weist eine extrem n\u00e4hrende und sch\u00fctzende Wirkung auf.\",\"breadcrumb\":{\"@id\":\"https:\/\/seipuntozero-haircare.it\/de\/product\/take-over-protective-color-maske-fur-koloriertes-haar-mit-strahnchen-2\/#breadcrumb\"},\"inLanguage\":\"de\",\"potentialAction\":[{\"@type\":\"ReadAction\",\"target\":[\"https:\/\/seipuntozero-haircare.it\/de\/product\/take-over-protective-color-maske-fur-koloriertes-haar-mit-strahnchen-2\/\"]}]},{\"@type\":\"ImageObject\",\"inLanguage\":\"de\",\"@id\":\"https:\/\/seipuntozero-haircare.it\/de\/product\/take-over-protective-color-maske-fur-koloriertes-haar-mit-strahnchen-2\/#primaryimage\",\"url\":\"https:\/\/seipuntozero-haircare.it\/wp-content\/uploads\/2019\/03\/262304_sei_punto_zero_take_over_protective_color_mask_300ml-1.png\",\"contentUrl\":\"https:\/\/seipuntozero-haircare.it\/wp-content\/uploads\/2019\/03\/262304_sei_punto_zero_take_over_protective_color_mask_300ml-1.png\",\"width\":800,\"height\":800},{\"@type\":\"BreadcrumbList\",\"@id\":\"https:\/\/seipuntozero-haircare.it\/de\/product\/take-over-protective-color-maske-fur-koloriertes-haar-mit-strahnchen-2\/#breadcrumb\",\"itemListElement\":[{\"@type\":\"ListItem\",\"position\":1,\"name\":\"Home\",\"item\":\"https:\/\/seipuntozero-haircare.it\/de\/\"},{\"@type\":\"ListItem\",\"position\":2,\"name\":\"Products\",\"item\":\"https:\/\/seipuntozero-haircare.it\/de\/shop\/\"},{\"@type\":\"ListItem\",\"position\":3,\"name\":\"TAKE OVER \u2013 PROTECTIVE COLOR Maske f\u00fcr koloriertes Haar mit Str\u00e4hnchen\"}]},{\"@type\":\"WebSite\",\"@id\":\"https:\/\/seipuntozero-haircare.it\/de\/#website\",\"url\":\"https:\/\/seipuntozero-haircare.it\/de\/\",\"name\":\"6.Zero\",\"description\":\"Essential Touch\",\"potentialAction\":[{\"@type\":\"SearchAction\",\"target\":{\"@type\":\"EntryPoint\",\"urlTemplate\":\"https:\/\/seipuntozero-haircare.it\/de\/?s={search_term_string}\"},\"query-input\":{\"@type\":\"PropertyValueSpecification\",\"valueRequired\":true,\"valueName\":\"search_term_string\"}}],\"inLanguage\":\"de\"}]}<\/script>\n<!-- \/ Yoast SEO plugin. -->","yoast_head_json":{"title":"Take Over Protective Color | Maske f\u00fcr koloriertes Haar mit Str\u00e4hnchen","description":"Take Over Protective Color, die Maske f\u00fcr koloriertes Haar und Haar mit Str\u00e4hnchen, mit cremiger und leichter Textur, weist eine extrem n\u00e4hrende und sch\u00fctzende Wirkung auf.","robots":{"index":"index","follow":"follow","max-snippet":"max-snippet:-1","max-image-preview":"max-image-preview:large","max-video-preview":"max-video-preview:-1"},"canonical":"https:\/\/seipuntozero-haircare.it\/de\/product\/take-over-protective-color-maske-fur-koloriertes-haar-mit-strahnchen-2\/","og_locale":"de_DE","og_type":"article","og_title":"Take Over Protective Color | Maske f\u00fcr koloriertes Haar mit Str\u00e4hnchen","og_description":"Take Over Protective Color, die Maske f\u00fcr koloriertes Haar und Haar mit Str\u00e4hnchen, mit cremiger und leichter Textur, weist eine extrem n\u00e4hrende und sch\u00fctzende Wirkung auf.","og_url":"https:\/\/seipuntozero-haircare.it\/de\/product\/take-over-protective-color-maske-fur-koloriertes-haar-mit-strahnchen-2\/","og_site_name":"6.Zero","article_modified_time":"2021-06-18T09:50:30+00:00","og_image":[{"width":800,"height":800,"url":"https:\/\/seipuntozero-haircare.it\/wp-content\/uploads\/2019\/03\/262304_sei_punto_zero_take_over_protective_color_mask_300ml-1.png","type":"image\/png"}],"twitter_card":"summary_large_image","twitter_misc":{"Gesch\u00e4tzte Lesezeit":"1\u00a0Minute"},"schema":{"@context":"https:\/\/schema.org","@graph":[{"@type":"WebPage","@id":"https:\/\/seipuntozero-haircare.it\/de\/product\/take-over-protective-color-maske-fur-koloriertes-haar-mit-strahnchen-2\/","url":"https:\/\/seipuntozero-haircare.it\/de\/product\/take-over-protective-color-maske-fur-koloriertes-haar-mit-strahnchen-2\/","name":"Take Over Protective Color | Maske f\u00fcr koloriertes Haar mit Str\u00e4hnchen","isPartOf":{"@id":"https:\/\/seipuntozero-haircare.it\/de\/#website"},"primaryImageOfPage":{"@id":"https:\/\/seipuntozero-haircare.it\/de\/product\/take-over-protective-color-maske-fur-koloriertes-haar-mit-strahnchen-2\/#primaryimage"},"image":{"@id":"https:\/\/seipuntozero-haircare.it\/de\/product\/take-over-protective-color-maske-fur-koloriertes-haar-mit-strahnchen-2\/#primaryimage"},"thumbnailUrl":"https:\/\/seipuntozero-haircare.it\/wp-content\/uploads\/2019\/03\/262304_sei_punto_zero_take_over_protective_color_mask_300ml-1.png","datePublished":"2017-03-15T15:31:04+00:00","dateModified":"2021-06-18T09:50:30+00:00","description":"Take Over Protective Color, die Maske f\u00fcr koloriertes Haar und Haar mit Str\u00e4hnchen, mit cremiger und leichter Textur, weist eine extrem n\u00e4hrende und sch\u00fctzende Wirkung auf.","breadcrumb":{"@id":"https:\/\/seipuntozero-haircare.it\/de\/product\/take-over-protective-color-maske-fur-koloriertes-haar-mit-strahnchen-2\/#breadcrumb"},"inLanguage":"de","potentialAction":[{"@type":"ReadAction","target":["https:\/\/seipuntozero-haircare.it\/de\/product\/take-over-protective-color-maske-fur-koloriertes-haar-mit-strahnchen-2\/"]}]},{"@type":"ImageObject","inLanguage":"de","@id":"https:\/\/seipuntozero-haircare.it\/de\/product\/take-over-protective-color-maske-fur-koloriertes-haar-mit-strahnchen-2\/#primaryimage","url":"https:\/\/seipuntozero-haircare.it\/wp-content\/uploads\/2019\/03\/262304_sei_punto_zero_take_over_protective_color_mask_300ml-1.png","contentUrl":"https:\/\/seipuntozero-haircare.it\/wp-content\/uploads\/2019\/03\/262304_sei_punto_zero_take_over_protective_color_mask_300ml-1.png","width":800,"height":800},{"@type":"BreadcrumbList","@id":"https:\/\/seipuntozero-haircare.it\/de\/product\/take-over-protective-color-maske-fur-koloriertes-haar-mit-strahnchen-2\/#breadcrumb","itemListElement":[{"@type":"ListItem","position":1,"name":"Home","item":"https:\/\/seipuntozero-haircare.it\/de\/"},{"@type":"ListItem","position":2,"name":"Products","item":"https:\/\/seipuntozero-haircare.it\/de\/shop\/"},{"@type":"ListItem","position":3,"name":"TAKE OVER \u2013 PROTECTIVE COLOR Maske f\u00fcr koloriertes Haar mit Str\u00e4hnchen"}]},{"@type":"WebSite","@id":"https:\/\/seipuntozero-haircare.it\/de\/#website","url":"https:\/\/seipuntozero-haircare.it\/de\/","name":"6.Zero","description":"Essential Touch","potentialAction":[{"@type":"SearchAction","target":{"@type":"EntryPoint","urlTemplate":"https:\/\/seipuntozero-haircare.it\/de\/?s={search_term_string}"},"query-input":{"@type":"PropertyValueSpecification","valueRequired":true,"valueName":"search_term_string"}}],"inLanguage":"de"}]}},"_links":{"self":[{"href":"https:\/\/seipuntozero-haircare.it\/de\/wp-json\/wp\/v2\/product\/16177","targetHints":{"allow":["GET"]}}],"collection":[{"href":"https:\/\/seipuntozero-haircare.it\/de\/wp-json\/wp\/v2\/product"}],"about":[{"href":"https:\/\/seipuntozero-haircare.it\/de\/wp-json\/wp\/v2\/types\/product"}],"wp:featuredmedia":[{"embeddable":true,"href":"https:\/\/seipuntozero-haircare.it\/de\/wp-json\/wp\/v2\/media\/19948"}],"wp:attachment":[{"href":"https:\/\/seipuntozero-haircare.it\/de\/wp-json\/wp\/v2\/media?parent=16177"}],"wp:term":[{"taxonomy":"product_brand","embeddable":true,"href":"https:\/\/seipuntozero-haircare.it\/de\/wp-json\/wp\/v2\/product_brand?post=16177"},{"taxonomy":"product_cat","embeddable":true,"href":"https:\/\/seipuntozero-haircare.it\/de\/wp-json\/wp\/v2\/product_cat?post=16177"},{"taxonomy":"product_tag","embeddable":true,"href":"https:\/\/seipuntozero-haircare.it\/de\/wp-json\/wp\/v2\/product_tag?post=16177"}],"curies":[{"name":"wp","href":"https:\/\/api.w.org\/{rel}","templated":true}]}}