{"id":16146,"date":"2017-03-15T14:42:05","date_gmt":"2017-03-15T13:42:05","guid":{"rendered":"https:\/\/seipuntozero-haircare.it\/prodotto\/kompaktpulver-zum-entfarben\/"},"modified":"2023-07-14T17:02:45","modified_gmt":"2023-07-14T15:02:45","slug":"kompaktpulver-zum-entfarben","status":"publish","type":"product","link":"https:\/\/seipuntozero-haircare.it\/de\/product\/kompaktpulver-zum-entfarben\/","title":{"rendered":"Kompaktpulver zum Entf\u00e4rben"},"content":{"rendered":"<ul>\n<li>Gleichm\u00e4\u00dfiges und pr\u00e4zises <strong>Entf\u00e4rben<\/strong> der Haare von <strong>bis zu 6\u20137 Farbt\u00f6nen<\/strong><\/li>\n<li>Erstklassige Ergebnisse dank der <strong>nicht-fl\u00fcchtigen Formel<\/strong><\/li>\n<li>Das Pulver eignet sich f\u00fcr eine Vielzahl an <strong>Aufhellungstechniken<\/strong><\/li>\n<\/ul>\n","protected":false},"excerpt":{"rendered":"<p>Blaues, parf\u00fcmiertes <strong>Kompaktpulver zum Entf\u00e4rben.<\/strong> Professionelles Produkt f\u00fcr s\u00e4mtliche <strong>Arbeitstechniken<\/strong> (Highlights, Balayage, Str\u00e4hnchen), das eine pr\u00e4zise und gleichm\u00e4\u00dfige Aufhellung von bis zu 6\u20137 Farbt\u00f6nen erm\u00f6glicht. Die <strong>nicht-fl\u00fcchtige Formel<\/strong> garantiert erstklassige Ergebnisse, ohne die Sicherheit des Koloristen und des Kunden zu gef\u00e4hrden.<\/p>\n<p>Professionelle Anwendung<\/p>\n<p>500 g<\/p>\n","protected":false},"featured_media":19595,"template":"","meta":[],"product_brand":[],"product_cat":[939],"product_tag":[],"class_list":["post-16146","product","type-product","status-publish","has-post-thumbnail","hentry","product_cat-entfarbung"],"yoast_head":"<!-- This site is optimized with the Yoast SEO plugin v27.1.1 - https:\/\/yoast.com\/product\/yoast-seo-wordpress\/ -->\n<title>Kompaktpulver zum Entf\u00e4rben | 6.Zero<\/title>\n<meta name=\"description\" content=\"Blaues, parf\u00fcmiertes Kompaktpulver zum Entf\u00e4rben. Professionelles Produkt f\u00fcr s\u00e4mtliche Arbeitstechniken (Highlights, Balayage, Str\u00e4hnchen).\" \/>\n<meta name=\"robots\" content=\"index, follow, max-snippet:-1, max-image-preview:large, max-video-preview:-1\" \/>\n<link rel=\"canonical\" href=\"https:\/\/seipuntozero-haircare.it\/de\/product\/kompaktpulver-zum-entfarben\/\" \/>\n<meta property=\"og:locale\" content=\"de_DE\" \/>\n<meta property=\"og:type\" content=\"article\" \/>\n<meta property=\"og:title\" content=\"Kompaktpulver zum Entf\u00e4rben | 6.Zero\" \/>\n<meta property=\"og:description\" content=\"Blaues, parf\u00fcmiertes Kompaktpulver zum Entf\u00e4rben. Professionelles Produkt f\u00fcr s\u00e4mtliche Arbeitstechniken (Highlights, Balayage, Str\u00e4hnchen).\" \/>\n<meta property=\"og:url\" content=\"https:\/\/seipuntozero-haircare.it\/de\/product\/kompaktpulver-zum-entfarben\/\" \/>\n<meta property=\"og:site_name\" content=\"6.Zero\" \/>\n<meta property=\"article:modified_time\" content=\"2023-07-14T15:02:45+00:00\" \/>\n<meta property=\"og:image\" content=\"https:\/\/seipuntozero-haircare.it\/wp-content\/uploads\/2023\/07\/263004_sei_punto_zero_blue_bleaching_powder_500gr.png\" \/>\n\t<meta property=\"og:image:width\" content=\"600\" \/>\n\t<meta property=\"og:image:height\" content=\"600\" \/>\n\t<meta property=\"og:image:type\" content=\"image\/png\" \/>\n<meta name=\"twitter:card\" content=\"summary_large_image\" \/>\n<meta name=\"twitter:label1\" content=\"Gesch\u00e4tzte Lesezeit\" \/>\n\t<meta name=\"twitter:data1\" content=\"1\u00a0Minute\" \/>\n<script type=\"application\/ld+json\" class=\"yoast-schema-graph\">{\"@context\":\"https:\/\/schema.org\",\"@graph\":[{\"@type\":\"WebPage\",\"@id\":\"https:\/\/seipuntozero-haircare.it\/de\/product\/kompaktpulver-zum-entfarben\/\",\"url\":\"https:\/\/seipuntozero-haircare.it\/de\/product\/kompaktpulver-zum-entfarben\/\",\"name\":\"Kompaktpulver zum Entf\u00e4rben | 6.Zero\",\"isPartOf\":{\"@id\":\"https:\/\/seipuntozero-haircare.it\/de\/#website\"},\"primaryImageOfPage\":{\"@id\":\"https:\/\/seipuntozero-haircare.it\/de\/product\/kompaktpulver-zum-entfarben\/#primaryimage\"},\"image\":{\"@id\":\"https:\/\/seipuntozero-haircare.it\/de\/product\/kompaktpulver-zum-entfarben\/#primaryimage\"},\"thumbnailUrl\":\"https:\/\/seipuntozero-haircare.it\/wp-content\/uploads\/2023\/07\/263004_sei_punto_zero_blue_bleaching_powder_500gr.png\",\"datePublished\":\"2017-03-15T13:42:05+00:00\",\"dateModified\":\"2023-07-14T15:02:45+00:00\",\"description\":\"Blaues, parf\u00fcmiertes Kompaktpulver zum Entf\u00e4rben. Professionelles Produkt f\u00fcr s\u00e4mtliche Arbeitstechniken (Highlights, Balayage, Str\u00e4hnchen).\",\"breadcrumb\":{\"@id\":\"https:\/\/seipuntozero-haircare.it\/de\/product\/kompaktpulver-zum-entfarben\/#breadcrumb\"},\"inLanguage\":\"de\",\"potentialAction\":[{\"@type\":\"ReadAction\",\"target\":[\"https:\/\/seipuntozero-haircare.it\/de\/product\/kompaktpulver-zum-entfarben\/\"]}]},{\"@type\":\"ImageObject\",\"inLanguage\":\"de\",\"@id\":\"https:\/\/seipuntozero-haircare.it\/de\/product\/kompaktpulver-zum-entfarben\/#primaryimage\",\"url\":\"https:\/\/seipuntozero-haircare.it\/wp-content\/uploads\/2023\/07\/263004_sei_punto_zero_blue_bleaching_powder_500gr.png\",\"contentUrl\":\"https:\/\/seipuntozero-haircare.it\/wp-content\/uploads\/2023\/07\/263004_sei_punto_zero_blue_bleaching_powder_500gr.png\",\"width\":600,\"height\":600,\"caption\":\"polvere decolorante blu\"},{\"@type\":\"BreadcrumbList\",\"@id\":\"https:\/\/seipuntozero-haircare.it\/de\/product\/kompaktpulver-zum-entfarben\/#breadcrumb\",\"itemListElement\":[{\"@type\":\"ListItem\",\"position\":1,\"name\":\"Home\",\"item\":\"https:\/\/seipuntozero-haircare.it\/de\/\"},{\"@type\":\"ListItem\",\"position\":2,\"name\":\"Products\",\"item\":\"https:\/\/seipuntozero-haircare.it\/de\/shop\/\"},{\"@type\":\"ListItem\",\"position\":3,\"name\":\"Kompaktpulver zum Entf\u00e4rben\"}]},{\"@type\":\"WebSite\",\"@id\":\"https:\/\/seipuntozero-haircare.it\/de\/#website\",\"url\":\"https:\/\/seipuntozero-haircare.it\/de\/\",\"name\":\"6.Zero\",\"description\":\"Essential Touch\",\"potentialAction\":[{\"@type\":\"SearchAction\",\"target\":{\"@type\":\"EntryPoint\",\"urlTemplate\":\"https:\/\/seipuntozero-haircare.it\/de\/?s={search_term_string}\"},\"query-input\":{\"@type\":\"PropertyValueSpecification\",\"valueRequired\":true,\"valueName\":\"search_term_string\"}}],\"inLanguage\":\"de\"}]}<\/script>\n<!-- \/ Yoast SEO plugin. -->","yoast_head_json":{"title":"Kompaktpulver zum Entf\u00e4rben | 6.Zero","description":"Blaues, parf\u00fcmiertes Kompaktpulver zum Entf\u00e4rben. Professionelles Produkt f\u00fcr s\u00e4mtliche Arbeitstechniken (Highlights, Balayage, Str\u00e4hnchen).","robots":{"index":"index","follow":"follow","max-snippet":"max-snippet:-1","max-image-preview":"max-image-preview:large","max-video-preview":"max-video-preview:-1"},"canonical":"https:\/\/seipuntozero-haircare.it\/de\/product\/kompaktpulver-zum-entfarben\/","og_locale":"de_DE","og_type":"article","og_title":"Kompaktpulver zum Entf\u00e4rben | 6.Zero","og_description":"Blaues, parf\u00fcmiertes Kompaktpulver zum Entf\u00e4rben. Professionelles Produkt f\u00fcr s\u00e4mtliche Arbeitstechniken (Highlights, Balayage, Str\u00e4hnchen).","og_url":"https:\/\/seipuntozero-haircare.it\/de\/product\/kompaktpulver-zum-entfarben\/","og_site_name":"6.Zero","article_modified_time":"2023-07-14T15:02:45+00:00","og_image":[{"width":600,"height":600,"url":"https:\/\/seipuntozero-haircare.it\/wp-content\/uploads\/2023\/07\/263004_sei_punto_zero_blue_bleaching_powder_500gr.png","type":"image\/png"}],"twitter_card":"summary_large_image","twitter_misc":{"Gesch\u00e4tzte Lesezeit":"1\u00a0Minute"},"schema":{"@context":"https:\/\/schema.org","@graph":[{"@type":"WebPage","@id":"https:\/\/seipuntozero-haircare.it\/de\/product\/kompaktpulver-zum-entfarben\/","url":"https:\/\/seipuntozero-haircare.it\/de\/product\/kompaktpulver-zum-entfarben\/","name":"Kompaktpulver zum Entf\u00e4rben | 6.Zero","isPartOf":{"@id":"https:\/\/seipuntozero-haircare.it\/de\/#website"},"primaryImageOfPage":{"@id":"https:\/\/seipuntozero-haircare.it\/de\/product\/kompaktpulver-zum-entfarben\/#primaryimage"},"image":{"@id":"https:\/\/seipuntozero-haircare.it\/de\/product\/kompaktpulver-zum-entfarben\/#primaryimage"},"thumbnailUrl":"https:\/\/seipuntozero-haircare.it\/wp-content\/uploads\/2023\/07\/263004_sei_punto_zero_blue_bleaching_powder_500gr.png","datePublished":"2017-03-15T13:42:05+00:00","dateModified":"2023-07-14T15:02:45+00:00","description":"Blaues, parf\u00fcmiertes Kompaktpulver zum Entf\u00e4rben. Professionelles Produkt f\u00fcr s\u00e4mtliche Arbeitstechniken (Highlights, Balayage, Str\u00e4hnchen).","breadcrumb":{"@id":"https:\/\/seipuntozero-haircare.it\/de\/product\/kompaktpulver-zum-entfarben\/#breadcrumb"},"inLanguage":"de","potentialAction":[{"@type":"ReadAction","target":["https:\/\/seipuntozero-haircare.it\/de\/product\/kompaktpulver-zum-entfarben\/"]}]},{"@type":"ImageObject","inLanguage":"de","@id":"https:\/\/seipuntozero-haircare.it\/de\/product\/kompaktpulver-zum-entfarben\/#primaryimage","url":"https:\/\/seipuntozero-haircare.it\/wp-content\/uploads\/2023\/07\/263004_sei_punto_zero_blue_bleaching_powder_500gr.png","contentUrl":"https:\/\/seipuntozero-haircare.it\/wp-content\/uploads\/2023\/07\/263004_sei_punto_zero_blue_bleaching_powder_500gr.png","width":600,"height":600,"caption":"polvere decolorante blu"},{"@type":"BreadcrumbList","@id":"https:\/\/seipuntozero-haircare.it\/de\/product\/kompaktpulver-zum-entfarben\/#breadcrumb","itemListElement":[{"@type":"ListItem","position":1,"name":"Home","item":"https:\/\/seipuntozero-haircare.it\/de\/"},{"@type":"ListItem","position":2,"name":"Products","item":"https:\/\/seipuntozero-haircare.it\/de\/shop\/"},{"@type":"ListItem","position":3,"name":"Kompaktpulver zum Entf\u00e4rben"}]},{"@type":"WebSite","@id":"https:\/\/seipuntozero-haircare.it\/de\/#website","url":"https:\/\/seipuntozero-haircare.it\/de\/","name":"6.Zero","description":"Essential Touch","potentialAction":[{"@type":"SearchAction","target":{"@type":"EntryPoint","urlTemplate":"https:\/\/seipuntozero-haircare.it\/de\/?s={search_term_string}"},"query-input":{"@type":"PropertyValueSpecification","valueRequired":true,"valueName":"search_term_string"}}],"inLanguage":"de"}]}},"_links":{"self":[{"href":"https:\/\/seipuntozero-haircare.it\/de\/wp-json\/wp\/v2\/product\/16146","targetHints":{"allow":["GET"]}}],"collection":[{"href":"https:\/\/seipuntozero-haircare.it\/de\/wp-json\/wp\/v2\/product"}],"about":[{"href":"https:\/\/seipuntozero-haircare.it\/de\/wp-json\/wp\/v2\/types\/product"}],"wp:featuredmedia":[{"embeddable":true,"href":"https:\/\/seipuntozero-haircare.it\/de\/wp-json\/wp\/v2\/media\/19595"}],"wp:attachment":[{"href":"https:\/\/seipuntozero-haircare.it\/de\/wp-json\/wp\/v2\/media?parent=16146"}],"wp:term":[{"taxonomy":"product_brand","embeddable":true,"href":"https:\/\/seipuntozero-haircare.it\/de\/wp-json\/wp\/v2\/product_brand?post=16146"},{"taxonomy":"product_cat","embeddable":true,"href":"https:\/\/seipuntozero-haircare.it\/de\/wp-json\/wp\/v2\/product_cat?post=16146"},{"taxonomy":"product_tag","embeddable":true,"href":"https:\/\/seipuntozero-haircare.it\/de\/wp-json\/wp\/v2\/product_tag?post=16146"}],"curies":[{"name":"wp","href":"https:\/\/api.w.org\/{rel}","templated":true}]}}