{"id":16141,"date":"2017-03-15T16:38:06","date_gmt":"2017-03-15T15:38:06","guid":{"rendered":"https:\/\/seipuntozero-haircare.it\/prodotto\/he-she-sea-salt-spray-fur-haare-mit-beach-effekt\/"},"modified":"2021-06-18T12:36:16","modified_gmt":"2021-06-18T10:36:16","slug":"he-she-sea-salt-spray-fur-haare-mit-beach-effekt","status":"publish","type":"product","link":"https:\/\/seipuntozero-haircare.it\/de\/product\/he-she-sea-salt-spray-fur-haare-mit-beach-effekt\/","title":{"rendered":"HE.SHE \u2013 SEA SALT <br> Spray f\u00fcr Haare mit Beach-Effekt"},"content":{"rendered":"<ul>\n<li>Stylt das Haar und <strong>verleiht Struktur<\/strong><\/li>\n<li>Erm\u00f6glicht <strong>Looks mit Beach-Effekt<\/strong><\/li>\n<li>Verleiht dem Styling <strong>F\u00fclle und Volumen<\/strong><\/li>\n<\/ul>\n","protected":false},"excerpt":{"rendered":"<p>He.She Sea Salt, <strong>Spray f\u00fcr<\/strong> <strong>Haare mit Beach-Effekt.<\/strong> Der Beach-Effekt verleiht einen <strong>l\u00e4ssigen und nat\u00fcrlichen Look.<\/strong> Dank der <strong>strukturverleihenden Formel<\/strong> ist das Haar f\u00fclliger und volumin\u00f6ser und l\u00e4sst sich einzigartig stylen. <strong>Nat\u00fcrliche Wellen<\/strong> und definierte Styles mit leichtem Halt, der auch extremes Volumen fest im Griff hat. Dank der Salz-Essenz erm\u00f6glicht das Sea Salt Spray ganz einfach wundersch\u00f6ne <strong>Beach Waves<\/strong> und sorgt so das ganze Jahr \u00fcber f\u00fcr einen tollen Strand-Look.<\/p>\n<p>200 ml Flacon<\/p>\n","protected":false},"featured_media":18569,"template":"","meta":[],"product_brand":[],"product_cat":[935],"product_tag":[],"class_list":["post-16141","product","type-product","status-publish","has-post-thumbnail","hentry","product_cat-styling-de"],"yoast_head":"<!-- This site is optimized with the Yoast SEO plugin v27.1.1 - https:\/\/yoast.com\/product\/yoast-seo-wordpress\/ -->\n<title>He.She Sea Salt | Spray f\u00fcr Haare mit Beach-Effekt<\/title>\n<meta name=\"description\" content=\"He.She Sea Salt, Spray f\u00fcr Haare mit Beach-Effekt. Der Beach-Effekt verleiht einen l\u00e4ssigen und nat\u00fcrlichen Look.\" \/>\n<meta name=\"robots\" content=\"index, follow, max-snippet:-1, max-image-preview:large, max-video-preview:-1\" \/>\n<link rel=\"canonical\" href=\"https:\/\/seipuntozero-haircare.it\/de\/product\/he-she-sea-salt-spray-fur-haare-mit-beach-effekt\/\" \/>\n<meta property=\"og:locale\" content=\"de_DE\" \/>\n<meta property=\"og:type\" content=\"article\" \/>\n<meta property=\"og:title\" content=\"He.She Sea Salt | Spray f\u00fcr Haare mit Beach-Effekt\" \/>\n<meta property=\"og:description\" content=\"He.She Sea Salt, Spray f\u00fcr Haare mit Beach-Effekt. Der Beach-Effekt verleiht einen l\u00e4ssigen und nat\u00fcrlichen Look.\" \/>\n<meta property=\"og:url\" content=\"https:\/\/seipuntozero-haircare.it\/de\/product\/he-she-sea-salt-spray-fur-haare-mit-beach-effekt\/\" \/>\n<meta property=\"og:site_name\" content=\"6.Zero\" \/>\n<meta property=\"article:modified_time\" content=\"2021-06-18T10:36:16+00:00\" \/>\n<meta property=\"og:image\" content=\"https:\/\/seipuntozero-haircare.it\/wp-content\/uploads\/2017\/03\/262328_sei_punto_zero_heshe_sea_salt_marine_spray_200ml.png\" \/>\n\t<meta property=\"og:image:width\" content=\"600\" \/>\n\t<meta property=\"og:image:height\" content=\"600\" \/>\n\t<meta property=\"og:image:type\" content=\"image\/png\" \/>\n<meta name=\"twitter:card\" content=\"summary_large_image\" \/>\n<meta name=\"twitter:label1\" content=\"Gesch\u00e4tzte Lesezeit\" \/>\n\t<meta name=\"twitter:data1\" content=\"1\u00a0Minute\" \/>\n<script type=\"application\/ld+json\" class=\"yoast-schema-graph\">{\"@context\":\"https:\/\/schema.org\",\"@graph\":[{\"@type\":\"WebPage\",\"@id\":\"https:\/\/seipuntozero-haircare.it\/de\/product\/he-she-sea-salt-spray-fur-haare-mit-beach-effekt\/\",\"url\":\"https:\/\/seipuntozero-haircare.it\/de\/product\/he-she-sea-salt-spray-fur-haare-mit-beach-effekt\/\",\"name\":\"He.She Sea Salt | Spray f\u00fcr Haare mit Beach-Effekt\",\"isPartOf\":{\"@id\":\"https:\/\/seipuntozero-haircare.it\/de\/#website\"},\"primaryImageOfPage\":{\"@id\":\"https:\/\/seipuntozero-haircare.it\/de\/product\/he-she-sea-salt-spray-fur-haare-mit-beach-effekt\/#primaryimage\"},\"image\":{\"@id\":\"https:\/\/seipuntozero-haircare.it\/de\/product\/he-she-sea-salt-spray-fur-haare-mit-beach-effekt\/#primaryimage\"},\"thumbnailUrl\":\"https:\/\/seipuntozero-haircare.it\/wp-content\/uploads\/2017\/03\/262328_sei_punto_zero_heshe_sea_salt_marine_spray_200ml.png\",\"datePublished\":\"2017-03-15T15:38:06+00:00\",\"dateModified\":\"2021-06-18T10:36:16+00:00\",\"description\":\"He.She Sea Salt, Spray f\u00fcr Haare mit Beach-Effekt. Der Beach-Effekt verleiht einen l\u00e4ssigen und nat\u00fcrlichen Look.\",\"breadcrumb\":{\"@id\":\"https:\/\/seipuntozero-haircare.it\/de\/product\/he-she-sea-salt-spray-fur-haare-mit-beach-effekt\/#breadcrumb\"},\"inLanguage\":\"de\",\"potentialAction\":[{\"@type\":\"ReadAction\",\"target\":[\"https:\/\/seipuntozero-haircare.it\/de\/product\/he-she-sea-salt-spray-fur-haare-mit-beach-effekt\/\"]}]},{\"@type\":\"ImageObject\",\"inLanguage\":\"de\",\"@id\":\"https:\/\/seipuntozero-haircare.it\/de\/product\/he-she-sea-salt-spray-fur-haare-mit-beach-effekt\/#primaryimage\",\"url\":\"https:\/\/seipuntozero-haircare.it\/wp-content\/uploads\/2017\/03\/262328_sei_punto_zero_heshe_sea_salt_marine_spray_200ml.png\",\"contentUrl\":\"https:\/\/seipuntozero-haircare.it\/wp-content\/uploads\/2017\/03\/262328_sei_punto_zero_heshe_sea_salt_marine_spray_200ml.png\",\"width\":600,\"height\":600,\"caption\":\"He.She - Spray Marino per Capelli\"},{\"@type\":\"BreadcrumbList\",\"@id\":\"https:\/\/seipuntozero-haircare.it\/de\/product\/he-she-sea-salt-spray-fur-haare-mit-beach-effekt\/#breadcrumb\",\"itemListElement\":[{\"@type\":\"ListItem\",\"position\":1,\"name\":\"Home\",\"item\":\"https:\/\/seipuntozero-haircare.it\/de\/\"},{\"@type\":\"ListItem\",\"position\":2,\"name\":\"Products\",\"item\":\"https:\/\/seipuntozero-haircare.it\/de\/shop\/\"},{\"@type\":\"ListItem\",\"position\":3,\"name\":\"HE.SHE \u2013 SEA SALT Spray f\u00fcr Haare mit Beach-Effekt\"}]},{\"@type\":\"WebSite\",\"@id\":\"https:\/\/seipuntozero-haircare.it\/de\/#website\",\"url\":\"https:\/\/seipuntozero-haircare.it\/de\/\",\"name\":\"6.Zero\",\"description\":\"Essential Touch\",\"potentialAction\":[{\"@type\":\"SearchAction\",\"target\":{\"@type\":\"EntryPoint\",\"urlTemplate\":\"https:\/\/seipuntozero-haircare.it\/de\/?s={search_term_string}\"},\"query-input\":{\"@type\":\"PropertyValueSpecification\",\"valueRequired\":true,\"valueName\":\"search_term_string\"}}],\"inLanguage\":\"de\"}]}<\/script>\n<!-- \/ Yoast SEO plugin. -->","yoast_head_json":{"title":"He.She Sea Salt | Spray f\u00fcr Haare mit Beach-Effekt","description":"He.She Sea Salt, Spray f\u00fcr Haare mit Beach-Effekt. Der Beach-Effekt verleiht einen l\u00e4ssigen und nat\u00fcrlichen Look.","robots":{"index":"index","follow":"follow","max-snippet":"max-snippet:-1","max-image-preview":"max-image-preview:large","max-video-preview":"max-video-preview:-1"},"canonical":"https:\/\/seipuntozero-haircare.it\/de\/product\/he-she-sea-salt-spray-fur-haare-mit-beach-effekt\/","og_locale":"de_DE","og_type":"article","og_title":"He.She Sea Salt | Spray f\u00fcr Haare mit Beach-Effekt","og_description":"He.She Sea Salt, Spray f\u00fcr Haare mit Beach-Effekt. Der Beach-Effekt verleiht einen l\u00e4ssigen und nat\u00fcrlichen Look.","og_url":"https:\/\/seipuntozero-haircare.it\/de\/product\/he-she-sea-salt-spray-fur-haare-mit-beach-effekt\/","og_site_name":"6.Zero","article_modified_time":"2021-06-18T10:36:16+00:00","og_image":[{"width":600,"height":600,"url":"https:\/\/seipuntozero-haircare.it\/wp-content\/uploads\/2017\/03\/262328_sei_punto_zero_heshe_sea_salt_marine_spray_200ml.png","type":"image\/png"}],"twitter_card":"summary_large_image","twitter_misc":{"Gesch\u00e4tzte Lesezeit":"1\u00a0Minute"},"schema":{"@context":"https:\/\/schema.org","@graph":[{"@type":"WebPage","@id":"https:\/\/seipuntozero-haircare.it\/de\/product\/he-she-sea-salt-spray-fur-haare-mit-beach-effekt\/","url":"https:\/\/seipuntozero-haircare.it\/de\/product\/he-she-sea-salt-spray-fur-haare-mit-beach-effekt\/","name":"He.She Sea Salt | Spray f\u00fcr Haare mit Beach-Effekt","isPartOf":{"@id":"https:\/\/seipuntozero-haircare.it\/de\/#website"},"primaryImageOfPage":{"@id":"https:\/\/seipuntozero-haircare.it\/de\/product\/he-she-sea-salt-spray-fur-haare-mit-beach-effekt\/#primaryimage"},"image":{"@id":"https:\/\/seipuntozero-haircare.it\/de\/product\/he-she-sea-salt-spray-fur-haare-mit-beach-effekt\/#primaryimage"},"thumbnailUrl":"https:\/\/seipuntozero-haircare.it\/wp-content\/uploads\/2017\/03\/262328_sei_punto_zero_heshe_sea_salt_marine_spray_200ml.png","datePublished":"2017-03-15T15:38:06+00:00","dateModified":"2021-06-18T10:36:16+00:00","description":"He.She Sea Salt, Spray f\u00fcr Haare mit Beach-Effekt. Der Beach-Effekt verleiht einen l\u00e4ssigen und nat\u00fcrlichen Look.","breadcrumb":{"@id":"https:\/\/seipuntozero-haircare.it\/de\/product\/he-she-sea-salt-spray-fur-haare-mit-beach-effekt\/#breadcrumb"},"inLanguage":"de","potentialAction":[{"@type":"ReadAction","target":["https:\/\/seipuntozero-haircare.it\/de\/product\/he-she-sea-salt-spray-fur-haare-mit-beach-effekt\/"]}]},{"@type":"ImageObject","inLanguage":"de","@id":"https:\/\/seipuntozero-haircare.it\/de\/product\/he-she-sea-salt-spray-fur-haare-mit-beach-effekt\/#primaryimage","url":"https:\/\/seipuntozero-haircare.it\/wp-content\/uploads\/2017\/03\/262328_sei_punto_zero_heshe_sea_salt_marine_spray_200ml.png","contentUrl":"https:\/\/seipuntozero-haircare.it\/wp-content\/uploads\/2017\/03\/262328_sei_punto_zero_heshe_sea_salt_marine_spray_200ml.png","width":600,"height":600,"caption":"He.She - Spray Marino per Capelli"},{"@type":"BreadcrumbList","@id":"https:\/\/seipuntozero-haircare.it\/de\/product\/he-she-sea-salt-spray-fur-haare-mit-beach-effekt\/#breadcrumb","itemListElement":[{"@type":"ListItem","position":1,"name":"Home","item":"https:\/\/seipuntozero-haircare.it\/de\/"},{"@type":"ListItem","position":2,"name":"Products","item":"https:\/\/seipuntozero-haircare.it\/de\/shop\/"},{"@type":"ListItem","position":3,"name":"HE.SHE \u2013 SEA SALT Spray f\u00fcr Haare mit Beach-Effekt"}]},{"@type":"WebSite","@id":"https:\/\/seipuntozero-haircare.it\/de\/#website","url":"https:\/\/seipuntozero-haircare.it\/de\/","name":"6.Zero","description":"Essential Touch","potentialAction":[{"@type":"SearchAction","target":{"@type":"EntryPoint","urlTemplate":"https:\/\/seipuntozero-haircare.it\/de\/?s={search_term_string}"},"query-input":{"@type":"PropertyValueSpecification","valueRequired":true,"valueName":"search_term_string"}}],"inLanguage":"de"}]}},"_links":{"self":[{"href":"https:\/\/seipuntozero-haircare.it\/de\/wp-json\/wp\/v2\/product\/16141","targetHints":{"allow":["GET"]}}],"collection":[{"href":"https:\/\/seipuntozero-haircare.it\/de\/wp-json\/wp\/v2\/product"}],"about":[{"href":"https:\/\/seipuntozero-haircare.it\/de\/wp-json\/wp\/v2\/types\/product"}],"wp:featuredmedia":[{"embeddable":true,"href":"https:\/\/seipuntozero-haircare.it\/de\/wp-json\/wp\/v2\/media\/18569"}],"wp:attachment":[{"href":"https:\/\/seipuntozero-haircare.it\/de\/wp-json\/wp\/v2\/media?parent=16141"}],"wp:term":[{"taxonomy":"product_brand","embeddable":true,"href":"https:\/\/seipuntozero-haircare.it\/de\/wp-json\/wp\/v2\/product_brand?post=16141"},{"taxonomy":"product_cat","embeddable":true,"href":"https:\/\/seipuntozero-haircare.it\/de\/wp-json\/wp\/v2\/product_cat?post=16141"},{"taxonomy":"product_tag","embeddable":true,"href":"https:\/\/seipuntozero-haircare.it\/de\/wp-json\/wp\/v2\/product_tag?post=16141"}],"curies":[{"name":"wp","href":"https:\/\/api.w.org\/{rel}","templated":true}]}}