{"id":16133,"date":"2017-03-15T16:48:27","date_gmt":"2017-03-15T15:48:27","guid":{"rendered":"https:\/\/seipuntozero-haircare.it\/prodotto\/he-she-curl-cream-definition-creme-fur-lockiges-haar\/"},"modified":"2021-06-18T12:31:24","modified_gmt":"2021-06-18T10:31:24","slug":"he-she-curl-cream-definition-creme-fur-lockiges-haar","status":"publish","type":"product","link":"https:\/\/seipuntozero-haircare.it\/de\/product\/he-she-curl-cream-definition-creme-fur-lockiges-haar\/","title":{"rendered":"HE.SHE \u2013 CURL CREAM <br> Definition Creme f\u00fcr lockiges Haar"},"content":{"rendered":"<ul>\n<li><strong>Lockiges Haar<\/strong> ist definiert, elastisch und weicher<\/li>\n<li>Die Mischung aus <strong>Panthenol<\/strong> und <strong>Jojoba-\u00d6l<\/strong> ist eine exklusive Feuchtigkeitsquelle<\/li>\n<li>Kein <strong>krauses Haar<\/strong> mehr<\/li>\n<\/ul>\n","protected":false},"excerpt":{"rendered":"<p>He.She Curl Cream, <strong>Haarcreme zur Pflege von definierten und elastischen Locken<\/strong>. Ideal, um nat\u00fcrlichem welligem und gelocktem Haar F\u00fclle und Geschmeidigkeit zu verleihen, ganz egal, wie lang das Haar ist, und <strong>krauses Haar<\/strong> den ganzen Tag \u00fcber zu bek\u00e4mpfen. Erleichtert das Styling, sch\u00fctzt und verleiht dank der doppelten Wirkung von <strong>Panthenol<\/strong> und <strong>Jojoba-\u00d6l<\/strong> Feuchtigkeit: Die aktiven Inhaltsstoffe der Formel machen das Haar geschmeidig und gl\u00e4nzend und betonen die nat\u00fcrliche Elastizit\u00e4t der Wellen, um definierte und kesse Locken zu schaffen. Ohne Auswaschen.<\/p>\n<p>90 ml Packung<\/p>\n","protected":false},"featured_media":18544,"template":"","meta":[],"product_brand":[],"product_cat":[935],"product_tag":[],"class_list":["post-16133","product","type-product","status-publish","has-post-thumbnail","hentry","product_cat-styling-de"],"yoast_head":"<!-- This site is optimized with the Yoast SEO plugin v27.1.1 - https:\/\/yoast.com\/product\/yoast-seo-wordpress\/ -->\n<title>He.She Curl Cream | Definition Creme f\u00fcr lockiges Haar<\/title>\n<meta name=\"description\" content=\"He.She Curl Cream, Haarcreme zur Pflege von definierten und elastischen Locken. Ideal, um nat\u00fcrlichem welligem und gelocktem Haar F\u00fclle und Geschmeidigkeit zu verleihen, ganz egal, wie lang das Haar ist, und krauses Haar den ganzen Tag \u00fcber zu bek\u00e4mpfen.\" \/>\n<meta name=\"robots\" content=\"index, follow, max-snippet:-1, max-image-preview:large, max-video-preview:-1\" \/>\n<link rel=\"canonical\" href=\"https:\/\/seipuntozero-haircare.it\/de\/product\/he-she-curl-cream-definition-creme-fur-lockiges-haar\/\" \/>\n<meta property=\"og:locale\" content=\"de_DE\" \/>\n<meta property=\"og:type\" content=\"article\" \/>\n<meta property=\"og:title\" content=\"He.She Curl Cream | Definition Creme f\u00fcr lockiges Haar\" \/>\n<meta property=\"og:description\" content=\"He.She Curl Cream, Haarcreme zur Pflege von definierten und elastischen Locken. Ideal, um nat\u00fcrlichem welligem und gelocktem Haar F\u00fclle und Geschmeidigkeit zu verleihen, ganz egal, wie lang das Haar ist, und krauses Haar den ganzen Tag \u00fcber zu bek\u00e4mpfen.\" \/>\n<meta property=\"og:url\" content=\"https:\/\/seipuntozero-haircare.it\/de\/product\/he-she-curl-cream-definition-creme-fur-lockiges-haar\/\" \/>\n<meta property=\"og:site_name\" content=\"6.Zero\" \/>\n<meta property=\"article:modified_time\" content=\"2021-06-18T10:31:24+00:00\" \/>\n<meta property=\"og:image\" content=\"https:\/\/seipuntozero-haircare.it\/wp-content\/uploads\/2017\/03\/262366_sei_punto_zero_heshe_curl_cream_90ml.png\" \/>\n\t<meta property=\"og:image:width\" content=\"600\" \/>\n\t<meta property=\"og:image:height\" content=\"600\" \/>\n\t<meta property=\"og:image:type\" content=\"image\/png\" \/>\n<meta name=\"twitter:card\" content=\"summary_large_image\" \/>\n<meta name=\"twitter:label1\" content=\"Gesch\u00e4tzte Lesezeit\" \/>\n\t<meta name=\"twitter:data1\" content=\"1\u00a0Minute\" \/>\n<script type=\"application\/ld+json\" class=\"yoast-schema-graph\">{\"@context\":\"https:\/\/schema.org\",\"@graph\":[{\"@type\":\"WebPage\",\"@id\":\"https:\/\/seipuntozero-haircare.it\/de\/product\/he-she-curl-cream-definition-creme-fur-lockiges-haar\/\",\"url\":\"https:\/\/seipuntozero-haircare.it\/de\/product\/he-she-curl-cream-definition-creme-fur-lockiges-haar\/\",\"name\":\"He.She Curl Cream | Definition Creme f\u00fcr lockiges Haar\",\"isPartOf\":{\"@id\":\"https:\/\/seipuntozero-haircare.it\/de\/#website\"},\"primaryImageOfPage\":{\"@id\":\"https:\/\/seipuntozero-haircare.it\/de\/product\/he-she-curl-cream-definition-creme-fur-lockiges-haar\/#primaryimage\"},\"image\":{\"@id\":\"https:\/\/seipuntozero-haircare.it\/de\/product\/he-she-curl-cream-definition-creme-fur-lockiges-haar\/#primaryimage\"},\"thumbnailUrl\":\"https:\/\/seipuntozero-haircare.it\/wp-content\/uploads\/2017\/03\/262366_sei_punto_zero_heshe_curl_cream_90ml.png\",\"datePublished\":\"2017-03-15T15:48:27+00:00\",\"dateModified\":\"2021-06-18T10:31:24+00:00\",\"description\":\"He.She Curl Cream, Haarcreme zur Pflege von definierten und elastischen Locken. Ideal, um nat\u00fcrlichem welligem und gelocktem Haar F\u00fclle und Geschmeidigkeit zu verleihen, ganz egal, wie lang das Haar ist, und krauses Haar den ganzen Tag \u00fcber zu bek\u00e4mpfen.\",\"breadcrumb\":{\"@id\":\"https:\/\/seipuntozero-haircare.it\/de\/product\/he-she-curl-cream-definition-creme-fur-lockiges-haar\/#breadcrumb\"},\"inLanguage\":\"de\",\"potentialAction\":[{\"@type\":\"ReadAction\",\"target\":[\"https:\/\/seipuntozero-haircare.it\/de\/product\/he-she-curl-cream-definition-creme-fur-lockiges-haar\/\"]}]},{\"@type\":\"ImageObject\",\"inLanguage\":\"de\",\"@id\":\"https:\/\/seipuntozero-haircare.it\/de\/product\/he-she-curl-cream-definition-creme-fur-lockiges-haar\/#primaryimage\",\"url\":\"https:\/\/seipuntozero-haircare.it\/wp-content\/uploads\/2017\/03\/262366_sei_punto_zero_heshe_curl_cream_90ml.png\",\"contentUrl\":\"https:\/\/seipuntozero-haircare.it\/wp-content\/uploads\/2017\/03\/262366_sei_punto_zero_heshe_curl_cream_90ml.png\",\"width\":600,\"height\":600,\"caption\":\"He.She - Crema Definizione Ricci\"},{\"@type\":\"BreadcrumbList\",\"@id\":\"https:\/\/seipuntozero-haircare.it\/de\/product\/he-she-curl-cream-definition-creme-fur-lockiges-haar\/#breadcrumb\",\"itemListElement\":[{\"@type\":\"ListItem\",\"position\":1,\"name\":\"Home\",\"item\":\"https:\/\/seipuntozero-haircare.it\/de\/\"},{\"@type\":\"ListItem\",\"position\":2,\"name\":\"Products\",\"item\":\"https:\/\/seipuntozero-haircare.it\/de\/shop\/\"},{\"@type\":\"ListItem\",\"position\":3,\"name\":\"HE.SHE \u2013 CURL CREAM Definition Creme f\u00fcr lockiges Haar\"}]},{\"@type\":\"WebSite\",\"@id\":\"https:\/\/seipuntozero-haircare.it\/de\/#website\",\"url\":\"https:\/\/seipuntozero-haircare.it\/de\/\",\"name\":\"6.Zero\",\"description\":\"Essential Touch\",\"potentialAction\":[{\"@type\":\"SearchAction\",\"target\":{\"@type\":\"EntryPoint\",\"urlTemplate\":\"https:\/\/seipuntozero-haircare.it\/de\/?s={search_term_string}\"},\"query-input\":{\"@type\":\"PropertyValueSpecification\",\"valueRequired\":true,\"valueName\":\"search_term_string\"}}],\"inLanguage\":\"de\"}]}<\/script>\n<!-- \/ Yoast SEO plugin. -->","yoast_head_json":{"title":"He.She Curl Cream | Definition Creme f\u00fcr lockiges Haar","description":"He.She Curl Cream, Haarcreme zur Pflege von definierten und elastischen Locken. Ideal, um nat\u00fcrlichem welligem und gelocktem Haar F\u00fclle und Geschmeidigkeit zu verleihen, ganz egal, wie lang das Haar ist, und krauses Haar den ganzen Tag \u00fcber zu bek\u00e4mpfen.","robots":{"index":"index","follow":"follow","max-snippet":"max-snippet:-1","max-image-preview":"max-image-preview:large","max-video-preview":"max-video-preview:-1"},"canonical":"https:\/\/seipuntozero-haircare.it\/de\/product\/he-she-curl-cream-definition-creme-fur-lockiges-haar\/","og_locale":"de_DE","og_type":"article","og_title":"He.She Curl Cream | Definition Creme f\u00fcr lockiges Haar","og_description":"He.She Curl Cream, Haarcreme zur Pflege von definierten und elastischen Locken. Ideal, um nat\u00fcrlichem welligem und gelocktem Haar F\u00fclle und Geschmeidigkeit zu verleihen, ganz egal, wie lang das Haar ist, und krauses Haar den ganzen Tag \u00fcber zu bek\u00e4mpfen.","og_url":"https:\/\/seipuntozero-haircare.it\/de\/product\/he-she-curl-cream-definition-creme-fur-lockiges-haar\/","og_site_name":"6.Zero","article_modified_time":"2021-06-18T10:31:24+00:00","og_image":[{"width":600,"height":600,"url":"https:\/\/seipuntozero-haircare.it\/wp-content\/uploads\/2017\/03\/262366_sei_punto_zero_heshe_curl_cream_90ml.png","type":"image\/png"}],"twitter_card":"summary_large_image","twitter_misc":{"Gesch\u00e4tzte Lesezeit":"1\u00a0Minute"},"schema":{"@context":"https:\/\/schema.org","@graph":[{"@type":"WebPage","@id":"https:\/\/seipuntozero-haircare.it\/de\/product\/he-she-curl-cream-definition-creme-fur-lockiges-haar\/","url":"https:\/\/seipuntozero-haircare.it\/de\/product\/he-she-curl-cream-definition-creme-fur-lockiges-haar\/","name":"He.She Curl Cream | Definition Creme f\u00fcr lockiges Haar","isPartOf":{"@id":"https:\/\/seipuntozero-haircare.it\/de\/#website"},"primaryImageOfPage":{"@id":"https:\/\/seipuntozero-haircare.it\/de\/product\/he-she-curl-cream-definition-creme-fur-lockiges-haar\/#primaryimage"},"image":{"@id":"https:\/\/seipuntozero-haircare.it\/de\/product\/he-she-curl-cream-definition-creme-fur-lockiges-haar\/#primaryimage"},"thumbnailUrl":"https:\/\/seipuntozero-haircare.it\/wp-content\/uploads\/2017\/03\/262366_sei_punto_zero_heshe_curl_cream_90ml.png","datePublished":"2017-03-15T15:48:27+00:00","dateModified":"2021-06-18T10:31:24+00:00","description":"He.She Curl Cream, Haarcreme zur Pflege von definierten und elastischen Locken. Ideal, um nat\u00fcrlichem welligem und gelocktem Haar F\u00fclle und Geschmeidigkeit zu verleihen, ganz egal, wie lang das Haar ist, und krauses Haar den ganzen Tag \u00fcber zu bek\u00e4mpfen.","breadcrumb":{"@id":"https:\/\/seipuntozero-haircare.it\/de\/product\/he-she-curl-cream-definition-creme-fur-lockiges-haar\/#breadcrumb"},"inLanguage":"de","potentialAction":[{"@type":"ReadAction","target":["https:\/\/seipuntozero-haircare.it\/de\/product\/he-she-curl-cream-definition-creme-fur-lockiges-haar\/"]}]},{"@type":"ImageObject","inLanguage":"de","@id":"https:\/\/seipuntozero-haircare.it\/de\/product\/he-she-curl-cream-definition-creme-fur-lockiges-haar\/#primaryimage","url":"https:\/\/seipuntozero-haircare.it\/wp-content\/uploads\/2017\/03\/262366_sei_punto_zero_heshe_curl_cream_90ml.png","contentUrl":"https:\/\/seipuntozero-haircare.it\/wp-content\/uploads\/2017\/03\/262366_sei_punto_zero_heshe_curl_cream_90ml.png","width":600,"height":600,"caption":"He.She - Crema Definizione Ricci"},{"@type":"BreadcrumbList","@id":"https:\/\/seipuntozero-haircare.it\/de\/product\/he-she-curl-cream-definition-creme-fur-lockiges-haar\/#breadcrumb","itemListElement":[{"@type":"ListItem","position":1,"name":"Home","item":"https:\/\/seipuntozero-haircare.it\/de\/"},{"@type":"ListItem","position":2,"name":"Products","item":"https:\/\/seipuntozero-haircare.it\/de\/shop\/"},{"@type":"ListItem","position":3,"name":"HE.SHE \u2013 CURL CREAM Definition Creme f\u00fcr lockiges Haar"}]},{"@type":"WebSite","@id":"https:\/\/seipuntozero-haircare.it\/de\/#website","url":"https:\/\/seipuntozero-haircare.it\/de\/","name":"6.Zero","description":"Essential Touch","potentialAction":[{"@type":"SearchAction","target":{"@type":"EntryPoint","urlTemplate":"https:\/\/seipuntozero-haircare.it\/de\/?s={search_term_string}"},"query-input":{"@type":"PropertyValueSpecification","valueRequired":true,"valueName":"search_term_string"}}],"inLanguage":"de"}]}},"_links":{"self":[{"href":"https:\/\/seipuntozero-haircare.it\/de\/wp-json\/wp\/v2\/product\/16133","targetHints":{"allow":["GET"]}}],"collection":[{"href":"https:\/\/seipuntozero-haircare.it\/de\/wp-json\/wp\/v2\/product"}],"about":[{"href":"https:\/\/seipuntozero-haircare.it\/de\/wp-json\/wp\/v2\/types\/product"}],"wp:featuredmedia":[{"embeddable":true,"href":"https:\/\/seipuntozero-haircare.it\/de\/wp-json\/wp\/v2\/media\/18544"}],"wp:attachment":[{"href":"https:\/\/seipuntozero-haircare.it\/de\/wp-json\/wp\/v2\/media?parent=16133"}],"wp:term":[{"taxonomy":"product_brand","embeddable":true,"href":"https:\/\/seipuntozero-haircare.it\/de\/wp-json\/wp\/v2\/product_brand?post=16133"},{"taxonomy":"product_cat","embeddable":true,"href":"https:\/\/seipuntozero-haircare.it\/de\/wp-json\/wp\/v2\/product_cat?post=16133"},{"taxonomy":"product_tag","embeddable":true,"href":"https:\/\/seipuntozero-haircare.it\/de\/wp-json\/wp\/v2\/product_tag?post=16133"}],"curies":[{"name":"wp","href":"https:\/\/api.w.org\/{rel}","templated":true}]}}