{"id":16131,"date":"2017-03-15T16:50:08","date_gmt":"2017-03-15T15:50:08","guid":{"rendered":"https:\/\/seipuntozero-haircare.it\/prodotto\/he-she-smooth-cream-glattende-creme-gegen-krauses-haar\/"},"modified":"2021-06-18T12:30:31","modified_gmt":"2021-06-18T10:30:31","slug":"he-she-smooth-cream-glattende-creme-gegen-krauses-haar","status":"publish","type":"product","link":"https:\/\/seipuntozero-haircare.it\/de\/product\/he-she-smooth-cream-glattende-creme-gegen-krauses-haar\/","title":{"rendered":"HE.SHE \u2013 SMOOTH CREAM <br> Gl\u00e4ttende Creme gegen krauses Haar"},"content":{"rendered":"<ul>\n<li>Das Haar ist unglaublich <strong>glatt und gl\u00e4nzt<\/strong><\/li>\n<li>Maximale Kontrolle \u00fcber <strong>krauses Haar<\/strong><\/li>\n<li>Das <strong>Jojoba-\u00d6l<\/strong> n\u00e4hrt, pflegt und versorgt die Haarfaser mit Feuchtigkeit<\/li>\n<\/ul>\n","protected":false},"excerpt":{"rendered":"<p>He.She Smooth Cream, <strong>gl\u00e4ttende Creme gegen krauses Haar<\/strong> ohne Auswaschen, kontrolliert die statische Aufladung des Haars und verhindert so den ganzen Tag \u00fcber krauses Haar. Sorgt daf\u00fcr, dass das Haar ausreichend mit Feuchtigkeit versorgt ist und geschmeidig bleibt, legt einen unsichtbaren Film um das Haar: Die Haare sind extrem elastisch, seidig und gl\u00e4nzend, da sie ununterbrochen <strong>vor Feuchtigkeit und krausem Haar gesch\u00fctzt<\/strong> sind. Die gl\u00e4ttende Creme Smooth Cream ist reich an<strong> Jojoba-\u00d6l<\/strong>, wodurch das Haar <strong>gen\u00e4hrt und gepflegt<\/strong> wird und gegen Umwelteinfl\u00fcsse und andere <strong>\u00e4u\u00dfere Einfl\u00fcsse<\/strong> gesch\u00fctzt ist, die das Haar angreifen und es elektrostatisch aufladen.<\/p>\n<p>200 ml Packung<\/p>\n","protected":false},"featured_media":18538,"template":"","meta":[],"product_brand":[],"product_cat":[935],"product_tag":[],"class_list":["post-16131","product","type-product","status-publish","has-post-thumbnail","hentry","product_cat-styling-de"],"yoast_head":"<!-- This site is optimized with the Yoast SEO plugin v27.1.1 - https:\/\/yoast.com\/product\/yoast-seo-wordpress\/ -->\n<title>He.She Smooth Cream | Gl\u00e4ttende Creme gegen krauses Haar<\/title>\n<meta name=\"description\" content=\"He.She Smooth Cream, gl\u00e4ttende Creme gegen krauses Haar ohne Auswaschen, kontrolliert die statische Aufladung des Haars und verhindert so den ganzen Tag \u00fcber krauses Haar.\" \/>\n<meta name=\"robots\" content=\"index, follow, max-snippet:-1, max-image-preview:large, max-video-preview:-1\" \/>\n<link rel=\"canonical\" href=\"https:\/\/seipuntozero-haircare.it\/de\/product\/he-she-smooth-cream-glattende-creme-gegen-krauses-haar\/\" \/>\n<meta property=\"og:locale\" content=\"de_DE\" \/>\n<meta property=\"og:type\" content=\"article\" \/>\n<meta property=\"og:title\" content=\"He.She Smooth Cream | Gl\u00e4ttende Creme gegen krauses Haar\" \/>\n<meta property=\"og:description\" content=\"He.She Smooth Cream, gl\u00e4ttende Creme gegen krauses Haar ohne Auswaschen, kontrolliert die statische Aufladung des Haars und verhindert so den ganzen Tag \u00fcber krauses Haar.\" \/>\n<meta property=\"og:url\" content=\"https:\/\/seipuntozero-haircare.it\/de\/product\/he-she-smooth-cream-glattende-creme-gegen-krauses-haar\/\" \/>\n<meta property=\"og:site_name\" content=\"6.Zero\" \/>\n<meta property=\"article:modified_time\" content=\"2021-06-18T10:30:31+00:00\" \/>\n<meta property=\"og:image\" content=\"https:\/\/seipuntozero-haircare.it\/wp-content\/uploads\/2017\/03\/262373_sei_punto_zero_finish_styling_heshe_smooth_cream_200ml.png\" \/>\n\t<meta property=\"og:image:width\" content=\"600\" \/>\n\t<meta property=\"og:image:height\" content=\"600\" \/>\n\t<meta property=\"og:image:type\" content=\"image\/png\" \/>\n<meta name=\"twitter:card\" content=\"summary_large_image\" \/>\n<meta name=\"twitter:label1\" content=\"Gesch\u00e4tzte Lesezeit\" \/>\n\t<meta name=\"twitter:data1\" content=\"1\u00a0Minute\" \/>\n<script type=\"application\/ld+json\" class=\"yoast-schema-graph\">{\"@context\":\"https:\/\/schema.org\",\"@graph\":[{\"@type\":\"WebPage\",\"@id\":\"https:\/\/seipuntozero-haircare.it\/de\/product\/he-she-smooth-cream-glattende-creme-gegen-krauses-haar\/\",\"url\":\"https:\/\/seipuntozero-haircare.it\/de\/product\/he-she-smooth-cream-glattende-creme-gegen-krauses-haar\/\",\"name\":\"He.She Smooth Cream | Gl\u00e4ttende Creme gegen krauses Haar\",\"isPartOf\":{\"@id\":\"https:\/\/seipuntozero-haircare.it\/de\/#website\"},\"primaryImageOfPage\":{\"@id\":\"https:\/\/seipuntozero-haircare.it\/de\/product\/he-she-smooth-cream-glattende-creme-gegen-krauses-haar\/#primaryimage\"},\"image\":{\"@id\":\"https:\/\/seipuntozero-haircare.it\/de\/product\/he-she-smooth-cream-glattende-creme-gegen-krauses-haar\/#primaryimage\"},\"thumbnailUrl\":\"https:\/\/seipuntozero-haircare.it\/wp-content\/uploads\/2017\/03\/262373_sei_punto_zero_finish_styling_heshe_smooth_cream_200ml.png\",\"datePublished\":\"2017-03-15T15:50:08+00:00\",\"dateModified\":\"2021-06-18T10:30:31+00:00\",\"description\":\"He.She Smooth Cream, gl\u00e4ttende Creme gegen krauses Haar ohne Auswaschen, kontrolliert die statische Aufladung des Haars und verhindert so den ganzen Tag \u00fcber krauses Haar.\",\"breadcrumb\":{\"@id\":\"https:\/\/seipuntozero-haircare.it\/de\/product\/he-she-smooth-cream-glattende-creme-gegen-krauses-haar\/#breadcrumb\"},\"inLanguage\":\"de\",\"potentialAction\":[{\"@type\":\"ReadAction\",\"target\":[\"https:\/\/seipuntozero-haircare.it\/de\/product\/he-she-smooth-cream-glattende-creme-gegen-krauses-haar\/\"]}]},{\"@type\":\"ImageObject\",\"inLanguage\":\"de\",\"@id\":\"https:\/\/seipuntozero-haircare.it\/de\/product\/he-she-smooth-cream-glattende-creme-gegen-krauses-haar\/#primaryimage\",\"url\":\"https:\/\/seipuntozero-haircare.it\/wp-content\/uploads\/2017\/03\/262373_sei_punto_zero_finish_styling_heshe_smooth_cream_200ml.png\",\"contentUrl\":\"https:\/\/seipuntozero-haircare.it\/wp-content\/uploads\/2017\/03\/262373_sei_punto_zero_finish_styling_heshe_smooth_cream_200ml.png\",\"width\":600,\"height\":600,\"caption\":\"He.She - Crema Effetto Lisciante\"},{\"@type\":\"BreadcrumbList\",\"@id\":\"https:\/\/seipuntozero-haircare.it\/de\/product\/he-she-smooth-cream-glattende-creme-gegen-krauses-haar\/#breadcrumb\",\"itemListElement\":[{\"@type\":\"ListItem\",\"position\":1,\"name\":\"Home\",\"item\":\"https:\/\/seipuntozero-haircare.it\/de\/\"},{\"@type\":\"ListItem\",\"position\":2,\"name\":\"Products\",\"item\":\"https:\/\/seipuntozero-haircare.it\/de\/shop\/\"},{\"@type\":\"ListItem\",\"position\":3,\"name\":\"HE.SHE \u2013 SMOOTH CREAM Gl\u00e4ttende Creme gegen krauses Haar\"}]},{\"@type\":\"WebSite\",\"@id\":\"https:\/\/seipuntozero-haircare.it\/de\/#website\",\"url\":\"https:\/\/seipuntozero-haircare.it\/de\/\",\"name\":\"6.Zero\",\"description\":\"Essential Touch\",\"potentialAction\":[{\"@type\":\"SearchAction\",\"target\":{\"@type\":\"EntryPoint\",\"urlTemplate\":\"https:\/\/seipuntozero-haircare.it\/de\/?s={search_term_string}\"},\"query-input\":{\"@type\":\"PropertyValueSpecification\",\"valueRequired\":true,\"valueName\":\"search_term_string\"}}],\"inLanguage\":\"de\"}]}<\/script>\n<!-- \/ Yoast SEO plugin. -->","yoast_head_json":{"title":"He.She Smooth Cream | Gl\u00e4ttende Creme gegen krauses Haar","description":"He.She Smooth Cream, gl\u00e4ttende Creme gegen krauses Haar ohne Auswaschen, kontrolliert die statische Aufladung des Haars und verhindert so den ganzen Tag \u00fcber krauses Haar.","robots":{"index":"index","follow":"follow","max-snippet":"max-snippet:-1","max-image-preview":"max-image-preview:large","max-video-preview":"max-video-preview:-1"},"canonical":"https:\/\/seipuntozero-haircare.it\/de\/product\/he-she-smooth-cream-glattende-creme-gegen-krauses-haar\/","og_locale":"de_DE","og_type":"article","og_title":"He.She Smooth Cream | Gl\u00e4ttende Creme gegen krauses Haar","og_description":"He.She Smooth Cream, gl\u00e4ttende Creme gegen krauses Haar ohne Auswaschen, kontrolliert die statische Aufladung des Haars und verhindert so den ganzen Tag \u00fcber krauses Haar.","og_url":"https:\/\/seipuntozero-haircare.it\/de\/product\/he-she-smooth-cream-glattende-creme-gegen-krauses-haar\/","og_site_name":"6.Zero","article_modified_time":"2021-06-18T10:30:31+00:00","og_image":[{"width":600,"height":600,"url":"https:\/\/seipuntozero-haircare.it\/wp-content\/uploads\/2017\/03\/262373_sei_punto_zero_finish_styling_heshe_smooth_cream_200ml.png","type":"image\/png"}],"twitter_card":"summary_large_image","twitter_misc":{"Gesch\u00e4tzte Lesezeit":"1\u00a0Minute"},"schema":{"@context":"https:\/\/schema.org","@graph":[{"@type":"WebPage","@id":"https:\/\/seipuntozero-haircare.it\/de\/product\/he-she-smooth-cream-glattende-creme-gegen-krauses-haar\/","url":"https:\/\/seipuntozero-haircare.it\/de\/product\/he-she-smooth-cream-glattende-creme-gegen-krauses-haar\/","name":"He.She Smooth Cream | Gl\u00e4ttende Creme gegen krauses Haar","isPartOf":{"@id":"https:\/\/seipuntozero-haircare.it\/de\/#website"},"primaryImageOfPage":{"@id":"https:\/\/seipuntozero-haircare.it\/de\/product\/he-she-smooth-cream-glattende-creme-gegen-krauses-haar\/#primaryimage"},"image":{"@id":"https:\/\/seipuntozero-haircare.it\/de\/product\/he-she-smooth-cream-glattende-creme-gegen-krauses-haar\/#primaryimage"},"thumbnailUrl":"https:\/\/seipuntozero-haircare.it\/wp-content\/uploads\/2017\/03\/262373_sei_punto_zero_finish_styling_heshe_smooth_cream_200ml.png","datePublished":"2017-03-15T15:50:08+00:00","dateModified":"2021-06-18T10:30:31+00:00","description":"He.She Smooth Cream, gl\u00e4ttende Creme gegen krauses Haar ohne Auswaschen, kontrolliert die statische Aufladung des Haars und verhindert so den ganzen Tag \u00fcber krauses Haar.","breadcrumb":{"@id":"https:\/\/seipuntozero-haircare.it\/de\/product\/he-she-smooth-cream-glattende-creme-gegen-krauses-haar\/#breadcrumb"},"inLanguage":"de","potentialAction":[{"@type":"ReadAction","target":["https:\/\/seipuntozero-haircare.it\/de\/product\/he-she-smooth-cream-glattende-creme-gegen-krauses-haar\/"]}]},{"@type":"ImageObject","inLanguage":"de","@id":"https:\/\/seipuntozero-haircare.it\/de\/product\/he-she-smooth-cream-glattende-creme-gegen-krauses-haar\/#primaryimage","url":"https:\/\/seipuntozero-haircare.it\/wp-content\/uploads\/2017\/03\/262373_sei_punto_zero_finish_styling_heshe_smooth_cream_200ml.png","contentUrl":"https:\/\/seipuntozero-haircare.it\/wp-content\/uploads\/2017\/03\/262373_sei_punto_zero_finish_styling_heshe_smooth_cream_200ml.png","width":600,"height":600,"caption":"He.She - Crema Effetto Lisciante"},{"@type":"BreadcrumbList","@id":"https:\/\/seipuntozero-haircare.it\/de\/product\/he-she-smooth-cream-glattende-creme-gegen-krauses-haar\/#breadcrumb","itemListElement":[{"@type":"ListItem","position":1,"name":"Home","item":"https:\/\/seipuntozero-haircare.it\/de\/"},{"@type":"ListItem","position":2,"name":"Products","item":"https:\/\/seipuntozero-haircare.it\/de\/shop\/"},{"@type":"ListItem","position":3,"name":"HE.SHE \u2013 SMOOTH CREAM Gl\u00e4ttende Creme gegen krauses Haar"}]},{"@type":"WebSite","@id":"https:\/\/seipuntozero-haircare.it\/de\/#website","url":"https:\/\/seipuntozero-haircare.it\/de\/","name":"6.Zero","description":"Essential Touch","potentialAction":[{"@type":"SearchAction","target":{"@type":"EntryPoint","urlTemplate":"https:\/\/seipuntozero-haircare.it\/de\/?s={search_term_string}"},"query-input":{"@type":"PropertyValueSpecification","valueRequired":true,"valueName":"search_term_string"}}],"inLanguage":"de"}]}},"_links":{"self":[{"href":"https:\/\/seipuntozero-haircare.it\/de\/wp-json\/wp\/v2\/product\/16131","targetHints":{"allow":["GET"]}}],"collection":[{"href":"https:\/\/seipuntozero-haircare.it\/de\/wp-json\/wp\/v2\/product"}],"about":[{"href":"https:\/\/seipuntozero-haircare.it\/de\/wp-json\/wp\/v2\/types\/product"}],"wp:featuredmedia":[{"embeddable":true,"href":"https:\/\/seipuntozero-haircare.it\/de\/wp-json\/wp\/v2\/media\/18538"}],"wp:attachment":[{"href":"https:\/\/seipuntozero-haircare.it\/de\/wp-json\/wp\/v2\/media?parent=16131"}],"wp:term":[{"taxonomy":"product_brand","embeddable":true,"href":"https:\/\/seipuntozero-haircare.it\/de\/wp-json\/wp\/v2\/product_brand?post=16131"},{"taxonomy":"product_cat","embeddable":true,"href":"https:\/\/seipuntozero-haircare.it\/de\/wp-json\/wp\/v2\/product_cat?post=16131"},{"taxonomy":"product_tag","embeddable":true,"href":"https:\/\/seipuntozero-haircare.it\/de\/wp-json\/wp\/v2\/product_tag?post=16131"}],"curies":[{"name":"wp","href":"https:\/\/api.w.org\/{rel}","templated":true}]}}