{"id":16127,"date":"2017-03-15T16:53:53","date_gmt":"2017-03-15T15:53:53","guid":{"rendered":"https:\/\/seipuntozero-haircare.it\/prodotto\/he-she-feuchtigkeitsspendendes-zweiphasen-spray\/"},"modified":"2021-06-18T12:28:41","modified_gmt":"2021-06-18T10:28:41","slug":"he-she-feuchtigkeitsspendendes-zweiphasen-spray","status":"publish","type":"product","link":"https:\/\/seipuntozero-haircare.it\/de\/product\/he-she-feuchtigkeitsspendendes-zweiphasen-spray\/","title":{"rendered":"HE.SHE <br> Feuchtigkeitsspendendes Zweiphasen-Spray"},"content":{"rendered":"<ul>\n<li><strong>N\u00e4hrendes, feuchtigkeitsspendendes und sch\u00fctzendes<\/strong> Multifunktionsspray<\/li>\n<li><strong>Pflegt und definiert<\/strong> das Haar<\/li>\n<li>Angereichert mit <strong>Seidenprotein<\/strong> und <strong>Keratin-Aminos\u00e4uren<\/strong><\/li>\n<li>Unentbehrlich f\u00fcr den <strong>Blow-Dry-Look<\/strong><\/li>\n<\/ul>\n","protected":false},"excerpt":{"rendered":"<p>He.She <strong>feuchtigkeitsspendendes Zweiphasen-Spray<\/strong> verleiht dem Haar Leuchtkraft, Geschmeidigkeit und Feuchtigkeit. Sch\u00fctzt das Haar vor Belastungen durch \u00e4u\u00dfere Einfl\u00fcsse (Umwelteinfl\u00fcsse oder chemische Einfl\u00fcsse) und verleiht dem Haar eine intensive Pflege und Struktur. Die Multifunktion des He.She Sprays wird durch das Zusammenspiel von <strong>Seidenproteinen<\/strong> und <strong>Keratin-Aminos\u00e4uren<\/strong> erm\u00f6glicht: Sie machen das Haar geschmeidig und n\u00e4hren es, erleichtern das Frisieren und schaffen die Basis f\u00fcr einen Blow-Dry-Look.<\/p>\n<p>200 ml Flacon<\/p>\n","protected":false},"featured_media":18524,"template":"","meta":[],"product_brand":[],"product_cat":[935],"product_tag":[],"class_list":["post-16127","product","type-product","status-publish","has-post-thumbnail","hentry","product_cat-styling-de"],"yoast_head":"<!-- This site is optimized with the Yoast SEO plugin v27.1.1 - https:\/\/yoast.com\/product\/yoast-seo-wordpress\/ -->\n<title>He.She | Feuchtigkeitsspendendes Zweiphasen-Spray<\/title>\n<meta name=\"description\" content=\"He.She feuchtigkeitsspendendes Zweiphasen-Spray verleiht dem Haar Leuchtkraft, Geschmeidigkeit und Feuchtigkeit.\" \/>\n<meta name=\"robots\" content=\"index, follow, max-snippet:-1, max-image-preview:large, max-video-preview:-1\" \/>\n<link rel=\"canonical\" href=\"https:\/\/seipuntozero-haircare.it\/de\/product\/he-she-feuchtigkeitsspendendes-zweiphasen-spray\/\" \/>\n<meta property=\"og:locale\" content=\"de_DE\" \/>\n<meta property=\"og:type\" content=\"article\" \/>\n<meta property=\"og:title\" content=\"He.She | Feuchtigkeitsspendendes Zweiphasen-Spray\" \/>\n<meta property=\"og:description\" content=\"He.She feuchtigkeitsspendendes Zweiphasen-Spray verleiht dem Haar Leuchtkraft, Geschmeidigkeit und Feuchtigkeit.\" \/>\n<meta property=\"og:url\" content=\"https:\/\/seipuntozero-haircare.it\/de\/product\/he-she-feuchtigkeitsspendendes-zweiphasen-spray\/\" \/>\n<meta property=\"og:site_name\" content=\"6.Zero\" \/>\n<meta property=\"article:modified_time\" content=\"2021-06-18T10:28:41+00:00\" \/>\n<meta property=\"og:image\" content=\"https:\/\/seipuntozero-haircare.it\/wp-content\/uploads\/2017\/03\/262397_sei_punto_zero_finish_styling_heshe_spray_bifasico_200ml.png\" \/>\n\t<meta property=\"og:image:width\" content=\"600\" \/>\n\t<meta property=\"og:image:height\" content=\"600\" \/>\n\t<meta property=\"og:image:type\" content=\"image\/png\" \/>\n<meta name=\"twitter:card\" content=\"summary_large_image\" \/>\n<meta name=\"twitter:label1\" content=\"Gesch\u00e4tzte Lesezeit\" \/>\n\t<meta name=\"twitter:data1\" content=\"1\u00a0Minute\" \/>\n<script type=\"application\/ld+json\" class=\"yoast-schema-graph\">{\"@context\":\"https:\/\/schema.org\",\"@graph\":[{\"@type\":\"WebPage\",\"@id\":\"https:\/\/seipuntozero-haircare.it\/de\/product\/he-she-feuchtigkeitsspendendes-zweiphasen-spray\/\",\"url\":\"https:\/\/seipuntozero-haircare.it\/de\/product\/he-she-feuchtigkeitsspendendes-zweiphasen-spray\/\",\"name\":\"He.She | Feuchtigkeitsspendendes Zweiphasen-Spray\",\"isPartOf\":{\"@id\":\"https:\/\/seipuntozero-haircare.it\/de\/#website\"},\"primaryImageOfPage\":{\"@id\":\"https:\/\/seipuntozero-haircare.it\/de\/product\/he-she-feuchtigkeitsspendendes-zweiphasen-spray\/#primaryimage\"},\"image\":{\"@id\":\"https:\/\/seipuntozero-haircare.it\/de\/product\/he-she-feuchtigkeitsspendendes-zweiphasen-spray\/#primaryimage\"},\"thumbnailUrl\":\"https:\/\/seipuntozero-haircare.it\/wp-content\/uploads\/2017\/03\/262397_sei_punto_zero_finish_styling_heshe_spray_bifasico_200ml.png\",\"datePublished\":\"2017-03-15T15:53:53+00:00\",\"dateModified\":\"2021-06-18T10:28:41+00:00\",\"description\":\"He.She feuchtigkeitsspendendes Zweiphasen-Spray verleiht dem Haar Leuchtkraft, Geschmeidigkeit und Feuchtigkeit.\",\"breadcrumb\":{\"@id\":\"https:\/\/seipuntozero-haircare.it\/de\/product\/he-she-feuchtigkeitsspendendes-zweiphasen-spray\/#breadcrumb\"},\"inLanguage\":\"de\",\"potentialAction\":[{\"@type\":\"ReadAction\",\"target\":[\"https:\/\/seipuntozero-haircare.it\/de\/product\/he-she-feuchtigkeitsspendendes-zweiphasen-spray\/\"]}]},{\"@type\":\"ImageObject\",\"inLanguage\":\"de\",\"@id\":\"https:\/\/seipuntozero-haircare.it\/de\/product\/he-she-feuchtigkeitsspendendes-zweiphasen-spray\/#primaryimage\",\"url\":\"https:\/\/seipuntozero-haircare.it\/wp-content\/uploads\/2017\/03\/262397_sei_punto_zero_finish_styling_heshe_spray_bifasico_200ml.png\",\"contentUrl\":\"https:\/\/seipuntozero-haircare.it\/wp-content\/uploads\/2017\/03\/262397_sei_punto_zero_finish_styling_heshe_spray_bifasico_200ml.png\",\"width\":600,\"height\":600,\"caption\":\"He.She - Spray Bifasico\"},{\"@type\":\"BreadcrumbList\",\"@id\":\"https:\/\/seipuntozero-haircare.it\/de\/product\/he-she-feuchtigkeitsspendendes-zweiphasen-spray\/#breadcrumb\",\"itemListElement\":[{\"@type\":\"ListItem\",\"position\":1,\"name\":\"Home\",\"item\":\"https:\/\/seipuntozero-haircare.it\/de\/\"},{\"@type\":\"ListItem\",\"position\":2,\"name\":\"Products\",\"item\":\"https:\/\/seipuntozero-haircare.it\/de\/shop\/\"},{\"@type\":\"ListItem\",\"position\":3,\"name\":\"HE.SHE Feuchtigkeitsspendendes Zweiphasen-Spray\"}]},{\"@type\":\"WebSite\",\"@id\":\"https:\/\/seipuntozero-haircare.it\/de\/#website\",\"url\":\"https:\/\/seipuntozero-haircare.it\/de\/\",\"name\":\"6.Zero\",\"description\":\"Essential Touch\",\"potentialAction\":[{\"@type\":\"SearchAction\",\"target\":{\"@type\":\"EntryPoint\",\"urlTemplate\":\"https:\/\/seipuntozero-haircare.it\/de\/?s={search_term_string}\"},\"query-input\":{\"@type\":\"PropertyValueSpecification\",\"valueRequired\":true,\"valueName\":\"search_term_string\"}}],\"inLanguage\":\"de\"}]}<\/script>\n<!-- \/ Yoast SEO plugin. -->","yoast_head_json":{"title":"He.She | Feuchtigkeitsspendendes Zweiphasen-Spray","description":"He.She feuchtigkeitsspendendes Zweiphasen-Spray verleiht dem Haar Leuchtkraft, Geschmeidigkeit und Feuchtigkeit.","robots":{"index":"index","follow":"follow","max-snippet":"max-snippet:-1","max-image-preview":"max-image-preview:large","max-video-preview":"max-video-preview:-1"},"canonical":"https:\/\/seipuntozero-haircare.it\/de\/product\/he-she-feuchtigkeitsspendendes-zweiphasen-spray\/","og_locale":"de_DE","og_type":"article","og_title":"He.She | Feuchtigkeitsspendendes Zweiphasen-Spray","og_description":"He.She feuchtigkeitsspendendes Zweiphasen-Spray verleiht dem Haar Leuchtkraft, Geschmeidigkeit und Feuchtigkeit.","og_url":"https:\/\/seipuntozero-haircare.it\/de\/product\/he-she-feuchtigkeitsspendendes-zweiphasen-spray\/","og_site_name":"6.Zero","article_modified_time":"2021-06-18T10:28:41+00:00","og_image":[{"width":600,"height":600,"url":"https:\/\/seipuntozero-haircare.it\/wp-content\/uploads\/2017\/03\/262397_sei_punto_zero_finish_styling_heshe_spray_bifasico_200ml.png","type":"image\/png"}],"twitter_card":"summary_large_image","twitter_misc":{"Gesch\u00e4tzte Lesezeit":"1\u00a0Minute"},"schema":{"@context":"https:\/\/schema.org","@graph":[{"@type":"WebPage","@id":"https:\/\/seipuntozero-haircare.it\/de\/product\/he-she-feuchtigkeitsspendendes-zweiphasen-spray\/","url":"https:\/\/seipuntozero-haircare.it\/de\/product\/he-she-feuchtigkeitsspendendes-zweiphasen-spray\/","name":"He.She | Feuchtigkeitsspendendes Zweiphasen-Spray","isPartOf":{"@id":"https:\/\/seipuntozero-haircare.it\/de\/#website"},"primaryImageOfPage":{"@id":"https:\/\/seipuntozero-haircare.it\/de\/product\/he-she-feuchtigkeitsspendendes-zweiphasen-spray\/#primaryimage"},"image":{"@id":"https:\/\/seipuntozero-haircare.it\/de\/product\/he-she-feuchtigkeitsspendendes-zweiphasen-spray\/#primaryimage"},"thumbnailUrl":"https:\/\/seipuntozero-haircare.it\/wp-content\/uploads\/2017\/03\/262397_sei_punto_zero_finish_styling_heshe_spray_bifasico_200ml.png","datePublished":"2017-03-15T15:53:53+00:00","dateModified":"2021-06-18T10:28:41+00:00","description":"He.She feuchtigkeitsspendendes Zweiphasen-Spray verleiht dem Haar Leuchtkraft, Geschmeidigkeit und Feuchtigkeit.","breadcrumb":{"@id":"https:\/\/seipuntozero-haircare.it\/de\/product\/he-she-feuchtigkeitsspendendes-zweiphasen-spray\/#breadcrumb"},"inLanguage":"de","potentialAction":[{"@type":"ReadAction","target":["https:\/\/seipuntozero-haircare.it\/de\/product\/he-she-feuchtigkeitsspendendes-zweiphasen-spray\/"]}]},{"@type":"ImageObject","inLanguage":"de","@id":"https:\/\/seipuntozero-haircare.it\/de\/product\/he-she-feuchtigkeitsspendendes-zweiphasen-spray\/#primaryimage","url":"https:\/\/seipuntozero-haircare.it\/wp-content\/uploads\/2017\/03\/262397_sei_punto_zero_finish_styling_heshe_spray_bifasico_200ml.png","contentUrl":"https:\/\/seipuntozero-haircare.it\/wp-content\/uploads\/2017\/03\/262397_sei_punto_zero_finish_styling_heshe_spray_bifasico_200ml.png","width":600,"height":600,"caption":"He.She - Spray Bifasico"},{"@type":"BreadcrumbList","@id":"https:\/\/seipuntozero-haircare.it\/de\/product\/he-she-feuchtigkeitsspendendes-zweiphasen-spray\/#breadcrumb","itemListElement":[{"@type":"ListItem","position":1,"name":"Home","item":"https:\/\/seipuntozero-haircare.it\/de\/"},{"@type":"ListItem","position":2,"name":"Products","item":"https:\/\/seipuntozero-haircare.it\/de\/shop\/"},{"@type":"ListItem","position":3,"name":"HE.SHE Feuchtigkeitsspendendes Zweiphasen-Spray"}]},{"@type":"WebSite","@id":"https:\/\/seipuntozero-haircare.it\/de\/#website","url":"https:\/\/seipuntozero-haircare.it\/de\/","name":"6.Zero","description":"Essential Touch","potentialAction":[{"@type":"SearchAction","target":{"@type":"EntryPoint","urlTemplate":"https:\/\/seipuntozero-haircare.it\/de\/?s={search_term_string}"},"query-input":{"@type":"PropertyValueSpecification","valueRequired":true,"valueName":"search_term_string"}}],"inLanguage":"de"}]}},"_links":{"self":[{"href":"https:\/\/seipuntozero-haircare.it\/de\/wp-json\/wp\/v2\/product\/16127","targetHints":{"allow":["GET"]}}],"collection":[{"href":"https:\/\/seipuntozero-haircare.it\/de\/wp-json\/wp\/v2\/product"}],"about":[{"href":"https:\/\/seipuntozero-haircare.it\/de\/wp-json\/wp\/v2\/types\/product"}],"wp:featuredmedia":[{"embeddable":true,"href":"https:\/\/seipuntozero-haircare.it\/de\/wp-json\/wp\/v2\/media\/18524"}],"wp:attachment":[{"href":"https:\/\/seipuntozero-haircare.it\/de\/wp-json\/wp\/v2\/media?parent=16127"}],"wp:term":[{"taxonomy":"product_brand","embeddable":true,"href":"https:\/\/seipuntozero-haircare.it\/de\/wp-json\/wp\/v2\/product_brand?post=16127"},{"taxonomy":"product_cat","embeddable":true,"href":"https:\/\/seipuntozero-haircare.it\/de\/wp-json\/wp\/v2\/product_cat?post=16127"},{"taxonomy":"product_tag","embeddable":true,"href":"https:\/\/seipuntozero-haircare.it\/de\/wp-json\/wp\/v2\/product_tag?post=16127"}],"curies":[{"name":"wp","href":"https:\/\/api.w.org\/{rel}","templated":true}]}}