{"id":16123,"date":"2017-03-15T16:57:24","date_gmt":"2017-03-15T15:57:24","guid":{"rendered":"https:\/\/seipuntozero-haircare.it\/prodotto\/he-she-bio-haarspray-fur-mehr-volumen-ohne-gas\/"},"modified":"2021-06-18T12:26:52","modified_gmt":"2021-06-18T10:26:52","slug":"he-she-bio-haarspray-fur-mehr-volumen-ohne-gas","status":"publish","type":"product","link":"https:\/\/seipuntozero-haircare.it\/de\/product\/he-she-bio-haarspray-fur-mehr-volumen-ohne-gas\/","title":{"rendered":"HE.SHE <br> Bio-Haarspray f\u00fcr mehr Volumen ohne Gas"},"content":{"rendered":"<ul>\n<li>Verleiht dem Haar <strong>neues Volumen<\/strong><\/li>\n<li><strong>Fixiert die Frisur<\/strong> auf nat\u00fcrliche Art<\/li>\n<li><strong>Sch\u00fctzt das Haar<\/strong> vor Feuchtigkeit<\/li>\n<\/ul>\n","protected":false},"excerpt":{"rendered":"<p><strong>He.She Bio-Haarspray f\u00fcr mehr Volumen<\/strong> ohne Gas, geeignet f\u00fcr alle Haartypen. <strong>Fixiert die Frisur<\/strong> und ber\u00fccksichtigt die nat\u00fcrliche Struktur des Haars, wodurch ein gesunder und gl\u00e4nzender Look entsteht. <strong>Sch\u00fctzt das Haar<\/strong> vor Feuchtigkeit und verleiht Leuchtkraft, indem es das Haar sanft umschlie\u00dft und stabil fixiert, ohne zu verkleben und R\u00fcckst\u00e4nde zu hinterlassen. Die Fixierung ist intensiv und doch leicht, wodurch das Haar <strong>neues Volumen<\/strong> erh\u00e4lt.<\/p>\n<p>400 ml Flasche<\/p>\n","protected":false},"featured_media":18512,"template":"","meta":[],"product_brand":[],"product_cat":[935],"product_tag":[],"class_list":["post-16123","product","type-product","status-publish","has-post-thumbnail","hentry","product_cat-styling-de"],"yoast_head":"<!-- This site is optimized with the Yoast SEO plugin v27.1.1 - https:\/\/yoast.com\/product\/yoast-seo-wordpress\/ -->\n<title>He.She | Bio-Haarspray f\u00fcr mehr Volumen ohne Gas<\/title>\n<meta name=\"description\" content=\"He.She Bio-Haarspray f\u00fcr mehr Volumen ohne Gas, geeignet f\u00fcr alle Haartypen. Fixiert die Frisur und ber\u00fccksichtigt die nat\u00fcrliche Struktur des Haars, wodurch ein gesunder und gl\u00e4nzender Look entsteht.\" \/>\n<meta name=\"robots\" content=\"index, follow, max-snippet:-1, max-image-preview:large, max-video-preview:-1\" \/>\n<link rel=\"canonical\" href=\"https:\/\/seipuntozero-haircare.it\/de\/product\/he-she-bio-haarspray-fur-mehr-volumen-ohne-gas\/\" \/>\n<meta property=\"og:locale\" content=\"de_DE\" \/>\n<meta property=\"og:type\" content=\"article\" \/>\n<meta property=\"og:title\" content=\"He.She | Bio-Haarspray f\u00fcr mehr Volumen ohne Gas\" \/>\n<meta property=\"og:description\" content=\"He.She Bio-Haarspray f\u00fcr mehr Volumen ohne Gas, geeignet f\u00fcr alle Haartypen. Fixiert die Frisur und ber\u00fccksichtigt die nat\u00fcrliche Struktur des Haars, wodurch ein gesunder und gl\u00e4nzender Look entsteht.\" \/>\n<meta property=\"og:url\" content=\"https:\/\/seipuntozero-haircare.it\/de\/product\/he-she-bio-haarspray-fur-mehr-volumen-ohne-gas\/\" \/>\n<meta property=\"og:site_name\" content=\"6.Zero\" \/>\n<meta property=\"article:modified_time\" content=\"2021-06-18T10:26:52+00:00\" \/>\n<meta property=\"og:image\" content=\"https:\/\/seipuntozero-haircare.it\/wp-content\/uploads\/2017\/03\/262410_sei_punto_zero_lacca_ecologica_400ml.png\" \/>\n\t<meta property=\"og:image:width\" content=\"600\" \/>\n\t<meta property=\"og:image:height\" content=\"600\" \/>\n\t<meta property=\"og:image:type\" content=\"image\/png\" \/>\n<meta name=\"twitter:card\" content=\"summary_large_image\" \/>\n<meta name=\"twitter:label1\" content=\"Gesch\u00e4tzte Lesezeit\" \/>\n\t<meta name=\"twitter:data1\" content=\"1\u00a0Minute\" \/>\n<script type=\"application\/ld+json\" class=\"yoast-schema-graph\">{\"@context\":\"https:\/\/schema.org\",\"@graph\":[{\"@type\":\"WebPage\",\"@id\":\"https:\/\/seipuntozero-haircare.it\/de\/product\/he-she-bio-haarspray-fur-mehr-volumen-ohne-gas\/\",\"url\":\"https:\/\/seipuntozero-haircare.it\/de\/product\/he-she-bio-haarspray-fur-mehr-volumen-ohne-gas\/\",\"name\":\"He.She | Bio-Haarspray f\u00fcr mehr Volumen ohne Gas\",\"isPartOf\":{\"@id\":\"https:\/\/seipuntozero-haircare.it\/de\/#website\"},\"primaryImageOfPage\":{\"@id\":\"https:\/\/seipuntozero-haircare.it\/de\/product\/he-she-bio-haarspray-fur-mehr-volumen-ohne-gas\/#primaryimage\"},\"image\":{\"@id\":\"https:\/\/seipuntozero-haircare.it\/de\/product\/he-she-bio-haarspray-fur-mehr-volumen-ohne-gas\/#primaryimage\"},\"thumbnailUrl\":\"https:\/\/seipuntozero-haircare.it\/wp-content\/uploads\/2017\/03\/262410_sei_punto_zero_lacca_ecologica_400ml.png\",\"datePublished\":\"2017-03-15T15:57:24+00:00\",\"dateModified\":\"2021-06-18T10:26:52+00:00\",\"description\":\"He.She Bio-Haarspray f\u00fcr mehr Volumen ohne Gas, geeignet f\u00fcr alle Haartypen. Fixiert die Frisur und ber\u00fccksichtigt die nat\u00fcrliche Struktur des Haars, wodurch ein gesunder und gl\u00e4nzender Look entsteht.\",\"breadcrumb\":{\"@id\":\"https:\/\/seipuntozero-haircare.it\/de\/product\/he-she-bio-haarspray-fur-mehr-volumen-ohne-gas\/#breadcrumb\"},\"inLanguage\":\"de\",\"potentialAction\":[{\"@type\":\"ReadAction\",\"target\":[\"https:\/\/seipuntozero-haircare.it\/de\/product\/he-she-bio-haarspray-fur-mehr-volumen-ohne-gas\/\"]}]},{\"@type\":\"ImageObject\",\"inLanguage\":\"de\",\"@id\":\"https:\/\/seipuntozero-haircare.it\/de\/product\/he-she-bio-haarspray-fur-mehr-volumen-ohne-gas\/#primaryimage\",\"url\":\"https:\/\/seipuntozero-haircare.it\/wp-content\/uploads\/2017\/03\/262410_sei_punto_zero_lacca_ecologica_400ml.png\",\"contentUrl\":\"https:\/\/seipuntozero-haircare.it\/wp-content\/uploads\/2017\/03\/262410_sei_punto_zero_lacca_ecologica_400ml.png\",\"width\":600,\"height\":600,\"caption\":\"He.She - Lacca Ecologica\"},{\"@type\":\"BreadcrumbList\",\"@id\":\"https:\/\/seipuntozero-haircare.it\/de\/product\/he-she-bio-haarspray-fur-mehr-volumen-ohne-gas\/#breadcrumb\",\"itemListElement\":[{\"@type\":\"ListItem\",\"position\":1,\"name\":\"Home\",\"item\":\"https:\/\/seipuntozero-haircare.it\/de\/\"},{\"@type\":\"ListItem\",\"position\":2,\"name\":\"Products\",\"item\":\"https:\/\/seipuntozero-haircare.it\/de\/shop\/\"},{\"@type\":\"ListItem\",\"position\":3,\"name\":\"HE.SHE Bio-Haarspray f\u00fcr mehr Volumen ohne Gas\"}]},{\"@type\":\"WebSite\",\"@id\":\"https:\/\/seipuntozero-haircare.it\/de\/#website\",\"url\":\"https:\/\/seipuntozero-haircare.it\/de\/\",\"name\":\"6.Zero\",\"description\":\"Essential Touch\",\"potentialAction\":[{\"@type\":\"SearchAction\",\"target\":{\"@type\":\"EntryPoint\",\"urlTemplate\":\"https:\/\/seipuntozero-haircare.it\/de\/?s={search_term_string}\"},\"query-input\":{\"@type\":\"PropertyValueSpecification\",\"valueRequired\":true,\"valueName\":\"search_term_string\"}}],\"inLanguage\":\"de\"}]}<\/script>\n<!-- \/ Yoast SEO plugin. -->","yoast_head_json":{"title":"He.She | Bio-Haarspray f\u00fcr mehr Volumen ohne Gas","description":"He.She Bio-Haarspray f\u00fcr mehr Volumen ohne Gas, geeignet f\u00fcr alle Haartypen. Fixiert die Frisur und ber\u00fccksichtigt die nat\u00fcrliche Struktur des Haars, wodurch ein gesunder und gl\u00e4nzender Look entsteht.","robots":{"index":"index","follow":"follow","max-snippet":"max-snippet:-1","max-image-preview":"max-image-preview:large","max-video-preview":"max-video-preview:-1"},"canonical":"https:\/\/seipuntozero-haircare.it\/de\/product\/he-she-bio-haarspray-fur-mehr-volumen-ohne-gas\/","og_locale":"de_DE","og_type":"article","og_title":"He.She | Bio-Haarspray f\u00fcr mehr Volumen ohne Gas","og_description":"He.She Bio-Haarspray f\u00fcr mehr Volumen ohne Gas, geeignet f\u00fcr alle Haartypen. Fixiert die Frisur und ber\u00fccksichtigt die nat\u00fcrliche Struktur des Haars, wodurch ein gesunder und gl\u00e4nzender Look entsteht.","og_url":"https:\/\/seipuntozero-haircare.it\/de\/product\/he-she-bio-haarspray-fur-mehr-volumen-ohne-gas\/","og_site_name":"6.Zero","article_modified_time":"2021-06-18T10:26:52+00:00","og_image":[{"width":600,"height":600,"url":"https:\/\/seipuntozero-haircare.it\/wp-content\/uploads\/2017\/03\/262410_sei_punto_zero_lacca_ecologica_400ml.png","type":"image\/png"}],"twitter_card":"summary_large_image","twitter_misc":{"Gesch\u00e4tzte Lesezeit":"1\u00a0Minute"},"schema":{"@context":"https:\/\/schema.org","@graph":[{"@type":"WebPage","@id":"https:\/\/seipuntozero-haircare.it\/de\/product\/he-she-bio-haarspray-fur-mehr-volumen-ohne-gas\/","url":"https:\/\/seipuntozero-haircare.it\/de\/product\/he-she-bio-haarspray-fur-mehr-volumen-ohne-gas\/","name":"He.She | Bio-Haarspray f\u00fcr mehr Volumen ohne Gas","isPartOf":{"@id":"https:\/\/seipuntozero-haircare.it\/de\/#website"},"primaryImageOfPage":{"@id":"https:\/\/seipuntozero-haircare.it\/de\/product\/he-she-bio-haarspray-fur-mehr-volumen-ohne-gas\/#primaryimage"},"image":{"@id":"https:\/\/seipuntozero-haircare.it\/de\/product\/he-she-bio-haarspray-fur-mehr-volumen-ohne-gas\/#primaryimage"},"thumbnailUrl":"https:\/\/seipuntozero-haircare.it\/wp-content\/uploads\/2017\/03\/262410_sei_punto_zero_lacca_ecologica_400ml.png","datePublished":"2017-03-15T15:57:24+00:00","dateModified":"2021-06-18T10:26:52+00:00","description":"He.She Bio-Haarspray f\u00fcr mehr Volumen ohne Gas, geeignet f\u00fcr alle Haartypen. Fixiert die Frisur und ber\u00fccksichtigt die nat\u00fcrliche Struktur des Haars, wodurch ein gesunder und gl\u00e4nzender Look entsteht.","breadcrumb":{"@id":"https:\/\/seipuntozero-haircare.it\/de\/product\/he-she-bio-haarspray-fur-mehr-volumen-ohne-gas\/#breadcrumb"},"inLanguage":"de","potentialAction":[{"@type":"ReadAction","target":["https:\/\/seipuntozero-haircare.it\/de\/product\/he-she-bio-haarspray-fur-mehr-volumen-ohne-gas\/"]}]},{"@type":"ImageObject","inLanguage":"de","@id":"https:\/\/seipuntozero-haircare.it\/de\/product\/he-she-bio-haarspray-fur-mehr-volumen-ohne-gas\/#primaryimage","url":"https:\/\/seipuntozero-haircare.it\/wp-content\/uploads\/2017\/03\/262410_sei_punto_zero_lacca_ecologica_400ml.png","contentUrl":"https:\/\/seipuntozero-haircare.it\/wp-content\/uploads\/2017\/03\/262410_sei_punto_zero_lacca_ecologica_400ml.png","width":600,"height":600,"caption":"He.She - Lacca Ecologica"},{"@type":"BreadcrumbList","@id":"https:\/\/seipuntozero-haircare.it\/de\/product\/he-she-bio-haarspray-fur-mehr-volumen-ohne-gas\/#breadcrumb","itemListElement":[{"@type":"ListItem","position":1,"name":"Home","item":"https:\/\/seipuntozero-haircare.it\/de\/"},{"@type":"ListItem","position":2,"name":"Products","item":"https:\/\/seipuntozero-haircare.it\/de\/shop\/"},{"@type":"ListItem","position":3,"name":"HE.SHE Bio-Haarspray f\u00fcr mehr Volumen ohne Gas"}]},{"@type":"WebSite","@id":"https:\/\/seipuntozero-haircare.it\/de\/#website","url":"https:\/\/seipuntozero-haircare.it\/de\/","name":"6.Zero","description":"Essential Touch","potentialAction":[{"@type":"SearchAction","target":{"@type":"EntryPoint","urlTemplate":"https:\/\/seipuntozero-haircare.it\/de\/?s={search_term_string}"},"query-input":{"@type":"PropertyValueSpecification","valueRequired":true,"valueName":"search_term_string"}}],"inLanguage":"de"}]}},"_links":{"self":[{"href":"https:\/\/seipuntozero-haircare.it\/de\/wp-json\/wp\/v2\/product\/16123","targetHints":{"allow":["GET"]}}],"collection":[{"href":"https:\/\/seipuntozero-haircare.it\/de\/wp-json\/wp\/v2\/product"}],"about":[{"href":"https:\/\/seipuntozero-haircare.it\/de\/wp-json\/wp\/v2\/types\/product"}],"wp:featuredmedia":[{"embeddable":true,"href":"https:\/\/seipuntozero-haircare.it\/de\/wp-json\/wp\/v2\/media\/18512"}],"wp:attachment":[{"href":"https:\/\/seipuntozero-haircare.it\/de\/wp-json\/wp\/v2\/media?parent=16123"}],"wp:term":[{"taxonomy":"product_brand","embeddable":true,"href":"https:\/\/seipuntozero-haircare.it\/de\/wp-json\/wp\/v2\/product_brand?post=16123"},{"taxonomy":"product_cat","embeddable":true,"href":"https:\/\/seipuntozero-haircare.it\/de\/wp-json\/wp\/v2\/product_cat?post=16123"},{"taxonomy":"product_tag","embeddable":true,"href":"https:\/\/seipuntozero-haircare.it\/de\/wp-json\/wp\/v2\/product_tag?post=16123"}],"curies":[{"name":"wp","href":"https:\/\/api.w.org\/{rel}","templated":true}]}}