{"id":16115,"date":"2017-03-15T17:05:59","date_gmt":"2017-03-15T16:05:59","guid":{"rendered":"https:\/\/seipuntozero-haircare.it\/prodotto\/he-she-extrastarkes-mousse-fur-form-und-halt\/"},"modified":"2022-10-14T10:12:17","modified_gmt":"2022-10-14T08:12:17","slug":"he-she-extrastarkes-mousse-fur-form-und-halt","status":"publish","type":"product","link":"https:\/\/seipuntozero-haircare.it\/de\/product\/he-she-extrastarkes-mousse-fur-form-und-halt\/","title":{"rendered":"HE.SHE <br> Extrastarkes Mousse f\u00fcr Form und Halt"},"content":{"rendered":"<ul>\n<li><strong>Zuverl\u00e4ssiger Halt<\/strong>, ohne zu beschweren<\/li>\n<li><strong>Volumen-Formel<\/strong> verleiht dem Haar mehr F\u00fclle und Halt<\/li>\n<li>Maximale <strong>Definition, F\u00fclle und Halt<\/strong><\/li>\n<\/ul>\n","protected":false},"excerpt":{"rendered":"<p><strong>Das extrastarke He.She Mousse f\u00fcr Form und Halt<\/strong> mit spezieller <strong>Volumen-Formel,<\/strong> die dem Haar F\u00fclle verleiht und auch<strong> sehr d\u00fcnnes Haar<\/strong> st\u00fctzt. <strong>Fixiert<\/strong> alle Frisurentypen <strong>\u00fcber einen langen Zeitraum<\/strong>, ohne das Haar zu beschweren und sorgt f\u00fcr volumin\u00f6ses und leuchtendes Haar, um au\u00dfergew\u00f6hnliche Stylings und Strukturen zu schaffen. Das extrastarke Mousse bildet einen unsichtbaren Mantel um das Haar, der das <strong>Styling<\/strong> perfekt fixiert und das Haar vor \u00e4u\u00dferen Einfl\u00fcssen sch\u00fctzt. Auf diese Weise kann das Haar <strong>nicht mehr verrutschen<\/strong>.<\/p>\n<p>300 ml Flasche<\/p>\n","protected":false},"featured_media":18488,"template":"","meta":[],"product_brand":[],"product_cat":[935],"product_tag":[],"class_list":["post-16115","product","type-product","status-publish","has-post-thumbnail","hentry","product_cat-styling-de"],"yoast_head":"<!-- This site is optimized with the Yoast SEO plugin v27.1.1 - https:\/\/yoast.com\/product\/yoast-seo-wordpress\/ -->\n<title>He.She | Extrastarkes Mousse f\u00fcr Form und Halt<\/title>\n<meta name=\"description\" content=\"Das extrastarke He.She Mousse f\u00fcr Form und Halt mit spezieller Volumen-Formel, die dem Haar F\u00fclle verleiht und auch sehr d\u00fcnnes Haar st\u00fctzt.\" \/>\n<meta name=\"robots\" content=\"index, follow, max-snippet:-1, max-image-preview:large, max-video-preview:-1\" \/>\n<link rel=\"canonical\" href=\"https:\/\/seipuntozero-haircare.it\/de\/product\/he-she-extrastarkes-mousse-fur-form-und-halt\/\" \/>\n<meta property=\"og:locale\" content=\"de_DE\" \/>\n<meta property=\"og:type\" content=\"article\" \/>\n<meta property=\"og:title\" content=\"He.She | Extrastarkes Mousse f\u00fcr Form und Halt\" \/>\n<meta property=\"og:description\" content=\"Das extrastarke He.She Mousse f\u00fcr Form und Halt mit spezieller Volumen-Formel, die dem Haar F\u00fclle verleiht und auch sehr d\u00fcnnes Haar st\u00fctzt.\" \/>\n<meta property=\"og:url\" content=\"https:\/\/seipuntozero-haircare.it\/de\/product\/he-she-extrastarkes-mousse-fur-form-und-halt\/\" \/>\n<meta property=\"og:site_name\" content=\"6.Zero\" \/>\n<meta property=\"article:modified_time\" content=\"2022-10-14T08:12:17+00:00\" \/>\n<meta property=\"og:image\" content=\"https:\/\/seipuntozero-haircare.it\/wp-content\/uploads\/2017\/03\/262458_sei_punto_zero_heshe_mousse_extra_strong_300ml.png\" \/>\n\t<meta property=\"og:image:width\" content=\"600\" \/>\n\t<meta property=\"og:image:height\" content=\"600\" \/>\n\t<meta property=\"og:image:type\" content=\"image\/png\" \/>\n<meta name=\"twitter:card\" content=\"summary_large_image\" \/>\n<meta name=\"twitter:label1\" content=\"Gesch\u00e4tzte Lesezeit\" \/>\n\t<meta name=\"twitter:data1\" content=\"1\u00a0Minute\" \/>\n<script type=\"application\/ld+json\" class=\"yoast-schema-graph\">{\"@context\":\"https:\/\/schema.org\",\"@graph\":[{\"@type\":\"WebPage\",\"@id\":\"https:\/\/seipuntozero-haircare.it\/de\/product\/he-she-extrastarkes-mousse-fur-form-und-halt\/\",\"url\":\"https:\/\/seipuntozero-haircare.it\/de\/product\/he-she-extrastarkes-mousse-fur-form-und-halt\/\",\"name\":\"He.She | Extrastarkes Mousse f\u00fcr Form und Halt\",\"isPartOf\":{\"@id\":\"https:\/\/seipuntozero-haircare.it\/de\/#website\"},\"primaryImageOfPage\":{\"@id\":\"https:\/\/seipuntozero-haircare.it\/de\/product\/he-she-extrastarkes-mousse-fur-form-und-halt\/#primaryimage\"},\"image\":{\"@id\":\"https:\/\/seipuntozero-haircare.it\/de\/product\/he-she-extrastarkes-mousse-fur-form-und-halt\/#primaryimage\"},\"thumbnailUrl\":\"https:\/\/seipuntozero-haircare.it\/wp-content\/uploads\/2017\/03\/262458_sei_punto_zero_heshe_mousse_extra_strong_300ml.png\",\"datePublished\":\"2017-03-15T16:05:59+00:00\",\"dateModified\":\"2022-10-14T08:12:17+00:00\",\"description\":\"Das extrastarke He.She Mousse f\u00fcr Form und Halt mit spezieller Volumen-Formel, die dem Haar F\u00fclle verleiht und auch sehr d\u00fcnnes Haar st\u00fctzt.\",\"breadcrumb\":{\"@id\":\"https:\/\/seipuntozero-haircare.it\/de\/product\/he-she-extrastarkes-mousse-fur-form-und-halt\/#breadcrumb\"},\"inLanguage\":\"de\",\"potentialAction\":[{\"@type\":\"ReadAction\",\"target\":[\"https:\/\/seipuntozero-haircare.it\/de\/product\/he-she-extrastarkes-mousse-fur-form-und-halt\/\"]}]},{\"@type\":\"ImageObject\",\"inLanguage\":\"de\",\"@id\":\"https:\/\/seipuntozero-haircare.it\/de\/product\/he-she-extrastarkes-mousse-fur-form-und-halt\/#primaryimage\",\"url\":\"https:\/\/seipuntozero-haircare.it\/wp-content\/uploads\/2017\/03\/262458_sei_punto_zero_heshe_mousse_extra_strong_300ml.png\",\"contentUrl\":\"https:\/\/seipuntozero-haircare.it\/wp-content\/uploads\/2017\/03\/262458_sei_punto_zero_heshe_mousse_extra_strong_300ml.png\",\"width\":600,\"height\":600,\"caption\":\"He.She - Mousse Extra Strong\"},{\"@type\":\"BreadcrumbList\",\"@id\":\"https:\/\/seipuntozero-haircare.it\/de\/product\/he-she-extrastarkes-mousse-fur-form-und-halt\/#breadcrumb\",\"itemListElement\":[{\"@type\":\"ListItem\",\"position\":1,\"name\":\"Home\",\"item\":\"https:\/\/seipuntozero-haircare.it\/de\/\"},{\"@type\":\"ListItem\",\"position\":2,\"name\":\"Products\",\"item\":\"https:\/\/seipuntozero-haircare.it\/de\/shop\/\"},{\"@type\":\"ListItem\",\"position\":3,\"name\":\"HE.SHE Extrastarkes Mousse f\u00fcr Form und Halt\"}]},{\"@type\":\"WebSite\",\"@id\":\"https:\/\/seipuntozero-haircare.it\/de\/#website\",\"url\":\"https:\/\/seipuntozero-haircare.it\/de\/\",\"name\":\"6.Zero\",\"description\":\"Essential Touch\",\"potentialAction\":[{\"@type\":\"SearchAction\",\"target\":{\"@type\":\"EntryPoint\",\"urlTemplate\":\"https:\/\/seipuntozero-haircare.it\/de\/?s={search_term_string}\"},\"query-input\":{\"@type\":\"PropertyValueSpecification\",\"valueRequired\":true,\"valueName\":\"search_term_string\"}}],\"inLanguage\":\"de\"}]}<\/script>\n<!-- \/ Yoast SEO plugin. -->","yoast_head_json":{"title":"He.She | Extrastarkes Mousse f\u00fcr Form und Halt","description":"Das extrastarke He.She Mousse f\u00fcr Form und Halt mit spezieller Volumen-Formel, die dem Haar F\u00fclle verleiht und auch sehr d\u00fcnnes Haar st\u00fctzt.","robots":{"index":"index","follow":"follow","max-snippet":"max-snippet:-1","max-image-preview":"max-image-preview:large","max-video-preview":"max-video-preview:-1"},"canonical":"https:\/\/seipuntozero-haircare.it\/de\/product\/he-she-extrastarkes-mousse-fur-form-und-halt\/","og_locale":"de_DE","og_type":"article","og_title":"He.She | Extrastarkes Mousse f\u00fcr Form und Halt","og_description":"Das extrastarke He.She Mousse f\u00fcr Form und Halt mit spezieller Volumen-Formel, die dem Haar F\u00fclle verleiht und auch sehr d\u00fcnnes Haar st\u00fctzt.","og_url":"https:\/\/seipuntozero-haircare.it\/de\/product\/he-she-extrastarkes-mousse-fur-form-und-halt\/","og_site_name":"6.Zero","article_modified_time":"2022-10-14T08:12:17+00:00","og_image":[{"width":600,"height":600,"url":"https:\/\/seipuntozero-haircare.it\/wp-content\/uploads\/2017\/03\/262458_sei_punto_zero_heshe_mousse_extra_strong_300ml.png","type":"image\/png"}],"twitter_card":"summary_large_image","twitter_misc":{"Gesch\u00e4tzte Lesezeit":"1\u00a0Minute"},"schema":{"@context":"https:\/\/schema.org","@graph":[{"@type":"WebPage","@id":"https:\/\/seipuntozero-haircare.it\/de\/product\/he-she-extrastarkes-mousse-fur-form-und-halt\/","url":"https:\/\/seipuntozero-haircare.it\/de\/product\/he-she-extrastarkes-mousse-fur-form-und-halt\/","name":"He.She | Extrastarkes Mousse f\u00fcr Form und Halt","isPartOf":{"@id":"https:\/\/seipuntozero-haircare.it\/de\/#website"},"primaryImageOfPage":{"@id":"https:\/\/seipuntozero-haircare.it\/de\/product\/he-she-extrastarkes-mousse-fur-form-und-halt\/#primaryimage"},"image":{"@id":"https:\/\/seipuntozero-haircare.it\/de\/product\/he-she-extrastarkes-mousse-fur-form-und-halt\/#primaryimage"},"thumbnailUrl":"https:\/\/seipuntozero-haircare.it\/wp-content\/uploads\/2017\/03\/262458_sei_punto_zero_heshe_mousse_extra_strong_300ml.png","datePublished":"2017-03-15T16:05:59+00:00","dateModified":"2022-10-14T08:12:17+00:00","description":"Das extrastarke He.She Mousse f\u00fcr Form und Halt mit spezieller Volumen-Formel, die dem Haar F\u00fclle verleiht und auch sehr d\u00fcnnes Haar st\u00fctzt.","breadcrumb":{"@id":"https:\/\/seipuntozero-haircare.it\/de\/product\/he-she-extrastarkes-mousse-fur-form-und-halt\/#breadcrumb"},"inLanguage":"de","potentialAction":[{"@type":"ReadAction","target":["https:\/\/seipuntozero-haircare.it\/de\/product\/he-she-extrastarkes-mousse-fur-form-und-halt\/"]}]},{"@type":"ImageObject","inLanguage":"de","@id":"https:\/\/seipuntozero-haircare.it\/de\/product\/he-she-extrastarkes-mousse-fur-form-und-halt\/#primaryimage","url":"https:\/\/seipuntozero-haircare.it\/wp-content\/uploads\/2017\/03\/262458_sei_punto_zero_heshe_mousse_extra_strong_300ml.png","contentUrl":"https:\/\/seipuntozero-haircare.it\/wp-content\/uploads\/2017\/03\/262458_sei_punto_zero_heshe_mousse_extra_strong_300ml.png","width":600,"height":600,"caption":"He.She - Mousse Extra Strong"},{"@type":"BreadcrumbList","@id":"https:\/\/seipuntozero-haircare.it\/de\/product\/he-she-extrastarkes-mousse-fur-form-und-halt\/#breadcrumb","itemListElement":[{"@type":"ListItem","position":1,"name":"Home","item":"https:\/\/seipuntozero-haircare.it\/de\/"},{"@type":"ListItem","position":2,"name":"Products","item":"https:\/\/seipuntozero-haircare.it\/de\/shop\/"},{"@type":"ListItem","position":3,"name":"HE.SHE Extrastarkes Mousse f\u00fcr Form und Halt"}]},{"@type":"WebSite","@id":"https:\/\/seipuntozero-haircare.it\/de\/#website","url":"https:\/\/seipuntozero-haircare.it\/de\/","name":"6.Zero","description":"Essential Touch","potentialAction":[{"@type":"SearchAction","target":{"@type":"EntryPoint","urlTemplate":"https:\/\/seipuntozero-haircare.it\/de\/?s={search_term_string}"},"query-input":{"@type":"PropertyValueSpecification","valueRequired":true,"valueName":"search_term_string"}}],"inLanguage":"de"}]}},"_links":{"self":[{"href":"https:\/\/seipuntozero-haircare.it\/de\/wp-json\/wp\/v2\/product\/16115","targetHints":{"allow":["GET"]}}],"collection":[{"href":"https:\/\/seipuntozero-haircare.it\/de\/wp-json\/wp\/v2\/product"}],"about":[{"href":"https:\/\/seipuntozero-haircare.it\/de\/wp-json\/wp\/v2\/types\/product"}],"wp:featuredmedia":[{"embeddable":true,"href":"https:\/\/seipuntozero-haircare.it\/de\/wp-json\/wp\/v2\/media\/18488"}],"wp:attachment":[{"href":"https:\/\/seipuntozero-haircare.it\/de\/wp-json\/wp\/v2\/media?parent=16115"}],"wp:term":[{"taxonomy":"product_brand","embeddable":true,"href":"https:\/\/seipuntozero-haircare.it\/de\/wp-json\/wp\/v2\/product_brand?post=16115"},{"taxonomy":"product_cat","embeddable":true,"href":"https:\/\/seipuntozero-haircare.it\/de\/wp-json\/wp\/v2\/product_cat?post=16115"},{"taxonomy":"product_tag","embeddable":true,"href":"https:\/\/seipuntozero-haircare.it\/de\/wp-json\/wp\/v2\/product_tag?post=16115"}],"curies":[{"name":"wp","href":"https:\/\/api.w.org\/{rel}","templated":true}]}}