{"id":16111,"date":"2018-03-16T09:00:16","date_gmt":"2018-03-16T08:00:16","guid":{"rendered":"https:\/\/seipuntozero-haircare.it\/prodotto\/he-she-dust-up-strukturierendes-pulver-fur-mehr-volumen\/"},"modified":"2021-06-18T12:18:09","modified_gmt":"2021-06-18T10:18:09","slug":"he-she-dust-up-strukturierendes-pulver-fur-mehr-volumen","status":"publish","type":"product","link":"https:\/\/seipuntozero-haircare.it\/de\/product\/he-she-dust-up-strukturierendes-pulver-fur-mehr-volumen\/","title":{"rendered":"HE.SHE \u2013 DUST UP <br> Strukturierendes Pulver f\u00fcr mehr Volumen"},"content":{"rendered":"<ul>\n<li><strong>Maximiert<\/strong> bei allen Haartypen <strong>das Volumen<\/strong><\/li>\n<li><strong>Strukturierende<\/strong> Wirkung und <strong>intensive F\u00fclle<\/strong><\/li>\n<li>Wirkt sofort an der Haarwurzel, <strong>ohne das Haar zu beschweren<\/strong><\/li>\n<li>F\u00fcr <strong>volumin\u00f6se Styles<\/strong><\/li>\n<\/ul>\n","protected":false},"excerpt":{"rendered":"<p>Das <strong>strukturierende Pulver<\/strong> von 6.Zero\u00a0eignet sich hervorragend, um <strong>dem Haar mehr Volumen zu verleihen<\/strong>. Die auff\u00fcllende Kraft des Pulvers wirkt direkt an der Haarwurzel, die sofort angehoben wird, <strong>ohne dass dabei die Kapillarstruktur beschwert wird<\/strong>. Ideal bei <strong>d\u00fcnnem und feinem Haar<\/strong> mit einem einzigartigen auff\u00fcllenden Effekt: Das Volumen-Pulver st\u00e4rkt die Dicke des Haars, verleiht ihm <strong>F\u00fclle sowie eine neue Form<\/strong> und sorgt daf\u00fcr, dass die Haare eine langanhaltende neue Struktur erhalten.<\/p>\n<p>7 g Flacon<\/p>\n","protected":false},"featured_media":18476,"template":"","meta":[],"product_brand":[],"product_cat":[935],"product_tag":[],"class_list":["post-16111","product","type-product","status-publish","has-post-thumbnail","hentry","product_cat-styling-de"],"yoast_head":"<!-- This site is optimized with the Yoast SEO plugin v27.1.1 - https:\/\/yoast.com\/product\/yoast-seo-wordpress\/ -->\n<title>HE.SHE \u2013 DUST UP - Strukturierendes Pulver f\u00fcr mehr Volumen<\/title>\n<meta name=\"description\" content=\"Das strukturierende Pulver von Sei.Zero eignet sich hervorragend, um dem Haar mehr Volumen zu verleihen.\" \/>\n<meta name=\"robots\" content=\"index, follow, max-snippet:-1, max-image-preview:large, max-video-preview:-1\" \/>\n<link rel=\"canonical\" href=\"https:\/\/seipuntozero-haircare.it\/de\/product\/he-she-dust-up-strukturierendes-pulver-fur-mehr-volumen\/\" \/>\n<meta property=\"og:locale\" content=\"de_DE\" \/>\n<meta property=\"og:type\" content=\"article\" \/>\n<meta property=\"og:title\" content=\"HE.SHE \u2013 DUST UP - Strukturierendes Pulver f\u00fcr mehr Volumen\" \/>\n<meta property=\"og:description\" content=\"Das strukturierende Pulver von Sei.Zero eignet sich hervorragend, um dem Haar mehr Volumen zu verleihen.\" \/>\n<meta property=\"og:url\" content=\"https:\/\/seipuntozero-haircare.it\/de\/product\/he-she-dust-up-strukturierendes-pulver-fur-mehr-volumen\/\" \/>\n<meta property=\"og:site_name\" content=\"6.Zero\" \/>\n<meta property=\"article:modified_time\" content=\"2021-06-18T10:18:09+00:00\" \/>\n<meta property=\"og:image\" content=\"https:\/\/seipuntozero-haircare.it\/wp-content\/uploads\/2018\/03\/262519_sei_punto_zero_dust_up_7g.png\" \/>\n\t<meta property=\"og:image:width\" content=\"600\" \/>\n\t<meta property=\"og:image:height\" content=\"600\" \/>\n\t<meta property=\"og:image:type\" content=\"image\/png\" \/>\n<meta name=\"twitter:card\" content=\"summary_large_image\" \/>\n<meta name=\"twitter:label1\" content=\"Gesch\u00e4tzte Lesezeit\" \/>\n\t<meta name=\"twitter:data1\" content=\"1\u00a0Minute\" \/>\n<script type=\"application\/ld+json\" class=\"yoast-schema-graph\">{\"@context\":\"https:\/\/schema.org\",\"@graph\":[{\"@type\":\"WebPage\",\"@id\":\"https:\/\/seipuntozero-haircare.it\/de\/product\/he-she-dust-up-strukturierendes-pulver-fur-mehr-volumen\/\",\"url\":\"https:\/\/seipuntozero-haircare.it\/de\/product\/he-she-dust-up-strukturierendes-pulver-fur-mehr-volumen\/\",\"name\":\"HE.SHE \u2013 DUST UP - Strukturierendes Pulver f\u00fcr mehr Volumen\",\"isPartOf\":{\"@id\":\"https:\/\/seipuntozero-haircare.it\/de\/#website\"},\"primaryImageOfPage\":{\"@id\":\"https:\/\/seipuntozero-haircare.it\/de\/product\/he-she-dust-up-strukturierendes-pulver-fur-mehr-volumen\/#primaryimage\"},\"image\":{\"@id\":\"https:\/\/seipuntozero-haircare.it\/de\/product\/he-she-dust-up-strukturierendes-pulver-fur-mehr-volumen\/#primaryimage\"},\"thumbnailUrl\":\"https:\/\/seipuntozero-haircare.it\/wp-content\/uploads\/2018\/03\/262519_sei_punto_zero_dust_up_7g.png\",\"datePublished\":\"2018-03-16T08:00:16+00:00\",\"dateModified\":\"2021-06-18T10:18:09+00:00\",\"description\":\"Das strukturierende Pulver von Sei.Zero eignet sich hervorragend, um dem Haar mehr Volumen zu verleihen.\",\"breadcrumb\":{\"@id\":\"https:\/\/seipuntozero-haircare.it\/de\/product\/he-she-dust-up-strukturierendes-pulver-fur-mehr-volumen\/#breadcrumb\"},\"inLanguage\":\"de\",\"potentialAction\":[{\"@type\":\"ReadAction\",\"target\":[\"https:\/\/seipuntozero-haircare.it\/de\/product\/he-she-dust-up-strukturierendes-pulver-fur-mehr-volumen\/\"]}]},{\"@type\":\"ImageObject\",\"inLanguage\":\"de\",\"@id\":\"https:\/\/seipuntozero-haircare.it\/de\/product\/he-she-dust-up-strukturierendes-pulver-fur-mehr-volumen\/#primaryimage\",\"url\":\"https:\/\/seipuntozero-haircare.it\/wp-content\/uploads\/2018\/03\/262519_sei_punto_zero_dust_up_7g.png\",\"contentUrl\":\"https:\/\/seipuntozero-haircare.it\/wp-content\/uploads\/2018\/03\/262519_sei_punto_zero_dust_up_7g.png\",\"width\":600,\"height\":600,\"caption\":\"He.She - Polvere Texturizzante Effetto Volume\"},{\"@type\":\"BreadcrumbList\",\"@id\":\"https:\/\/seipuntozero-haircare.it\/de\/product\/he-she-dust-up-strukturierendes-pulver-fur-mehr-volumen\/#breadcrumb\",\"itemListElement\":[{\"@type\":\"ListItem\",\"position\":1,\"name\":\"Home\",\"item\":\"https:\/\/seipuntozero-haircare.it\/de\/\"},{\"@type\":\"ListItem\",\"position\":2,\"name\":\"Products\",\"item\":\"https:\/\/seipuntozero-haircare.it\/de\/shop\/\"},{\"@type\":\"ListItem\",\"position\":3,\"name\":\"HE.SHE \u2013 DUST UP Strukturierendes Pulver f\u00fcr mehr Volumen\"}]},{\"@type\":\"WebSite\",\"@id\":\"https:\/\/seipuntozero-haircare.it\/de\/#website\",\"url\":\"https:\/\/seipuntozero-haircare.it\/de\/\",\"name\":\"6.Zero\",\"description\":\"Essential Touch\",\"potentialAction\":[{\"@type\":\"SearchAction\",\"target\":{\"@type\":\"EntryPoint\",\"urlTemplate\":\"https:\/\/seipuntozero-haircare.it\/de\/?s={search_term_string}\"},\"query-input\":{\"@type\":\"PropertyValueSpecification\",\"valueRequired\":true,\"valueName\":\"search_term_string\"}}],\"inLanguage\":\"de\"}]}<\/script>\n<!-- \/ Yoast SEO plugin. -->","yoast_head_json":{"title":"HE.SHE \u2013 DUST UP - Strukturierendes Pulver f\u00fcr mehr Volumen","description":"Das strukturierende Pulver von Sei.Zero eignet sich hervorragend, um dem Haar mehr Volumen zu verleihen.","robots":{"index":"index","follow":"follow","max-snippet":"max-snippet:-1","max-image-preview":"max-image-preview:large","max-video-preview":"max-video-preview:-1"},"canonical":"https:\/\/seipuntozero-haircare.it\/de\/product\/he-she-dust-up-strukturierendes-pulver-fur-mehr-volumen\/","og_locale":"de_DE","og_type":"article","og_title":"HE.SHE \u2013 DUST UP - Strukturierendes Pulver f\u00fcr mehr Volumen","og_description":"Das strukturierende Pulver von Sei.Zero eignet sich hervorragend, um dem Haar mehr Volumen zu verleihen.","og_url":"https:\/\/seipuntozero-haircare.it\/de\/product\/he-she-dust-up-strukturierendes-pulver-fur-mehr-volumen\/","og_site_name":"6.Zero","article_modified_time":"2021-06-18T10:18:09+00:00","og_image":[{"width":600,"height":600,"url":"https:\/\/seipuntozero-haircare.it\/wp-content\/uploads\/2018\/03\/262519_sei_punto_zero_dust_up_7g.png","type":"image\/png"}],"twitter_card":"summary_large_image","twitter_misc":{"Gesch\u00e4tzte Lesezeit":"1\u00a0Minute"},"schema":{"@context":"https:\/\/schema.org","@graph":[{"@type":"WebPage","@id":"https:\/\/seipuntozero-haircare.it\/de\/product\/he-she-dust-up-strukturierendes-pulver-fur-mehr-volumen\/","url":"https:\/\/seipuntozero-haircare.it\/de\/product\/he-she-dust-up-strukturierendes-pulver-fur-mehr-volumen\/","name":"HE.SHE \u2013 DUST UP - Strukturierendes Pulver f\u00fcr mehr Volumen","isPartOf":{"@id":"https:\/\/seipuntozero-haircare.it\/de\/#website"},"primaryImageOfPage":{"@id":"https:\/\/seipuntozero-haircare.it\/de\/product\/he-she-dust-up-strukturierendes-pulver-fur-mehr-volumen\/#primaryimage"},"image":{"@id":"https:\/\/seipuntozero-haircare.it\/de\/product\/he-she-dust-up-strukturierendes-pulver-fur-mehr-volumen\/#primaryimage"},"thumbnailUrl":"https:\/\/seipuntozero-haircare.it\/wp-content\/uploads\/2018\/03\/262519_sei_punto_zero_dust_up_7g.png","datePublished":"2018-03-16T08:00:16+00:00","dateModified":"2021-06-18T10:18:09+00:00","description":"Das strukturierende Pulver von Sei.Zero eignet sich hervorragend, um dem Haar mehr Volumen zu verleihen.","breadcrumb":{"@id":"https:\/\/seipuntozero-haircare.it\/de\/product\/he-she-dust-up-strukturierendes-pulver-fur-mehr-volumen\/#breadcrumb"},"inLanguage":"de","potentialAction":[{"@type":"ReadAction","target":["https:\/\/seipuntozero-haircare.it\/de\/product\/he-she-dust-up-strukturierendes-pulver-fur-mehr-volumen\/"]}]},{"@type":"ImageObject","inLanguage":"de","@id":"https:\/\/seipuntozero-haircare.it\/de\/product\/he-she-dust-up-strukturierendes-pulver-fur-mehr-volumen\/#primaryimage","url":"https:\/\/seipuntozero-haircare.it\/wp-content\/uploads\/2018\/03\/262519_sei_punto_zero_dust_up_7g.png","contentUrl":"https:\/\/seipuntozero-haircare.it\/wp-content\/uploads\/2018\/03\/262519_sei_punto_zero_dust_up_7g.png","width":600,"height":600,"caption":"He.She - Polvere Texturizzante Effetto Volume"},{"@type":"BreadcrumbList","@id":"https:\/\/seipuntozero-haircare.it\/de\/product\/he-she-dust-up-strukturierendes-pulver-fur-mehr-volumen\/#breadcrumb","itemListElement":[{"@type":"ListItem","position":1,"name":"Home","item":"https:\/\/seipuntozero-haircare.it\/de\/"},{"@type":"ListItem","position":2,"name":"Products","item":"https:\/\/seipuntozero-haircare.it\/de\/shop\/"},{"@type":"ListItem","position":3,"name":"HE.SHE \u2013 DUST UP Strukturierendes Pulver f\u00fcr mehr Volumen"}]},{"@type":"WebSite","@id":"https:\/\/seipuntozero-haircare.it\/de\/#website","url":"https:\/\/seipuntozero-haircare.it\/de\/","name":"6.Zero","description":"Essential Touch","potentialAction":[{"@type":"SearchAction","target":{"@type":"EntryPoint","urlTemplate":"https:\/\/seipuntozero-haircare.it\/de\/?s={search_term_string}"},"query-input":{"@type":"PropertyValueSpecification","valueRequired":true,"valueName":"search_term_string"}}],"inLanguage":"de"}]}},"_links":{"self":[{"href":"https:\/\/seipuntozero-haircare.it\/de\/wp-json\/wp\/v2\/product\/16111","targetHints":{"allow":["GET"]}}],"collection":[{"href":"https:\/\/seipuntozero-haircare.it\/de\/wp-json\/wp\/v2\/product"}],"about":[{"href":"https:\/\/seipuntozero-haircare.it\/de\/wp-json\/wp\/v2\/types\/product"}],"wp:featuredmedia":[{"embeddable":true,"href":"https:\/\/seipuntozero-haircare.it\/de\/wp-json\/wp\/v2\/media\/18476"}],"wp:attachment":[{"href":"https:\/\/seipuntozero-haircare.it\/de\/wp-json\/wp\/v2\/media?parent=16111"}],"wp:term":[{"taxonomy":"product_brand","embeddable":true,"href":"https:\/\/seipuntozero-haircare.it\/de\/wp-json\/wp\/v2\/product_brand?post=16111"},{"taxonomy":"product_cat","embeddable":true,"href":"https:\/\/seipuntozero-haircare.it\/de\/wp-json\/wp\/v2\/product_cat?post=16111"},{"taxonomy":"product_tag","embeddable":true,"href":"https:\/\/seipuntozero-haircare.it\/de\/wp-json\/wp\/v2\/product_tag?post=16111"}],"curies":[{"name":"wp","href":"https:\/\/api.w.org\/{rel}","templated":true}]}}