{"id":16109,"date":"2019-07-29T09:26:26","date_gmt":"2019-07-29T07:26:26","guid":{"rendered":"https:\/\/seipuntozero-haircare.it\/prodotto\/he-she-therm-screen-haarglattungsspray-mit-hitzeschutz\/"},"modified":"2021-06-18T12:17:19","modified_gmt":"2021-06-18T10:17:19","slug":"he-she-therm-screen-haarglattungsspray-mit-hitzeschutz","status":"publish","type":"product","link":"https:\/\/seipuntozero-haircare.it\/de\/product\/he-she-therm-screen-haarglattungsspray-mit-hitzeschutz\/","title":{"rendered":"HE.SHE \u2013 THERM SCREEN <br> Haargl\u00e4ttungsspray mit Hitzeschutz"},"content":{"rendered":"<ul>\n<li>Sch\u00fctzt das Haar beim Gl\u00e4tten und Trocknen<\/li>\n<li>Seideneffekt und lang anhaltende gl\u00e4ttende Wirkung<\/li>\n<li>Angereichert mit Hyalurons\u00e4ure<\/li>\n<\/ul>\n","protected":false},"excerpt":{"rendered":"<p><strong>Therm Screen,<\/strong> <strong>Haargl\u00e4ttungsspray<\/strong> mit <strong>Hitzeschutz<\/strong>. <strong>Sch\u00fctzt<\/strong><strong> das Haar<\/strong> vor Hitze und minimiert <strong>Haarsch\u00e4den durch hohe Temperaturen<\/strong>. Dank<strong> Hyalurons\u00e4ure<\/strong> bewahrt das Haar Feuchtigkeit, Geschmeidigkeit und Glanz: Das Spray 6.Zero bildet einen wirksamen <strong>Schutzfilm<\/strong>, der das Haar vor Hitzeeinwirkung durch F\u00f6hn oder Gl\u00e4tteisen sch\u00fctzt und ihm <strong>einen atemberaubenden Seideneffekt<\/strong> verleiht.<\/p>\n<p>200 ml<\/p>\n","protected":false},"featured_media":18470,"template":"","meta":[],"product_brand":[],"product_cat":[935],"product_tag":[],"class_list":["post-16109","product","type-product","status-publish","has-post-thumbnail","hentry","product_cat-styling-de"],"yoast_head":"<!-- This site is optimized with the Yoast SEO plugin v27.1.1 - https:\/\/yoast.com\/product\/yoast-seo-wordpress\/ -->\n<title>HE.SHE \u2013 THERM SCREEN - Haargl\u00e4ttungsspray mit Hitzeschutz<\/title>\n<meta name=\"description\" content=\"Therm Screen, Haargl\u00e4ttungsspray mit Hitzeschutz. Sch\u00fctzt das Haar vor Hitze und minimiert Haarsch\u00e4den durch hohe Temperaturen.Ins feuchte und \/ oder trockene Haar spr\u00fchen und in die L\u00e4ngen und Spitzen einarbeiten. Haare wie gew\u00fcnscht stylen.\" \/>\n<meta name=\"robots\" content=\"index, follow, max-snippet:-1, max-image-preview:large, max-video-preview:-1\" \/>\n<link rel=\"canonical\" href=\"https:\/\/seipuntozero-haircare.it\/de\/product\/he-she-therm-screen-haarglattungsspray-mit-hitzeschutz\/\" \/>\n<meta property=\"og:locale\" content=\"de_DE\" \/>\n<meta property=\"og:type\" content=\"article\" \/>\n<meta property=\"og:title\" content=\"HE.SHE \u2013 THERM SCREEN - Haargl\u00e4ttungsspray mit Hitzeschutz\" \/>\n<meta property=\"og:description\" content=\"Therm Screen, Haargl\u00e4ttungsspray mit Hitzeschutz. Sch\u00fctzt das Haar vor Hitze und minimiert Haarsch\u00e4den durch hohe Temperaturen.Ins feuchte und \/ oder trockene Haar spr\u00fchen und in die L\u00e4ngen und Spitzen einarbeiten. Haare wie gew\u00fcnscht stylen.\" \/>\n<meta property=\"og:url\" content=\"https:\/\/seipuntozero-haircare.it\/de\/product\/he-she-therm-screen-haarglattungsspray-mit-hitzeschutz\/\" \/>\n<meta property=\"og:site_name\" content=\"6.Zero\" \/>\n<meta property=\"article:modified_time\" content=\"2021-06-18T10:17:19+00:00\" \/>\n<meta property=\"og:image\" content=\"https:\/\/seipuntozero-haircare.it\/wp-content\/uploads\/2019\/07\/262656_sei_punto_zero_heshe_therm_screen_smoothing_spray_200ml.png\" \/>\n\t<meta property=\"og:image:width\" content=\"600\" \/>\n\t<meta property=\"og:image:height\" content=\"600\" \/>\n\t<meta property=\"og:image:type\" content=\"image\/png\" \/>\n<meta name=\"twitter:card\" content=\"summary_large_image\" \/>\n<meta name=\"twitter:label1\" content=\"Gesch\u00e4tzte Lesezeit\" \/>\n\t<meta name=\"twitter:data1\" content=\"1\u00a0Minute\" \/>\n<script type=\"application\/ld+json\" class=\"yoast-schema-graph\">{\"@context\":\"https:\/\/schema.org\",\"@graph\":[{\"@type\":\"WebPage\",\"@id\":\"https:\/\/seipuntozero-haircare.it\/de\/product\/he-she-therm-screen-haarglattungsspray-mit-hitzeschutz\/\",\"url\":\"https:\/\/seipuntozero-haircare.it\/de\/product\/he-she-therm-screen-haarglattungsspray-mit-hitzeschutz\/\",\"name\":\"HE.SHE \u2013 THERM SCREEN - Haargl\u00e4ttungsspray mit Hitzeschutz\",\"isPartOf\":{\"@id\":\"https:\/\/seipuntozero-haircare.it\/de\/#website\"},\"primaryImageOfPage\":{\"@id\":\"https:\/\/seipuntozero-haircare.it\/de\/product\/he-she-therm-screen-haarglattungsspray-mit-hitzeschutz\/#primaryimage\"},\"image\":{\"@id\":\"https:\/\/seipuntozero-haircare.it\/de\/product\/he-she-therm-screen-haarglattungsspray-mit-hitzeschutz\/#primaryimage\"},\"thumbnailUrl\":\"https:\/\/seipuntozero-haircare.it\/wp-content\/uploads\/2019\/07\/262656_sei_punto_zero_heshe_therm_screen_smoothing_spray_200ml.png\",\"datePublished\":\"2019-07-29T07:26:26+00:00\",\"dateModified\":\"2021-06-18T10:17:19+00:00\",\"description\":\"Therm Screen, Haargl\u00e4ttungsspray mit Hitzeschutz. Sch\u00fctzt das Haar vor Hitze und minimiert Haarsch\u00e4den durch hohe Temperaturen.Ins feuchte und \/ oder trockene Haar spr\u00fchen und in die L\u00e4ngen und Spitzen einarbeiten. Haare wie gew\u00fcnscht stylen.\",\"breadcrumb\":{\"@id\":\"https:\/\/seipuntozero-haircare.it\/de\/product\/he-she-therm-screen-haarglattungsspray-mit-hitzeschutz\/#breadcrumb\"},\"inLanguage\":\"de\",\"potentialAction\":[{\"@type\":\"ReadAction\",\"target\":[\"https:\/\/seipuntozero-haircare.it\/de\/product\/he-she-therm-screen-haarglattungsspray-mit-hitzeschutz\/\"]}]},{\"@type\":\"ImageObject\",\"inLanguage\":\"de\",\"@id\":\"https:\/\/seipuntozero-haircare.it\/de\/product\/he-she-therm-screen-haarglattungsspray-mit-hitzeschutz\/#primaryimage\",\"url\":\"https:\/\/seipuntozero-haircare.it\/wp-content\/uploads\/2019\/07\/262656_sei_punto_zero_heshe_therm_screen_smoothing_spray_200ml.png\",\"contentUrl\":\"https:\/\/seipuntozero-haircare.it\/wp-content\/uploads\/2019\/07\/262656_sei_punto_zero_heshe_therm_screen_smoothing_spray_200ml.png\",\"width\":600,\"height\":600},{\"@type\":\"BreadcrumbList\",\"@id\":\"https:\/\/seipuntozero-haircare.it\/de\/product\/he-she-therm-screen-haarglattungsspray-mit-hitzeschutz\/#breadcrumb\",\"itemListElement\":[{\"@type\":\"ListItem\",\"position\":1,\"name\":\"Home\",\"item\":\"https:\/\/seipuntozero-haircare.it\/de\/\"},{\"@type\":\"ListItem\",\"position\":2,\"name\":\"Products\",\"item\":\"https:\/\/seipuntozero-haircare.it\/de\/shop\/\"},{\"@type\":\"ListItem\",\"position\":3,\"name\":\"HE.SHE \u2013 THERM SCREEN Haargl\u00e4ttungsspray mit Hitzeschutz\"}]},{\"@type\":\"WebSite\",\"@id\":\"https:\/\/seipuntozero-haircare.it\/de\/#website\",\"url\":\"https:\/\/seipuntozero-haircare.it\/de\/\",\"name\":\"6.Zero\",\"description\":\"Essential Touch\",\"potentialAction\":[{\"@type\":\"SearchAction\",\"target\":{\"@type\":\"EntryPoint\",\"urlTemplate\":\"https:\/\/seipuntozero-haircare.it\/de\/?s={search_term_string}\"},\"query-input\":{\"@type\":\"PropertyValueSpecification\",\"valueRequired\":true,\"valueName\":\"search_term_string\"}}],\"inLanguage\":\"de\"}]}<\/script>\n<!-- \/ Yoast SEO plugin. -->","yoast_head_json":{"title":"HE.SHE \u2013 THERM SCREEN - Haargl\u00e4ttungsspray mit Hitzeschutz","description":"Therm Screen, Haargl\u00e4ttungsspray mit Hitzeschutz. Sch\u00fctzt das Haar vor Hitze und minimiert Haarsch\u00e4den durch hohe Temperaturen.Ins feuchte und \/ oder trockene Haar spr\u00fchen und in die L\u00e4ngen und Spitzen einarbeiten. Haare wie gew\u00fcnscht stylen.","robots":{"index":"index","follow":"follow","max-snippet":"max-snippet:-1","max-image-preview":"max-image-preview:large","max-video-preview":"max-video-preview:-1"},"canonical":"https:\/\/seipuntozero-haircare.it\/de\/product\/he-she-therm-screen-haarglattungsspray-mit-hitzeschutz\/","og_locale":"de_DE","og_type":"article","og_title":"HE.SHE \u2013 THERM SCREEN - Haargl\u00e4ttungsspray mit Hitzeschutz","og_description":"Therm Screen, Haargl\u00e4ttungsspray mit Hitzeschutz. Sch\u00fctzt das Haar vor Hitze und minimiert Haarsch\u00e4den durch hohe Temperaturen.Ins feuchte und \/ oder trockene Haar spr\u00fchen und in die L\u00e4ngen und Spitzen einarbeiten. Haare wie gew\u00fcnscht stylen.","og_url":"https:\/\/seipuntozero-haircare.it\/de\/product\/he-she-therm-screen-haarglattungsspray-mit-hitzeschutz\/","og_site_name":"6.Zero","article_modified_time":"2021-06-18T10:17:19+00:00","og_image":[{"width":600,"height":600,"url":"https:\/\/seipuntozero-haircare.it\/wp-content\/uploads\/2019\/07\/262656_sei_punto_zero_heshe_therm_screen_smoothing_spray_200ml.png","type":"image\/png"}],"twitter_card":"summary_large_image","twitter_misc":{"Gesch\u00e4tzte Lesezeit":"1\u00a0Minute"},"schema":{"@context":"https:\/\/schema.org","@graph":[{"@type":"WebPage","@id":"https:\/\/seipuntozero-haircare.it\/de\/product\/he-she-therm-screen-haarglattungsspray-mit-hitzeschutz\/","url":"https:\/\/seipuntozero-haircare.it\/de\/product\/he-she-therm-screen-haarglattungsspray-mit-hitzeschutz\/","name":"HE.SHE \u2013 THERM SCREEN - Haargl\u00e4ttungsspray mit Hitzeschutz","isPartOf":{"@id":"https:\/\/seipuntozero-haircare.it\/de\/#website"},"primaryImageOfPage":{"@id":"https:\/\/seipuntozero-haircare.it\/de\/product\/he-she-therm-screen-haarglattungsspray-mit-hitzeschutz\/#primaryimage"},"image":{"@id":"https:\/\/seipuntozero-haircare.it\/de\/product\/he-she-therm-screen-haarglattungsspray-mit-hitzeschutz\/#primaryimage"},"thumbnailUrl":"https:\/\/seipuntozero-haircare.it\/wp-content\/uploads\/2019\/07\/262656_sei_punto_zero_heshe_therm_screen_smoothing_spray_200ml.png","datePublished":"2019-07-29T07:26:26+00:00","dateModified":"2021-06-18T10:17:19+00:00","description":"Therm Screen, Haargl\u00e4ttungsspray mit Hitzeschutz. Sch\u00fctzt das Haar vor Hitze und minimiert Haarsch\u00e4den durch hohe Temperaturen.Ins feuchte und \/ oder trockene Haar spr\u00fchen und in die L\u00e4ngen und Spitzen einarbeiten. Haare wie gew\u00fcnscht stylen.","breadcrumb":{"@id":"https:\/\/seipuntozero-haircare.it\/de\/product\/he-she-therm-screen-haarglattungsspray-mit-hitzeschutz\/#breadcrumb"},"inLanguage":"de","potentialAction":[{"@type":"ReadAction","target":["https:\/\/seipuntozero-haircare.it\/de\/product\/he-she-therm-screen-haarglattungsspray-mit-hitzeschutz\/"]}]},{"@type":"ImageObject","inLanguage":"de","@id":"https:\/\/seipuntozero-haircare.it\/de\/product\/he-she-therm-screen-haarglattungsspray-mit-hitzeschutz\/#primaryimage","url":"https:\/\/seipuntozero-haircare.it\/wp-content\/uploads\/2019\/07\/262656_sei_punto_zero_heshe_therm_screen_smoothing_spray_200ml.png","contentUrl":"https:\/\/seipuntozero-haircare.it\/wp-content\/uploads\/2019\/07\/262656_sei_punto_zero_heshe_therm_screen_smoothing_spray_200ml.png","width":600,"height":600},{"@type":"BreadcrumbList","@id":"https:\/\/seipuntozero-haircare.it\/de\/product\/he-she-therm-screen-haarglattungsspray-mit-hitzeschutz\/#breadcrumb","itemListElement":[{"@type":"ListItem","position":1,"name":"Home","item":"https:\/\/seipuntozero-haircare.it\/de\/"},{"@type":"ListItem","position":2,"name":"Products","item":"https:\/\/seipuntozero-haircare.it\/de\/shop\/"},{"@type":"ListItem","position":3,"name":"HE.SHE \u2013 THERM SCREEN Haargl\u00e4ttungsspray mit Hitzeschutz"}]},{"@type":"WebSite","@id":"https:\/\/seipuntozero-haircare.it\/de\/#website","url":"https:\/\/seipuntozero-haircare.it\/de\/","name":"6.Zero","description":"Essential Touch","potentialAction":[{"@type":"SearchAction","target":{"@type":"EntryPoint","urlTemplate":"https:\/\/seipuntozero-haircare.it\/de\/?s={search_term_string}"},"query-input":{"@type":"PropertyValueSpecification","valueRequired":true,"valueName":"search_term_string"}}],"inLanguage":"de"}]}},"_links":{"self":[{"href":"https:\/\/seipuntozero-haircare.it\/de\/wp-json\/wp\/v2\/product\/16109","targetHints":{"allow":["GET"]}}],"collection":[{"href":"https:\/\/seipuntozero-haircare.it\/de\/wp-json\/wp\/v2\/product"}],"about":[{"href":"https:\/\/seipuntozero-haircare.it\/de\/wp-json\/wp\/v2\/types\/product"}],"wp:featuredmedia":[{"embeddable":true,"href":"https:\/\/seipuntozero-haircare.it\/de\/wp-json\/wp\/v2\/media\/18470"}],"wp:attachment":[{"href":"https:\/\/seipuntozero-haircare.it\/de\/wp-json\/wp\/v2\/media?parent=16109"}],"wp:term":[{"taxonomy":"product_brand","embeddable":true,"href":"https:\/\/seipuntozero-haircare.it\/de\/wp-json\/wp\/v2\/product_brand?post=16109"},{"taxonomy":"product_cat","embeddable":true,"href":"https:\/\/seipuntozero-haircare.it\/de\/wp-json\/wp\/v2\/product_cat?post=16109"},{"taxonomy":"product_tag","embeddable":true,"href":"https:\/\/seipuntozero-haircare.it\/de\/wp-json\/wp\/v2\/product_tag?post=16109"}],"curies":[{"name":"wp","href":"https:\/\/api.w.org\/{rel}","templated":true}]}}