{"id":16105,"date":"2019-09-26T09:00:56","date_gmt":"2019-09-26T07:00:56","guid":{"rendered":"https:\/\/seipuntozero-haircare.it\/prodotto\/take-over-active-sheer-2-in-1-tonic-lotion\/"},"modified":"2021-06-18T12:06:20","modified_gmt":"2021-06-18T10:06:20","slug":"take-over-active-sheer-2-in-1-tonic-lotion","status":"publish","type":"product","link":"https:\/\/seipuntozero-haircare.it\/de\/product\/take-over-active-sheer-2-in-1-tonic-lotion\/","title":{"rendered":"TAKE OVER \u2013 ACTIVE SHEER <br> 2-in-1 Tonic Lotion"},"content":{"rendered":"<ul>\n<li>Anti-Schuppen<\/li>\n<li>Reguliert die Talgproduktion<\/li>\n<li>Erfrischt und entschlackt die Kopfhaut<\/li>\n<li>Ohne die Haare zu belasten<\/li>\n<\/ul>\n","protected":false},"excerpt":{"rendered":"<p>Die <strong>2-in-1 Tonic Lotion<\/strong> <strong>f\u00fcr fettende, schuppende Kopfhaut mit trockenen L\u00e4ngen,<\/strong> vervollst\u00e4ndigt die Active Sheer-Behandlung, <strong>die das Gleichgewicht der Kopfhaut wiederherstellt<\/strong>. Hilft bei der Bek\u00e4mpfung von Schuppen und reguliert die \u00fcberm\u00e4\u00dfige Talgproduktion mit einer erfrischenden und regenerierenden Wirkung auf Haut und Haar. Dank der<strong> Talg-regulierenden<\/strong> <strong>Anti-Schuppen-Wirkung<\/strong> der 6.Zero-Lotion ist das Haar <strong>hydratisiert, stark<\/strong> und bleibt <strong>l\u00e4nger sauber<\/strong>. Tag f\u00fcr Tag findet die Haut <strong>zu ihrem nat\u00fcrlichen Gleichgewicht zur\u00fcck <\/strong>und erf\u00e4hrt ein neues <strong>Gef\u00fchl der Reinheit.<\/strong><\/p>\n<p>150 ml<\/p>\n","protected":false},"featured_media":19802,"template":"","meta":[],"product_brand":[],"product_cat":[934],"product_tag":[],"class_list":["post-16105","product","type-product","status-publish","has-post-thumbnail","hentry","product_cat-take-over-active-sheer-de"],"yoast_head":"<!-- This site is optimized with the Yoast SEO plugin v27.1.1 - https:\/\/yoast.com\/product\/yoast-seo-wordpress\/ -->\n<title>TAKE OVER \u2013 ACTIVE SHEER - 2-in-1 Tonic Lotion<\/title>\n<meta name=\"description\" content=\"Die 2-in-1 Tonic Lotion f\u00fcr fettende, schuppende Kopfhaut mit trockenen L\u00e4ngen, vervollst\u00e4ndigt die Active Sheer-Behandlung, die das Gleichgewicht der Kopfhaut wiederherstellt.\" \/>\n<meta name=\"robots\" content=\"index, follow, max-snippet:-1, max-image-preview:large, max-video-preview:-1\" \/>\n<link rel=\"canonical\" href=\"https:\/\/seipuntozero-haircare.it\/de\/product\/take-over-active-sheer-2-in-1-tonic-lotion\/\" \/>\n<meta property=\"og:locale\" content=\"de_DE\" \/>\n<meta property=\"og:type\" content=\"article\" \/>\n<meta property=\"og:title\" content=\"TAKE OVER \u2013 ACTIVE SHEER - 2-in-1 Tonic Lotion\" \/>\n<meta property=\"og:description\" content=\"Die 2-in-1 Tonic Lotion f\u00fcr fettende, schuppende Kopfhaut mit trockenen L\u00e4ngen, vervollst\u00e4ndigt die Active Sheer-Behandlung, die das Gleichgewicht der Kopfhaut wiederherstellt.\" \/>\n<meta property=\"og:url\" content=\"https:\/\/seipuntozero-haircare.it\/de\/product\/take-over-active-sheer-2-in-1-tonic-lotion\/\" \/>\n<meta property=\"og:site_name\" content=\"6.Zero\" \/>\n<meta property=\"article:modified_time\" content=\"2021-06-18T10:06:20+00:00\" \/>\n<meta property=\"og:image\" content=\"https:\/\/seipuntozero-haircare.it\/wp-content\/uploads\/2019\/09\/262663_sei_punto_zero_take_active_sheer_bivalent_lotion_150ml-1.png\" \/>\n\t<meta property=\"og:image:width\" content=\"800\" \/>\n\t<meta property=\"og:image:height\" content=\"800\" \/>\n\t<meta property=\"og:image:type\" content=\"image\/png\" \/>\n<meta name=\"twitter:card\" content=\"summary_large_image\" \/>\n<meta name=\"twitter:label1\" content=\"Gesch\u00e4tzte Lesezeit\" \/>\n\t<meta name=\"twitter:data1\" content=\"1\u00a0Minute\" \/>\n<script type=\"application\/ld+json\" class=\"yoast-schema-graph\">{\"@context\":\"https:\/\/schema.org\",\"@graph\":[{\"@type\":\"WebPage\",\"@id\":\"https:\/\/seipuntozero-haircare.it\/de\/product\/take-over-active-sheer-2-in-1-tonic-lotion\/\",\"url\":\"https:\/\/seipuntozero-haircare.it\/de\/product\/take-over-active-sheer-2-in-1-tonic-lotion\/\",\"name\":\"TAKE OVER \u2013 ACTIVE SHEER - 2-in-1 Tonic Lotion\",\"isPartOf\":{\"@id\":\"https:\/\/seipuntozero-haircare.it\/de\/#website\"},\"primaryImageOfPage\":{\"@id\":\"https:\/\/seipuntozero-haircare.it\/de\/product\/take-over-active-sheer-2-in-1-tonic-lotion\/#primaryimage\"},\"image\":{\"@id\":\"https:\/\/seipuntozero-haircare.it\/de\/product\/take-over-active-sheer-2-in-1-tonic-lotion\/#primaryimage\"},\"thumbnailUrl\":\"https:\/\/seipuntozero-haircare.it\/wp-content\/uploads\/2019\/09\/262663_sei_punto_zero_take_active_sheer_bivalent_lotion_150ml-1.png\",\"datePublished\":\"2019-09-26T07:00:56+00:00\",\"dateModified\":\"2021-06-18T10:06:20+00:00\",\"description\":\"Die 2-in-1 Tonic Lotion f\u00fcr fettende, schuppende Kopfhaut mit trockenen L\u00e4ngen, vervollst\u00e4ndigt die Active Sheer-Behandlung, die das Gleichgewicht der Kopfhaut wiederherstellt.\",\"breadcrumb\":{\"@id\":\"https:\/\/seipuntozero-haircare.it\/de\/product\/take-over-active-sheer-2-in-1-tonic-lotion\/#breadcrumb\"},\"inLanguage\":\"de\",\"potentialAction\":[{\"@type\":\"ReadAction\",\"target\":[\"https:\/\/seipuntozero-haircare.it\/de\/product\/take-over-active-sheer-2-in-1-tonic-lotion\/\"]}]},{\"@type\":\"ImageObject\",\"inLanguage\":\"de\",\"@id\":\"https:\/\/seipuntozero-haircare.it\/de\/product\/take-over-active-sheer-2-in-1-tonic-lotion\/#primaryimage\",\"url\":\"https:\/\/seipuntozero-haircare.it\/wp-content\/uploads\/2019\/09\/262663_sei_punto_zero_take_active_sheer_bivalent_lotion_150ml-1.png\",\"contentUrl\":\"https:\/\/seipuntozero-haircare.it\/wp-content\/uploads\/2019\/09\/262663_sei_punto_zero_take_active_sheer_bivalent_lotion_150ml-1.png\",\"width\":800,\"height\":800},{\"@type\":\"BreadcrumbList\",\"@id\":\"https:\/\/seipuntozero-haircare.it\/de\/product\/take-over-active-sheer-2-in-1-tonic-lotion\/#breadcrumb\",\"itemListElement\":[{\"@type\":\"ListItem\",\"position\":1,\"name\":\"Home\",\"item\":\"https:\/\/seipuntozero-haircare.it\/de\/\"},{\"@type\":\"ListItem\",\"position\":2,\"name\":\"Products\",\"item\":\"https:\/\/seipuntozero-haircare.it\/de\/shop\/\"},{\"@type\":\"ListItem\",\"position\":3,\"name\":\"TAKE OVER \u2013 ACTIVE SHEER 2-in-1 Tonic Lotion\"}]},{\"@type\":\"WebSite\",\"@id\":\"https:\/\/seipuntozero-haircare.it\/de\/#website\",\"url\":\"https:\/\/seipuntozero-haircare.it\/de\/\",\"name\":\"6.Zero\",\"description\":\"Essential Touch\",\"potentialAction\":[{\"@type\":\"SearchAction\",\"target\":{\"@type\":\"EntryPoint\",\"urlTemplate\":\"https:\/\/seipuntozero-haircare.it\/de\/?s={search_term_string}\"},\"query-input\":{\"@type\":\"PropertyValueSpecification\",\"valueRequired\":true,\"valueName\":\"search_term_string\"}}],\"inLanguage\":\"de\"}]}<\/script>\n<!-- \/ Yoast SEO plugin. -->","yoast_head_json":{"title":"TAKE OVER \u2013 ACTIVE SHEER - 2-in-1 Tonic Lotion","description":"Die 2-in-1 Tonic Lotion f\u00fcr fettende, schuppende Kopfhaut mit trockenen L\u00e4ngen, vervollst\u00e4ndigt die Active Sheer-Behandlung, die das Gleichgewicht der Kopfhaut wiederherstellt.","robots":{"index":"index","follow":"follow","max-snippet":"max-snippet:-1","max-image-preview":"max-image-preview:large","max-video-preview":"max-video-preview:-1"},"canonical":"https:\/\/seipuntozero-haircare.it\/de\/product\/take-over-active-sheer-2-in-1-tonic-lotion\/","og_locale":"de_DE","og_type":"article","og_title":"TAKE OVER \u2013 ACTIVE SHEER - 2-in-1 Tonic Lotion","og_description":"Die 2-in-1 Tonic Lotion f\u00fcr fettende, schuppende Kopfhaut mit trockenen L\u00e4ngen, vervollst\u00e4ndigt die Active Sheer-Behandlung, die das Gleichgewicht der Kopfhaut wiederherstellt.","og_url":"https:\/\/seipuntozero-haircare.it\/de\/product\/take-over-active-sheer-2-in-1-tonic-lotion\/","og_site_name":"6.Zero","article_modified_time":"2021-06-18T10:06:20+00:00","og_image":[{"width":800,"height":800,"url":"https:\/\/seipuntozero-haircare.it\/wp-content\/uploads\/2019\/09\/262663_sei_punto_zero_take_active_sheer_bivalent_lotion_150ml-1.png","type":"image\/png"}],"twitter_card":"summary_large_image","twitter_misc":{"Gesch\u00e4tzte Lesezeit":"1\u00a0Minute"},"schema":{"@context":"https:\/\/schema.org","@graph":[{"@type":"WebPage","@id":"https:\/\/seipuntozero-haircare.it\/de\/product\/take-over-active-sheer-2-in-1-tonic-lotion\/","url":"https:\/\/seipuntozero-haircare.it\/de\/product\/take-over-active-sheer-2-in-1-tonic-lotion\/","name":"TAKE OVER \u2013 ACTIVE SHEER - 2-in-1 Tonic Lotion","isPartOf":{"@id":"https:\/\/seipuntozero-haircare.it\/de\/#website"},"primaryImageOfPage":{"@id":"https:\/\/seipuntozero-haircare.it\/de\/product\/take-over-active-sheer-2-in-1-tonic-lotion\/#primaryimage"},"image":{"@id":"https:\/\/seipuntozero-haircare.it\/de\/product\/take-over-active-sheer-2-in-1-tonic-lotion\/#primaryimage"},"thumbnailUrl":"https:\/\/seipuntozero-haircare.it\/wp-content\/uploads\/2019\/09\/262663_sei_punto_zero_take_active_sheer_bivalent_lotion_150ml-1.png","datePublished":"2019-09-26T07:00:56+00:00","dateModified":"2021-06-18T10:06:20+00:00","description":"Die 2-in-1 Tonic Lotion f\u00fcr fettende, schuppende Kopfhaut mit trockenen L\u00e4ngen, vervollst\u00e4ndigt die Active Sheer-Behandlung, die das Gleichgewicht der Kopfhaut wiederherstellt.","breadcrumb":{"@id":"https:\/\/seipuntozero-haircare.it\/de\/product\/take-over-active-sheer-2-in-1-tonic-lotion\/#breadcrumb"},"inLanguage":"de","potentialAction":[{"@type":"ReadAction","target":["https:\/\/seipuntozero-haircare.it\/de\/product\/take-over-active-sheer-2-in-1-tonic-lotion\/"]}]},{"@type":"ImageObject","inLanguage":"de","@id":"https:\/\/seipuntozero-haircare.it\/de\/product\/take-over-active-sheer-2-in-1-tonic-lotion\/#primaryimage","url":"https:\/\/seipuntozero-haircare.it\/wp-content\/uploads\/2019\/09\/262663_sei_punto_zero_take_active_sheer_bivalent_lotion_150ml-1.png","contentUrl":"https:\/\/seipuntozero-haircare.it\/wp-content\/uploads\/2019\/09\/262663_sei_punto_zero_take_active_sheer_bivalent_lotion_150ml-1.png","width":800,"height":800},{"@type":"BreadcrumbList","@id":"https:\/\/seipuntozero-haircare.it\/de\/product\/take-over-active-sheer-2-in-1-tonic-lotion\/#breadcrumb","itemListElement":[{"@type":"ListItem","position":1,"name":"Home","item":"https:\/\/seipuntozero-haircare.it\/de\/"},{"@type":"ListItem","position":2,"name":"Products","item":"https:\/\/seipuntozero-haircare.it\/de\/shop\/"},{"@type":"ListItem","position":3,"name":"TAKE OVER \u2013 ACTIVE SHEER 2-in-1 Tonic Lotion"}]},{"@type":"WebSite","@id":"https:\/\/seipuntozero-haircare.it\/de\/#website","url":"https:\/\/seipuntozero-haircare.it\/de\/","name":"6.Zero","description":"Essential Touch","potentialAction":[{"@type":"SearchAction","target":{"@type":"EntryPoint","urlTemplate":"https:\/\/seipuntozero-haircare.it\/de\/?s={search_term_string}"},"query-input":{"@type":"PropertyValueSpecification","valueRequired":true,"valueName":"search_term_string"}}],"inLanguage":"de"}]}},"_links":{"self":[{"href":"https:\/\/seipuntozero-haircare.it\/de\/wp-json\/wp\/v2\/product\/16105","targetHints":{"allow":["GET"]}}],"collection":[{"href":"https:\/\/seipuntozero-haircare.it\/de\/wp-json\/wp\/v2\/product"}],"about":[{"href":"https:\/\/seipuntozero-haircare.it\/de\/wp-json\/wp\/v2\/types\/product"}],"wp:featuredmedia":[{"embeddable":true,"href":"https:\/\/seipuntozero-haircare.it\/de\/wp-json\/wp\/v2\/media\/19802"}],"wp:attachment":[{"href":"https:\/\/seipuntozero-haircare.it\/de\/wp-json\/wp\/v2\/media?parent=16105"}],"wp:term":[{"taxonomy":"product_brand","embeddable":true,"href":"https:\/\/seipuntozero-haircare.it\/de\/wp-json\/wp\/v2\/product_brand?post=16105"},{"taxonomy":"product_cat","embeddable":true,"href":"https:\/\/seipuntozero-haircare.it\/de\/wp-json\/wp\/v2\/product_cat?post=16105"},{"taxonomy":"product_tag","embeddable":true,"href":"https:\/\/seipuntozero-haircare.it\/de\/wp-json\/wp\/v2\/product_tag?post=16105"}],"curies":[{"name":"wp","href":"https:\/\/api.w.org\/{rel}","templated":true}]}}