{"id":16101,"date":"2017-09-28T10:09:31","date_gmt":"2017-09-28T08:09:31","guid":{"rendered":"https:\/\/seipuntozero-haircare.it\/prodotto\/take-over-active-power-pflege-ampulle-gegen-haarausfall\/"},"modified":"2023-11-21T10:27:48","modified_gmt":"2023-11-21T09:27:48","slug":"take-over-active-power-pflege-ampulle-gegen-haarausfall","status":"publish","type":"product","link":"https:\/\/seipuntozero-haircare.it\/de\/product\/take-over-active-power-pflege-ampulle-gegen-haarausfall\/","title":{"rendered":"TAKE OVER \u2013 ACTIVE POWER <br> Pflege-Ampulle gegen Haarausfall"},"content":{"rendered":"<ul>\n<li>Bek\u00e4mpft <strong>schwaches Haar<\/strong> effizient und beugt <strong>Haarausfall<\/strong> vor<\/li>\n<li>Reichhaltige Formel mit revitalisierenden aktiven Inhaltsstoffen und Antioxidantien<\/li>\n<li><strong>St\u00e4rkt die Kapillarwurzeln<\/strong> und aktiviert die Mikrozirkulation<\/li>\n<\/ul>\n","protected":false},"excerpt":{"rendered":"<p><strong>Pflege-Ampulle gegen Haarausfall<\/strong> f\u00fcr br\u00fcchiges, d\u00fcnnes und kraftloses Haar. Die reichhaltige Formel mit <strong>funktionalen Substanzen<\/strong> aus der Pflanzenwelt, <strong>Vitaminkomplexen<\/strong> und einem besonderen <strong>Aminos\u00e4urekomplex<\/strong> besitzt antioxidierende und belebende Eigenschaften, die <strong>schwachem Haar sowie Haarausfall<\/strong> <strong>vorbeugen<\/strong>. Dank der n\u00e4hrenden und belebenden Eigenschaften f\u00f6rdern die aktiven Inhaltsstoffe die Aktivierung der <strong>Mikrozirkulation<\/strong> der Kopfhaut und st\u00e4rken so die Kapillarwurzeln.<\/p>\n<p>Box mit 10 Ampullen<\/p>\n","protected":false},"featured_media":19784,"template":"","meta":[],"product_brand":[],"product_cat":[933],"product_tag":[],"class_list":["post-16101","product","type-product","status-publish","has-post-thumbnail","hentry","product_cat-take-over-active-power-de"],"yoast_head":"<!-- This site is optimized with the Yoast SEO plugin v27.1.1 - https:\/\/yoast.com\/product\/yoast-seo-wordpress\/ -->\n<title>TAKE OVER \u2013 ACTIVE POWER | Pflege-Ampulle gegen Haarausfall<\/title>\n<meta name=\"description\" content=\"Pflege-Ampulle gegen Haarausfall f\u00fcr br\u00fcchiges, d\u00fcnnes und kraftloses Haar.\" \/>\n<meta name=\"robots\" content=\"index, follow, max-snippet:-1, max-image-preview:large, max-video-preview:-1\" \/>\n<link rel=\"canonical\" href=\"https:\/\/seipuntozero-haircare.it\/de\/product\/take-over-active-power-pflege-ampulle-gegen-haarausfall\/\" \/>\n<meta property=\"og:locale\" content=\"de_DE\" \/>\n<meta property=\"og:type\" content=\"article\" \/>\n<meta property=\"og:title\" content=\"TAKE OVER \u2013 ACTIVE POWER | Pflege-Ampulle gegen Haarausfall\" \/>\n<meta property=\"og:description\" content=\"Pflege-Ampulle gegen Haarausfall f\u00fcr br\u00fcchiges, d\u00fcnnes und kraftloses Haar.\" \/>\n<meta property=\"og:url\" content=\"https:\/\/seipuntozero-haircare.it\/de\/product\/take-over-active-power-pflege-ampulle-gegen-haarausfall\/\" \/>\n<meta property=\"og:site_name\" content=\"6.Zero\" \/>\n<meta property=\"article:modified_time\" content=\"2023-11-21T09:27:48+00:00\" \/>\n<meta property=\"og:image\" content=\"https:\/\/seipuntozero-haircare.it\/wp-content\/uploads\/2017\/09\/262496_sei_punto_zero_take_over_active_power_hair_loss_prevention_treatment-1.png\" \/>\n\t<meta property=\"og:image:width\" content=\"600\" \/>\n\t<meta property=\"og:image:height\" content=\"600\" \/>\n\t<meta property=\"og:image:type\" content=\"image\/png\" \/>\n<meta name=\"twitter:card\" content=\"summary_large_image\" \/>\n<meta name=\"twitter:label1\" content=\"Gesch\u00e4tzte Lesezeit\" \/>\n\t<meta name=\"twitter:data1\" content=\"1\u00a0Minute\" \/>\n<script type=\"application\/ld+json\" class=\"yoast-schema-graph\">{\"@context\":\"https:\/\/schema.org\",\"@graph\":[{\"@type\":\"WebPage\",\"@id\":\"https:\/\/seipuntozero-haircare.it\/de\/product\/take-over-active-power-pflege-ampulle-gegen-haarausfall\/\",\"url\":\"https:\/\/seipuntozero-haircare.it\/de\/product\/take-over-active-power-pflege-ampulle-gegen-haarausfall\/\",\"name\":\"TAKE OVER \u2013 ACTIVE POWER | Pflege-Ampulle gegen Haarausfall\",\"isPartOf\":{\"@id\":\"https:\/\/seipuntozero-haircare.it\/de\/#website\"},\"primaryImageOfPage\":{\"@id\":\"https:\/\/seipuntozero-haircare.it\/de\/product\/take-over-active-power-pflege-ampulle-gegen-haarausfall\/#primaryimage\"},\"image\":{\"@id\":\"https:\/\/seipuntozero-haircare.it\/de\/product\/take-over-active-power-pflege-ampulle-gegen-haarausfall\/#primaryimage\"},\"thumbnailUrl\":\"https:\/\/seipuntozero-haircare.it\/wp-content\/uploads\/2017\/09\/262496_sei_punto_zero_take_over_active_power_hair_loss_prevention_treatment-1.png\",\"datePublished\":\"2017-09-28T08:09:31+00:00\",\"dateModified\":\"2023-11-21T09:27:48+00:00\",\"description\":\"Pflege-Ampulle gegen Haarausfall f\u00fcr br\u00fcchiges, d\u00fcnnes und kraftloses Haar.\",\"breadcrumb\":{\"@id\":\"https:\/\/seipuntozero-haircare.it\/de\/product\/take-over-active-power-pflege-ampulle-gegen-haarausfall\/#breadcrumb\"},\"inLanguage\":\"de\",\"potentialAction\":[{\"@type\":\"ReadAction\",\"target\":[\"https:\/\/seipuntozero-haircare.it\/de\/product\/take-over-active-power-pflege-ampulle-gegen-haarausfall\/\"]}]},{\"@type\":\"ImageObject\",\"inLanguage\":\"de\",\"@id\":\"https:\/\/seipuntozero-haircare.it\/de\/product\/take-over-active-power-pflege-ampulle-gegen-haarausfall\/#primaryimage\",\"url\":\"https:\/\/seipuntozero-haircare.it\/wp-content\/uploads\/2017\/09\/262496_sei_punto_zero_take_over_active_power_hair_loss_prevention_treatment-1.png\",\"contentUrl\":\"https:\/\/seipuntozero-haircare.it\/wp-content\/uploads\/2017\/09\/262496_sei_punto_zero_take_over_active_power_hair_loss_prevention_treatment-1.png\",\"width\":600,\"height\":600},{\"@type\":\"BreadcrumbList\",\"@id\":\"https:\/\/seipuntozero-haircare.it\/de\/product\/take-over-active-power-pflege-ampulle-gegen-haarausfall\/#breadcrumb\",\"itemListElement\":[{\"@type\":\"ListItem\",\"position\":1,\"name\":\"Home\",\"item\":\"https:\/\/seipuntozero-haircare.it\/de\/\"},{\"@type\":\"ListItem\",\"position\":2,\"name\":\"Products\",\"item\":\"https:\/\/seipuntozero-haircare.it\/de\/shop\/\"},{\"@type\":\"ListItem\",\"position\":3,\"name\":\"TAKE OVER \u2013 ACTIVE POWER Pflege-Ampulle gegen Haarausfall\"}]},{\"@type\":\"WebSite\",\"@id\":\"https:\/\/seipuntozero-haircare.it\/de\/#website\",\"url\":\"https:\/\/seipuntozero-haircare.it\/de\/\",\"name\":\"6.Zero\",\"description\":\"Essential Touch\",\"potentialAction\":[{\"@type\":\"SearchAction\",\"target\":{\"@type\":\"EntryPoint\",\"urlTemplate\":\"https:\/\/seipuntozero-haircare.it\/de\/?s={search_term_string}\"},\"query-input\":{\"@type\":\"PropertyValueSpecification\",\"valueRequired\":true,\"valueName\":\"search_term_string\"}}],\"inLanguage\":\"de\"}]}<\/script>\n<!-- \/ Yoast SEO plugin. -->","yoast_head_json":{"title":"TAKE OVER \u2013 ACTIVE POWER | Pflege-Ampulle gegen Haarausfall","description":"Pflege-Ampulle gegen Haarausfall f\u00fcr br\u00fcchiges, d\u00fcnnes und kraftloses Haar.","robots":{"index":"index","follow":"follow","max-snippet":"max-snippet:-1","max-image-preview":"max-image-preview:large","max-video-preview":"max-video-preview:-1"},"canonical":"https:\/\/seipuntozero-haircare.it\/de\/product\/take-over-active-power-pflege-ampulle-gegen-haarausfall\/","og_locale":"de_DE","og_type":"article","og_title":"TAKE OVER \u2013 ACTIVE POWER | Pflege-Ampulle gegen Haarausfall","og_description":"Pflege-Ampulle gegen Haarausfall f\u00fcr br\u00fcchiges, d\u00fcnnes und kraftloses Haar.","og_url":"https:\/\/seipuntozero-haircare.it\/de\/product\/take-over-active-power-pflege-ampulle-gegen-haarausfall\/","og_site_name":"6.Zero","article_modified_time":"2023-11-21T09:27:48+00:00","og_image":[{"width":600,"height":600,"url":"https:\/\/seipuntozero-haircare.it\/wp-content\/uploads\/2017\/09\/262496_sei_punto_zero_take_over_active_power_hair_loss_prevention_treatment-1.png","type":"image\/png"}],"twitter_card":"summary_large_image","twitter_misc":{"Gesch\u00e4tzte Lesezeit":"1\u00a0Minute"},"schema":{"@context":"https:\/\/schema.org","@graph":[{"@type":"WebPage","@id":"https:\/\/seipuntozero-haircare.it\/de\/product\/take-over-active-power-pflege-ampulle-gegen-haarausfall\/","url":"https:\/\/seipuntozero-haircare.it\/de\/product\/take-over-active-power-pflege-ampulle-gegen-haarausfall\/","name":"TAKE OVER \u2013 ACTIVE POWER | Pflege-Ampulle gegen Haarausfall","isPartOf":{"@id":"https:\/\/seipuntozero-haircare.it\/de\/#website"},"primaryImageOfPage":{"@id":"https:\/\/seipuntozero-haircare.it\/de\/product\/take-over-active-power-pflege-ampulle-gegen-haarausfall\/#primaryimage"},"image":{"@id":"https:\/\/seipuntozero-haircare.it\/de\/product\/take-over-active-power-pflege-ampulle-gegen-haarausfall\/#primaryimage"},"thumbnailUrl":"https:\/\/seipuntozero-haircare.it\/wp-content\/uploads\/2017\/09\/262496_sei_punto_zero_take_over_active_power_hair_loss_prevention_treatment-1.png","datePublished":"2017-09-28T08:09:31+00:00","dateModified":"2023-11-21T09:27:48+00:00","description":"Pflege-Ampulle gegen Haarausfall f\u00fcr br\u00fcchiges, d\u00fcnnes und kraftloses Haar.","breadcrumb":{"@id":"https:\/\/seipuntozero-haircare.it\/de\/product\/take-over-active-power-pflege-ampulle-gegen-haarausfall\/#breadcrumb"},"inLanguage":"de","potentialAction":[{"@type":"ReadAction","target":["https:\/\/seipuntozero-haircare.it\/de\/product\/take-over-active-power-pflege-ampulle-gegen-haarausfall\/"]}]},{"@type":"ImageObject","inLanguage":"de","@id":"https:\/\/seipuntozero-haircare.it\/de\/product\/take-over-active-power-pflege-ampulle-gegen-haarausfall\/#primaryimage","url":"https:\/\/seipuntozero-haircare.it\/wp-content\/uploads\/2017\/09\/262496_sei_punto_zero_take_over_active_power_hair_loss_prevention_treatment-1.png","contentUrl":"https:\/\/seipuntozero-haircare.it\/wp-content\/uploads\/2017\/09\/262496_sei_punto_zero_take_over_active_power_hair_loss_prevention_treatment-1.png","width":600,"height":600},{"@type":"BreadcrumbList","@id":"https:\/\/seipuntozero-haircare.it\/de\/product\/take-over-active-power-pflege-ampulle-gegen-haarausfall\/#breadcrumb","itemListElement":[{"@type":"ListItem","position":1,"name":"Home","item":"https:\/\/seipuntozero-haircare.it\/de\/"},{"@type":"ListItem","position":2,"name":"Products","item":"https:\/\/seipuntozero-haircare.it\/de\/shop\/"},{"@type":"ListItem","position":3,"name":"TAKE OVER \u2013 ACTIVE POWER Pflege-Ampulle gegen Haarausfall"}]},{"@type":"WebSite","@id":"https:\/\/seipuntozero-haircare.it\/de\/#website","url":"https:\/\/seipuntozero-haircare.it\/de\/","name":"6.Zero","description":"Essential Touch","potentialAction":[{"@type":"SearchAction","target":{"@type":"EntryPoint","urlTemplate":"https:\/\/seipuntozero-haircare.it\/de\/?s={search_term_string}"},"query-input":{"@type":"PropertyValueSpecification","valueRequired":true,"valueName":"search_term_string"}}],"inLanguage":"de"}]}},"_links":{"self":[{"href":"https:\/\/seipuntozero-haircare.it\/de\/wp-json\/wp\/v2\/product\/16101","targetHints":{"allow":["GET"]}}],"collection":[{"href":"https:\/\/seipuntozero-haircare.it\/de\/wp-json\/wp\/v2\/product"}],"about":[{"href":"https:\/\/seipuntozero-haircare.it\/de\/wp-json\/wp\/v2\/types\/product"}],"wp:featuredmedia":[{"embeddable":true,"href":"https:\/\/seipuntozero-haircare.it\/de\/wp-json\/wp\/v2\/media\/19784"}],"wp:attachment":[{"href":"https:\/\/seipuntozero-haircare.it\/de\/wp-json\/wp\/v2\/media?parent=16101"}],"wp:term":[{"taxonomy":"product_brand","embeddable":true,"href":"https:\/\/seipuntozero-haircare.it\/de\/wp-json\/wp\/v2\/product_brand?post=16101"},{"taxonomy":"product_cat","embeddable":true,"href":"https:\/\/seipuntozero-haircare.it\/de\/wp-json\/wp\/v2\/product_cat?post=16101"},{"taxonomy":"product_tag","embeddable":true,"href":"https:\/\/seipuntozero-haircare.it\/de\/wp-json\/wp\/v2\/product_tag?post=16101"}],"curies":[{"name":"wp","href":"https:\/\/api.w.org\/{rel}","templated":true}]}}