{"id":16099,"date":"2021-05-24T09:00:57","date_gmt":"2021-05-24T07:00:57","guid":{"rendered":"https:\/\/seipuntozero-haircare.it\/prodotto\/take-over-sun-deluxe-glanzverleihende-schutzende-after-sun-maske\/"},"modified":"2021-06-18T11:57:17","modified_gmt":"2021-06-18T09:57:17","slug":"take-over-sun-deluxe-glanzverleihende-schutzende-after-sun-maske","status":"publish","type":"product","link":"https:\/\/seipuntozero-haircare.it\/de\/product\/take-over-sun-deluxe-glanzverleihende-schutzende-after-sun-maske\/","title":{"rendered":"TAKE OVER \u2013 SUN DELUXE <br> Glanzverleihende, sch\u00fctzende after-sun-maske"},"content":{"rendered":"<ul>\n<li>Verleiht dem Haar Vitalit\u00e4t und Glanz<\/li>\n<li>Verhindert Trockenheit und Austrocknung, die durch UV-Strahlen, Salz und Chlor verursacht werden<\/li>\n<li>Verleiht dem Haar Geschmeidigkeit und K\u00e4mmbarkeit<\/li>\n<\/ul>\n","protected":false},"excerpt":{"rendered":"<p><strong>Take Over Sun Deluxe<\/strong>, glanzverleihende und sch\u00fctzende <strong>After-Sun-Maske<\/strong>. N\u00e4hrt und befeuchtet sanft Haut und Haar und bek\u00e4mpft den durch Sonneneinstrahlung, Salz und Chlor verursachten Trockeneffekt. Angereichert mit <strong>Tsubaki-\u00d6l,<\/strong> verleiht es dem Haar Vitalit\u00e4t, Kraft und Glanz und macht es seidig und leichter k\u00e4mmbar.<\/p>\n<p>300 ml<\/p>\n","protected":false},"featured_media":19526,"template":"","meta":[],"product_brand":[],"product_cat":[932],"product_tag":[],"class_list":["post-16099","product","type-product","status-publish","has-post-thumbnail","hentry","product_cat-take-over-sun-deluxe-de"],"yoast_head":"<!-- This site is optimized with the Yoast SEO plugin v27.1.1 - https:\/\/yoast.com\/product\/yoast-seo-wordpress\/ -->\n<title>Glanzverleihende, sch\u00fctzende after-sun-maske<\/title>\n<meta name=\"description\" content=\"Take Over Sun Deluxe, glanzverleihende und sch\u00fctzende After-Sun-Maske.\" \/>\n<meta name=\"robots\" content=\"index, follow, max-snippet:-1, max-image-preview:large, max-video-preview:-1\" \/>\n<link rel=\"canonical\" href=\"https:\/\/seipuntozero-haircare.it\/de\/product\/take-over-sun-deluxe-glanzverleihende-schutzende-after-sun-maske\/\" \/>\n<meta property=\"og:locale\" content=\"de_DE\" \/>\n<meta property=\"og:type\" content=\"article\" \/>\n<meta property=\"og:title\" content=\"Glanzverleihende, sch\u00fctzende after-sun-maske\" \/>\n<meta property=\"og:description\" content=\"Take Over Sun Deluxe, glanzverleihende und sch\u00fctzende After-Sun-Maske.\" \/>\n<meta property=\"og:url\" content=\"https:\/\/seipuntozero-haircare.it\/de\/product\/take-over-sun-deluxe-glanzverleihende-schutzende-after-sun-maske\/\" \/>\n<meta property=\"og:site_name\" content=\"6.Zero\" \/>\n<meta property=\"article:modified_time\" content=\"2021-06-18T09:57:17+00:00\" \/>\n<meta property=\"og:image\" content=\"https:\/\/seipuntozero-haircare.it\/wp-content\/uploads\/2021\/05\/263233_sei_punto_zero_take_over_sun_deluxe_mask_300ml.png\" \/>\n\t<meta property=\"og:image:width\" content=\"600\" \/>\n\t<meta property=\"og:image:height\" content=\"600\" \/>\n\t<meta property=\"og:image:type\" content=\"image\/png\" \/>\n<meta name=\"twitter:card\" content=\"summary_large_image\" \/>\n<meta name=\"twitter:label1\" content=\"Gesch\u00e4tzte Lesezeit\" \/>\n\t<meta name=\"twitter:data1\" content=\"1\u00a0Minute\" \/>\n<script type=\"application\/ld+json\" class=\"yoast-schema-graph\">{\"@context\":\"https:\/\/schema.org\",\"@graph\":[{\"@type\":\"WebPage\",\"@id\":\"https:\/\/seipuntozero-haircare.it\/de\/product\/take-over-sun-deluxe-glanzverleihende-schutzende-after-sun-maske\/\",\"url\":\"https:\/\/seipuntozero-haircare.it\/de\/product\/take-over-sun-deluxe-glanzverleihende-schutzende-after-sun-maske\/\",\"name\":\"Glanzverleihende, sch\u00fctzende after-sun-maske\",\"isPartOf\":{\"@id\":\"https:\/\/seipuntozero-haircare.it\/de\/#website\"},\"primaryImageOfPage\":{\"@id\":\"https:\/\/seipuntozero-haircare.it\/de\/product\/take-over-sun-deluxe-glanzverleihende-schutzende-after-sun-maske\/#primaryimage\"},\"image\":{\"@id\":\"https:\/\/seipuntozero-haircare.it\/de\/product\/take-over-sun-deluxe-glanzverleihende-schutzende-after-sun-maske\/#primaryimage\"},\"thumbnailUrl\":\"https:\/\/seipuntozero-haircare.it\/wp-content\/uploads\/2023\/05\/263233_sei_punto_zero_take_over_sun_deluxe_mask_300ml.png\",\"datePublished\":\"2021-05-24T07:00:57+00:00\",\"dateModified\":\"2021-06-18T09:57:17+00:00\",\"description\":\"Take Over Sun Deluxe, glanzverleihende und sch\u00fctzende After-Sun-Maske.\",\"breadcrumb\":{\"@id\":\"https:\/\/seipuntozero-haircare.it\/de\/product\/take-over-sun-deluxe-glanzverleihende-schutzende-after-sun-maske\/#breadcrumb\"},\"inLanguage\":\"de\",\"potentialAction\":[{\"@type\":\"ReadAction\",\"target\":[\"https:\/\/seipuntozero-haircare.it\/de\/product\/take-over-sun-deluxe-glanzverleihende-schutzende-after-sun-maske\/\"]}]},{\"@type\":\"ImageObject\",\"inLanguage\":\"de\",\"@id\":\"https:\/\/seipuntozero-haircare.it\/de\/product\/take-over-sun-deluxe-glanzverleihende-schutzende-after-sun-maske\/#primaryimage\",\"url\":\"https:\/\/seipuntozero-haircare.it\/wp-content\/uploads\/2023\/05\/263233_sei_punto_zero_take_over_sun_deluxe_mask_300ml.png\",\"contentUrl\":\"https:\/\/seipuntozero-haircare.it\/wp-content\/uploads\/2023\/05\/263233_sei_punto_zero_take_over_sun_deluxe_mask_300ml.png\",\"width\":600,\"height\":600},{\"@type\":\"BreadcrumbList\",\"@id\":\"https:\/\/seipuntozero-haircare.it\/de\/product\/take-over-sun-deluxe-glanzverleihende-schutzende-after-sun-maske\/#breadcrumb\",\"itemListElement\":[{\"@type\":\"ListItem\",\"position\":1,\"name\":\"Home\",\"item\":\"https:\/\/seipuntozero-haircare.it\/de\/\"},{\"@type\":\"ListItem\",\"position\":2,\"name\":\"Products\",\"item\":\"https:\/\/seipuntozero-haircare.it\/de\/shop\/\"},{\"@type\":\"ListItem\",\"position\":3,\"name\":\"TAKE OVER \u2013 SUN DELUXE Glanzverleihende, sch\u00fctzende after-sun-maske\"}]},{\"@type\":\"WebSite\",\"@id\":\"https:\/\/seipuntozero-haircare.it\/de\/#website\",\"url\":\"https:\/\/seipuntozero-haircare.it\/de\/\",\"name\":\"6.Zero\",\"description\":\"Essential Touch\",\"potentialAction\":[{\"@type\":\"SearchAction\",\"target\":{\"@type\":\"EntryPoint\",\"urlTemplate\":\"https:\/\/seipuntozero-haircare.it\/de\/?s={search_term_string}\"},\"query-input\":{\"@type\":\"PropertyValueSpecification\",\"valueRequired\":true,\"valueName\":\"search_term_string\"}}],\"inLanguage\":\"de\"}]}<\/script>\n<!-- \/ Yoast SEO plugin. -->","yoast_head_json":{"title":"Glanzverleihende, sch\u00fctzende after-sun-maske","description":"Take Over Sun Deluxe, glanzverleihende und sch\u00fctzende After-Sun-Maske.","robots":{"index":"index","follow":"follow","max-snippet":"max-snippet:-1","max-image-preview":"max-image-preview:large","max-video-preview":"max-video-preview:-1"},"canonical":"https:\/\/seipuntozero-haircare.it\/de\/product\/take-over-sun-deluxe-glanzverleihende-schutzende-after-sun-maske\/","og_locale":"de_DE","og_type":"article","og_title":"Glanzverleihende, sch\u00fctzende after-sun-maske","og_description":"Take Over Sun Deluxe, glanzverleihende und sch\u00fctzende After-Sun-Maske.","og_url":"https:\/\/seipuntozero-haircare.it\/de\/product\/take-over-sun-deluxe-glanzverleihende-schutzende-after-sun-maske\/","og_site_name":"6.Zero","article_modified_time":"2021-06-18T09:57:17+00:00","og_image":[{"width":600,"height":600,"url":"https:\/\/seipuntozero-haircare.it\/wp-content\/uploads\/2021\/05\/263233_sei_punto_zero_take_over_sun_deluxe_mask_300ml.png","type":"image\/png"}],"twitter_card":"summary_large_image","twitter_misc":{"Gesch\u00e4tzte Lesezeit":"1\u00a0Minute"},"schema":{"@context":"https:\/\/schema.org","@graph":[{"@type":"WebPage","@id":"https:\/\/seipuntozero-haircare.it\/de\/product\/take-over-sun-deluxe-glanzverleihende-schutzende-after-sun-maske\/","url":"https:\/\/seipuntozero-haircare.it\/de\/product\/take-over-sun-deluxe-glanzverleihende-schutzende-after-sun-maske\/","name":"Glanzverleihende, sch\u00fctzende after-sun-maske","isPartOf":{"@id":"https:\/\/seipuntozero-haircare.it\/de\/#website"},"primaryImageOfPage":{"@id":"https:\/\/seipuntozero-haircare.it\/de\/product\/take-over-sun-deluxe-glanzverleihende-schutzende-after-sun-maske\/#primaryimage"},"image":{"@id":"https:\/\/seipuntozero-haircare.it\/de\/product\/take-over-sun-deluxe-glanzverleihende-schutzende-after-sun-maske\/#primaryimage"},"thumbnailUrl":"https:\/\/seipuntozero-haircare.it\/wp-content\/uploads\/2023\/05\/263233_sei_punto_zero_take_over_sun_deluxe_mask_300ml.png","datePublished":"2021-05-24T07:00:57+00:00","dateModified":"2021-06-18T09:57:17+00:00","description":"Take Over Sun Deluxe, glanzverleihende und sch\u00fctzende After-Sun-Maske.","breadcrumb":{"@id":"https:\/\/seipuntozero-haircare.it\/de\/product\/take-over-sun-deluxe-glanzverleihende-schutzende-after-sun-maske\/#breadcrumb"},"inLanguage":"de","potentialAction":[{"@type":"ReadAction","target":["https:\/\/seipuntozero-haircare.it\/de\/product\/take-over-sun-deluxe-glanzverleihende-schutzende-after-sun-maske\/"]}]},{"@type":"ImageObject","inLanguage":"de","@id":"https:\/\/seipuntozero-haircare.it\/de\/product\/take-over-sun-deluxe-glanzverleihende-schutzende-after-sun-maske\/#primaryimage","url":"https:\/\/seipuntozero-haircare.it\/wp-content\/uploads\/2023\/05\/263233_sei_punto_zero_take_over_sun_deluxe_mask_300ml.png","contentUrl":"https:\/\/seipuntozero-haircare.it\/wp-content\/uploads\/2023\/05\/263233_sei_punto_zero_take_over_sun_deluxe_mask_300ml.png","width":600,"height":600},{"@type":"BreadcrumbList","@id":"https:\/\/seipuntozero-haircare.it\/de\/product\/take-over-sun-deluxe-glanzverleihende-schutzende-after-sun-maske\/#breadcrumb","itemListElement":[{"@type":"ListItem","position":1,"name":"Home","item":"https:\/\/seipuntozero-haircare.it\/de\/"},{"@type":"ListItem","position":2,"name":"Products","item":"https:\/\/seipuntozero-haircare.it\/de\/shop\/"},{"@type":"ListItem","position":3,"name":"TAKE OVER \u2013 SUN DELUXE Glanzverleihende, sch\u00fctzende after-sun-maske"}]},{"@type":"WebSite","@id":"https:\/\/seipuntozero-haircare.it\/de\/#website","url":"https:\/\/seipuntozero-haircare.it\/de\/","name":"6.Zero","description":"Essential Touch","potentialAction":[{"@type":"SearchAction","target":{"@type":"EntryPoint","urlTemplate":"https:\/\/seipuntozero-haircare.it\/de\/?s={search_term_string}"},"query-input":{"@type":"PropertyValueSpecification","valueRequired":true,"valueName":"search_term_string"}}],"inLanguage":"de"}]}},"_links":{"self":[{"href":"https:\/\/seipuntozero-haircare.it\/de\/wp-json\/wp\/v2\/product\/16099","targetHints":{"allow":["GET"]}}],"collection":[{"href":"https:\/\/seipuntozero-haircare.it\/de\/wp-json\/wp\/v2\/product"}],"about":[{"href":"https:\/\/seipuntozero-haircare.it\/de\/wp-json\/wp\/v2\/types\/product"}],"wp:featuredmedia":[{"embeddable":true,"href":"https:\/\/seipuntozero-haircare.it\/de\/wp-json\/wp\/v2\/media\/19526"}],"wp:attachment":[{"href":"https:\/\/seipuntozero-haircare.it\/de\/wp-json\/wp\/v2\/media?parent=16099"}],"wp:term":[{"taxonomy":"product_brand","embeddable":true,"href":"https:\/\/seipuntozero-haircare.it\/de\/wp-json\/wp\/v2\/product_brand?post=16099"},{"taxonomy":"product_cat","embeddable":true,"href":"https:\/\/seipuntozero-haircare.it\/de\/wp-json\/wp\/v2\/product_cat?post=16099"},{"taxonomy":"product_tag","embeddable":true,"href":"https:\/\/seipuntozero-haircare.it\/de\/wp-json\/wp\/v2\/product_tag?post=16099"}],"curies":[{"name":"wp","href":"https:\/\/api.w.org\/{rel}","templated":true}]}}