{"id":16097,"date":"2021-05-24T09:00:02","date_gmt":"2021-05-24T07:00:02","guid":{"rendered":"https:\/\/seipuntozero-haircare.it\/prodotto\/take-over-sun-deluxe-glanzverleihendes-schutzendes-after-sun-dusch-shampoo\/"},"modified":"2021-06-18T12:02:01","modified_gmt":"2021-06-18T10:02:01","slug":"take-over-sun-deluxe-glanzverleihendes-schutzendes-after-sun-dusch-shampoo","status":"publish","type":"product","link":"https:\/\/seipuntozero-haircare.it\/de\/product\/take-over-sun-deluxe-glanzverleihendes-schutzendes-after-sun-dusch-shampoo\/","title":{"rendered":"TAKE OVER \u2013 SUN DELUXE <br> Glanzverleihendes, sch\u00fctzendes after-sun-dusch-shampoo"},"content":{"rendered":"<ul>\n<li>Bietet Schutz vor Sonneneinstrahlung, Salz und Chlor<\/li>\n<li>Reinigt sanft, macht die Haut geschmeidig und das Haar gl\u00e4nzend und strahlend<\/li>\n<\/ul>\n","protected":false},"excerpt":{"rendered":"<p><strong>Take Over Sun Deluxe<\/strong>, glanzverleihendes und sch\u00fctzendes <strong>After-Sun-Dusch-Shampoo<\/strong>. Reinigt sanft K\u00f6rper und Haare, die durch \u00e4u\u00dfere Einfl\u00fcsse, wie UV-Strahlen, Salz und Chlor belastet sind. Seine mit <strong>Vitamin E und Polyphenolen<\/strong> angereicherte Formel hat eine sch\u00fctzende Funktion, stellt die nat\u00fcrliche Feuchtigkeit wieder her und sorgt f\u00fcr geschmeidige Haut und gl\u00e4nzendes Haar.<\/p>\n<p>300 ml<\/p>\n","protected":false},"featured_media":19520,"template":"","meta":[],"product_brand":[],"product_cat":[932],"product_tag":[],"class_list":["post-16097","product","type-product","status-publish","has-post-thumbnail","hentry","product_cat-take-over-sun-deluxe-de"],"yoast_head":"<!-- This site is optimized with the Yoast SEO plugin v27.1.1 - https:\/\/yoast.com\/product\/yoast-seo-wordpress\/ -->\n<title>Glanzverleihendes, sch\u00fctzendes after-sun-dusch-shampoo<\/title>\n<meta name=\"description\" content=\"Take Over Sun Deluxe, glanzverleihendes und sch\u00fctzendes After-Sun-Dusch-Shampoo. Reinigt sanft K\u00f6rper und Haare, die durch \u00e4u\u00dfere Einfl\u00fcsse, wie UV-Strahlen, Salz und Chlor belastet sind.\" \/>\n<meta name=\"robots\" content=\"index, follow, max-snippet:-1, max-image-preview:large, max-video-preview:-1\" \/>\n<link rel=\"canonical\" href=\"https:\/\/seipuntozero-haircare.it\/de\/product\/take-over-sun-deluxe-glanzverleihendes-schutzendes-after-sun-dusch-shampoo\/\" \/>\n<meta property=\"og:locale\" content=\"de_DE\" \/>\n<meta property=\"og:type\" content=\"article\" \/>\n<meta property=\"og:title\" content=\"Glanzverleihendes, sch\u00fctzendes after-sun-dusch-shampoo\" \/>\n<meta property=\"og:description\" content=\"Take Over Sun Deluxe, glanzverleihendes und sch\u00fctzendes After-Sun-Dusch-Shampoo. Reinigt sanft K\u00f6rper und Haare, die durch \u00e4u\u00dfere Einfl\u00fcsse, wie UV-Strahlen, Salz und Chlor belastet sind.\" \/>\n<meta property=\"og:url\" content=\"https:\/\/seipuntozero-haircare.it\/de\/product\/take-over-sun-deluxe-glanzverleihendes-schutzendes-after-sun-dusch-shampoo\/\" \/>\n<meta property=\"og:site_name\" content=\"6.Zero\" \/>\n<meta property=\"article:modified_time\" content=\"2021-06-18T10:02:01+00:00\" \/>\n<meta property=\"og:image\" content=\"https:\/\/seipuntozero-haircare.it\/wp-content\/uploads\/2021\/05\/263226_sei_punto_zero_take_over_sun_deluxe_shampoo_300ml.png\" \/>\n\t<meta property=\"og:image:width\" content=\"600\" \/>\n\t<meta property=\"og:image:height\" content=\"600\" \/>\n\t<meta property=\"og:image:type\" content=\"image\/png\" \/>\n<meta name=\"twitter:card\" content=\"summary_large_image\" \/>\n<meta name=\"twitter:label1\" content=\"Gesch\u00e4tzte Lesezeit\" \/>\n\t<meta name=\"twitter:data1\" content=\"1\u00a0Minute\" \/>\n<script type=\"application\/ld+json\" class=\"yoast-schema-graph\">{\"@context\":\"https:\/\/schema.org\",\"@graph\":[{\"@type\":\"WebPage\",\"@id\":\"https:\/\/seipuntozero-haircare.it\/de\/product\/take-over-sun-deluxe-glanzverleihendes-schutzendes-after-sun-dusch-shampoo\/\",\"url\":\"https:\/\/seipuntozero-haircare.it\/de\/product\/take-over-sun-deluxe-glanzverleihendes-schutzendes-after-sun-dusch-shampoo\/\",\"name\":\"Glanzverleihendes, sch\u00fctzendes after-sun-dusch-shampoo\",\"isPartOf\":{\"@id\":\"https:\/\/seipuntozero-haircare.it\/de\/#website\"},\"primaryImageOfPage\":{\"@id\":\"https:\/\/seipuntozero-haircare.it\/de\/product\/take-over-sun-deluxe-glanzverleihendes-schutzendes-after-sun-dusch-shampoo\/#primaryimage\"},\"image\":{\"@id\":\"https:\/\/seipuntozero-haircare.it\/de\/product\/take-over-sun-deluxe-glanzverleihendes-schutzendes-after-sun-dusch-shampoo\/#primaryimage\"},\"thumbnailUrl\":\"https:\/\/seipuntozero-haircare.it\/wp-content\/uploads\/2023\/05\/263226_sei_punto_zero_take_over_sun_deluxe_shampoo_300ml.png\",\"datePublished\":\"2021-05-24T07:00:02+00:00\",\"dateModified\":\"2021-06-18T10:02:01+00:00\",\"description\":\"Take Over Sun Deluxe, glanzverleihendes und sch\u00fctzendes After-Sun-Dusch-Shampoo. Reinigt sanft K\u00f6rper und Haare, die durch \u00e4u\u00dfere Einfl\u00fcsse, wie UV-Strahlen, Salz und Chlor belastet sind.\",\"breadcrumb\":{\"@id\":\"https:\/\/seipuntozero-haircare.it\/de\/product\/take-over-sun-deluxe-glanzverleihendes-schutzendes-after-sun-dusch-shampoo\/#breadcrumb\"},\"inLanguage\":\"de\",\"potentialAction\":[{\"@type\":\"ReadAction\",\"target\":[\"https:\/\/seipuntozero-haircare.it\/de\/product\/take-over-sun-deluxe-glanzverleihendes-schutzendes-after-sun-dusch-shampoo\/\"]}]},{\"@type\":\"ImageObject\",\"inLanguage\":\"de\",\"@id\":\"https:\/\/seipuntozero-haircare.it\/de\/product\/take-over-sun-deluxe-glanzverleihendes-schutzendes-after-sun-dusch-shampoo\/#primaryimage\",\"url\":\"https:\/\/seipuntozero-haircare.it\/wp-content\/uploads\/2023\/05\/263226_sei_punto_zero_take_over_sun_deluxe_shampoo_300ml.png\",\"contentUrl\":\"https:\/\/seipuntozero-haircare.it\/wp-content\/uploads\/2023\/05\/263226_sei_punto_zero_take_over_sun_deluxe_shampoo_300ml.png\",\"width\":600,\"height\":600},{\"@type\":\"BreadcrumbList\",\"@id\":\"https:\/\/seipuntozero-haircare.it\/de\/product\/take-over-sun-deluxe-glanzverleihendes-schutzendes-after-sun-dusch-shampoo\/#breadcrumb\",\"itemListElement\":[{\"@type\":\"ListItem\",\"position\":1,\"name\":\"Home\",\"item\":\"https:\/\/seipuntozero-haircare.it\/de\/\"},{\"@type\":\"ListItem\",\"position\":2,\"name\":\"Products\",\"item\":\"https:\/\/seipuntozero-haircare.it\/de\/shop\/\"},{\"@type\":\"ListItem\",\"position\":3,\"name\":\"TAKE OVER \u2013 SUN DELUXE Glanzverleihendes, sch\u00fctzendes after-sun-dusch-shampoo\"}]},{\"@type\":\"WebSite\",\"@id\":\"https:\/\/seipuntozero-haircare.it\/de\/#website\",\"url\":\"https:\/\/seipuntozero-haircare.it\/de\/\",\"name\":\"6.Zero\",\"description\":\"Essential Touch\",\"potentialAction\":[{\"@type\":\"SearchAction\",\"target\":{\"@type\":\"EntryPoint\",\"urlTemplate\":\"https:\/\/seipuntozero-haircare.it\/de\/?s={search_term_string}\"},\"query-input\":{\"@type\":\"PropertyValueSpecification\",\"valueRequired\":true,\"valueName\":\"search_term_string\"}}],\"inLanguage\":\"de\"}]}<\/script>\n<!-- \/ Yoast SEO plugin. -->","yoast_head_json":{"title":"Glanzverleihendes, sch\u00fctzendes after-sun-dusch-shampoo","description":"Take Over Sun Deluxe, glanzverleihendes und sch\u00fctzendes After-Sun-Dusch-Shampoo. Reinigt sanft K\u00f6rper und Haare, die durch \u00e4u\u00dfere Einfl\u00fcsse, wie UV-Strahlen, Salz und Chlor belastet sind.","robots":{"index":"index","follow":"follow","max-snippet":"max-snippet:-1","max-image-preview":"max-image-preview:large","max-video-preview":"max-video-preview:-1"},"canonical":"https:\/\/seipuntozero-haircare.it\/de\/product\/take-over-sun-deluxe-glanzverleihendes-schutzendes-after-sun-dusch-shampoo\/","og_locale":"de_DE","og_type":"article","og_title":"Glanzverleihendes, sch\u00fctzendes after-sun-dusch-shampoo","og_description":"Take Over Sun Deluxe, glanzverleihendes und sch\u00fctzendes After-Sun-Dusch-Shampoo. Reinigt sanft K\u00f6rper und Haare, die durch \u00e4u\u00dfere Einfl\u00fcsse, wie UV-Strahlen, Salz und Chlor belastet sind.","og_url":"https:\/\/seipuntozero-haircare.it\/de\/product\/take-over-sun-deluxe-glanzverleihendes-schutzendes-after-sun-dusch-shampoo\/","og_site_name":"6.Zero","article_modified_time":"2021-06-18T10:02:01+00:00","og_image":[{"width":600,"height":600,"url":"https:\/\/seipuntozero-haircare.it\/wp-content\/uploads\/2021\/05\/263226_sei_punto_zero_take_over_sun_deluxe_shampoo_300ml.png","type":"image\/png"}],"twitter_card":"summary_large_image","twitter_misc":{"Gesch\u00e4tzte Lesezeit":"1\u00a0Minute"},"schema":{"@context":"https:\/\/schema.org","@graph":[{"@type":"WebPage","@id":"https:\/\/seipuntozero-haircare.it\/de\/product\/take-over-sun-deluxe-glanzverleihendes-schutzendes-after-sun-dusch-shampoo\/","url":"https:\/\/seipuntozero-haircare.it\/de\/product\/take-over-sun-deluxe-glanzverleihendes-schutzendes-after-sun-dusch-shampoo\/","name":"Glanzverleihendes, sch\u00fctzendes after-sun-dusch-shampoo","isPartOf":{"@id":"https:\/\/seipuntozero-haircare.it\/de\/#website"},"primaryImageOfPage":{"@id":"https:\/\/seipuntozero-haircare.it\/de\/product\/take-over-sun-deluxe-glanzverleihendes-schutzendes-after-sun-dusch-shampoo\/#primaryimage"},"image":{"@id":"https:\/\/seipuntozero-haircare.it\/de\/product\/take-over-sun-deluxe-glanzverleihendes-schutzendes-after-sun-dusch-shampoo\/#primaryimage"},"thumbnailUrl":"https:\/\/seipuntozero-haircare.it\/wp-content\/uploads\/2023\/05\/263226_sei_punto_zero_take_over_sun_deluxe_shampoo_300ml.png","datePublished":"2021-05-24T07:00:02+00:00","dateModified":"2021-06-18T10:02:01+00:00","description":"Take Over Sun Deluxe, glanzverleihendes und sch\u00fctzendes After-Sun-Dusch-Shampoo. Reinigt sanft K\u00f6rper und Haare, die durch \u00e4u\u00dfere Einfl\u00fcsse, wie UV-Strahlen, Salz und Chlor belastet sind.","breadcrumb":{"@id":"https:\/\/seipuntozero-haircare.it\/de\/product\/take-over-sun-deluxe-glanzverleihendes-schutzendes-after-sun-dusch-shampoo\/#breadcrumb"},"inLanguage":"de","potentialAction":[{"@type":"ReadAction","target":["https:\/\/seipuntozero-haircare.it\/de\/product\/take-over-sun-deluxe-glanzverleihendes-schutzendes-after-sun-dusch-shampoo\/"]}]},{"@type":"ImageObject","inLanguage":"de","@id":"https:\/\/seipuntozero-haircare.it\/de\/product\/take-over-sun-deluxe-glanzverleihendes-schutzendes-after-sun-dusch-shampoo\/#primaryimage","url":"https:\/\/seipuntozero-haircare.it\/wp-content\/uploads\/2023\/05\/263226_sei_punto_zero_take_over_sun_deluxe_shampoo_300ml.png","contentUrl":"https:\/\/seipuntozero-haircare.it\/wp-content\/uploads\/2023\/05\/263226_sei_punto_zero_take_over_sun_deluxe_shampoo_300ml.png","width":600,"height":600},{"@type":"BreadcrumbList","@id":"https:\/\/seipuntozero-haircare.it\/de\/product\/take-over-sun-deluxe-glanzverleihendes-schutzendes-after-sun-dusch-shampoo\/#breadcrumb","itemListElement":[{"@type":"ListItem","position":1,"name":"Home","item":"https:\/\/seipuntozero-haircare.it\/de\/"},{"@type":"ListItem","position":2,"name":"Products","item":"https:\/\/seipuntozero-haircare.it\/de\/shop\/"},{"@type":"ListItem","position":3,"name":"TAKE OVER \u2013 SUN DELUXE Glanzverleihendes, sch\u00fctzendes after-sun-dusch-shampoo"}]},{"@type":"WebSite","@id":"https:\/\/seipuntozero-haircare.it\/de\/#website","url":"https:\/\/seipuntozero-haircare.it\/de\/","name":"6.Zero","description":"Essential Touch","potentialAction":[{"@type":"SearchAction","target":{"@type":"EntryPoint","urlTemplate":"https:\/\/seipuntozero-haircare.it\/de\/?s={search_term_string}"},"query-input":{"@type":"PropertyValueSpecification","valueRequired":true,"valueName":"search_term_string"}}],"inLanguage":"de"}]}},"_links":{"self":[{"href":"https:\/\/seipuntozero-haircare.it\/de\/wp-json\/wp\/v2\/product\/16097","targetHints":{"allow":["GET"]}}],"collection":[{"href":"https:\/\/seipuntozero-haircare.it\/de\/wp-json\/wp\/v2\/product"}],"about":[{"href":"https:\/\/seipuntozero-haircare.it\/de\/wp-json\/wp\/v2\/types\/product"}],"wp:featuredmedia":[{"embeddable":true,"href":"https:\/\/seipuntozero-haircare.it\/de\/wp-json\/wp\/v2\/media\/19520"}],"wp:attachment":[{"href":"https:\/\/seipuntozero-haircare.it\/de\/wp-json\/wp\/v2\/media?parent=16097"}],"wp:term":[{"taxonomy":"product_brand","embeddable":true,"href":"https:\/\/seipuntozero-haircare.it\/de\/wp-json\/wp\/v2\/product_brand?post=16097"},{"taxonomy":"product_cat","embeddable":true,"href":"https:\/\/seipuntozero-haircare.it\/de\/wp-json\/wp\/v2\/product_cat?post=16097"},{"taxonomy":"product_tag","embeddable":true,"href":"https:\/\/seipuntozero-haircare.it\/de\/wp-json\/wp\/v2\/product_tag?post=16097"}],"curies":[{"name":"wp","href":"https:\/\/api.w.org\/{rel}","templated":true}]}}