{"id":16095,"date":"2021-05-24T09:00:12","date_gmt":"2021-05-24T07:00:12","guid":{"rendered":"https:\/\/seipuntozero-haircare.it\/prodotto\/take-over-sun-deluxe-glanzverleihendes-schutzendes-after-sun-ol\/"},"modified":"2026-04-24T12:34:09","modified_gmt":"2026-04-24T10:34:09","slug":"take-over-sun-set-after-sun-oel","status":"publish","type":"product","link":"https:\/\/seipuntozero-haircare.it\/de\/product\/take-over-sun-set-after-sun-oel\/","title":{"rendered":"TAKE OVER \u2013 SUN SET <br> After-Sun \u00d6l"},"content":{"rendered":"<ul>\n<li style=\"font-weight: 400;\" aria-level=\"1\"><span style=\"font-weight: 400;\">Spendet Feuchtigkeit, ohne zu fetten<\/span><\/li>\n<li style=\"font-weight: 400;\" aria-level=\"1\"><span style=\"font-weight: 400;\">Verleiht sofortigen Glanz<\/span><\/li>\n<li style=\"font-weight: 400;\" aria-level=\"1\"><span style=\"font-weight: 400;\">Hilft, Elastizit\u00e4t und Geschmeidigkeit zu bewahren<\/span><\/li>\n<li style=\"font-weight: 400;\" aria-level=\"1\"><span style=\"font-weight: 400;\">Sch\u00fctzt die Haarfaser vor \u00e4u\u00dferen Einfl\u00fcssen<\/span><\/li>\n<li style=\"font-weight: 400;\" aria-level=\"1\"><span style=\"font-weight: 400;\">Ideal f\u00fcr nasses und trockenes Haar<\/span><\/li>\n<\/ul>\n","protected":false},"excerpt":{"rendered":"<p><span style=\"font-weight: 400;\">Sun Set ist ein After-Sun-\u00d6l mit ultraleichter Textur, entwickelt f\u00fcr Haar, das Sonne, Salz und Chlor ausgesetzt war. Es hilft, die Haarfaser elastisch und geschmeidig zu halten, verleiht sofortigen Glanz und ein sichtbar gepflegteres Aussehen. Es erg\u00e4nzt die After-Sun-Pflege, indem es das Haar hydratisiert und versch\u00f6nert, ohne es zu fetten oder zu beschweren.<\/span><\/p>\n<p><span style=\"font-weight: 400;\">100 ml<\/span><\/p>\n","protected":false},"featured_media":24462,"template":"","meta":[],"product_brand":[],"product_cat":[932],"product_tag":[],"class_list":["post-16095","product","type-product","status-publish","has-post-thumbnail","hentry","product_cat-take-over-sun-set"],"yoast_head":"<!-- This site is optimized with the Yoast SEO plugin v27.1.1 - https:\/\/yoast.com\/product\/yoast-seo-wordpress\/ -->\n<title>Glanzverleihendes, sch\u00fctzendes after-sun-\u00f6l<\/title>\n<meta name=\"description\" content=\"Weiches und gl\u00e4nzendes Haar auch im Sommer mit Take Over Sun Set, dem glanzverleihendem After-Sun-\u00d6l.\" \/>\n<meta name=\"robots\" content=\"index, follow, max-snippet:-1, max-image-preview:large, max-video-preview:-1\" \/>\n<link rel=\"canonical\" href=\"https:\/\/seipuntozero-haircare.it\/de\/product\/take-over-sun-set-after-sun-oel\/\" \/>\n<meta property=\"og:locale\" content=\"de_DE\" \/>\n<meta property=\"og:type\" content=\"article\" \/>\n<meta property=\"og:title\" content=\"Glanzverleihendes, sch\u00fctzendes after-sun-\u00f6l\" \/>\n<meta property=\"og:description\" content=\"Weiches und gl\u00e4nzendes Haar auch im Sommer mit Take Over Sun Set, dem glanzverleihendem After-Sun-\u00d6l.\" \/>\n<meta property=\"og:url\" content=\"https:\/\/seipuntozero-haircare.it\/de\/product\/take-over-sun-set-after-sun-oel\/\" \/>\n<meta property=\"og:site_name\" content=\"6.Zero\" \/>\n<meta property=\"article:modified_time\" content=\"2026-04-24T10:34:09+00:00\" \/>\n<meta property=\"og:image\" content=\"https:\/\/seipuntozero-haircare.it\/wp-content\/uploads\/2026\/04\/sei-punto-zero-take-over-sun-deluxe-oil-100ml.png\" \/>\n\t<meta property=\"og:image:width\" content=\"800\" \/>\n\t<meta property=\"og:image:height\" content=\"800\" \/>\n\t<meta property=\"og:image:type\" content=\"image\/png\" \/>\n<meta name=\"twitter:card\" content=\"summary_large_image\" \/>\n<meta name=\"twitter:label1\" content=\"Gesch\u00e4tzte Lesezeit\" \/>\n\t<meta name=\"twitter:data1\" content=\"1\u00a0Minute\" \/>\n<script type=\"application\/ld+json\" class=\"yoast-schema-graph\">{\"@context\":\"https:\/\/schema.org\",\"@graph\":[{\"@type\":\"WebPage\",\"@id\":\"https:\/\/seipuntozero-haircare.it\/de\/product\/take-over-sun-set-after-sun-oel\/\",\"url\":\"https:\/\/seipuntozero-haircare.it\/de\/product\/take-over-sun-set-after-sun-oel\/\",\"name\":\"Glanzverleihendes, sch\u00fctzendes after-sun-\u00f6l\",\"isPartOf\":{\"@id\":\"https:\/\/seipuntozero-haircare.it\/de\/#website\"},\"primaryImageOfPage\":{\"@id\":\"https:\/\/seipuntozero-haircare.it\/de\/product\/take-over-sun-set-after-sun-oel\/#primaryimage\"},\"image\":{\"@id\":\"https:\/\/seipuntozero-haircare.it\/de\/product\/take-over-sun-set-after-sun-oel\/#primaryimage\"},\"thumbnailUrl\":\"https:\/\/seipuntozero-haircare.it\/wp-content\/uploads\/2026\/04\/sei-punto-zero-take-over-sun-deluxe-oil-100ml.png\",\"datePublished\":\"2021-05-24T07:00:12+00:00\",\"dateModified\":\"2026-04-24T10:34:09+00:00\",\"description\":\"Weiches und gl\u00e4nzendes Haar auch im Sommer mit Take Over Sun Set, dem glanzverleihendem After-Sun-\u00d6l.\",\"breadcrumb\":{\"@id\":\"https:\/\/seipuntozero-haircare.it\/de\/product\/take-over-sun-set-after-sun-oel\/#breadcrumb\"},\"inLanguage\":\"de\",\"potentialAction\":[{\"@type\":\"ReadAction\",\"target\":[\"https:\/\/seipuntozero-haircare.it\/de\/product\/take-over-sun-set-after-sun-oel\/\"]}]},{\"@type\":\"ImageObject\",\"inLanguage\":\"de\",\"@id\":\"https:\/\/seipuntozero-haircare.it\/de\/product\/take-over-sun-set-after-sun-oel\/#primaryimage\",\"url\":\"https:\/\/seipuntozero-haircare.it\/wp-content\/uploads\/2026\/04\/sei-punto-zero-take-over-sun-deluxe-oil-100ml.png\",\"contentUrl\":\"https:\/\/seipuntozero-haircare.it\/wp-content\/uploads\/2026\/04\/sei-punto-zero-take-over-sun-deluxe-oil-100ml.png\",\"width\":800,\"height\":800},{\"@type\":\"BreadcrumbList\",\"@id\":\"https:\/\/seipuntozero-haircare.it\/de\/product\/take-over-sun-set-after-sun-oel\/#breadcrumb\",\"itemListElement\":[{\"@type\":\"ListItem\",\"position\":1,\"name\":\"Home\",\"item\":\"https:\/\/seipuntozero-haircare.it\/de\/\"},{\"@type\":\"ListItem\",\"position\":2,\"name\":\"Products\",\"item\":\"https:\/\/seipuntozero-haircare.it\/de\/shop\/\"},{\"@type\":\"ListItem\",\"position\":3,\"name\":\"TAKE OVER \u2013 SUN SET After-Sun \u00d6l\"}]},{\"@type\":\"WebSite\",\"@id\":\"https:\/\/seipuntozero-haircare.it\/de\/#website\",\"url\":\"https:\/\/seipuntozero-haircare.it\/de\/\",\"name\":\"6.Zero\",\"description\":\"Essential Touch\",\"potentialAction\":[{\"@type\":\"SearchAction\",\"target\":{\"@type\":\"EntryPoint\",\"urlTemplate\":\"https:\/\/seipuntozero-haircare.it\/de\/?s={search_term_string}\"},\"query-input\":{\"@type\":\"PropertyValueSpecification\",\"valueRequired\":true,\"valueName\":\"search_term_string\"}}],\"inLanguage\":\"de\"}]}<\/script>\n<!-- \/ Yoast SEO plugin. -->","yoast_head_json":{"title":"Glanzverleihendes, sch\u00fctzendes after-sun-\u00f6l","description":"Weiches und gl\u00e4nzendes Haar auch im Sommer mit Take Over Sun Set, dem glanzverleihendem After-Sun-\u00d6l.","robots":{"index":"index","follow":"follow","max-snippet":"max-snippet:-1","max-image-preview":"max-image-preview:large","max-video-preview":"max-video-preview:-1"},"canonical":"https:\/\/seipuntozero-haircare.it\/de\/product\/take-over-sun-set-after-sun-oel\/","og_locale":"de_DE","og_type":"article","og_title":"Glanzverleihendes, sch\u00fctzendes after-sun-\u00f6l","og_description":"Weiches und gl\u00e4nzendes Haar auch im Sommer mit Take Over Sun Set, dem glanzverleihendem After-Sun-\u00d6l.","og_url":"https:\/\/seipuntozero-haircare.it\/de\/product\/take-over-sun-set-after-sun-oel\/","og_site_name":"6.Zero","article_modified_time":"2026-04-24T10:34:09+00:00","og_image":[{"width":800,"height":800,"url":"https:\/\/seipuntozero-haircare.it\/wp-content\/uploads\/2026\/04\/sei-punto-zero-take-over-sun-deluxe-oil-100ml.png","type":"image\/png"}],"twitter_card":"summary_large_image","twitter_misc":{"Gesch\u00e4tzte Lesezeit":"1\u00a0Minute"},"schema":{"@context":"https:\/\/schema.org","@graph":[{"@type":"WebPage","@id":"https:\/\/seipuntozero-haircare.it\/de\/product\/take-over-sun-set-after-sun-oel\/","url":"https:\/\/seipuntozero-haircare.it\/de\/product\/take-over-sun-set-after-sun-oel\/","name":"Glanzverleihendes, sch\u00fctzendes after-sun-\u00f6l","isPartOf":{"@id":"https:\/\/seipuntozero-haircare.it\/de\/#website"},"primaryImageOfPage":{"@id":"https:\/\/seipuntozero-haircare.it\/de\/product\/take-over-sun-set-after-sun-oel\/#primaryimage"},"image":{"@id":"https:\/\/seipuntozero-haircare.it\/de\/product\/take-over-sun-set-after-sun-oel\/#primaryimage"},"thumbnailUrl":"https:\/\/seipuntozero-haircare.it\/wp-content\/uploads\/2026\/04\/sei-punto-zero-take-over-sun-deluxe-oil-100ml.png","datePublished":"2021-05-24T07:00:12+00:00","dateModified":"2026-04-24T10:34:09+00:00","description":"Weiches und gl\u00e4nzendes Haar auch im Sommer mit Take Over Sun Set, dem glanzverleihendem After-Sun-\u00d6l.","breadcrumb":{"@id":"https:\/\/seipuntozero-haircare.it\/de\/product\/take-over-sun-set-after-sun-oel\/#breadcrumb"},"inLanguage":"de","potentialAction":[{"@type":"ReadAction","target":["https:\/\/seipuntozero-haircare.it\/de\/product\/take-over-sun-set-after-sun-oel\/"]}]},{"@type":"ImageObject","inLanguage":"de","@id":"https:\/\/seipuntozero-haircare.it\/de\/product\/take-over-sun-set-after-sun-oel\/#primaryimage","url":"https:\/\/seipuntozero-haircare.it\/wp-content\/uploads\/2026\/04\/sei-punto-zero-take-over-sun-deluxe-oil-100ml.png","contentUrl":"https:\/\/seipuntozero-haircare.it\/wp-content\/uploads\/2026\/04\/sei-punto-zero-take-over-sun-deluxe-oil-100ml.png","width":800,"height":800},{"@type":"BreadcrumbList","@id":"https:\/\/seipuntozero-haircare.it\/de\/product\/take-over-sun-set-after-sun-oel\/#breadcrumb","itemListElement":[{"@type":"ListItem","position":1,"name":"Home","item":"https:\/\/seipuntozero-haircare.it\/de\/"},{"@type":"ListItem","position":2,"name":"Products","item":"https:\/\/seipuntozero-haircare.it\/de\/shop\/"},{"@type":"ListItem","position":3,"name":"TAKE OVER \u2013 SUN SET After-Sun \u00d6l"}]},{"@type":"WebSite","@id":"https:\/\/seipuntozero-haircare.it\/de\/#website","url":"https:\/\/seipuntozero-haircare.it\/de\/","name":"6.Zero","description":"Essential Touch","potentialAction":[{"@type":"SearchAction","target":{"@type":"EntryPoint","urlTemplate":"https:\/\/seipuntozero-haircare.it\/de\/?s={search_term_string}"},"query-input":{"@type":"PropertyValueSpecification","valueRequired":true,"valueName":"search_term_string"}}],"inLanguage":"de"}]}},"_links":{"self":[{"href":"https:\/\/seipuntozero-haircare.it\/de\/wp-json\/wp\/v2\/product\/16095","targetHints":{"allow":["GET"]}}],"collection":[{"href":"https:\/\/seipuntozero-haircare.it\/de\/wp-json\/wp\/v2\/product"}],"about":[{"href":"https:\/\/seipuntozero-haircare.it\/de\/wp-json\/wp\/v2\/types\/product"}],"wp:featuredmedia":[{"embeddable":true,"href":"https:\/\/seipuntozero-haircare.it\/de\/wp-json\/wp\/v2\/media\/24462"}],"wp:attachment":[{"href":"https:\/\/seipuntozero-haircare.it\/de\/wp-json\/wp\/v2\/media?parent=16095"}],"wp:term":[{"taxonomy":"product_brand","embeddable":true,"href":"https:\/\/seipuntozero-haircare.it\/de\/wp-json\/wp\/v2\/product_brand?post=16095"},{"taxonomy":"product_cat","embeddable":true,"href":"https:\/\/seipuntozero-haircare.it\/de\/wp-json\/wp\/v2\/product_cat?post=16095"},{"taxonomy":"product_tag","embeddable":true,"href":"https:\/\/seipuntozero-haircare.it\/de\/wp-json\/wp\/v2\/product_tag?post=16095"}],"curies":[{"name":"wp","href":"https:\/\/api.w.org\/{rel}","templated":true}]}}