{"id":16089,"date":"2017-03-15T15:46:51","date_gmt":"2017-03-15T14:46:51","guid":{"rendered":"https:\/\/seipuntozero-haircare.it\/prodotto\/take-over-perfect-smooth-shampoo-fur-glattes-und-strapaziertes-haar-2\/"},"modified":"2021-09-29T09:53:27","modified_gmt":"2021-09-29T07:53:27","slug":"take-over-perfect-smooth-shampoo-fur-glattes-und-strapaziertes-haar-2","status":"publish","type":"product","link":"https:\/\/seipuntozero-haircare.it\/de\/product\/take-over-perfect-smooth-shampoo-fur-glattes-und-strapaziertes-haar-2\/","title":{"rendered":"TAKE OVER \u2013 PERFECT SMOOTH <br> Shampoo f\u00fcr glattes und strapaziertes Haar"},"content":{"rendered":"<ul>\n<li>Reinigt und <strong>b\u00e4ndigt<\/strong> das Haar<\/li>\n<li>Verleiht <strong>einzigartige Gl\u00e4tte<\/strong><\/li>\n<li>Das Haar <strong>leuchtet<\/strong> sichtbar mehr und ist kr\u00e4ftiger<\/li>\n<\/ul>\n","protected":false},"excerpt":{"rendered":"<p>Take Over Perfect Smooth, <strong>Shampoo f\u00fcr glattes und spr\u00f6des<\/strong> <strong>Haar<\/strong>, angereichert mit Seidenprotein und Keratin-Aminos\u00e4uren. Reinigt das Haar, ohne dabei den Hydrolipidfilm anzugreifen, und b\u00e4ndigt es, indem es die Kapillarfasern ausrichtet, damit das Haar glatt ist und gl\u00e4nzt. Das Haar ist kr\u00e4ftiger, leuchtet mehr und ist glatt wie Seide.<\/p>\n<p>300 ml Flacon<\/p>\n","protected":false},"featured_media":19942,"template":"","meta":[],"product_brand":[],"product_cat":[929],"product_tag":[],"class_list":["post-16089","product","type-product","status-publish","has-post-thumbnail","hentry","product_cat-take-over-perfect-smooth-de"],"yoast_head":"<!-- This site is optimized with the Yoast SEO plugin v27.1.1 - https:\/\/yoast.com\/product\/yoast-seo-wordpress\/ -->\n<title>Take Over Perfect Smooth | Shampoo f\u00fcr glattes und strapaziertes Haar<\/title>\n<meta name=\"description\" content=\"Take Over Perfect Smooth, Shampoo f\u00fcr glattes und spr\u00f6des Haar, angereichert mit Seidenprotein und Keratin-Aminos\u00e4uren.\" \/>\n<meta name=\"robots\" content=\"index, follow, max-snippet:-1, max-image-preview:large, max-video-preview:-1\" \/>\n<link rel=\"canonical\" href=\"https:\/\/seipuntozero-haircare.it\/de\/product\/take-over-perfect-smooth-shampoo-fur-glattes-und-strapaziertes-haar-2\/\" \/>\n<meta property=\"og:locale\" content=\"de_DE\" \/>\n<meta property=\"og:type\" content=\"article\" \/>\n<meta property=\"og:title\" content=\"Take Over Perfect Smooth | Shampoo f\u00fcr glattes und strapaziertes Haar\" \/>\n<meta property=\"og:description\" content=\"Take Over Perfect Smooth, Shampoo f\u00fcr glattes und spr\u00f6des Haar, angereichert mit Seidenprotein und Keratin-Aminos\u00e4uren.\" \/>\n<meta property=\"og:url\" content=\"https:\/\/seipuntozero-haircare.it\/de\/product\/take-over-perfect-smooth-shampoo-fur-glattes-und-strapaziertes-haar-2\/\" \/>\n<meta property=\"og:site_name\" content=\"6.Zero\" \/>\n<meta property=\"article:modified_time\" content=\"2021-09-29T07:53:27+00:00\" \/>\n<meta property=\"og:image\" content=\"https:\/\/seipuntozero-haircare.it\/wp-content\/uploads\/2019\/03\/263295_sei_punto_zero_take_over_perfect_smooth_shampoo_300ml-1.png\" \/>\n\t<meta property=\"og:image:width\" content=\"800\" \/>\n\t<meta property=\"og:image:height\" content=\"800\" \/>\n\t<meta property=\"og:image:type\" content=\"image\/png\" \/>\n<meta name=\"twitter:card\" content=\"summary_large_image\" \/>\n<meta name=\"twitter:label1\" content=\"Gesch\u00e4tzte Lesezeit\" \/>\n\t<meta name=\"twitter:data1\" content=\"1\u00a0Minute\" \/>\n<script type=\"application\/ld+json\" class=\"yoast-schema-graph\">{\"@context\":\"https:\/\/schema.org\",\"@graph\":[{\"@type\":\"WebPage\",\"@id\":\"https:\/\/seipuntozero-haircare.it\/de\/product\/take-over-perfect-smooth-shampoo-fur-glattes-und-strapaziertes-haar-2\/\",\"url\":\"https:\/\/seipuntozero-haircare.it\/de\/product\/take-over-perfect-smooth-shampoo-fur-glattes-und-strapaziertes-haar-2\/\",\"name\":\"Take Over Perfect Smooth | Shampoo f\u00fcr glattes und strapaziertes Haar\",\"isPartOf\":{\"@id\":\"https:\/\/seipuntozero-haircare.it\/de\/#website\"},\"primaryImageOfPage\":{\"@id\":\"https:\/\/seipuntozero-haircare.it\/de\/product\/take-over-perfect-smooth-shampoo-fur-glattes-und-strapaziertes-haar-2\/#primaryimage\"},\"image\":{\"@id\":\"https:\/\/seipuntozero-haircare.it\/de\/product\/take-over-perfect-smooth-shampoo-fur-glattes-und-strapaziertes-haar-2\/#primaryimage\"},\"thumbnailUrl\":\"https:\/\/seipuntozero-haircare.it\/wp-content\/uploads\/2019\/03\/263295_sei_punto_zero_take_over_perfect_smooth_shampoo_300ml-1.png\",\"datePublished\":\"2017-03-15T14:46:51+00:00\",\"dateModified\":\"2021-09-29T07:53:27+00:00\",\"description\":\"Take Over Perfect Smooth, Shampoo f\u00fcr glattes und spr\u00f6des Haar, angereichert mit Seidenprotein und Keratin-Aminos\u00e4uren.\",\"breadcrumb\":{\"@id\":\"https:\/\/seipuntozero-haircare.it\/de\/product\/take-over-perfect-smooth-shampoo-fur-glattes-und-strapaziertes-haar-2\/#breadcrumb\"},\"inLanguage\":\"de\",\"potentialAction\":[{\"@type\":\"ReadAction\",\"target\":[\"https:\/\/seipuntozero-haircare.it\/de\/product\/take-over-perfect-smooth-shampoo-fur-glattes-und-strapaziertes-haar-2\/\"]}]},{\"@type\":\"ImageObject\",\"inLanguage\":\"de\",\"@id\":\"https:\/\/seipuntozero-haircare.it\/de\/product\/take-over-perfect-smooth-shampoo-fur-glattes-und-strapaziertes-haar-2\/#primaryimage\",\"url\":\"https:\/\/seipuntozero-haircare.it\/wp-content\/uploads\/2019\/03\/263295_sei_punto_zero_take_over_perfect_smooth_shampoo_300ml-1.png\",\"contentUrl\":\"https:\/\/seipuntozero-haircare.it\/wp-content\/uploads\/2019\/03\/263295_sei_punto_zero_take_over_perfect_smooth_shampoo_300ml-1.png\",\"width\":800,\"height\":800},{\"@type\":\"BreadcrumbList\",\"@id\":\"https:\/\/seipuntozero-haircare.it\/de\/product\/take-over-perfect-smooth-shampoo-fur-glattes-und-strapaziertes-haar-2\/#breadcrumb\",\"itemListElement\":[{\"@type\":\"ListItem\",\"position\":1,\"name\":\"Home\",\"item\":\"https:\/\/seipuntozero-haircare.it\/de\/\"},{\"@type\":\"ListItem\",\"position\":2,\"name\":\"Products\",\"item\":\"https:\/\/seipuntozero-haircare.it\/de\/shop\/\"},{\"@type\":\"ListItem\",\"position\":3,\"name\":\"TAKE OVER \u2013 PERFECT SMOOTH Shampoo f\u00fcr glattes und strapaziertes Haar\"}]},{\"@type\":\"WebSite\",\"@id\":\"https:\/\/seipuntozero-haircare.it\/de\/#website\",\"url\":\"https:\/\/seipuntozero-haircare.it\/de\/\",\"name\":\"6.Zero\",\"description\":\"Essential Touch\",\"potentialAction\":[{\"@type\":\"SearchAction\",\"target\":{\"@type\":\"EntryPoint\",\"urlTemplate\":\"https:\/\/seipuntozero-haircare.it\/de\/?s={search_term_string}\"},\"query-input\":{\"@type\":\"PropertyValueSpecification\",\"valueRequired\":true,\"valueName\":\"search_term_string\"}}],\"inLanguage\":\"de\"}]}<\/script>\n<!-- \/ Yoast SEO plugin. -->","yoast_head_json":{"title":"Take Over Perfect Smooth | Shampoo f\u00fcr glattes und strapaziertes Haar","description":"Take Over Perfect Smooth, Shampoo f\u00fcr glattes und spr\u00f6des Haar, angereichert mit Seidenprotein und Keratin-Aminos\u00e4uren.","robots":{"index":"index","follow":"follow","max-snippet":"max-snippet:-1","max-image-preview":"max-image-preview:large","max-video-preview":"max-video-preview:-1"},"canonical":"https:\/\/seipuntozero-haircare.it\/de\/product\/take-over-perfect-smooth-shampoo-fur-glattes-und-strapaziertes-haar-2\/","og_locale":"de_DE","og_type":"article","og_title":"Take Over Perfect Smooth | Shampoo f\u00fcr glattes und strapaziertes Haar","og_description":"Take Over Perfect Smooth, Shampoo f\u00fcr glattes und spr\u00f6des Haar, angereichert mit Seidenprotein und Keratin-Aminos\u00e4uren.","og_url":"https:\/\/seipuntozero-haircare.it\/de\/product\/take-over-perfect-smooth-shampoo-fur-glattes-und-strapaziertes-haar-2\/","og_site_name":"6.Zero","article_modified_time":"2021-09-29T07:53:27+00:00","og_image":[{"width":800,"height":800,"url":"https:\/\/seipuntozero-haircare.it\/wp-content\/uploads\/2019\/03\/263295_sei_punto_zero_take_over_perfect_smooth_shampoo_300ml-1.png","type":"image\/png"}],"twitter_card":"summary_large_image","twitter_misc":{"Gesch\u00e4tzte Lesezeit":"1\u00a0Minute"},"schema":{"@context":"https:\/\/schema.org","@graph":[{"@type":"WebPage","@id":"https:\/\/seipuntozero-haircare.it\/de\/product\/take-over-perfect-smooth-shampoo-fur-glattes-und-strapaziertes-haar-2\/","url":"https:\/\/seipuntozero-haircare.it\/de\/product\/take-over-perfect-smooth-shampoo-fur-glattes-und-strapaziertes-haar-2\/","name":"Take Over Perfect Smooth | Shampoo f\u00fcr glattes und strapaziertes Haar","isPartOf":{"@id":"https:\/\/seipuntozero-haircare.it\/de\/#website"},"primaryImageOfPage":{"@id":"https:\/\/seipuntozero-haircare.it\/de\/product\/take-over-perfect-smooth-shampoo-fur-glattes-und-strapaziertes-haar-2\/#primaryimage"},"image":{"@id":"https:\/\/seipuntozero-haircare.it\/de\/product\/take-over-perfect-smooth-shampoo-fur-glattes-und-strapaziertes-haar-2\/#primaryimage"},"thumbnailUrl":"https:\/\/seipuntozero-haircare.it\/wp-content\/uploads\/2019\/03\/263295_sei_punto_zero_take_over_perfect_smooth_shampoo_300ml-1.png","datePublished":"2017-03-15T14:46:51+00:00","dateModified":"2021-09-29T07:53:27+00:00","description":"Take Over Perfect Smooth, Shampoo f\u00fcr glattes und spr\u00f6des Haar, angereichert mit Seidenprotein und Keratin-Aminos\u00e4uren.","breadcrumb":{"@id":"https:\/\/seipuntozero-haircare.it\/de\/product\/take-over-perfect-smooth-shampoo-fur-glattes-und-strapaziertes-haar-2\/#breadcrumb"},"inLanguage":"de","potentialAction":[{"@type":"ReadAction","target":["https:\/\/seipuntozero-haircare.it\/de\/product\/take-over-perfect-smooth-shampoo-fur-glattes-und-strapaziertes-haar-2\/"]}]},{"@type":"ImageObject","inLanguage":"de","@id":"https:\/\/seipuntozero-haircare.it\/de\/product\/take-over-perfect-smooth-shampoo-fur-glattes-und-strapaziertes-haar-2\/#primaryimage","url":"https:\/\/seipuntozero-haircare.it\/wp-content\/uploads\/2019\/03\/263295_sei_punto_zero_take_over_perfect_smooth_shampoo_300ml-1.png","contentUrl":"https:\/\/seipuntozero-haircare.it\/wp-content\/uploads\/2019\/03\/263295_sei_punto_zero_take_over_perfect_smooth_shampoo_300ml-1.png","width":800,"height":800},{"@type":"BreadcrumbList","@id":"https:\/\/seipuntozero-haircare.it\/de\/product\/take-over-perfect-smooth-shampoo-fur-glattes-und-strapaziertes-haar-2\/#breadcrumb","itemListElement":[{"@type":"ListItem","position":1,"name":"Home","item":"https:\/\/seipuntozero-haircare.it\/de\/"},{"@type":"ListItem","position":2,"name":"Products","item":"https:\/\/seipuntozero-haircare.it\/de\/shop\/"},{"@type":"ListItem","position":3,"name":"TAKE OVER \u2013 PERFECT SMOOTH Shampoo f\u00fcr glattes und strapaziertes Haar"}]},{"@type":"WebSite","@id":"https:\/\/seipuntozero-haircare.it\/de\/#website","url":"https:\/\/seipuntozero-haircare.it\/de\/","name":"6.Zero","description":"Essential Touch","potentialAction":[{"@type":"SearchAction","target":{"@type":"EntryPoint","urlTemplate":"https:\/\/seipuntozero-haircare.it\/de\/?s={search_term_string}"},"query-input":{"@type":"PropertyValueSpecification","valueRequired":true,"valueName":"search_term_string"}}],"inLanguage":"de"}]}},"_links":{"self":[{"href":"https:\/\/seipuntozero-haircare.it\/de\/wp-json\/wp\/v2\/product\/16089","targetHints":{"allow":["GET"]}}],"collection":[{"href":"https:\/\/seipuntozero-haircare.it\/de\/wp-json\/wp\/v2\/product"}],"about":[{"href":"https:\/\/seipuntozero-haircare.it\/de\/wp-json\/wp\/v2\/types\/product"}],"wp:featuredmedia":[{"embeddable":true,"href":"https:\/\/seipuntozero-haircare.it\/de\/wp-json\/wp\/v2\/media\/19942"}],"wp:attachment":[{"href":"https:\/\/seipuntozero-haircare.it\/de\/wp-json\/wp\/v2\/media?parent=16089"}],"wp:term":[{"taxonomy":"product_brand","embeddable":true,"href":"https:\/\/seipuntozero-haircare.it\/de\/wp-json\/wp\/v2\/product_brand?post=16089"},{"taxonomy":"product_cat","embeddable":true,"href":"https:\/\/seipuntozero-haircare.it\/de\/wp-json\/wp\/v2\/product_cat?post=16089"},{"taxonomy":"product_tag","embeddable":true,"href":"https:\/\/seipuntozero-haircare.it\/de\/wp-json\/wp\/v2\/product_tag?post=16089"}],"curies":[{"name":"wp","href":"https:\/\/api.w.org\/{rel}","templated":true}]}}