{"id":16087,"date":"2017-03-15T15:49:29","date_gmt":"2017-03-15T14:49:29","guid":{"rendered":"https:\/\/seipuntozero-haircare.it\/prodotto\/take-over-perfect-smooth-maske-fur-glattes-und-strapaziertes-haar-2\/"},"modified":"2021-06-18T11:45:58","modified_gmt":"2021-06-18T09:45:58","slug":"take-over-perfect-smooth-maske-fur-glattes-und-strapaziertes-haar-2","status":"publish","type":"product","link":"https:\/\/seipuntozero-haircare.it\/de\/product\/take-over-perfect-smooth-maske-fur-glattes-und-strapaziertes-haar-2\/","title":{"rendered":"TAKE OVER \u2013 PERFECT SMOOTH <br> Maske f\u00fcr glattes und strapaziertes Haar"},"content":{"rendered":"<ul>\n<li><strong>B\u00e4ndigt<\/strong> alle Haartypen und bringt das Haar zum <strong>Leuchten<\/strong><\/li>\n<li><strong>Pflegt<\/strong> und n\u00e4hrt das Haar<\/li>\n<li>Macht das Haar<strong> nicht schwerer<\/strong><\/li>\n<\/ul>\n","protected":false},"excerpt":{"rendered":"<p>Take Over Perfect Smooth, die <strong>Maske f\u00fcr glattes und strapaziertes Haar<\/strong>, n\u00e4hrt und pflegt das Haar intensiv, wodurch die Haarfaser entspannt und krauses Haar in glattes Haar verwandelt wird. Dank der innovativen Formel f\u00fcr samtweiches Haar, angereichert mit <strong>Seidenprotein und Keratin-Aminos\u00e4uren<\/strong>, ist das Haar<strong> unglaublich glatt<\/strong>, geschmeidig und gl\u00e4nzend. Beschwert das Haar nicht.<\/p>\n<p>300 ml Gef\u00e4\u00df<\/p>\n","protected":false},"featured_media":19924,"template":"","meta":[],"product_brand":[],"product_cat":[929],"product_tag":[],"class_list":["post-16087","product","type-product","status-publish","has-post-thumbnail","hentry","product_cat-take-over-perfect-smooth-de"],"yoast_head":"<!-- This site is optimized with the Yoast SEO plugin v27.1.1 - https:\/\/yoast.com\/product\/yoast-seo-wordpress\/ -->\n<title>TAKE OVER \u2013 PERFECT SMOOTH  Maske f\u00fcr glattes und strapaziertes Haar - 6.Zero<\/title>\n<meta name=\"description\" content=\"Take Over Perfect Smooth, die Maske f\u00fcr glattes und strapaziertes Haar, n\u00e4hrt und pflegt das Haar intensiv, wodurch die Haarfaser entspannt und krauses Haar in glattes Haar verwandelt wird.\" \/>\n<meta name=\"robots\" content=\"index, follow, max-snippet:-1, max-image-preview:large, max-video-preview:-1\" \/>\n<link rel=\"canonical\" href=\"https:\/\/seipuntozero-haircare.it\/de\/product\/take-over-perfect-smooth-maske-fur-glattes-und-strapaziertes-haar-2\/\" \/>\n<meta property=\"og:locale\" content=\"de_DE\" \/>\n<meta property=\"og:type\" content=\"article\" \/>\n<meta property=\"og:title\" content=\"TAKE OVER \u2013 PERFECT SMOOTH  Maske f\u00fcr glattes und strapaziertes Haar - 6.Zero\" \/>\n<meta property=\"og:description\" content=\"Take Over Perfect Smooth, die Maske f\u00fcr glattes und strapaziertes Haar, n\u00e4hrt und pflegt das Haar intensiv, wodurch die Haarfaser entspannt und krauses Haar in glattes Haar verwandelt wird.\" \/>\n<meta property=\"og:url\" content=\"https:\/\/seipuntozero-haircare.it\/de\/product\/take-over-perfect-smooth-maske-fur-glattes-und-strapaziertes-haar-2\/\" \/>\n<meta property=\"og:site_name\" content=\"6.Zero\" \/>\n<meta property=\"article:modified_time\" content=\"2021-06-18T09:45:58+00:00\" \/>\n<meta property=\"og:image\" content=\"https:\/\/seipuntozero-haircare.it\/wp-content\/uploads\/2019\/03\/262243_sei_punto_zero_take_over_perfect_smooth_mask_300ml-1.png\" \/>\n\t<meta property=\"og:image:width\" content=\"800\" \/>\n\t<meta property=\"og:image:height\" content=\"800\" \/>\n\t<meta property=\"og:image:type\" content=\"image\/png\" \/>\n<meta name=\"twitter:card\" content=\"summary_large_image\" \/>\n<meta name=\"twitter:label1\" content=\"Gesch\u00e4tzte Lesezeit\" \/>\n\t<meta name=\"twitter:data1\" content=\"1\u00a0Minute\" \/>\n<script type=\"application\/ld+json\" class=\"yoast-schema-graph\">{\"@context\":\"https:\/\/schema.org\",\"@graph\":[{\"@type\":\"WebPage\",\"@id\":\"https:\/\/seipuntozero-haircare.it\/de\/product\/take-over-perfect-smooth-maske-fur-glattes-und-strapaziertes-haar-2\/\",\"url\":\"https:\/\/seipuntozero-haircare.it\/de\/product\/take-over-perfect-smooth-maske-fur-glattes-und-strapaziertes-haar-2\/\",\"name\":\"TAKE OVER \u2013 PERFECT SMOOTH Maske f\u00fcr glattes und strapaziertes Haar - 6.Zero\",\"isPartOf\":{\"@id\":\"https:\/\/seipuntozero-haircare.it\/de\/#website\"},\"primaryImageOfPage\":{\"@id\":\"https:\/\/seipuntozero-haircare.it\/de\/product\/take-over-perfect-smooth-maske-fur-glattes-und-strapaziertes-haar-2\/#primaryimage\"},\"image\":{\"@id\":\"https:\/\/seipuntozero-haircare.it\/de\/product\/take-over-perfect-smooth-maske-fur-glattes-und-strapaziertes-haar-2\/#primaryimage\"},\"thumbnailUrl\":\"https:\/\/seipuntozero-haircare.it\/wp-content\/uploads\/2019\/03\/262243_sei_punto_zero_take_over_perfect_smooth_mask_300ml-1.png\",\"datePublished\":\"2017-03-15T14:49:29+00:00\",\"dateModified\":\"2021-06-18T09:45:58+00:00\",\"description\":\"Take Over Perfect Smooth, die Maske f\u00fcr glattes und strapaziertes Haar, n\u00e4hrt und pflegt das Haar intensiv, wodurch die Haarfaser entspannt und krauses Haar in glattes Haar verwandelt wird.\",\"breadcrumb\":{\"@id\":\"https:\/\/seipuntozero-haircare.it\/de\/product\/take-over-perfect-smooth-maske-fur-glattes-und-strapaziertes-haar-2\/#breadcrumb\"},\"inLanguage\":\"de\",\"potentialAction\":[{\"@type\":\"ReadAction\",\"target\":[\"https:\/\/seipuntozero-haircare.it\/de\/product\/take-over-perfect-smooth-maske-fur-glattes-und-strapaziertes-haar-2\/\"]}]},{\"@type\":\"ImageObject\",\"inLanguage\":\"de\",\"@id\":\"https:\/\/seipuntozero-haircare.it\/de\/product\/take-over-perfect-smooth-maske-fur-glattes-und-strapaziertes-haar-2\/#primaryimage\",\"url\":\"https:\/\/seipuntozero-haircare.it\/wp-content\/uploads\/2019\/03\/262243_sei_punto_zero_take_over_perfect_smooth_mask_300ml-1.png\",\"contentUrl\":\"https:\/\/seipuntozero-haircare.it\/wp-content\/uploads\/2019\/03\/262243_sei_punto_zero_take_over_perfect_smooth_mask_300ml-1.png\",\"width\":800,\"height\":800},{\"@type\":\"BreadcrumbList\",\"@id\":\"https:\/\/seipuntozero-haircare.it\/de\/product\/take-over-perfect-smooth-maske-fur-glattes-und-strapaziertes-haar-2\/#breadcrumb\",\"itemListElement\":[{\"@type\":\"ListItem\",\"position\":1,\"name\":\"Home\",\"item\":\"https:\/\/seipuntozero-haircare.it\/de\/\"},{\"@type\":\"ListItem\",\"position\":2,\"name\":\"Products\",\"item\":\"https:\/\/seipuntozero-haircare.it\/de\/shop\/\"},{\"@type\":\"ListItem\",\"position\":3,\"name\":\"TAKE OVER \u2013 PERFECT SMOOTH Maske f\u00fcr glattes und strapaziertes Haar\"}]},{\"@type\":\"WebSite\",\"@id\":\"https:\/\/seipuntozero-haircare.it\/de\/#website\",\"url\":\"https:\/\/seipuntozero-haircare.it\/de\/\",\"name\":\"6.Zero\",\"description\":\"Essential Touch\",\"potentialAction\":[{\"@type\":\"SearchAction\",\"target\":{\"@type\":\"EntryPoint\",\"urlTemplate\":\"https:\/\/seipuntozero-haircare.it\/de\/?s={search_term_string}\"},\"query-input\":{\"@type\":\"PropertyValueSpecification\",\"valueRequired\":true,\"valueName\":\"search_term_string\"}}],\"inLanguage\":\"de\"}]}<\/script>\n<!-- \/ Yoast SEO plugin. -->","yoast_head_json":{"title":"TAKE OVER \u2013 PERFECT SMOOTH  Maske f\u00fcr glattes und strapaziertes Haar - 6.Zero","description":"Take Over Perfect Smooth, die Maske f\u00fcr glattes und strapaziertes Haar, n\u00e4hrt und pflegt das Haar intensiv, wodurch die Haarfaser entspannt und krauses Haar in glattes Haar verwandelt wird.","robots":{"index":"index","follow":"follow","max-snippet":"max-snippet:-1","max-image-preview":"max-image-preview:large","max-video-preview":"max-video-preview:-1"},"canonical":"https:\/\/seipuntozero-haircare.it\/de\/product\/take-over-perfect-smooth-maske-fur-glattes-und-strapaziertes-haar-2\/","og_locale":"de_DE","og_type":"article","og_title":"TAKE OVER \u2013 PERFECT SMOOTH  Maske f\u00fcr glattes und strapaziertes Haar - 6.Zero","og_description":"Take Over Perfect Smooth, die Maske f\u00fcr glattes und strapaziertes Haar, n\u00e4hrt und pflegt das Haar intensiv, wodurch die Haarfaser entspannt und krauses Haar in glattes Haar verwandelt wird.","og_url":"https:\/\/seipuntozero-haircare.it\/de\/product\/take-over-perfect-smooth-maske-fur-glattes-und-strapaziertes-haar-2\/","og_site_name":"6.Zero","article_modified_time":"2021-06-18T09:45:58+00:00","og_image":[{"width":800,"height":800,"url":"https:\/\/seipuntozero-haircare.it\/wp-content\/uploads\/2019\/03\/262243_sei_punto_zero_take_over_perfect_smooth_mask_300ml-1.png","type":"image\/png"}],"twitter_card":"summary_large_image","twitter_misc":{"Gesch\u00e4tzte Lesezeit":"1\u00a0Minute"},"schema":{"@context":"https:\/\/schema.org","@graph":[{"@type":"WebPage","@id":"https:\/\/seipuntozero-haircare.it\/de\/product\/take-over-perfect-smooth-maske-fur-glattes-und-strapaziertes-haar-2\/","url":"https:\/\/seipuntozero-haircare.it\/de\/product\/take-over-perfect-smooth-maske-fur-glattes-und-strapaziertes-haar-2\/","name":"TAKE OVER \u2013 PERFECT SMOOTH Maske f\u00fcr glattes und strapaziertes Haar - 6.Zero","isPartOf":{"@id":"https:\/\/seipuntozero-haircare.it\/de\/#website"},"primaryImageOfPage":{"@id":"https:\/\/seipuntozero-haircare.it\/de\/product\/take-over-perfect-smooth-maske-fur-glattes-und-strapaziertes-haar-2\/#primaryimage"},"image":{"@id":"https:\/\/seipuntozero-haircare.it\/de\/product\/take-over-perfect-smooth-maske-fur-glattes-und-strapaziertes-haar-2\/#primaryimage"},"thumbnailUrl":"https:\/\/seipuntozero-haircare.it\/wp-content\/uploads\/2019\/03\/262243_sei_punto_zero_take_over_perfect_smooth_mask_300ml-1.png","datePublished":"2017-03-15T14:49:29+00:00","dateModified":"2021-06-18T09:45:58+00:00","description":"Take Over Perfect Smooth, die Maske f\u00fcr glattes und strapaziertes Haar, n\u00e4hrt und pflegt das Haar intensiv, wodurch die Haarfaser entspannt und krauses Haar in glattes Haar verwandelt wird.","breadcrumb":{"@id":"https:\/\/seipuntozero-haircare.it\/de\/product\/take-over-perfect-smooth-maske-fur-glattes-und-strapaziertes-haar-2\/#breadcrumb"},"inLanguage":"de","potentialAction":[{"@type":"ReadAction","target":["https:\/\/seipuntozero-haircare.it\/de\/product\/take-over-perfect-smooth-maske-fur-glattes-und-strapaziertes-haar-2\/"]}]},{"@type":"ImageObject","inLanguage":"de","@id":"https:\/\/seipuntozero-haircare.it\/de\/product\/take-over-perfect-smooth-maske-fur-glattes-und-strapaziertes-haar-2\/#primaryimage","url":"https:\/\/seipuntozero-haircare.it\/wp-content\/uploads\/2019\/03\/262243_sei_punto_zero_take_over_perfect_smooth_mask_300ml-1.png","contentUrl":"https:\/\/seipuntozero-haircare.it\/wp-content\/uploads\/2019\/03\/262243_sei_punto_zero_take_over_perfect_smooth_mask_300ml-1.png","width":800,"height":800},{"@type":"BreadcrumbList","@id":"https:\/\/seipuntozero-haircare.it\/de\/product\/take-over-perfect-smooth-maske-fur-glattes-und-strapaziertes-haar-2\/#breadcrumb","itemListElement":[{"@type":"ListItem","position":1,"name":"Home","item":"https:\/\/seipuntozero-haircare.it\/de\/"},{"@type":"ListItem","position":2,"name":"Products","item":"https:\/\/seipuntozero-haircare.it\/de\/shop\/"},{"@type":"ListItem","position":3,"name":"TAKE OVER \u2013 PERFECT SMOOTH Maske f\u00fcr glattes und strapaziertes Haar"}]},{"@type":"WebSite","@id":"https:\/\/seipuntozero-haircare.it\/de\/#website","url":"https:\/\/seipuntozero-haircare.it\/de\/","name":"6.Zero","description":"Essential Touch","potentialAction":[{"@type":"SearchAction","target":{"@type":"EntryPoint","urlTemplate":"https:\/\/seipuntozero-haircare.it\/de\/?s={search_term_string}"},"query-input":{"@type":"PropertyValueSpecification","valueRequired":true,"valueName":"search_term_string"}}],"inLanguage":"de"}]}},"_links":{"self":[{"href":"https:\/\/seipuntozero-haircare.it\/de\/wp-json\/wp\/v2\/product\/16087","targetHints":{"allow":["GET"]}}],"collection":[{"href":"https:\/\/seipuntozero-haircare.it\/de\/wp-json\/wp\/v2\/product"}],"about":[{"href":"https:\/\/seipuntozero-haircare.it\/de\/wp-json\/wp\/v2\/types\/product"}],"wp:featuredmedia":[{"embeddable":true,"href":"https:\/\/seipuntozero-haircare.it\/de\/wp-json\/wp\/v2\/media\/19924"}],"wp:attachment":[{"href":"https:\/\/seipuntozero-haircare.it\/de\/wp-json\/wp\/v2\/media?parent=16087"}],"wp:term":[{"taxonomy":"product_brand","embeddable":true,"href":"https:\/\/seipuntozero-haircare.it\/de\/wp-json\/wp\/v2\/product_brand?post=16087"},{"taxonomy":"product_cat","embeddable":true,"href":"https:\/\/seipuntozero-haircare.it\/de\/wp-json\/wp\/v2\/product_cat?post=16087"},{"taxonomy":"product_tag","embeddable":true,"href":"https:\/\/seipuntozero-haircare.it\/de\/wp-json\/wp\/v2\/product_tag?post=16087"}],"curies":[{"name":"wp","href":"https:\/\/api.w.org\/{rel}","templated":true}]}}