{"id":16081,"date":"2020-05-29T09:40:45","date_gmt":"2020-05-29T07:40:45","guid":{"rendered":"https:\/\/seipuntozero-haircare.it\/prodotto\/take-over-out-orange-anti-orange-shampoo-fur-dunkles-haar\/"},"modified":"2021-06-18T11:42:56","modified_gmt":"2021-06-18T09:42:56","slug":"take-over-out-orange-anti-orange-shampoo-fur-dunkles-haar","status":"publish","type":"product","link":"https:\/\/seipuntozero-haircare.it\/de\/product\/take-over-out-orange-anti-orange-shampoo-fur-dunkles-haar\/","title":{"rendered":"TAKE OVER \u2013 OUT ORANGE <br> Anti-Orange-Shampoo f\u00fcr dunkles Haar"},"content":{"rendered":"<ul>\n<li>Reinigt das Haar sanft<\/li>\n<li>Spendet Feuchtigkeit und verleiht Glanz<\/li>\n<li>Beseitigt unerw\u00fcnschte Kupfer- und Rotreflexe<\/li>\n<\/ul>\n","protected":false},"excerpt":{"rendered":"<p>Das <strong>Shampoo Take Over Out Orange<\/strong> beseitigt <strong>orange Reflexe,<\/strong> die bei <strong>dunklen Haaren<\/strong> auftreten k\u00f6nnen.\u00a0 Es reinigt sanft, spendet intensiv Feuchtigkeit und <strong>neutralisiert zugleich effektiv warme Kupfer- und Rotreflexe<\/strong>.<\/p>\n<p>Es verleiht dem Haar einen strahlenden Glanz und intensiviert dunkle Farbt\u00f6ne. Das <strong>Anti-Orange-Shampoo<\/strong> ist ein unsch\u00e4tzbarer Verb\u00fcndeter, um die Farbbrillanz nat\u00fcrlicher Haarfarben oder colorierter Haare zu erhalten.<\/p>\n<p>500 ml<\/p>\n","protected":false},"featured_media":19918,"template":"","meta":[],"product_brand":[],"product_cat":[928],"product_tag":[],"class_list":["post-16081","product","type-product","status-publish","has-post-thumbnail","hentry","product_cat-take-over-out-orange-de"],"yoast_head":"<!-- This site is optimized with the Yoast SEO plugin v27.1.1 - https:\/\/yoast.com\/product\/yoast-seo-wordpress\/ -->\n<title>TAKE OVER \u2013 OUT ORANGE - Anti-Orange-Shampoo f\u00fcr dunkles Haar<\/title>\n<meta name=\"description\" content=\"Das Shampoo Take Over Out Orange beseitigt orange Reflexe, die bei dunklen Haaren auftreten k\u00f6nnen.\" \/>\n<meta name=\"robots\" content=\"index, follow, max-snippet:-1, max-image-preview:large, max-video-preview:-1\" \/>\n<link rel=\"canonical\" href=\"https:\/\/seipuntozero-haircare.it\/de\/product\/take-over-out-orange-anti-orange-shampoo-fur-dunkles-haar\/\" \/>\n<meta property=\"og:locale\" content=\"de_DE\" \/>\n<meta property=\"og:type\" content=\"article\" \/>\n<meta property=\"og:title\" content=\"TAKE OVER \u2013 OUT ORANGE - Anti-Orange-Shampoo f\u00fcr dunkles Haar\" \/>\n<meta property=\"og:description\" content=\"Das Shampoo Take Over Out Orange beseitigt orange Reflexe, die bei dunklen Haaren auftreten k\u00f6nnen.\" \/>\n<meta property=\"og:url\" content=\"https:\/\/seipuntozero-haircare.it\/de\/product\/take-over-out-orange-anti-orange-shampoo-fur-dunkles-haar\/\" \/>\n<meta property=\"og:site_name\" content=\"6.Zero\" \/>\n<meta property=\"article:modified_time\" content=\"2021-06-18T09:42:56+00:00\" \/>\n<meta property=\"og:image\" content=\"https:\/\/seipuntozero-haircare.it\/wp-content\/uploads\/2020\/05\/262670_sei_punto_zero_take_over_out_orange_shampoo_500ml-1.png\" \/>\n\t<meta property=\"og:image:width\" content=\"800\" \/>\n\t<meta property=\"og:image:height\" content=\"800\" \/>\n\t<meta property=\"og:image:type\" content=\"image\/png\" \/>\n<meta name=\"twitter:card\" content=\"summary_large_image\" \/>\n<meta name=\"twitter:label1\" content=\"Gesch\u00e4tzte Lesezeit\" \/>\n\t<meta name=\"twitter:data1\" content=\"1\u00a0Minute\" \/>\n<script type=\"application\/ld+json\" class=\"yoast-schema-graph\">{\"@context\":\"https:\/\/schema.org\",\"@graph\":[{\"@type\":\"WebPage\",\"@id\":\"https:\/\/seipuntozero-haircare.it\/de\/product\/take-over-out-orange-anti-orange-shampoo-fur-dunkles-haar\/\",\"url\":\"https:\/\/seipuntozero-haircare.it\/de\/product\/take-over-out-orange-anti-orange-shampoo-fur-dunkles-haar\/\",\"name\":\"TAKE OVER \u2013 OUT ORANGE - Anti-Orange-Shampoo f\u00fcr dunkles Haar\",\"isPartOf\":{\"@id\":\"https:\/\/seipuntozero-haircare.it\/de\/#website\"},\"primaryImageOfPage\":{\"@id\":\"https:\/\/seipuntozero-haircare.it\/de\/product\/take-over-out-orange-anti-orange-shampoo-fur-dunkles-haar\/#primaryimage\"},\"image\":{\"@id\":\"https:\/\/seipuntozero-haircare.it\/de\/product\/take-over-out-orange-anti-orange-shampoo-fur-dunkles-haar\/#primaryimage\"},\"thumbnailUrl\":\"https:\/\/seipuntozero-haircare.it\/wp-content\/uploads\/2020\/05\/262670_sei_punto_zero_take_over_out_orange_shampoo_500ml-1.png\",\"datePublished\":\"2020-05-29T07:40:45+00:00\",\"dateModified\":\"2021-06-18T09:42:56+00:00\",\"description\":\"Das Shampoo Take Over Out Orange beseitigt orange Reflexe, die bei dunklen Haaren auftreten k\u00f6nnen.\",\"breadcrumb\":{\"@id\":\"https:\/\/seipuntozero-haircare.it\/de\/product\/take-over-out-orange-anti-orange-shampoo-fur-dunkles-haar\/#breadcrumb\"},\"inLanguage\":\"de\",\"potentialAction\":[{\"@type\":\"ReadAction\",\"target\":[\"https:\/\/seipuntozero-haircare.it\/de\/product\/take-over-out-orange-anti-orange-shampoo-fur-dunkles-haar\/\"]}]},{\"@type\":\"ImageObject\",\"inLanguage\":\"de\",\"@id\":\"https:\/\/seipuntozero-haircare.it\/de\/product\/take-over-out-orange-anti-orange-shampoo-fur-dunkles-haar\/#primaryimage\",\"url\":\"https:\/\/seipuntozero-haircare.it\/wp-content\/uploads\/2020\/05\/262670_sei_punto_zero_take_over_out_orange_shampoo_500ml-1.png\",\"contentUrl\":\"https:\/\/seipuntozero-haircare.it\/wp-content\/uploads\/2020\/05\/262670_sei_punto_zero_take_over_out_orange_shampoo_500ml-1.png\",\"width\":800,\"height\":800},{\"@type\":\"BreadcrumbList\",\"@id\":\"https:\/\/seipuntozero-haircare.it\/de\/product\/take-over-out-orange-anti-orange-shampoo-fur-dunkles-haar\/#breadcrumb\",\"itemListElement\":[{\"@type\":\"ListItem\",\"position\":1,\"name\":\"Home\",\"item\":\"https:\/\/seipuntozero-haircare.it\/de\/\"},{\"@type\":\"ListItem\",\"position\":2,\"name\":\"Products\",\"item\":\"https:\/\/seipuntozero-haircare.it\/de\/shop\/\"},{\"@type\":\"ListItem\",\"position\":3,\"name\":\"TAKE OVER \u2013 OUT ORANGE Anti-Orange-Shampoo f\u00fcr dunkles Haar\"}]},{\"@type\":\"WebSite\",\"@id\":\"https:\/\/seipuntozero-haircare.it\/de\/#website\",\"url\":\"https:\/\/seipuntozero-haircare.it\/de\/\",\"name\":\"6.Zero\",\"description\":\"Essential Touch\",\"potentialAction\":[{\"@type\":\"SearchAction\",\"target\":{\"@type\":\"EntryPoint\",\"urlTemplate\":\"https:\/\/seipuntozero-haircare.it\/de\/?s={search_term_string}\"},\"query-input\":{\"@type\":\"PropertyValueSpecification\",\"valueRequired\":true,\"valueName\":\"search_term_string\"}}],\"inLanguage\":\"de\"}]}<\/script>\n<!-- \/ Yoast SEO plugin. -->","yoast_head_json":{"title":"TAKE OVER \u2013 OUT ORANGE - Anti-Orange-Shampoo f\u00fcr dunkles Haar","description":"Das Shampoo Take Over Out Orange beseitigt orange Reflexe, die bei dunklen Haaren auftreten k\u00f6nnen.","robots":{"index":"index","follow":"follow","max-snippet":"max-snippet:-1","max-image-preview":"max-image-preview:large","max-video-preview":"max-video-preview:-1"},"canonical":"https:\/\/seipuntozero-haircare.it\/de\/product\/take-over-out-orange-anti-orange-shampoo-fur-dunkles-haar\/","og_locale":"de_DE","og_type":"article","og_title":"TAKE OVER \u2013 OUT ORANGE - Anti-Orange-Shampoo f\u00fcr dunkles Haar","og_description":"Das Shampoo Take Over Out Orange beseitigt orange Reflexe, die bei dunklen Haaren auftreten k\u00f6nnen.","og_url":"https:\/\/seipuntozero-haircare.it\/de\/product\/take-over-out-orange-anti-orange-shampoo-fur-dunkles-haar\/","og_site_name":"6.Zero","article_modified_time":"2021-06-18T09:42:56+00:00","og_image":[{"width":800,"height":800,"url":"https:\/\/seipuntozero-haircare.it\/wp-content\/uploads\/2020\/05\/262670_sei_punto_zero_take_over_out_orange_shampoo_500ml-1.png","type":"image\/png"}],"twitter_card":"summary_large_image","twitter_misc":{"Gesch\u00e4tzte Lesezeit":"1\u00a0Minute"},"schema":{"@context":"https:\/\/schema.org","@graph":[{"@type":"WebPage","@id":"https:\/\/seipuntozero-haircare.it\/de\/product\/take-over-out-orange-anti-orange-shampoo-fur-dunkles-haar\/","url":"https:\/\/seipuntozero-haircare.it\/de\/product\/take-over-out-orange-anti-orange-shampoo-fur-dunkles-haar\/","name":"TAKE OVER \u2013 OUT ORANGE - Anti-Orange-Shampoo f\u00fcr dunkles Haar","isPartOf":{"@id":"https:\/\/seipuntozero-haircare.it\/de\/#website"},"primaryImageOfPage":{"@id":"https:\/\/seipuntozero-haircare.it\/de\/product\/take-over-out-orange-anti-orange-shampoo-fur-dunkles-haar\/#primaryimage"},"image":{"@id":"https:\/\/seipuntozero-haircare.it\/de\/product\/take-over-out-orange-anti-orange-shampoo-fur-dunkles-haar\/#primaryimage"},"thumbnailUrl":"https:\/\/seipuntozero-haircare.it\/wp-content\/uploads\/2020\/05\/262670_sei_punto_zero_take_over_out_orange_shampoo_500ml-1.png","datePublished":"2020-05-29T07:40:45+00:00","dateModified":"2021-06-18T09:42:56+00:00","description":"Das Shampoo Take Over Out Orange beseitigt orange Reflexe, die bei dunklen Haaren auftreten k\u00f6nnen.","breadcrumb":{"@id":"https:\/\/seipuntozero-haircare.it\/de\/product\/take-over-out-orange-anti-orange-shampoo-fur-dunkles-haar\/#breadcrumb"},"inLanguage":"de","potentialAction":[{"@type":"ReadAction","target":["https:\/\/seipuntozero-haircare.it\/de\/product\/take-over-out-orange-anti-orange-shampoo-fur-dunkles-haar\/"]}]},{"@type":"ImageObject","inLanguage":"de","@id":"https:\/\/seipuntozero-haircare.it\/de\/product\/take-over-out-orange-anti-orange-shampoo-fur-dunkles-haar\/#primaryimage","url":"https:\/\/seipuntozero-haircare.it\/wp-content\/uploads\/2020\/05\/262670_sei_punto_zero_take_over_out_orange_shampoo_500ml-1.png","contentUrl":"https:\/\/seipuntozero-haircare.it\/wp-content\/uploads\/2020\/05\/262670_sei_punto_zero_take_over_out_orange_shampoo_500ml-1.png","width":800,"height":800},{"@type":"BreadcrumbList","@id":"https:\/\/seipuntozero-haircare.it\/de\/product\/take-over-out-orange-anti-orange-shampoo-fur-dunkles-haar\/#breadcrumb","itemListElement":[{"@type":"ListItem","position":1,"name":"Home","item":"https:\/\/seipuntozero-haircare.it\/de\/"},{"@type":"ListItem","position":2,"name":"Products","item":"https:\/\/seipuntozero-haircare.it\/de\/shop\/"},{"@type":"ListItem","position":3,"name":"TAKE OVER \u2013 OUT ORANGE Anti-Orange-Shampoo f\u00fcr dunkles Haar"}]},{"@type":"WebSite","@id":"https:\/\/seipuntozero-haircare.it\/de\/#website","url":"https:\/\/seipuntozero-haircare.it\/de\/","name":"6.Zero","description":"Essential Touch","potentialAction":[{"@type":"SearchAction","target":{"@type":"EntryPoint","urlTemplate":"https:\/\/seipuntozero-haircare.it\/de\/?s={search_term_string}"},"query-input":{"@type":"PropertyValueSpecification","valueRequired":true,"valueName":"search_term_string"}}],"inLanguage":"de"}]}},"_links":{"self":[{"href":"https:\/\/seipuntozero-haircare.it\/de\/wp-json\/wp\/v2\/product\/16081","targetHints":{"allow":["GET"]}}],"collection":[{"href":"https:\/\/seipuntozero-haircare.it\/de\/wp-json\/wp\/v2\/product"}],"about":[{"href":"https:\/\/seipuntozero-haircare.it\/de\/wp-json\/wp\/v2\/types\/product"}],"wp:featuredmedia":[{"embeddable":true,"href":"https:\/\/seipuntozero-haircare.it\/de\/wp-json\/wp\/v2\/media\/19918"}],"wp:attachment":[{"href":"https:\/\/seipuntozero-haircare.it\/de\/wp-json\/wp\/v2\/media?parent=16081"}],"wp:term":[{"taxonomy":"product_brand","embeddable":true,"href":"https:\/\/seipuntozero-haircare.it\/de\/wp-json\/wp\/v2\/product_brand?post=16081"},{"taxonomy":"product_cat","embeddable":true,"href":"https:\/\/seipuntozero-haircare.it\/de\/wp-json\/wp\/v2\/product_cat?post=16081"},{"taxonomy":"product_tag","embeddable":true,"href":"https:\/\/seipuntozero-haircare.it\/de\/wp-json\/wp\/v2\/product_tag?post=16081"}],"curies":[{"name":"wp","href":"https:\/\/api.w.org\/{rel}","templated":true}]}}