{"id":16075,"date":"2018-03-16T09:44:36","date_gmt":"2018-03-16T08:44:36","guid":{"rendered":"https:\/\/seipuntozero-haircare.it\/prodotto\/take-over-full-expand-shampoo-fur-feines-haar\/"},"modified":"2021-06-18T11:38:55","modified_gmt":"2021-06-18T09:38:55","slug":"take-over-full-expand-shampoo-fur-feines-haar","status":"publish","type":"product","link":"https:\/\/seipuntozero-haircare.it\/de\/product\/take-over-full-expand-shampoo-fur-feines-haar\/","title":{"rendered":"TAKE OVER \u2013 FULL EXPAND <br> Shampoo f\u00fcr feines Haar"},"content":{"rendered":"<ul>\n<li>Feines Haar erlangt wieder <strong>Volumen und F\u00fclle<\/strong><\/li>\n<li>Stellt die <strong>Feuchtigkeitszufuhr<\/strong> und die <strong>St\u00e4rke<\/strong> wieder her<\/li>\n<\/ul>\n","protected":false},"excerpt":{"rendered":"<p>Take Over Full Expand, <strong>Shampoo f\u00fcr feines und volumenloses Haar<\/strong>. Die ideale sanfte Pflege, mit der das Haar wieder kr\u00e4ftiger wird und ausreichend Feuchtigkeit und Halt erlangt. Dank des <strong>schwarzen Hafers<\/strong> und der aktiven Inhaltsstoffe der Formel wird das Haar <strong>f\u00fclliger und locker leicht<\/strong>. Mit jeder Haarw\u00e4sche wird das Haar f\u00fclliger und volumin\u00f6ser.<\/p>\n<p>1000 ml Flacon<\/p>\n","protected":false},"featured_media":19851,"template":"","meta":[],"product_brand":[],"product_cat":[927],"product_tag":[],"class_list":["post-16075","product","type-product","status-publish","has-post-thumbnail","hentry","product_cat-take-over-full-expand-de"],"yoast_head":"<!-- This site is optimized with the Yoast SEO plugin v27.1.1 - https:\/\/yoast.com\/product\/yoast-seo-wordpress\/ -->\n<title>Take Over Full Expand | Shampoo f\u00fcr feines Haar<\/title>\n<meta name=\"description\" content=\"Take Over Full Expand, Shampoo f\u00fcr feines und volumenloses Haar. Die ideale sanfte Pflege, mit der das Haar wieder kr\u00e4ftiger wird und ausreichend Feuchtigkeit und Halt erlangt.\" \/>\n<meta name=\"robots\" content=\"index, follow, max-snippet:-1, max-image-preview:large, max-video-preview:-1\" \/>\n<link rel=\"canonical\" href=\"https:\/\/seipuntozero-haircare.it\/de\/product\/take-over-full-expand-shampoo-fur-feines-haar\/\" \/>\n<meta property=\"og:locale\" content=\"de_DE\" \/>\n<meta property=\"og:type\" content=\"article\" \/>\n<meta property=\"og:title\" content=\"Take Over Full Expand | Shampoo f\u00fcr feines Haar\" \/>\n<meta property=\"og:description\" content=\"Take Over Full Expand, Shampoo f\u00fcr feines und volumenloses Haar. Die ideale sanfte Pflege, mit der das Haar wieder kr\u00e4ftiger wird und ausreichend Feuchtigkeit und Halt erlangt.\" \/>\n<meta property=\"og:url\" content=\"https:\/\/seipuntozero-haircare.it\/de\/product\/take-over-full-expand-shampoo-fur-feines-haar\/\" \/>\n<meta property=\"og:site_name\" content=\"6.Zero\" \/>\n<meta property=\"article:modified_time\" content=\"2021-06-18T09:38:55+00:00\" \/>\n<meta property=\"og:image\" content=\"https:\/\/seipuntozero-haircare.it\/wp-content\/uploads\/2017\/03\/262540_sei_punto_zero_take_over_full_expand_shampoo_1000ml.png\" \/>\n\t<meta property=\"og:image:width\" content=\"600\" \/>\n\t<meta property=\"og:image:height\" content=\"600\" \/>\n\t<meta property=\"og:image:type\" content=\"image\/png\" \/>\n<meta name=\"twitter:card\" content=\"summary_large_image\" \/>\n<meta name=\"twitter:label1\" content=\"Gesch\u00e4tzte Lesezeit\" \/>\n\t<meta name=\"twitter:data1\" content=\"1\u00a0Minute\" \/>\n<script type=\"application\/ld+json\" class=\"yoast-schema-graph\">{\"@context\":\"https:\/\/schema.org\",\"@graph\":[{\"@type\":\"WebPage\",\"@id\":\"https:\/\/seipuntozero-haircare.it\/de\/product\/take-over-full-expand-shampoo-fur-feines-haar\/\",\"url\":\"https:\/\/seipuntozero-haircare.it\/de\/product\/take-over-full-expand-shampoo-fur-feines-haar\/\",\"name\":\"Take Over Full Expand | Shampoo f\u00fcr feines Haar\",\"isPartOf\":{\"@id\":\"https:\/\/seipuntozero-haircare.it\/de\/#website\"},\"primaryImageOfPage\":{\"@id\":\"https:\/\/seipuntozero-haircare.it\/de\/product\/take-over-full-expand-shampoo-fur-feines-haar\/#primaryimage\"},\"image\":{\"@id\":\"https:\/\/seipuntozero-haircare.it\/de\/product\/take-over-full-expand-shampoo-fur-feines-haar\/#primaryimage\"},\"thumbnailUrl\":\"https:\/\/seipuntozero-haircare.it\/wp-content\/uploads\/2017\/03\/262540_sei_punto_zero_take_over_full_expand_shampoo_1000ml.png\",\"datePublished\":\"2018-03-16T08:44:36+00:00\",\"dateModified\":\"2021-06-18T09:38:55+00:00\",\"description\":\"Take Over Full Expand, Shampoo f\u00fcr feines und volumenloses Haar. Die ideale sanfte Pflege, mit der das Haar wieder kr\u00e4ftiger wird und ausreichend Feuchtigkeit und Halt erlangt.\",\"breadcrumb\":{\"@id\":\"https:\/\/seipuntozero-haircare.it\/de\/product\/take-over-full-expand-shampoo-fur-feines-haar\/#breadcrumb\"},\"inLanguage\":\"de\",\"potentialAction\":[{\"@type\":\"ReadAction\",\"target\":[\"https:\/\/seipuntozero-haircare.it\/de\/product\/take-over-full-expand-shampoo-fur-feines-haar\/\"]}]},{\"@type\":\"ImageObject\",\"inLanguage\":\"de\",\"@id\":\"https:\/\/seipuntozero-haircare.it\/de\/product\/take-over-full-expand-shampoo-fur-feines-haar\/#primaryimage\",\"url\":\"https:\/\/seipuntozero-haircare.it\/wp-content\/uploads\/2017\/03\/262540_sei_punto_zero_take_over_full_expand_shampoo_1000ml.png\",\"contentUrl\":\"https:\/\/seipuntozero-haircare.it\/wp-content\/uploads\/2017\/03\/262540_sei_punto_zero_take_over_full_expand_shampoo_1000ml.png\",\"width\":600,\"height\":600},{\"@type\":\"BreadcrumbList\",\"@id\":\"https:\/\/seipuntozero-haircare.it\/de\/product\/take-over-full-expand-shampoo-fur-feines-haar\/#breadcrumb\",\"itemListElement\":[{\"@type\":\"ListItem\",\"position\":1,\"name\":\"Home\",\"item\":\"https:\/\/seipuntozero-haircare.it\/de\/\"},{\"@type\":\"ListItem\",\"position\":2,\"name\":\"Products\",\"item\":\"https:\/\/seipuntozero-haircare.it\/de\/shop\/\"},{\"@type\":\"ListItem\",\"position\":3,\"name\":\"TAKE OVER \u2013 FULL EXPAND Shampoo f\u00fcr feines Haar\"}]},{\"@type\":\"WebSite\",\"@id\":\"https:\/\/seipuntozero-haircare.it\/de\/#website\",\"url\":\"https:\/\/seipuntozero-haircare.it\/de\/\",\"name\":\"6.Zero\",\"description\":\"Essential Touch\",\"potentialAction\":[{\"@type\":\"SearchAction\",\"target\":{\"@type\":\"EntryPoint\",\"urlTemplate\":\"https:\/\/seipuntozero-haircare.it\/de\/?s={search_term_string}\"},\"query-input\":{\"@type\":\"PropertyValueSpecification\",\"valueRequired\":true,\"valueName\":\"search_term_string\"}}],\"inLanguage\":\"de\"}]}<\/script>\n<!-- \/ Yoast SEO plugin. -->","yoast_head_json":{"title":"Take Over Full Expand | Shampoo f\u00fcr feines Haar","description":"Take Over Full Expand, Shampoo f\u00fcr feines und volumenloses Haar. Die ideale sanfte Pflege, mit der das Haar wieder kr\u00e4ftiger wird und ausreichend Feuchtigkeit und Halt erlangt.","robots":{"index":"index","follow":"follow","max-snippet":"max-snippet:-1","max-image-preview":"max-image-preview:large","max-video-preview":"max-video-preview:-1"},"canonical":"https:\/\/seipuntozero-haircare.it\/de\/product\/take-over-full-expand-shampoo-fur-feines-haar\/","og_locale":"de_DE","og_type":"article","og_title":"Take Over Full Expand | Shampoo f\u00fcr feines Haar","og_description":"Take Over Full Expand, Shampoo f\u00fcr feines und volumenloses Haar. Die ideale sanfte Pflege, mit der das Haar wieder kr\u00e4ftiger wird und ausreichend Feuchtigkeit und Halt erlangt.","og_url":"https:\/\/seipuntozero-haircare.it\/de\/product\/take-over-full-expand-shampoo-fur-feines-haar\/","og_site_name":"6.Zero","article_modified_time":"2021-06-18T09:38:55+00:00","og_image":[{"width":600,"height":600,"url":"https:\/\/seipuntozero-haircare.it\/wp-content\/uploads\/2017\/03\/262540_sei_punto_zero_take_over_full_expand_shampoo_1000ml.png","type":"image\/png"}],"twitter_card":"summary_large_image","twitter_misc":{"Gesch\u00e4tzte Lesezeit":"1\u00a0Minute"},"schema":{"@context":"https:\/\/schema.org","@graph":[{"@type":"WebPage","@id":"https:\/\/seipuntozero-haircare.it\/de\/product\/take-over-full-expand-shampoo-fur-feines-haar\/","url":"https:\/\/seipuntozero-haircare.it\/de\/product\/take-over-full-expand-shampoo-fur-feines-haar\/","name":"Take Over Full Expand | Shampoo f\u00fcr feines Haar","isPartOf":{"@id":"https:\/\/seipuntozero-haircare.it\/de\/#website"},"primaryImageOfPage":{"@id":"https:\/\/seipuntozero-haircare.it\/de\/product\/take-over-full-expand-shampoo-fur-feines-haar\/#primaryimage"},"image":{"@id":"https:\/\/seipuntozero-haircare.it\/de\/product\/take-over-full-expand-shampoo-fur-feines-haar\/#primaryimage"},"thumbnailUrl":"https:\/\/seipuntozero-haircare.it\/wp-content\/uploads\/2017\/03\/262540_sei_punto_zero_take_over_full_expand_shampoo_1000ml.png","datePublished":"2018-03-16T08:44:36+00:00","dateModified":"2021-06-18T09:38:55+00:00","description":"Take Over Full Expand, Shampoo f\u00fcr feines und volumenloses Haar. Die ideale sanfte Pflege, mit der das Haar wieder kr\u00e4ftiger wird und ausreichend Feuchtigkeit und Halt erlangt.","breadcrumb":{"@id":"https:\/\/seipuntozero-haircare.it\/de\/product\/take-over-full-expand-shampoo-fur-feines-haar\/#breadcrumb"},"inLanguage":"de","potentialAction":[{"@type":"ReadAction","target":["https:\/\/seipuntozero-haircare.it\/de\/product\/take-over-full-expand-shampoo-fur-feines-haar\/"]}]},{"@type":"ImageObject","inLanguage":"de","@id":"https:\/\/seipuntozero-haircare.it\/de\/product\/take-over-full-expand-shampoo-fur-feines-haar\/#primaryimage","url":"https:\/\/seipuntozero-haircare.it\/wp-content\/uploads\/2017\/03\/262540_sei_punto_zero_take_over_full_expand_shampoo_1000ml.png","contentUrl":"https:\/\/seipuntozero-haircare.it\/wp-content\/uploads\/2017\/03\/262540_sei_punto_zero_take_over_full_expand_shampoo_1000ml.png","width":600,"height":600},{"@type":"BreadcrumbList","@id":"https:\/\/seipuntozero-haircare.it\/de\/product\/take-over-full-expand-shampoo-fur-feines-haar\/#breadcrumb","itemListElement":[{"@type":"ListItem","position":1,"name":"Home","item":"https:\/\/seipuntozero-haircare.it\/de\/"},{"@type":"ListItem","position":2,"name":"Products","item":"https:\/\/seipuntozero-haircare.it\/de\/shop\/"},{"@type":"ListItem","position":3,"name":"TAKE OVER \u2013 FULL EXPAND Shampoo f\u00fcr feines Haar"}]},{"@type":"WebSite","@id":"https:\/\/seipuntozero-haircare.it\/de\/#website","url":"https:\/\/seipuntozero-haircare.it\/de\/","name":"6.Zero","description":"Essential Touch","potentialAction":[{"@type":"SearchAction","target":{"@type":"EntryPoint","urlTemplate":"https:\/\/seipuntozero-haircare.it\/de\/?s={search_term_string}"},"query-input":{"@type":"PropertyValueSpecification","valueRequired":true,"valueName":"search_term_string"}}],"inLanguage":"de"}]}},"_links":{"self":[{"href":"https:\/\/seipuntozero-haircare.it\/de\/wp-json\/wp\/v2\/product\/16075","targetHints":{"allow":["GET"]}}],"collection":[{"href":"https:\/\/seipuntozero-haircare.it\/de\/wp-json\/wp\/v2\/product"}],"about":[{"href":"https:\/\/seipuntozero-haircare.it\/de\/wp-json\/wp\/v2\/types\/product"}],"wp:featuredmedia":[{"embeddable":true,"href":"https:\/\/seipuntozero-haircare.it\/de\/wp-json\/wp\/v2\/media\/19851"}],"wp:attachment":[{"href":"https:\/\/seipuntozero-haircare.it\/de\/wp-json\/wp\/v2\/media?parent=16075"}],"wp:term":[{"taxonomy":"product_brand","embeddable":true,"href":"https:\/\/seipuntozero-haircare.it\/de\/wp-json\/wp\/v2\/product_brand?post=16075"},{"taxonomy":"product_cat","embeddable":true,"href":"https:\/\/seipuntozero-haircare.it\/de\/wp-json\/wp\/v2\/product_cat?post=16075"},{"taxonomy":"product_tag","embeddable":true,"href":"https:\/\/seipuntozero-haircare.it\/de\/wp-json\/wp\/v2\/product_tag?post=16075"}],"curies":[{"name":"wp","href":"https:\/\/api.w.org\/{rel}","templated":true}]}}