{"id":16073,"date":"2019-03-14T18:00:24","date_gmt":"2019-03-14T17:00:24","guid":{"rendered":"https:\/\/seipuntozero-haircare.it\/prodotto\/take-over-full-expand-maske-fur-feines-haar\/"},"modified":"2021-06-18T11:38:03","modified_gmt":"2021-06-18T09:38:03","slug":"take-over-full-expand-maske-fur-feines-haar","status":"publish","type":"product","link":"https:\/\/seipuntozero-haircare.it\/de\/product\/take-over-full-expand-maske-fur-feines-haar\/","title":{"rendered":"TAKE OVER \u2013 FULL EXPAND <br> Maske f\u00fcr feines Haar"},"content":{"rendered":"<ul>\n<li>Verleiht d\u00fcnnem Haar erneut <strong>F\u00fclle und Volumen<\/strong><\/li>\n<li><strong>N\u00e4hrt das Haar<\/strong>, macht es f\u00fclliger und verleiht intensive Feuchtigkeit<\/li>\n<li>Macht das Haar<strong> nicht schwerer<\/strong><\/li>\n<\/ul>\n","protected":false},"excerpt":{"rendered":"<p>Take Over Full Expand, die <strong>Maske f\u00fcr feines Haar ohne Volumen<\/strong>, verleiht der Haarfaser von der Wurzel bis in die Spitzen mehr Kraft und macht das Haar sichtbar f\u00fclliger und extrem geschmeidig. Die Formel der Maske sorgt bereits ab der ersten Anwendung daf\u00fcr, dass d\u00fcnnes Haar f\u00fclliger wird und macht das Haar dicker.<\/p>\n<p>500 ml Gef\u00e4\u00df<\/p>\n","protected":false},"featured_media":19857,"template":"","meta":[],"product_brand":[],"product_cat":[927],"product_tag":[],"class_list":["post-16073","product","type-product","status-publish","has-post-thumbnail","hentry","product_cat-take-over-full-expand-de"],"yoast_head":"<!-- This site is optimized with the Yoast SEO plugin v27.1.1 - https:\/\/yoast.com\/product\/yoast-seo-wordpress\/ -->\n<title>TAKE OVER \u2013 FULL EXPAND  Maske f\u00fcr feines Haar - 6.Zero<\/title>\n<meta name=\"description\" content=\"Take Over Full Expand, mask for thin hair lacking volume adds thickness to the capillary fibre, from root to tip, leaving hair visibly full-bodied.\" \/>\n<meta name=\"robots\" content=\"index, follow, max-snippet:-1, max-image-preview:large, max-video-preview:-1\" \/>\n<link rel=\"canonical\" href=\"https:\/\/seipuntozero-haircare.it\/de\/product\/take-over-full-expand-maske-fur-feines-haar\/\" \/>\n<meta property=\"og:locale\" content=\"de_DE\" \/>\n<meta property=\"og:type\" content=\"article\" \/>\n<meta property=\"og:title\" content=\"TAKE OVER \u2013 FULL EXPAND  Maske f\u00fcr feines Haar - 6.Zero\" \/>\n<meta property=\"og:description\" content=\"Take Over Full Expand, mask for thin hair lacking volume adds thickness to the capillary fibre, from root to tip, leaving hair visibly full-bodied.\" \/>\n<meta property=\"og:url\" content=\"https:\/\/seipuntozero-haircare.it\/de\/product\/take-over-full-expand-maske-fur-feines-haar\/\" \/>\n<meta property=\"og:site_name\" content=\"6.Zero\" \/>\n<meta property=\"article:modified_time\" content=\"2021-06-18T09:38:03+00:00\" \/>\n<meta property=\"og:image\" content=\"https:\/\/seipuntozero-haircare.it\/wp-content\/uploads\/2017\/03\/262595_sei_punto_zero_take_over_full_expand_mask_500ml.png\" \/>\n\t<meta property=\"og:image:width\" content=\"800\" \/>\n\t<meta property=\"og:image:height\" content=\"800\" \/>\n\t<meta property=\"og:image:type\" content=\"image\/png\" \/>\n<meta name=\"twitter:card\" content=\"summary_large_image\" \/>\n<meta name=\"twitter:label1\" content=\"Gesch\u00e4tzte Lesezeit\" \/>\n\t<meta name=\"twitter:data1\" content=\"1\u00a0Minute\" \/>\n<script type=\"application\/ld+json\" class=\"yoast-schema-graph\">{\"@context\":\"https:\/\/schema.org\",\"@graph\":[{\"@type\":\"WebPage\",\"@id\":\"https:\/\/seipuntozero-haircare.it\/de\/product\/take-over-full-expand-maske-fur-feines-haar\/\",\"url\":\"https:\/\/seipuntozero-haircare.it\/de\/product\/take-over-full-expand-maske-fur-feines-haar\/\",\"name\":\"TAKE OVER \u2013 FULL EXPAND Maske f\u00fcr feines Haar - 6.Zero\",\"isPartOf\":{\"@id\":\"https:\/\/seipuntozero-haircare.it\/de\/#website\"},\"primaryImageOfPage\":{\"@id\":\"https:\/\/seipuntozero-haircare.it\/de\/product\/take-over-full-expand-maske-fur-feines-haar\/#primaryimage\"},\"image\":{\"@id\":\"https:\/\/seipuntozero-haircare.it\/de\/product\/take-over-full-expand-maske-fur-feines-haar\/#primaryimage\"},\"thumbnailUrl\":\"https:\/\/seipuntozero-haircare.it\/wp-content\/uploads\/2017\/03\/262595_sei_punto_zero_take_over_full_expand_mask_500ml.png\",\"datePublished\":\"2019-03-14T17:00:24+00:00\",\"dateModified\":\"2021-06-18T09:38:03+00:00\",\"description\":\"Take Over Full Expand, mask for thin hair lacking volume adds thickness to the capillary fibre, from root to tip, leaving hair visibly full-bodied.\",\"breadcrumb\":{\"@id\":\"https:\/\/seipuntozero-haircare.it\/de\/product\/take-over-full-expand-maske-fur-feines-haar\/#breadcrumb\"},\"inLanguage\":\"de\",\"potentialAction\":[{\"@type\":\"ReadAction\",\"target\":[\"https:\/\/seipuntozero-haircare.it\/de\/product\/take-over-full-expand-maske-fur-feines-haar\/\"]}]},{\"@type\":\"ImageObject\",\"inLanguage\":\"de\",\"@id\":\"https:\/\/seipuntozero-haircare.it\/de\/product\/take-over-full-expand-maske-fur-feines-haar\/#primaryimage\",\"url\":\"https:\/\/seipuntozero-haircare.it\/wp-content\/uploads\/2017\/03\/262595_sei_punto_zero_take_over_full_expand_mask_500ml.png\",\"contentUrl\":\"https:\/\/seipuntozero-haircare.it\/wp-content\/uploads\/2017\/03\/262595_sei_punto_zero_take_over_full_expand_mask_500ml.png\",\"width\":800,\"height\":800},{\"@type\":\"BreadcrumbList\",\"@id\":\"https:\/\/seipuntozero-haircare.it\/de\/product\/take-over-full-expand-maske-fur-feines-haar\/#breadcrumb\",\"itemListElement\":[{\"@type\":\"ListItem\",\"position\":1,\"name\":\"Home\",\"item\":\"https:\/\/seipuntozero-haircare.it\/de\/\"},{\"@type\":\"ListItem\",\"position\":2,\"name\":\"Products\",\"item\":\"https:\/\/seipuntozero-haircare.it\/de\/shop\/\"},{\"@type\":\"ListItem\",\"position\":3,\"name\":\"TAKE OVER \u2013 FULL EXPAND Maske f\u00fcr feines Haar\"}]},{\"@type\":\"WebSite\",\"@id\":\"https:\/\/seipuntozero-haircare.it\/de\/#website\",\"url\":\"https:\/\/seipuntozero-haircare.it\/de\/\",\"name\":\"6.Zero\",\"description\":\"Essential Touch\",\"potentialAction\":[{\"@type\":\"SearchAction\",\"target\":{\"@type\":\"EntryPoint\",\"urlTemplate\":\"https:\/\/seipuntozero-haircare.it\/de\/?s={search_term_string}\"},\"query-input\":{\"@type\":\"PropertyValueSpecification\",\"valueRequired\":true,\"valueName\":\"search_term_string\"}}],\"inLanguage\":\"de\"}]}<\/script>\n<!-- \/ Yoast SEO plugin. -->","yoast_head_json":{"title":"TAKE OVER \u2013 FULL EXPAND  Maske f\u00fcr feines Haar - 6.Zero","description":"Take Over Full Expand, mask for thin hair lacking volume adds thickness to the capillary fibre, from root to tip, leaving hair visibly full-bodied.","robots":{"index":"index","follow":"follow","max-snippet":"max-snippet:-1","max-image-preview":"max-image-preview:large","max-video-preview":"max-video-preview:-1"},"canonical":"https:\/\/seipuntozero-haircare.it\/de\/product\/take-over-full-expand-maske-fur-feines-haar\/","og_locale":"de_DE","og_type":"article","og_title":"TAKE OVER \u2013 FULL EXPAND  Maske f\u00fcr feines Haar - 6.Zero","og_description":"Take Over Full Expand, mask for thin hair lacking volume adds thickness to the capillary fibre, from root to tip, leaving hair visibly full-bodied.","og_url":"https:\/\/seipuntozero-haircare.it\/de\/product\/take-over-full-expand-maske-fur-feines-haar\/","og_site_name":"6.Zero","article_modified_time":"2021-06-18T09:38:03+00:00","og_image":[{"width":800,"height":800,"url":"https:\/\/seipuntozero-haircare.it\/wp-content\/uploads\/2017\/03\/262595_sei_punto_zero_take_over_full_expand_mask_500ml.png","type":"image\/png"}],"twitter_card":"summary_large_image","twitter_misc":{"Gesch\u00e4tzte Lesezeit":"1\u00a0Minute"},"schema":{"@context":"https:\/\/schema.org","@graph":[{"@type":"WebPage","@id":"https:\/\/seipuntozero-haircare.it\/de\/product\/take-over-full-expand-maske-fur-feines-haar\/","url":"https:\/\/seipuntozero-haircare.it\/de\/product\/take-over-full-expand-maske-fur-feines-haar\/","name":"TAKE OVER \u2013 FULL EXPAND Maske f\u00fcr feines Haar - 6.Zero","isPartOf":{"@id":"https:\/\/seipuntozero-haircare.it\/de\/#website"},"primaryImageOfPage":{"@id":"https:\/\/seipuntozero-haircare.it\/de\/product\/take-over-full-expand-maske-fur-feines-haar\/#primaryimage"},"image":{"@id":"https:\/\/seipuntozero-haircare.it\/de\/product\/take-over-full-expand-maske-fur-feines-haar\/#primaryimage"},"thumbnailUrl":"https:\/\/seipuntozero-haircare.it\/wp-content\/uploads\/2017\/03\/262595_sei_punto_zero_take_over_full_expand_mask_500ml.png","datePublished":"2019-03-14T17:00:24+00:00","dateModified":"2021-06-18T09:38:03+00:00","description":"Take Over Full Expand, mask for thin hair lacking volume adds thickness to the capillary fibre, from root to tip, leaving hair visibly full-bodied.","breadcrumb":{"@id":"https:\/\/seipuntozero-haircare.it\/de\/product\/take-over-full-expand-maske-fur-feines-haar\/#breadcrumb"},"inLanguage":"de","potentialAction":[{"@type":"ReadAction","target":["https:\/\/seipuntozero-haircare.it\/de\/product\/take-over-full-expand-maske-fur-feines-haar\/"]}]},{"@type":"ImageObject","inLanguage":"de","@id":"https:\/\/seipuntozero-haircare.it\/de\/product\/take-over-full-expand-maske-fur-feines-haar\/#primaryimage","url":"https:\/\/seipuntozero-haircare.it\/wp-content\/uploads\/2017\/03\/262595_sei_punto_zero_take_over_full_expand_mask_500ml.png","contentUrl":"https:\/\/seipuntozero-haircare.it\/wp-content\/uploads\/2017\/03\/262595_sei_punto_zero_take_over_full_expand_mask_500ml.png","width":800,"height":800},{"@type":"BreadcrumbList","@id":"https:\/\/seipuntozero-haircare.it\/de\/product\/take-over-full-expand-maske-fur-feines-haar\/#breadcrumb","itemListElement":[{"@type":"ListItem","position":1,"name":"Home","item":"https:\/\/seipuntozero-haircare.it\/de\/"},{"@type":"ListItem","position":2,"name":"Products","item":"https:\/\/seipuntozero-haircare.it\/de\/shop\/"},{"@type":"ListItem","position":3,"name":"TAKE OVER \u2013 FULL EXPAND Maske f\u00fcr feines Haar"}]},{"@type":"WebSite","@id":"https:\/\/seipuntozero-haircare.it\/de\/#website","url":"https:\/\/seipuntozero-haircare.it\/de\/","name":"6.Zero","description":"Essential Touch","potentialAction":[{"@type":"SearchAction","target":{"@type":"EntryPoint","urlTemplate":"https:\/\/seipuntozero-haircare.it\/de\/?s={search_term_string}"},"query-input":{"@type":"PropertyValueSpecification","valueRequired":true,"valueName":"search_term_string"}}],"inLanguage":"de"}]}},"_links":{"self":[{"href":"https:\/\/seipuntozero-haircare.it\/de\/wp-json\/wp\/v2\/product\/16073","targetHints":{"allow":["GET"]}}],"collection":[{"href":"https:\/\/seipuntozero-haircare.it\/de\/wp-json\/wp\/v2\/product"}],"about":[{"href":"https:\/\/seipuntozero-haircare.it\/de\/wp-json\/wp\/v2\/types\/product"}],"wp:featuredmedia":[{"embeddable":true,"href":"https:\/\/seipuntozero-haircare.it\/de\/wp-json\/wp\/v2\/media\/19857"}],"wp:attachment":[{"href":"https:\/\/seipuntozero-haircare.it\/de\/wp-json\/wp\/v2\/media?parent=16073"}],"wp:term":[{"taxonomy":"product_brand","embeddable":true,"href":"https:\/\/seipuntozero-haircare.it\/de\/wp-json\/wp\/v2\/product_brand?post=16073"},{"taxonomy":"product_cat","embeddable":true,"href":"https:\/\/seipuntozero-haircare.it\/de\/wp-json\/wp\/v2\/product_cat?post=16073"},{"taxonomy":"product_tag","embeddable":true,"href":"https:\/\/seipuntozero-haircare.it\/de\/wp-json\/wp\/v2\/product_tag?post=16073"}],"curies":[{"name":"wp","href":"https:\/\/api.w.org\/{rel}","templated":true}]}}