{"id":16063,"date":"2017-03-15T16:23:43","date_gmt":"2017-03-15T15:23:43","guid":{"rendered":"https:\/\/seipuntozero-haircare.it\/prodotto\/take-over-absolute-rich-shine-shampoo-fur-trockenes-und-glanzloses-haar-2\/"},"modified":"2021-09-29T09:35:41","modified_gmt":"2021-09-29T07:35:41","slug":"take-over-absolute-rich-shine-shampoo-fur-trockenes-und-glanzloses-haar-2","status":"publish","type":"product","link":"https:\/\/seipuntozero-haircare.it\/de\/product\/take-over-absolute-rich-shine-shampoo-fur-trockenes-und-glanzloses-haar-2\/","title":{"rendered":"TAKE OVER \u2013 ABSOLUTE RICH &#038; SHINE <br> Shampoo f\u00fcr trockenes und glanzloses Haar"},"content":{"rendered":"<ul>\n<li>Reinigt das Haar und <strong>verleiht Feuchtigkeit<\/strong><\/li>\n<li><strong>Bek\u00e4mpft mattes<\/strong> und lebloses <strong>Haar<\/strong><\/li>\n<\/ul>\n","protected":false},"excerpt":{"rendered":"<p>Take Over Absolute Rich &amp; Shine, das<strong> Shampoo f\u00fcr trockenes und mattes Haar<\/strong>, ist reich an wertvollen Substanzen, die lebloses und gesch\u00e4digtes Haar wiederbeleben. Das <strong>Vitamin B5 (Panthenol<\/strong>) ist eine Feuchtigkeitsquelle, die <strong>mattes<\/strong> und lebloses <strong>Haar wieder strahlen l\u00e4sst<\/strong>. Mit dem Shampoo Absolute Rich &amp; Shine wird das Haar wieder locker leicht und <strong>gl\u00e4nzt intensiv<\/strong>.<\/p>\n<p>300 ml Flacon<\/p>\n","protected":false},"featured_media":19760,"template":"","meta":[],"product_brand":[],"product_cat":[925],"product_tag":[],"class_list":["post-16063","product","type-product","status-publish","has-post-thumbnail","hentry","product_cat-take-over-absolute-rich-shine-de"],"yoast_head":"<!-- This site is optimized with the Yoast SEO plugin v27.1.1 - https:\/\/yoast.com\/product\/yoast-seo-wordpress\/ -->\n<title>TAKE OVER \u2013 ABSOLUTE RICH &amp; SHINE  Shampoo f\u00fcr trockenes und glanzloses Haar - 6.Zero<\/title>\n<meta name=\"description\" content=\"Take Over Absolute Rich &amp; Shine, das Shampoo f\u00fcr trockenes und mattes Haar, ist reich an wertvollen Substanzen, die lebloses und gesch\u00e4digtes Haar wiederbeleben.\" \/>\n<meta name=\"robots\" content=\"index, follow, max-snippet:-1, max-image-preview:large, max-video-preview:-1\" \/>\n<link rel=\"canonical\" href=\"https:\/\/seipuntozero-haircare.it\/de\/product\/take-over-absolute-rich-shine-shampoo-fur-trockenes-und-glanzloses-haar-2\/\" \/>\n<meta property=\"og:locale\" content=\"de_DE\" \/>\n<meta property=\"og:type\" content=\"article\" \/>\n<meta property=\"og:title\" content=\"TAKE OVER \u2013 ABSOLUTE RICH &amp; SHINE  Shampoo f\u00fcr trockenes und glanzloses Haar - 6.Zero\" \/>\n<meta property=\"og:description\" content=\"Take Over Absolute Rich &amp; Shine, das Shampoo f\u00fcr trockenes und mattes Haar, ist reich an wertvollen Substanzen, die lebloses und gesch\u00e4digtes Haar wiederbeleben.\" \/>\n<meta property=\"og:url\" content=\"https:\/\/seipuntozero-haircare.it\/de\/product\/take-over-absolute-rich-shine-shampoo-fur-trockenes-und-glanzloses-haar-2\/\" \/>\n<meta property=\"og:site_name\" content=\"6.Zero\" \/>\n<meta property=\"article:modified_time\" content=\"2021-09-29T07:35:41+00:00\" \/>\n<meta property=\"og:image\" content=\"https:\/\/seipuntozero-haircare.it\/wp-content\/uploads\/2018\/03\/263318_sei_punto_zero_take_over_absolute_rich_shine_shampoo_300ml.png\" \/>\n\t<meta property=\"og:image:width\" content=\"600\" \/>\n\t<meta property=\"og:image:height\" content=\"600\" \/>\n\t<meta property=\"og:image:type\" content=\"image\/png\" \/>\n<meta name=\"twitter:card\" content=\"summary_large_image\" \/>\n<meta name=\"twitter:label1\" content=\"Gesch\u00e4tzte Lesezeit\" \/>\n\t<meta name=\"twitter:data1\" content=\"1\u00a0Minute\" \/>\n<script type=\"application\/ld+json\" class=\"yoast-schema-graph\">{\"@context\":\"https:\/\/schema.org\",\"@graph\":[{\"@type\":\"WebPage\",\"@id\":\"https:\/\/seipuntozero-haircare.it\/de\/product\/take-over-absolute-rich-shine-shampoo-fur-trockenes-und-glanzloses-haar-2\/\",\"url\":\"https:\/\/seipuntozero-haircare.it\/de\/product\/take-over-absolute-rich-shine-shampoo-fur-trockenes-und-glanzloses-haar-2\/\",\"name\":\"TAKE OVER \u2013 ABSOLUTE RICH & SHINE Shampoo f\u00fcr trockenes und glanzloses Haar - 6.Zero\",\"isPartOf\":{\"@id\":\"https:\/\/seipuntozero-haircare.it\/de\/#website\"},\"primaryImageOfPage\":{\"@id\":\"https:\/\/seipuntozero-haircare.it\/de\/product\/take-over-absolute-rich-shine-shampoo-fur-trockenes-und-glanzloses-haar-2\/#primaryimage\"},\"image\":{\"@id\":\"https:\/\/seipuntozero-haircare.it\/de\/product\/take-over-absolute-rich-shine-shampoo-fur-trockenes-und-glanzloses-haar-2\/#primaryimage\"},\"thumbnailUrl\":\"https:\/\/seipuntozero-haircare.it\/wp-content\/uploads\/2018\/03\/263318_sei_punto_zero_take_over_absolute_rich_shine_shampoo_300ml.png\",\"datePublished\":\"2017-03-15T15:23:43+00:00\",\"dateModified\":\"2021-09-29T07:35:41+00:00\",\"description\":\"Take Over Absolute Rich & Shine, das Shampoo f\u00fcr trockenes und mattes Haar, ist reich an wertvollen Substanzen, die lebloses und gesch\u00e4digtes Haar wiederbeleben.\",\"breadcrumb\":{\"@id\":\"https:\/\/seipuntozero-haircare.it\/de\/product\/take-over-absolute-rich-shine-shampoo-fur-trockenes-und-glanzloses-haar-2\/#breadcrumb\"},\"inLanguage\":\"de\",\"potentialAction\":[{\"@type\":\"ReadAction\",\"target\":[\"https:\/\/seipuntozero-haircare.it\/de\/product\/take-over-absolute-rich-shine-shampoo-fur-trockenes-und-glanzloses-haar-2\/\"]}]},{\"@type\":\"ImageObject\",\"inLanguage\":\"de\",\"@id\":\"https:\/\/seipuntozero-haircare.it\/de\/product\/take-over-absolute-rich-shine-shampoo-fur-trockenes-und-glanzloses-haar-2\/#primaryimage\",\"url\":\"https:\/\/seipuntozero-haircare.it\/wp-content\/uploads\/2018\/03\/263318_sei_punto_zero_take_over_absolute_rich_shine_shampoo_300ml.png\",\"contentUrl\":\"https:\/\/seipuntozero-haircare.it\/wp-content\/uploads\/2018\/03\/263318_sei_punto_zero_take_over_absolute_rich_shine_shampoo_300ml.png\",\"width\":600,\"height\":600},{\"@type\":\"BreadcrumbList\",\"@id\":\"https:\/\/seipuntozero-haircare.it\/de\/product\/take-over-absolute-rich-shine-shampoo-fur-trockenes-und-glanzloses-haar-2\/#breadcrumb\",\"itemListElement\":[{\"@type\":\"ListItem\",\"position\":1,\"name\":\"Home\",\"item\":\"https:\/\/seipuntozero-haircare.it\/de\/\"},{\"@type\":\"ListItem\",\"position\":2,\"name\":\"Products\",\"item\":\"https:\/\/seipuntozero-haircare.it\/de\/shop\/\"},{\"@type\":\"ListItem\",\"position\":3,\"name\":\"TAKE OVER \u2013 ABSOLUTE RICH &#038; SHINE Shampoo f\u00fcr trockenes und glanzloses Haar\"}]},{\"@type\":\"WebSite\",\"@id\":\"https:\/\/seipuntozero-haircare.it\/de\/#website\",\"url\":\"https:\/\/seipuntozero-haircare.it\/de\/\",\"name\":\"6.Zero\",\"description\":\"Essential Touch\",\"potentialAction\":[{\"@type\":\"SearchAction\",\"target\":{\"@type\":\"EntryPoint\",\"urlTemplate\":\"https:\/\/seipuntozero-haircare.it\/de\/?s={search_term_string}\"},\"query-input\":{\"@type\":\"PropertyValueSpecification\",\"valueRequired\":true,\"valueName\":\"search_term_string\"}}],\"inLanguage\":\"de\"}]}<\/script>\n<!-- \/ Yoast SEO plugin. -->","yoast_head_json":{"title":"TAKE OVER \u2013 ABSOLUTE RICH & SHINE  Shampoo f\u00fcr trockenes und glanzloses Haar - 6.Zero","description":"Take Over Absolute Rich & Shine, das Shampoo f\u00fcr trockenes und mattes Haar, ist reich an wertvollen Substanzen, die lebloses und gesch\u00e4digtes Haar wiederbeleben.","robots":{"index":"index","follow":"follow","max-snippet":"max-snippet:-1","max-image-preview":"max-image-preview:large","max-video-preview":"max-video-preview:-1"},"canonical":"https:\/\/seipuntozero-haircare.it\/de\/product\/take-over-absolute-rich-shine-shampoo-fur-trockenes-und-glanzloses-haar-2\/","og_locale":"de_DE","og_type":"article","og_title":"TAKE OVER \u2013 ABSOLUTE RICH & SHINE  Shampoo f\u00fcr trockenes und glanzloses Haar - 6.Zero","og_description":"Take Over Absolute Rich & Shine, das Shampoo f\u00fcr trockenes und mattes Haar, ist reich an wertvollen Substanzen, die lebloses und gesch\u00e4digtes Haar wiederbeleben.","og_url":"https:\/\/seipuntozero-haircare.it\/de\/product\/take-over-absolute-rich-shine-shampoo-fur-trockenes-und-glanzloses-haar-2\/","og_site_name":"6.Zero","article_modified_time":"2021-09-29T07:35:41+00:00","og_image":[{"width":600,"height":600,"url":"https:\/\/seipuntozero-haircare.it\/wp-content\/uploads\/2018\/03\/263318_sei_punto_zero_take_over_absolute_rich_shine_shampoo_300ml.png","type":"image\/png"}],"twitter_card":"summary_large_image","twitter_misc":{"Gesch\u00e4tzte Lesezeit":"1\u00a0Minute"},"schema":{"@context":"https:\/\/schema.org","@graph":[{"@type":"WebPage","@id":"https:\/\/seipuntozero-haircare.it\/de\/product\/take-over-absolute-rich-shine-shampoo-fur-trockenes-und-glanzloses-haar-2\/","url":"https:\/\/seipuntozero-haircare.it\/de\/product\/take-over-absolute-rich-shine-shampoo-fur-trockenes-und-glanzloses-haar-2\/","name":"TAKE OVER \u2013 ABSOLUTE RICH & SHINE Shampoo f\u00fcr trockenes und glanzloses Haar - 6.Zero","isPartOf":{"@id":"https:\/\/seipuntozero-haircare.it\/de\/#website"},"primaryImageOfPage":{"@id":"https:\/\/seipuntozero-haircare.it\/de\/product\/take-over-absolute-rich-shine-shampoo-fur-trockenes-und-glanzloses-haar-2\/#primaryimage"},"image":{"@id":"https:\/\/seipuntozero-haircare.it\/de\/product\/take-over-absolute-rich-shine-shampoo-fur-trockenes-und-glanzloses-haar-2\/#primaryimage"},"thumbnailUrl":"https:\/\/seipuntozero-haircare.it\/wp-content\/uploads\/2018\/03\/263318_sei_punto_zero_take_over_absolute_rich_shine_shampoo_300ml.png","datePublished":"2017-03-15T15:23:43+00:00","dateModified":"2021-09-29T07:35:41+00:00","description":"Take Over Absolute Rich & Shine, das Shampoo f\u00fcr trockenes und mattes Haar, ist reich an wertvollen Substanzen, die lebloses und gesch\u00e4digtes Haar wiederbeleben.","breadcrumb":{"@id":"https:\/\/seipuntozero-haircare.it\/de\/product\/take-over-absolute-rich-shine-shampoo-fur-trockenes-und-glanzloses-haar-2\/#breadcrumb"},"inLanguage":"de","potentialAction":[{"@type":"ReadAction","target":["https:\/\/seipuntozero-haircare.it\/de\/product\/take-over-absolute-rich-shine-shampoo-fur-trockenes-und-glanzloses-haar-2\/"]}]},{"@type":"ImageObject","inLanguage":"de","@id":"https:\/\/seipuntozero-haircare.it\/de\/product\/take-over-absolute-rich-shine-shampoo-fur-trockenes-und-glanzloses-haar-2\/#primaryimage","url":"https:\/\/seipuntozero-haircare.it\/wp-content\/uploads\/2018\/03\/263318_sei_punto_zero_take_over_absolute_rich_shine_shampoo_300ml.png","contentUrl":"https:\/\/seipuntozero-haircare.it\/wp-content\/uploads\/2018\/03\/263318_sei_punto_zero_take_over_absolute_rich_shine_shampoo_300ml.png","width":600,"height":600},{"@type":"BreadcrumbList","@id":"https:\/\/seipuntozero-haircare.it\/de\/product\/take-over-absolute-rich-shine-shampoo-fur-trockenes-und-glanzloses-haar-2\/#breadcrumb","itemListElement":[{"@type":"ListItem","position":1,"name":"Home","item":"https:\/\/seipuntozero-haircare.it\/de\/"},{"@type":"ListItem","position":2,"name":"Products","item":"https:\/\/seipuntozero-haircare.it\/de\/shop\/"},{"@type":"ListItem","position":3,"name":"TAKE OVER \u2013 ABSOLUTE RICH &#038; SHINE Shampoo f\u00fcr trockenes und glanzloses Haar"}]},{"@type":"WebSite","@id":"https:\/\/seipuntozero-haircare.it\/de\/#website","url":"https:\/\/seipuntozero-haircare.it\/de\/","name":"6.Zero","description":"Essential Touch","potentialAction":[{"@type":"SearchAction","target":{"@type":"EntryPoint","urlTemplate":"https:\/\/seipuntozero-haircare.it\/de\/?s={search_term_string}"},"query-input":{"@type":"PropertyValueSpecification","valueRequired":true,"valueName":"search_term_string"}}],"inLanguage":"de"}]}},"_links":{"self":[{"href":"https:\/\/seipuntozero-haircare.it\/de\/wp-json\/wp\/v2\/product\/16063","targetHints":{"allow":["GET"]}}],"collection":[{"href":"https:\/\/seipuntozero-haircare.it\/de\/wp-json\/wp\/v2\/product"}],"about":[{"href":"https:\/\/seipuntozero-haircare.it\/de\/wp-json\/wp\/v2\/types\/product"}],"wp:featuredmedia":[{"embeddable":true,"href":"https:\/\/seipuntozero-haircare.it\/de\/wp-json\/wp\/v2\/media\/19760"}],"wp:attachment":[{"href":"https:\/\/seipuntozero-haircare.it\/de\/wp-json\/wp\/v2\/media?parent=16063"}],"wp:term":[{"taxonomy":"product_brand","embeddable":true,"href":"https:\/\/seipuntozero-haircare.it\/de\/wp-json\/wp\/v2\/product_brand?post=16063"},{"taxonomy":"product_cat","embeddable":true,"href":"https:\/\/seipuntozero-haircare.it\/de\/wp-json\/wp\/v2\/product_cat?post=16063"},{"taxonomy":"product_tag","embeddable":true,"href":"https:\/\/seipuntozero-haircare.it\/de\/wp-json\/wp\/v2\/product_tag?post=16063"}],"curies":[{"name":"wp","href":"https:\/\/api.w.org\/{rel}","templated":true}]}}