{"id":16053,"date":"2019-10-21T10:42:22","date_gmt":"2019-10-21T08:42:22","guid":{"rendered":"https:\/\/seipuntozero-haircare.it\/prodotto\/hairzoe-restrukturierende-basis-creme\/"},"modified":"2021-06-18T11:24:23","modified_gmt":"2021-06-18T09:24:23","slug":"hairzoe-restrukturierende-basis-creme","status":"publish","type":"product","link":"https:\/\/seipuntozero-haircare.it\/de\/product\/hairzoe-restrukturierende-basis-creme\/","title":{"rendered":"HAIRZOE <br> Restrukturierende Basis-Creme"},"content":{"rendered":"<ul>\n<li>Pflegt und regeneriert die Haarfaser<\/li>\n<li>Verbessert die Haarstruktur<\/li>\n<li>Ideal f\u00fcr trockenes, spr\u00f6des, gesch\u00e4digtes und behandeltes Haar<\/li>\n<li>Komplement\u00e4re Formel zum Serum in Ampullen, um es intensiv zu pflegen und zu regenerieren<\/li>\n<li>Gepr\u00fcfte Wirksamkeit*<\/li>\n<\/ul>\n<p>&nbsp;<\/p>\n<p>*An italienischen Universit\u00e4tsinstituten durchgef\u00fchrte In-vivo-Tests belegen die Wirksamkeit der Behandlung: Das Haar wirkt sichtbar voller und gl\u00e4nzender und wurde grundlegend restrukturiert.<\/p>\n","protected":false},"excerpt":{"rendered":"<p>Die <strong>restrukturierende Creme<\/strong> und das<strong> Booster-Serum in Ampullen<\/strong> sind das Herzst\u00fcck <strong>der Hairzoe Behandlung<\/strong>. Zusammen ergeben sie dank der Komplementarit\u00e4t ihrer Formulierung die unglaubliche Regenerationskraft des Rituals f\u00fcr trockenes, gesch\u00e4digtes und spr\u00f6des Haar.<\/p>\n<p>Die <strong>Hairzoe-Basis-Creme<\/strong> n\u00e4hrt das Haar intensiv, verbessert seine Struktur und st\u00e4rkt die Haarfaser durch die Konzentration der Wirkstoffe in ihrer Formulierung: <strong>Hyalurons\u00e4ure<\/strong> spendet intensiv Feuchtigkeit und macht das Haar st\u00e4rker und voller, w\u00e4hrend die <strong>Traubenstammzellen <\/strong>der Wirkung von freien Radikalen entgegenwirken und das durch chemische Behandlungen und Umweltstress gesch\u00e4digte Haar revitalisieren.<\/p>\n<p>Inhalt 500 ml<\/p>\n","protected":false},"featured_media":18169,"template":"","meta":[],"product_brand":[],"product_cat":[924],"product_tag":[],"class_list":["post-16053","product","type-product","status-publish","has-post-thumbnail","hentry","product_cat-hairzoe-de"],"yoast_head":"<!-- This site is optimized with the Yoast SEO plugin v27.1.1 - https:\/\/yoast.com\/product\/yoast-seo-wordpress\/ -->\n<title>HAIRZOE | Restrukturierende Basis-Creme<\/title>\n<meta name=\"description\" content=\"Die restrukturierende Creme und das Booster-Serum in Ampullen sind das Herzst\u00fcck der Hairzoe Behandlung.\" \/>\n<meta name=\"robots\" content=\"index, follow, max-snippet:-1, max-image-preview:large, max-video-preview:-1\" \/>\n<link rel=\"canonical\" href=\"https:\/\/seipuntozero-haircare.it\/de\/product\/hairzoe-restrukturierende-basis-creme\/\" \/>\n<meta property=\"og:locale\" content=\"de_DE\" \/>\n<meta property=\"og:type\" content=\"article\" \/>\n<meta property=\"og:title\" content=\"HAIRZOE | Restrukturierende Basis-Creme\" \/>\n<meta property=\"og:description\" content=\"Die restrukturierende Creme und das Booster-Serum in Ampullen sind das Herzst\u00fcck der Hairzoe Behandlung.\" \/>\n<meta property=\"og:url\" content=\"https:\/\/seipuntozero-haircare.it\/de\/product\/hairzoe-restrukturierende-basis-creme\/\" \/>\n<meta property=\"og:site_name\" content=\"6.Zero\" \/>\n<meta property=\"article:modified_time\" content=\"2021-06-18T09:24:23+00:00\" \/>\n<meta property=\"og:image\" content=\"https:\/\/seipuntozero-haircare.it\/wp-content\/uploads\/2020\/01\/263158_sei_punto_zero_hairzoe_restructuring_base_cream_500ml.png\" \/>\n\t<meta property=\"og:image:width\" content=\"600\" \/>\n\t<meta property=\"og:image:height\" content=\"600\" \/>\n\t<meta property=\"og:image:type\" content=\"image\/png\" \/>\n<meta name=\"twitter:card\" content=\"summary_large_image\" \/>\n<meta name=\"twitter:label1\" content=\"Gesch\u00e4tzte Lesezeit\" \/>\n\t<meta name=\"twitter:data1\" content=\"1\u00a0Minute\" \/>\n<script type=\"application\/ld+json\" class=\"yoast-schema-graph\">{\"@context\":\"https:\/\/schema.org\",\"@graph\":[{\"@type\":\"WebPage\",\"@id\":\"https:\/\/seipuntozero-haircare.it\/de\/product\/hairzoe-restrukturierende-basis-creme\/\",\"url\":\"https:\/\/seipuntozero-haircare.it\/de\/product\/hairzoe-restrukturierende-basis-creme\/\",\"name\":\"HAIRZOE | Restrukturierende Basis-Creme\",\"isPartOf\":{\"@id\":\"https:\/\/seipuntozero-haircare.it\/de\/#website\"},\"primaryImageOfPage\":{\"@id\":\"https:\/\/seipuntozero-haircare.it\/de\/product\/hairzoe-restrukturierende-basis-creme\/#primaryimage\"},\"image\":{\"@id\":\"https:\/\/seipuntozero-haircare.it\/de\/product\/hairzoe-restrukturierende-basis-creme\/#primaryimage\"},\"thumbnailUrl\":\"https:\/\/seipuntozero-haircare.it\/wp-content\/uploads\/2020\/01\/263158_sei_punto_zero_hairzoe_restructuring_base_cream_500ml.png\",\"datePublished\":\"2019-10-21T08:42:22+00:00\",\"dateModified\":\"2021-06-18T09:24:23+00:00\",\"description\":\"Die restrukturierende Creme und das Booster-Serum in Ampullen sind das Herzst\u00fcck der Hairzoe Behandlung.\",\"breadcrumb\":{\"@id\":\"https:\/\/seipuntozero-haircare.it\/de\/product\/hairzoe-restrukturierende-basis-creme\/#breadcrumb\"},\"inLanguage\":\"de\",\"potentialAction\":[{\"@type\":\"ReadAction\",\"target\":[\"https:\/\/seipuntozero-haircare.it\/de\/product\/hairzoe-restrukturierende-basis-creme\/\"]}]},{\"@type\":\"ImageObject\",\"inLanguage\":\"de\",\"@id\":\"https:\/\/seipuntozero-haircare.it\/de\/product\/hairzoe-restrukturierende-basis-creme\/#primaryimage\",\"url\":\"https:\/\/seipuntozero-haircare.it\/wp-content\/uploads\/2020\/01\/263158_sei_punto_zero_hairzoe_restructuring_base_cream_500ml.png\",\"contentUrl\":\"https:\/\/seipuntozero-haircare.it\/wp-content\/uploads\/2020\/01\/263158_sei_punto_zero_hairzoe_restructuring_base_cream_500ml.png\",\"width\":600,\"height\":600,\"caption\":\"Crema base ristrutturante\"},{\"@type\":\"BreadcrumbList\",\"@id\":\"https:\/\/seipuntozero-haircare.it\/de\/product\/hairzoe-restrukturierende-basis-creme\/#breadcrumb\",\"itemListElement\":[{\"@type\":\"ListItem\",\"position\":1,\"name\":\"Home\",\"item\":\"https:\/\/seipuntozero-haircare.it\/de\/\"},{\"@type\":\"ListItem\",\"position\":2,\"name\":\"Products\",\"item\":\"https:\/\/seipuntozero-haircare.it\/de\/shop\/\"},{\"@type\":\"ListItem\",\"position\":3,\"name\":\"HAIRZOE Restrukturierende Basis-Creme\"}]},{\"@type\":\"WebSite\",\"@id\":\"https:\/\/seipuntozero-haircare.it\/de\/#website\",\"url\":\"https:\/\/seipuntozero-haircare.it\/de\/\",\"name\":\"6.Zero\",\"description\":\"Essential Touch\",\"potentialAction\":[{\"@type\":\"SearchAction\",\"target\":{\"@type\":\"EntryPoint\",\"urlTemplate\":\"https:\/\/seipuntozero-haircare.it\/de\/?s={search_term_string}\"},\"query-input\":{\"@type\":\"PropertyValueSpecification\",\"valueRequired\":true,\"valueName\":\"search_term_string\"}}],\"inLanguage\":\"de\"}]}<\/script>\n<!-- \/ Yoast SEO plugin. -->","yoast_head_json":{"title":"HAIRZOE | Restrukturierende Basis-Creme","description":"Die restrukturierende Creme und das Booster-Serum in Ampullen sind das Herzst\u00fcck der Hairzoe Behandlung.","robots":{"index":"index","follow":"follow","max-snippet":"max-snippet:-1","max-image-preview":"max-image-preview:large","max-video-preview":"max-video-preview:-1"},"canonical":"https:\/\/seipuntozero-haircare.it\/de\/product\/hairzoe-restrukturierende-basis-creme\/","og_locale":"de_DE","og_type":"article","og_title":"HAIRZOE | Restrukturierende Basis-Creme","og_description":"Die restrukturierende Creme und das Booster-Serum in Ampullen sind das Herzst\u00fcck der Hairzoe Behandlung.","og_url":"https:\/\/seipuntozero-haircare.it\/de\/product\/hairzoe-restrukturierende-basis-creme\/","og_site_name":"6.Zero","article_modified_time":"2021-06-18T09:24:23+00:00","og_image":[{"width":600,"height":600,"url":"https:\/\/seipuntozero-haircare.it\/wp-content\/uploads\/2020\/01\/263158_sei_punto_zero_hairzoe_restructuring_base_cream_500ml.png","type":"image\/png"}],"twitter_card":"summary_large_image","twitter_misc":{"Gesch\u00e4tzte Lesezeit":"1\u00a0Minute"},"schema":{"@context":"https:\/\/schema.org","@graph":[{"@type":"WebPage","@id":"https:\/\/seipuntozero-haircare.it\/de\/product\/hairzoe-restrukturierende-basis-creme\/","url":"https:\/\/seipuntozero-haircare.it\/de\/product\/hairzoe-restrukturierende-basis-creme\/","name":"HAIRZOE | Restrukturierende Basis-Creme","isPartOf":{"@id":"https:\/\/seipuntozero-haircare.it\/de\/#website"},"primaryImageOfPage":{"@id":"https:\/\/seipuntozero-haircare.it\/de\/product\/hairzoe-restrukturierende-basis-creme\/#primaryimage"},"image":{"@id":"https:\/\/seipuntozero-haircare.it\/de\/product\/hairzoe-restrukturierende-basis-creme\/#primaryimage"},"thumbnailUrl":"https:\/\/seipuntozero-haircare.it\/wp-content\/uploads\/2020\/01\/263158_sei_punto_zero_hairzoe_restructuring_base_cream_500ml.png","datePublished":"2019-10-21T08:42:22+00:00","dateModified":"2021-06-18T09:24:23+00:00","description":"Die restrukturierende Creme und das Booster-Serum in Ampullen sind das Herzst\u00fcck der Hairzoe Behandlung.","breadcrumb":{"@id":"https:\/\/seipuntozero-haircare.it\/de\/product\/hairzoe-restrukturierende-basis-creme\/#breadcrumb"},"inLanguage":"de","potentialAction":[{"@type":"ReadAction","target":["https:\/\/seipuntozero-haircare.it\/de\/product\/hairzoe-restrukturierende-basis-creme\/"]}]},{"@type":"ImageObject","inLanguage":"de","@id":"https:\/\/seipuntozero-haircare.it\/de\/product\/hairzoe-restrukturierende-basis-creme\/#primaryimage","url":"https:\/\/seipuntozero-haircare.it\/wp-content\/uploads\/2020\/01\/263158_sei_punto_zero_hairzoe_restructuring_base_cream_500ml.png","contentUrl":"https:\/\/seipuntozero-haircare.it\/wp-content\/uploads\/2020\/01\/263158_sei_punto_zero_hairzoe_restructuring_base_cream_500ml.png","width":600,"height":600,"caption":"Crema base ristrutturante"},{"@type":"BreadcrumbList","@id":"https:\/\/seipuntozero-haircare.it\/de\/product\/hairzoe-restrukturierende-basis-creme\/#breadcrumb","itemListElement":[{"@type":"ListItem","position":1,"name":"Home","item":"https:\/\/seipuntozero-haircare.it\/de\/"},{"@type":"ListItem","position":2,"name":"Products","item":"https:\/\/seipuntozero-haircare.it\/de\/shop\/"},{"@type":"ListItem","position":3,"name":"HAIRZOE Restrukturierende Basis-Creme"}]},{"@type":"WebSite","@id":"https:\/\/seipuntozero-haircare.it\/de\/#website","url":"https:\/\/seipuntozero-haircare.it\/de\/","name":"6.Zero","description":"Essential Touch","potentialAction":[{"@type":"SearchAction","target":{"@type":"EntryPoint","urlTemplate":"https:\/\/seipuntozero-haircare.it\/de\/?s={search_term_string}"},"query-input":{"@type":"PropertyValueSpecification","valueRequired":true,"valueName":"search_term_string"}}],"inLanguage":"de"}]}},"_links":{"self":[{"href":"https:\/\/seipuntozero-haircare.it\/de\/wp-json\/wp\/v2\/product\/16053","targetHints":{"allow":["GET"]}}],"collection":[{"href":"https:\/\/seipuntozero-haircare.it\/de\/wp-json\/wp\/v2\/product"}],"about":[{"href":"https:\/\/seipuntozero-haircare.it\/de\/wp-json\/wp\/v2\/types\/product"}],"wp:featuredmedia":[{"embeddable":true,"href":"https:\/\/seipuntozero-haircare.it\/de\/wp-json\/wp\/v2\/media\/18169"}],"wp:attachment":[{"href":"https:\/\/seipuntozero-haircare.it\/de\/wp-json\/wp\/v2\/media?parent=16053"}],"wp:term":[{"taxonomy":"product_brand","embeddable":true,"href":"https:\/\/seipuntozero-haircare.it\/de\/wp-json\/wp\/v2\/product_brand?post=16053"},{"taxonomy":"product_cat","embeddable":true,"href":"https:\/\/seipuntozero-haircare.it\/de\/wp-json\/wp\/v2\/product_cat?post=16053"},{"taxonomy":"product_tag","embeddable":true,"href":"https:\/\/seipuntozero-haircare.it\/de\/wp-json\/wp\/v2\/product_tag?post=16053"}],"curies":[{"name":"wp","href":"https:\/\/api.w.org\/{rel}","templated":true}]}}