{"id":16050,"date":"2019-10-21T10:46:54","date_gmt":"2019-10-21T08:46:54","guid":{"rendered":"https:\/\/seipuntozero-haircare.it\/prodotto\/hairzoe-restrukturierender-serum-booster-in-ampullen\/"},"modified":"2021-06-18T11:23:04","modified_gmt":"2021-06-18T09:23:04","slug":"hairzoe-restrukturierender-serum-booster-in-ampullen","status":"publish","type":"product","link":"https:\/\/seipuntozero-haircare.it\/de\/product\/hairzoe-restrukturierender-serum-booster-in-ampullen\/","title":{"rendered":"HAIRZOE <br> Restrukturierender Serum-Booster in Ampullen"},"content":{"rendered":"<ul>\n<li>Intensiv wirkende Behandlung<\/li>\n<li>Pflegt das Haar und macht es geschmeidig<\/li>\n<li>Ideal f\u00fcr trockenes, spr\u00f6des, gesch\u00e4digtes und behandeltes Haar<\/li>\n<li>Erg\u00e4nzende Formel zur Basis-Creme, um das Haar zu pflegen und umfassend zu regenerieren<\/li>\n<li>Gepr\u00fcfte Wirksamkeit*<\/li>\n<\/ul>\n<p>&nbsp;<\/p>\n<p>*An italienischen Universit\u00e4tsinstituten durchgef\u00fchrte In-vivo-Tests belegen die Wirksamkeit der Behandlung: Das Haar wirkt sichtbar voller und gl\u00e4nzender und wurde grundlegend restrukturiert.<\/p>\n","protected":false},"excerpt":{"rendered":"<p>Das<strong> restrukturierende Hairzoe-<\/strong>Serum ist eine intensive Behandlung <strong>mit belebender und pflegender Wirkung<\/strong>. Hochwirksame Booster-Formel, die mit der Basis-Creme gemischt wird, um dem Haar Struktur, Geschmeidigkeit und Textur zu verleihen.<\/p>\n<p>Das Serum enth\u00e4lt eine Konzentration von Wirkstoffen mit hoher Regenerationskraft: <strong>Hyalurons\u00e4ure<\/strong>, die einen auff\u00fcllenden Filler-Effekt hat, hilft das Haar nachhaltig mit Feuchtigkeit zu versorgen, w\u00e4hrend die <strong>Traubenstammzellen<\/strong> das Haar sch\u00fctzen, eine Anti-Aging-Wirkung entfalten und freie Radikale bek\u00e4mpfen.<\/p>\n<p>Inhalt 12 Ampullen \u00e0 10 ml<\/p>\n","protected":false},"featured_media":18175,"template":"","meta":[],"product_brand":[],"product_cat":[924],"product_tag":[],"class_list":["post-16050","product","type-product","status-publish","has-post-thumbnail","hentry","product_cat-hairzoe-de"],"yoast_head":"<!-- This site is optimized with the Yoast SEO plugin v27.1.1 - https:\/\/yoast.com\/product\/yoast-seo-wordpress\/ -->\n<title>HAIRZOE | Restrukturierender Serum-Booster in Ampullen<\/title>\n<meta name=\"description\" content=\"Die restrukturierende Creme und das Booster-Serum in Ampullen sind das Herzst\u00fcck der Hairzoe Behandlung.\" \/>\n<meta name=\"robots\" content=\"index, follow, max-snippet:-1, max-image-preview:large, max-video-preview:-1\" \/>\n<link rel=\"canonical\" href=\"https:\/\/seipuntozero-haircare.it\/de\/product\/hairzoe-restrukturierender-serum-booster-in-ampullen\/\" \/>\n<meta property=\"og:locale\" content=\"de_DE\" \/>\n<meta property=\"og:type\" content=\"article\" \/>\n<meta property=\"og:title\" content=\"HAIRZOE | Restrukturierender Serum-Booster in Ampullen\" \/>\n<meta property=\"og:description\" content=\"Die restrukturierende Creme und das Booster-Serum in Ampullen sind das Herzst\u00fcck der Hairzoe Behandlung.\" \/>\n<meta property=\"og:url\" content=\"https:\/\/seipuntozero-haircare.it\/de\/product\/hairzoe-restrukturierender-serum-booster-in-ampullen\/\" \/>\n<meta property=\"og:site_name\" content=\"6.Zero\" \/>\n<meta property=\"article:modified_time\" content=\"2021-06-18T09:23:04+00:00\" \/>\n<meta property=\"og:image\" content=\"https:\/\/seipuntozero-haircare.it\/wp-content\/uploads\/2020\/01\/263165_sei_punto_zero_hairzoe_restructuring_booster_serum_10ml.png\" \/>\n\t<meta property=\"og:image:width\" content=\"600\" \/>\n\t<meta property=\"og:image:height\" content=\"600\" \/>\n\t<meta property=\"og:image:type\" content=\"image\/png\" \/>\n<meta name=\"twitter:card\" content=\"summary_large_image\" \/>\n<meta name=\"twitter:label1\" content=\"Gesch\u00e4tzte Lesezeit\" \/>\n\t<meta name=\"twitter:data1\" content=\"1\u00a0Minute\" \/>\n<script type=\"application\/ld+json\" class=\"yoast-schema-graph\">{\"@context\":\"https:\/\/schema.org\",\"@graph\":[{\"@type\":\"WebPage\",\"@id\":\"https:\/\/seipuntozero-haircare.it\/de\/product\/hairzoe-restrukturierender-serum-booster-in-ampullen\/\",\"url\":\"https:\/\/seipuntozero-haircare.it\/de\/product\/hairzoe-restrukturierender-serum-booster-in-ampullen\/\",\"name\":\"HAIRZOE | Restrukturierender Serum-Booster in Ampullen\",\"isPartOf\":{\"@id\":\"https:\/\/seipuntozero-haircare.it\/de\/#website\"},\"primaryImageOfPage\":{\"@id\":\"https:\/\/seipuntozero-haircare.it\/de\/product\/hairzoe-restrukturierender-serum-booster-in-ampullen\/#primaryimage\"},\"image\":{\"@id\":\"https:\/\/seipuntozero-haircare.it\/de\/product\/hairzoe-restrukturierender-serum-booster-in-ampullen\/#primaryimage\"},\"thumbnailUrl\":\"https:\/\/seipuntozero-haircare.it\/wp-content\/uploads\/2020\/01\/263165_sei_punto_zero_hairzoe_restructuring_booster_serum_10ml.png\",\"datePublished\":\"2019-10-21T08:46:54+00:00\",\"dateModified\":\"2021-06-18T09:23:04+00:00\",\"description\":\"Die restrukturierende Creme und das Booster-Serum in Ampullen sind das Herzst\u00fcck der Hairzoe Behandlung.\",\"breadcrumb\":{\"@id\":\"https:\/\/seipuntozero-haircare.it\/de\/product\/hairzoe-restrukturierender-serum-booster-in-ampullen\/#breadcrumb\"},\"inLanguage\":\"de\",\"potentialAction\":[{\"@type\":\"ReadAction\",\"target\":[\"https:\/\/seipuntozero-haircare.it\/de\/product\/hairzoe-restrukturierender-serum-booster-in-ampullen\/\"]}]},{\"@type\":\"ImageObject\",\"inLanguage\":\"de\",\"@id\":\"https:\/\/seipuntozero-haircare.it\/de\/product\/hairzoe-restrukturierender-serum-booster-in-ampullen\/#primaryimage\",\"url\":\"https:\/\/seipuntozero-haircare.it\/wp-content\/uploads\/2020\/01\/263165_sei_punto_zero_hairzoe_restructuring_booster_serum_10ml.png\",\"contentUrl\":\"https:\/\/seipuntozero-haircare.it\/wp-content\/uploads\/2020\/01\/263165_sei_punto_zero_hairzoe_restructuring_booster_serum_10ml.png\",\"width\":600,\"height\":600,\"caption\":\"Siero booster ristrutturante in fiale\"},{\"@type\":\"BreadcrumbList\",\"@id\":\"https:\/\/seipuntozero-haircare.it\/de\/product\/hairzoe-restrukturierender-serum-booster-in-ampullen\/#breadcrumb\",\"itemListElement\":[{\"@type\":\"ListItem\",\"position\":1,\"name\":\"Home\",\"item\":\"https:\/\/seipuntozero-haircare.it\/de\/\"},{\"@type\":\"ListItem\",\"position\":2,\"name\":\"Products\",\"item\":\"https:\/\/seipuntozero-haircare.it\/de\/shop\/\"},{\"@type\":\"ListItem\",\"position\":3,\"name\":\"HAIRZOE Restrukturierender Serum-Booster in Ampullen\"}]},{\"@type\":\"WebSite\",\"@id\":\"https:\/\/seipuntozero-haircare.it\/de\/#website\",\"url\":\"https:\/\/seipuntozero-haircare.it\/de\/\",\"name\":\"6.Zero\",\"description\":\"Essential Touch\",\"potentialAction\":[{\"@type\":\"SearchAction\",\"target\":{\"@type\":\"EntryPoint\",\"urlTemplate\":\"https:\/\/seipuntozero-haircare.it\/de\/?s={search_term_string}\"},\"query-input\":{\"@type\":\"PropertyValueSpecification\",\"valueRequired\":true,\"valueName\":\"search_term_string\"}}],\"inLanguage\":\"de\"}]}<\/script>\n<!-- \/ Yoast SEO plugin. -->","yoast_head_json":{"title":"HAIRZOE | Restrukturierender Serum-Booster in Ampullen","description":"Die restrukturierende Creme und das Booster-Serum in Ampullen sind das Herzst\u00fcck der Hairzoe Behandlung.","robots":{"index":"index","follow":"follow","max-snippet":"max-snippet:-1","max-image-preview":"max-image-preview:large","max-video-preview":"max-video-preview:-1"},"canonical":"https:\/\/seipuntozero-haircare.it\/de\/product\/hairzoe-restrukturierender-serum-booster-in-ampullen\/","og_locale":"de_DE","og_type":"article","og_title":"HAIRZOE | Restrukturierender Serum-Booster in Ampullen","og_description":"Die restrukturierende Creme und das Booster-Serum in Ampullen sind das Herzst\u00fcck der Hairzoe Behandlung.","og_url":"https:\/\/seipuntozero-haircare.it\/de\/product\/hairzoe-restrukturierender-serum-booster-in-ampullen\/","og_site_name":"6.Zero","article_modified_time":"2021-06-18T09:23:04+00:00","og_image":[{"width":600,"height":600,"url":"https:\/\/seipuntozero-haircare.it\/wp-content\/uploads\/2020\/01\/263165_sei_punto_zero_hairzoe_restructuring_booster_serum_10ml.png","type":"image\/png"}],"twitter_card":"summary_large_image","twitter_misc":{"Gesch\u00e4tzte Lesezeit":"1\u00a0Minute"},"schema":{"@context":"https:\/\/schema.org","@graph":[{"@type":"WebPage","@id":"https:\/\/seipuntozero-haircare.it\/de\/product\/hairzoe-restrukturierender-serum-booster-in-ampullen\/","url":"https:\/\/seipuntozero-haircare.it\/de\/product\/hairzoe-restrukturierender-serum-booster-in-ampullen\/","name":"HAIRZOE | Restrukturierender Serum-Booster in Ampullen","isPartOf":{"@id":"https:\/\/seipuntozero-haircare.it\/de\/#website"},"primaryImageOfPage":{"@id":"https:\/\/seipuntozero-haircare.it\/de\/product\/hairzoe-restrukturierender-serum-booster-in-ampullen\/#primaryimage"},"image":{"@id":"https:\/\/seipuntozero-haircare.it\/de\/product\/hairzoe-restrukturierender-serum-booster-in-ampullen\/#primaryimage"},"thumbnailUrl":"https:\/\/seipuntozero-haircare.it\/wp-content\/uploads\/2020\/01\/263165_sei_punto_zero_hairzoe_restructuring_booster_serum_10ml.png","datePublished":"2019-10-21T08:46:54+00:00","dateModified":"2021-06-18T09:23:04+00:00","description":"Die restrukturierende Creme und das Booster-Serum in Ampullen sind das Herzst\u00fcck der Hairzoe Behandlung.","breadcrumb":{"@id":"https:\/\/seipuntozero-haircare.it\/de\/product\/hairzoe-restrukturierender-serum-booster-in-ampullen\/#breadcrumb"},"inLanguage":"de","potentialAction":[{"@type":"ReadAction","target":["https:\/\/seipuntozero-haircare.it\/de\/product\/hairzoe-restrukturierender-serum-booster-in-ampullen\/"]}]},{"@type":"ImageObject","inLanguage":"de","@id":"https:\/\/seipuntozero-haircare.it\/de\/product\/hairzoe-restrukturierender-serum-booster-in-ampullen\/#primaryimage","url":"https:\/\/seipuntozero-haircare.it\/wp-content\/uploads\/2020\/01\/263165_sei_punto_zero_hairzoe_restructuring_booster_serum_10ml.png","contentUrl":"https:\/\/seipuntozero-haircare.it\/wp-content\/uploads\/2020\/01\/263165_sei_punto_zero_hairzoe_restructuring_booster_serum_10ml.png","width":600,"height":600,"caption":"Siero booster ristrutturante in fiale"},{"@type":"BreadcrumbList","@id":"https:\/\/seipuntozero-haircare.it\/de\/product\/hairzoe-restrukturierender-serum-booster-in-ampullen\/#breadcrumb","itemListElement":[{"@type":"ListItem","position":1,"name":"Home","item":"https:\/\/seipuntozero-haircare.it\/de\/"},{"@type":"ListItem","position":2,"name":"Products","item":"https:\/\/seipuntozero-haircare.it\/de\/shop\/"},{"@type":"ListItem","position":3,"name":"HAIRZOE Restrukturierender Serum-Booster in Ampullen"}]},{"@type":"WebSite","@id":"https:\/\/seipuntozero-haircare.it\/de\/#website","url":"https:\/\/seipuntozero-haircare.it\/de\/","name":"6.Zero","description":"Essential Touch","potentialAction":[{"@type":"SearchAction","target":{"@type":"EntryPoint","urlTemplate":"https:\/\/seipuntozero-haircare.it\/de\/?s={search_term_string}"},"query-input":{"@type":"PropertyValueSpecification","valueRequired":true,"valueName":"search_term_string"}}],"inLanguage":"de"}]}},"_links":{"self":[{"href":"https:\/\/seipuntozero-haircare.it\/de\/wp-json\/wp\/v2\/product\/16050","targetHints":{"allow":["GET"]}}],"collection":[{"href":"https:\/\/seipuntozero-haircare.it\/de\/wp-json\/wp\/v2\/product"}],"about":[{"href":"https:\/\/seipuntozero-haircare.it\/de\/wp-json\/wp\/v2\/types\/product"}],"wp:featuredmedia":[{"embeddable":true,"href":"https:\/\/seipuntozero-haircare.it\/de\/wp-json\/wp\/v2\/media\/18175"}],"wp:attachment":[{"href":"https:\/\/seipuntozero-haircare.it\/de\/wp-json\/wp\/v2\/media?parent=16050"}],"wp:term":[{"taxonomy":"product_brand","embeddable":true,"href":"https:\/\/seipuntozero-haircare.it\/de\/wp-json\/wp\/v2\/product_brand?post=16050"},{"taxonomy":"product_cat","embeddable":true,"href":"https:\/\/seipuntozero-haircare.it\/de\/wp-json\/wp\/v2\/product_cat?post=16050"},{"taxonomy":"product_tag","embeddable":true,"href":"https:\/\/seipuntozero-haircare.it\/de\/wp-json\/wp\/v2\/product_tag?post=16050"}],"curies":[{"name":"wp","href":"https:\/\/api.w.org\/{rel}","templated":true}]}}