{"id":16048,"date":"2019-10-21T11:24:56","date_gmt":"2019-10-21T09:24:56","guid":{"rendered":"https:\/\/seipuntozero-haircare.it\/prodotto\/hairzoe-restrukturierendes-spray-fluid\/"},"modified":"2022-03-16T15:58:05","modified_gmt":"2022-03-16T14:58:05","slug":"hairzoe-restrukturierendes-spray-fluid","status":"publish","type":"product","link":"https:\/\/seipuntozero-haircare.it\/de\/product\/hairzoe-restrukturierendes-spray-fluid\/","title":{"rendered":"HAIRZOE <br> Restrukturierendes Spray-Fluid"},"content":{"rendered":"<ul>\n<li>Versiegelt die Haarfollikel und l\u00e4sst das Haar gl\u00e4nzen<\/li>\n<li>Bereitet das Haar auf das B\u00fcrsten vor<\/li>\n<li>Vollendet das Ritual f\u00fcr trockenes, spr\u00f6des, gesch\u00e4digtes und behandeltes Haar.<\/li>\n<li>Gepr\u00fcfte Wirksamkeit*<\/li>\n<\/ul>\n","protected":false},"excerpt":{"rendered":"<p>Das<strong> Hairzoe-Spray-Fluid<\/strong> mit seiner regenerierenden und belebenden Wirkung ist der letzte Schritt der Behandlung im Salon. Es versch\u00f6nert das Haar und unterstreicht den <strong>Glanz und die St\u00e4rke des Haares<\/strong>.<\/p>\n<p>Seine Formulierung eignet sich ideal, um die L\u00e4ngen zu ummanteln, die Haarschuppen zu versiegeln und das Haar auf das B\u00fcrsten vorzubereiten. Die Konzentration von <strong>Hyalurons\u00e4ure<\/strong> und <strong>Traubenstammzellen<\/strong> verst\u00e4rkt die restrukturierenden und sch\u00fctzenden Eigenschaften der Behandlung f\u00fcr trockenes, spr\u00f6des und gesch\u00e4digtes Haar.<\/p>\n<p>Inhalt 150 ml<\/p>\n","protected":false},"featured_media":18181,"template":"","meta":[],"product_brand":[],"product_cat":[924],"product_tag":[],"class_list":["post-16048","product","type-product","status-publish","has-post-thumbnail","hentry","product_cat-hairzoe-de"],"yoast_head":"<!-- This site is optimized with the Yoast SEO plugin v27.1.1 - https:\/\/yoast.com\/product\/yoast-seo-wordpress\/ -->\n<title>HAIRZOE | Restrukturierendes Spray-Fluid<\/title>\n<meta name=\"description\" content=\"Das Hairzone-Spray-Fluid mit seiner regenerierenden und belebenden Wirkung ist der letzte Schritt der Behandlung im Salon.\" \/>\n<meta name=\"robots\" content=\"index, follow, max-snippet:-1, max-image-preview:large, max-video-preview:-1\" \/>\n<link rel=\"canonical\" href=\"https:\/\/seipuntozero-haircare.it\/de\/product\/hairzoe-restrukturierendes-spray-fluid\/\" \/>\n<meta property=\"og:locale\" content=\"de_DE\" \/>\n<meta property=\"og:type\" content=\"article\" \/>\n<meta property=\"og:title\" content=\"HAIRZOE | Restrukturierendes Spray-Fluid\" \/>\n<meta property=\"og:description\" content=\"Das Hairzone-Spray-Fluid mit seiner regenerierenden und belebenden Wirkung ist der letzte Schritt der Behandlung im Salon.\" \/>\n<meta property=\"og:url\" content=\"https:\/\/seipuntozero-haircare.it\/de\/product\/hairzoe-restrukturierendes-spray-fluid\/\" \/>\n<meta property=\"og:site_name\" content=\"6.Zero\" \/>\n<meta property=\"article:modified_time\" content=\"2022-03-16T14:58:05+00:00\" \/>\n<meta property=\"og:image\" content=\"https:\/\/seipuntozero-haircare.it\/wp-content\/uploads\/2020\/01\/263172_sei_punto_zero_hairzoe_restructuring_spray_150ml.png\" \/>\n\t<meta property=\"og:image:width\" content=\"600\" \/>\n\t<meta property=\"og:image:height\" content=\"600\" \/>\n\t<meta property=\"og:image:type\" content=\"image\/png\" \/>\n<meta name=\"twitter:card\" content=\"summary_large_image\" \/>\n<meta name=\"twitter:label1\" content=\"Gesch\u00e4tzte Lesezeit\" \/>\n\t<meta name=\"twitter:data1\" content=\"1\u00a0Minute\" \/>\n<script type=\"application\/ld+json\" class=\"yoast-schema-graph\">{\"@context\":\"https:\/\/schema.org\",\"@graph\":[{\"@type\":\"WebPage\",\"@id\":\"https:\/\/seipuntozero-haircare.it\/de\/product\/hairzoe-restrukturierendes-spray-fluid\/\",\"url\":\"https:\/\/seipuntozero-haircare.it\/de\/product\/hairzoe-restrukturierendes-spray-fluid\/\",\"name\":\"HAIRZOE | Restrukturierendes Spray-Fluid\",\"isPartOf\":{\"@id\":\"https:\/\/seipuntozero-haircare.it\/de\/#website\"},\"primaryImageOfPage\":{\"@id\":\"https:\/\/seipuntozero-haircare.it\/de\/product\/hairzoe-restrukturierendes-spray-fluid\/#primaryimage\"},\"image\":{\"@id\":\"https:\/\/seipuntozero-haircare.it\/de\/product\/hairzoe-restrukturierendes-spray-fluid\/#primaryimage\"},\"thumbnailUrl\":\"https:\/\/seipuntozero-haircare.it\/wp-content\/uploads\/2020\/01\/263172_sei_punto_zero_hairzoe_restructuring_spray_150ml.png\",\"datePublished\":\"2019-10-21T09:24:56+00:00\",\"dateModified\":\"2022-03-16T14:58:05+00:00\",\"description\":\"Das Hairzone-Spray-Fluid mit seiner regenerierenden und belebenden Wirkung ist der letzte Schritt der Behandlung im Salon.\",\"breadcrumb\":{\"@id\":\"https:\/\/seipuntozero-haircare.it\/de\/product\/hairzoe-restrukturierendes-spray-fluid\/#breadcrumb\"},\"inLanguage\":\"de\",\"potentialAction\":[{\"@type\":\"ReadAction\",\"target\":[\"https:\/\/seipuntozero-haircare.it\/de\/product\/hairzoe-restrukturierendes-spray-fluid\/\"]}]},{\"@type\":\"ImageObject\",\"inLanguage\":\"de\",\"@id\":\"https:\/\/seipuntozero-haircare.it\/de\/product\/hairzoe-restrukturierendes-spray-fluid\/#primaryimage\",\"url\":\"https:\/\/seipuntozero-haircare.it\/wp-content\/uploads\/2020\/01\/263172_sei_punto_zero_hairzoe_restructuring_spray_150ml.png\",\"contentUrl\":\"https:\/\/seipuntozero-haircare.it\/wp-content\/uploads\/2020\/01\/263172_sei_punto_zero_hairzoe_restructuring_spray_150ml.png\",\"width\":600,\"height\":600,\"caption\":\"Fluido spray ristrutturante\"},{\"@type\":\"BreadcrumbList\",\"@id\":\"https:\/\/seipuntozero-haircare.it\/de\/product\/hairzoe-restrukturierendes-spray-fluid\/#breadcrumb\",\"itemListElement\":[{\"@type\":\"ListItem\",\"position\":1,\"name\":\"Home\",\"item\":\"https:\/\/seipuntozero-haircare.it\/de\/\"},{\"@type\":\"ListItem\",\"position\":2,\"name\":\"Products\",\"item\":\"https:\/\/seipuntozero-haircare.it\/de\/shop\/\"},{\"@type\":\"ListItem\",\"position\":3,\"name\":\"HAIRZOE Restrukturierendes Spray-Fluid\"}]},{\"@type\":\"WebSite\",\"@id\":\"https:\/\/seipuntozero-haircare.it\/de\/#website\",\"url\":\"https:\/\/seipuntozero-haircare.it\/de\/\",\"name\":\"6.Zero\",\"description\":\"Essential Touch\",\"potentialAction\":[{\"@type\":\"SearchAction\",\"target\":{\"@type\":\"EntryPoint\",\"urlTemplate\":\"https:\/\/seipuntozero-haircare.it\/de\/?s={search_term_string}\"},\"query-input\":{\"@type\":\"PropertyValueSpecification\",\"valueRequired\":true,\"valueName\":\"search_term_string\"}}],\"inLanguage\":\"de\"}]}<\/script>\n<!-- \/ Yoast SEO plugin. -->","yoast_head_json":{"title":"HAIRZOE | Restrukturierendes Spray-Fluid","description":"Das Hairzone-Spray-Fluid mit seiner regenerierenden und belebenden Wirkung ist der letzte Schritt der Behandlung im Salon.","robots":{"index":"index","follow":"follow","max-snippet":"max-snippet:-1","max-image-preview":"max-image-preview:large","max-video-preview":"max-video-preview:-1"},"canonical":"https:\/\/seipuntozero-haircare.it\/de\/product\/hairzoe-restrukturierendes-spray-fluid\/","og_locale":"de_DE","og_type":"article","og_title":"HAIRZOE | Restrukturierendes Spray-Fluid","og_description":"Das Hairzone-Spray-Fluid mit seiner regenerierenden und belebenden Wirkung ist der letzte Schritt der Behandlung im Salon.","og_url":"https:\/\/seipuntozero-haircare.it\/de\/product\/hairzoe-restrukturierendes-spray-fluid\/","og_site_name":"6.Zero","article_modified_time":"2022-03-16T14:58:05+00:00","og_image":[{"width":600,"height":600,"url":"https:\/\/seipuntozero-haircare.it\/wp-content\/uploads\/2020\/01\/263172_sei_punto_zero_hairzoe_restructuring_spray_150ml.png","type":"image\/png"}],"twitter_card":"summary_large_image","twitter_misc":{"Gesch\u00e4tzte Lesezeit":"1\u00a0Minute"},"schema":{"@context":"https:\/\/schema.org","@graph":[{"@type":"WebPage","@id":"https:\/\/seipuntozero-haircare.it\/de\/product\/hairzoe-restrukturierendes-spray-fluid\/","url":"https:\/\/seipuntozero-haircare.it\/de\/product\/hairzoe-restrukturierendes-spray-fluid\/","name":"HAIRZOE | Restrukturierendes Spray-Fluid","isPartOf":{"@id":"https:\/\/seipuntozero-haircare.it\/de\/#website"},"primaryImageOfPage":{"@id":"https:\/\/seipuntozero-haircare.it\/de\/product\/hairzoe-restrukturierendes-spray-fluid\/#primaryimage"},"image":{"@id":"https:\/\/seipuntozero-haircare.it\/de\/product\/hairzoe-restrukturierendes-spray-fluid\/#primaryimage"},"thumbnailUrl":"https:\/\/seipuntozero-haircare.it\/wp-content\/uploads\/2020\/01\/263172_sei_punto_zero_hairzoe_restructuring_spray_150ml.png","datePublished":"2019-10-21T09:24:56+00:00","dateModified":"2022-03-16T14:58:05+00:00","description":"Das Hairzone-Spray-Fluid mit seiner regenerierenden und belebenden Wirkung ist der letzte Schritt der Behandlung im Salon.","breadcrumb":{"@id":"https:\/\/seipuntozero-haircare.it\/de\/product\/hairzoe-restrukturierendes-spray-fluid\/#breadcrumb"},"inLanguage":"de","potentialAction":[{"@type":"ReadAction","target":["https:\/\/seipuntozero-haircare.it\/de\/product\/hairzoe-restrukturierendes-spray-fluid\/"]}]},{"@type":"ImageObject","inLanguage":"de","@id":"https:\/\/seipuntozero-haircare.it\/de\/product\/hairzoe-restrukturierendes-spray-fluid\/#primaryimage","url":"https:\/\/seipuntozero-haircare.it\/wp-content\/uploads\/2020\/01\/263172_sei_punto_zero_hairzoe_restructuring_spray_150ml.png","contentUrl":"https:\/\/seipuntozero-haircare.it\/wp-content\/uploads\/2020\/01\/263172_sei_punto_zero_hairzoe_restructuring_spray_150ml.png","width":600,"height":600,"caption":"Fluido spray ristrutturante"},{"@type":"BreadcrumbList","@id":"https:\/\/seipuntozero-haircare.it\/de\/product\/hairzoe-restrukturierendes-spray-fluid\/#breadcrumb","itemListElement":[{"@type":"ListItem","position":1,"name":"Home","item":"https:\/\/seipuntozero-haircare.it\/de\/"},{"@type":"ListItem","position":2,"name":"Products","item":"https:\/\/seipuntozero-haircare.it\/de\/shop\/"},{"@type":"ListItem","position":3,"name":"HAIRZOE Restrukturierendes Spray-Fluid"}]},{"@type":"WebSite","@id":"https:\/\/seipuntozero-haircare.it\/de\/#website","url":"https:\/\/seipuntozero-haircare.it\/de\/","name":"6.Zero","description":"Essential Touch","potentialAction":[{"@type":"SearchAction","target":{"@type":"EntryPoint","urlTemplate":"https:\/\/seipuntozero-haircare.it\/de\/?s={search_term_string}"},"query-input":{"@type":"PropertyValueSpecification","valueRequired":true,"valueName":"search_term_string"}}],"inLanguage":"de"}]}},"_links":{"self":[{"href":"https:\/\/seipuntozero-haircare.it\/de\/wp-json\/wp\/v2\/product\/16048","targetHints":{"allow":["GET"]}}],"collection":[{"href":"https:\/\/seipuntozero-haircare.it\/de\/wp-json\/wp\/v2\/product"}],"about":[{"href":"https:\/\/seipuntozero-haircare.it\/de\/wp-json\/wp\/v2\/types\/product"}],"wp:featuredmedia":[{"embeddable":true,"href":"https:\/\/seipuntozero-haircare.it\/de\/wp-json\/wp\/v2\/media\/18181"}],"wp:attachment":[{"href":"https:\/\/seipuntozero-haircare.it\/de\/wp-json\/wp\/v2\/media?parent=16048"}],"wp:term":[{"taxonomy":"product_brand","embeddable":true,"href":"https:\/\/seipuntozero-haircare.it\/de\/wp-json\/wp\/v2\/product_brand?post=16048"},{"taxonomy":"product_cat","embeddable":true,"href":"https:\/\/seipuntozero-haircare.it\/de\/wp-json\/wp\/v2\/product_cat?post=16048"},{"taxonomy":"product_tag","embeddable":true,"href":"https:\/\/seipuntozero-haircare.it\/de\/wp-json\/wp\/v2\/product_tag?post=16048"}],"curies":[{"name":"wp","href":"https:\/\/api.w.org\/{rel}","templated":true}]}}