{"id":16038,"date":"2017-03-15T14:55:05","date_gmt":"2017-03-15T13:55:05","guid":{"rendered":"https:\/\/seipuntozero-haircare.it\/prodotto\/post-color-salon-shampoo-fur-koloriertes-und-behandeltes-haar\/"},"modified":"2021-06-18T10:38:53","modified_gmt":"2021-06-18T08:38:53","slug":"post-color-salon-shampoo-fur-koloriertes-und-behandeltes-haar","status":"publish","type":"product","link":"https:\/\/seipuntozero-haircare.it\/de\/product\/post-color-salon-shampoo-fur-koloriertes-und-behandeltes-haar\/","title":{"rendered":"POST COLOR SALON <br> Shampoo f\u00fcr koloriertes und behandeltes Haar"},"content":{"rendered":"<ul>\n<li>Sch\u00fctzt die <strong>kosmetische Farbe<\/strong> und wertet sie auf<\/li>\n<li><strong>Reinigt sanft<\/strong> Haut und Kopfhaut<\/li>\n<li><strong>Verl\u00e4ngert die Farbintensit\u00e4t<\/strong><\/li>\n<\/ul>\n","protected":false},"excerpt":{"rendered":"<p>Post Color Salon, <strong>Shampoo f\u00fcr koloriertes und behandeltes Haar.<\/strong> Die spezielle Formel des Produkts verbindet die sanfte Reinigung mit der Aufwertung der kosmetischen Farbe, <strong>wobei die Oxidation verhindert<\/strong> wird, die f\u00fcr den Verlust des Farbtons und der Leuchtkraft verantwortlich ist. \u00a0<strong>Argan-\u00d6l, Granatapfel-Extrakt <\/strong>und ein spezieller <strong>Pflanzenkomplex<\/strong>, der die Farbe sch\u00fctzt, werden in dieser Formel kombiniert, um das Haar zu n\u00e4hren und ihm St\u00e4rke und Leuchtkraft zu verleihen und dabei die <strong>Intensit\u00e4t der Farbe<\/strong> zu bewahren.<\/p>\n<p>Professionelle Anwendung<\/p>\n<p>1000 ml Flacon<\/p>\n","protected":false},"featured_media":18101,"template":"","meta":[],"product_brand":[],"product_cat":[922],"product_tag":[],"class_list":["post-16038","product","type-product","status-publish","has-post-thumbnail","hentry","product_cat-salon-treatments-de"],"yoast_head":"<!-- This site is optimized with the Yoast SEO plugin v27.1.1 - https:\/\/yoast.com\/product\/yoast-seo-wordpress\/ -->\n<title>POST COLOR SALON  Shampoo f\u00fcr koloriertes und behandeltes Haar - 6.Zero<\/title>\n<meta name=\"description\" content=\"Post Color Salon, Shampoo f\u00fcr koloriertes und behandeltes Haar. Die spezielle Formel des Produkts verbindet die sanfte Reinigung mit der Aufwertung der kosmetischen Farbe, wobei die Oxidation verhindert wird, die f\u00fcr den Verlust des Farbtons und der Leuchtkraft verantwortlich ist.\" \/>\n<meta name=\"robots\" content=\"index, follow, max-snippet:-1, max-image-preview:large, max-video-preview:-1\" \/>\n<link rel=\"canonical\" href=\"https:\/\/seipuntozero-haircare.it\/de\/product\/post-color-salon-shampoo-fur-koloriertes-und-behandeltes-haar\/\" \/>\n<meta property=\"og:locale\" content=\"de_DE\" \/>\n<meta property=\"og:type\" content=\"article\" \/>\n<meta property=\"og:title\" content=\"POST COLOR SALON  Shampoo f\u00fcr koloriertes und behandeltes Haar - 6.Zero\" \/>\n<meta property=\"og:description\" content=\"Post Color Salon, Shampoo f\u00fcr koloriertes und behandeltes Haar. Die spezielle Formel des Produkts verbindet die sanfte Reinigung mit der Aufwertung der kosmetischen Farbe, wobei die Oxidation verhindert wird, die f\u00fcr den Verlust des Farbtons und der Leuchtkraft verantwortlich ist.\" \/>\n<meta property=\"og:url\" content=\"https:\/\/seipuntozero-haircare.it\/de\/product\/post-color-salon-shampoo-fur-koloriertes-und-behandeltes-haar\/\" \/>\n<meta property=\"og:site_name\" content=\"6.Zero\" \/>\n<meta property=\"article:modified_time\" content=\"2021-06-18T08:38:53+00:00\" \/>\n<meta property=\"og:image\" content=\"https:\/\/seipuntozero-haircare.it\/wp-content\/uploads\/2019\/11\/262144_sei_punto_zero_post_color_salon_shampoo_1000ml.png\" \/>\n\t<meta property=\"og:image:width\" content=\"600\" \/>\n\t<meta property=\"og:image:height\" content=\"600\" \/>\n\t<meta property=\"og:image:type\" content=\"image\/png\" \/>\n<meta name=\"twitter:card\" content=\"summary_large_image\" \/>\n<meta name=\"twitter:label1\" content=\"Gesch\u00e4tzte Lesezeit\" \/>\n\t<meta name=\"twitter:data1\" content=\"1\u00a0Minute\" \/>\n<script type=\"application\/ld+json\" class=\"yoast-schema-graph\">{\"@context\":\"https:\/\/schema.org\",\"@graph\":[{\"@type\":\"WebPage\",\"@id\":\"https:\/\/seipuntozero-haircare.it\/de\/product\/post-color-salon-shampoo-fur-koloriertes-und-behandeltes-haar\/\",\"url\":\"https:\/\/seipuntozero-haircare.it\/de\/product\/post-color-salon-shampoo-fur-koloriertes-und-behandeltes-haar\/\",\"name\":\"POST COLOR SALON Shampoo f\u00fcr koloriertes und behandeltes Haar - 6.Zero\",\"isPartOf\":{\"@id\":\"https:\/\/seipuntozero-haircare.it\/de\/#website\"},\"primaryImageOfPage\":{\"@id\":\"https:\/\/seipuntozero-haircare.it\/de\/product\/post-color-salon-shampoo-fur-koloriertes-und-behandeltes-haar\/#primaryimage\"},\"image\":{\"@id\":\"https:\/\/seipuntozero-haircare.it\/de\/product\/post-color-salon-shampoo-fur-koloriertes-und-behandeltes-haar\/#primaryimage\"},\"thumbnailUrl\":\"https:\/\/seipuntozero-haircare.it\/wp-content\/uploads\/2019\/11\/262144_sei_punto_zero_post_color_salon_shampoo_1000ml.png\",\"datePublished\":\"2017-03-15T13:55:05+00:00\",\"dateModified\":\"2021-06-18T08:38:53+00:00\",\"description\":\"Post Color Salon, Shampoo f\u00fcr koloriertes und behandeltes Haar. Die spezielle Formel des Produkts verbindet die sanfte Reinigung mit der Aufwertung der kosmetischen Farbe, wobei die Oxidation verhindert wird, die f\u00fcr den Verlust des Farbtons und der Leuchtkraft verantwortlich ist.\",\"breadcrumb\":{\"@id\":\"https:\/\/seipuntozero-haircare.it\/de\/product\/post-color-salon-shampoo-fur-koloriertes-und-behandeltes-haar\/#breadcrumb\"},\"inLanguage\":\"de\",\"potentialAction\":[{\"@type\":\"ReadAction\",\"target\":[\"https:\/\/seipuntozero-haircare.it\/de\/product\/post-color-salon-shampoo-fur-koloriertes-und-behandeltes-haar\/\"]}]},{\"@type\":\"ImageObject\",\"inLanguage\":\"de\",\"@id\":\"https:\/\/seipuntozero-haircare.it\/de\/product\/post-color-salon-shampoo-fur-koloriertes-und-behandeltes-haar\/#primaryimage\",\"url\":\"https:\/\/seipuntozero-haircare.it\/wp-content\/uploads\/2019\/11\/262144_sei_punto_zero_post_color_salon_shampoo_1000ml.png\",\"contentUrl\":\"https:\/\/seipuntozero-haircare.it\/wp-content\/uploads\/2019\/11\/262144_sei_punto_zero_post_color_salon_shampoo_1000ml.png\",\"width\":600,\"height\":600,\"caption\":\"Post Color Salon | Shampoo per capelli trattati e colorati\"},{\"@type\":\"BreadcrumbList\",\"@id\":\"https:\/\/seipuntozero-haircare.it\/de\/product\/post-color-salon-shampoo-fur-koloriertes-und-behandeltes-haar\/#breadcrumb\",\"itemListElement\":[{\"@type\":\"ListItem\",\"position\":1,\"name\":\"Home\",\"item\":\"https:\/\/seipuntozero-haircare.it\/de\/\"},{\"@type\":\"ListItem\",\"position\":2,\"name\":\"Products\",\"item\":\"https:\/\/seipuntozero-haircare.it\/de\/shop\/\"},{\"@type\":\"ListItem\",\"position\":3,\"name\":\"POST COLOR SALON Shampoo f\u00fcr koloriertes und behandeltes Haar\"}]},{\"@type\":\"WebSite\",\"@id\":\"https:\/\/seipuntozero-haircare.it\/de\/#website\",\"url\":\"https:\/\/seipuntozero-haircare.it\/de\/\",\"name\":\"6.Zero\",\"description\":\"Essential Touch\",\"potentialAction\":[{\"@type\":\"SearchAction\",\"target\":{\"@type\":\"EntryPoint\",\"urlTemplate\":\"https:\/\/seipuntozero-haircare.it\/de\/?s={search_term_string}\"},\"query-input\":{\"@type\":\"PropertyValueSpecification\",\"valueRequired\":true,\"valueName\":\"search_term_string\"}}],\"inLanguage\":\"de\"}]}<\/script>\n<!-- \/ Yoast SEO plugin. -->","yoast_head_json":{"title":"POST COLOR SALON  Shampoo f\u00fcr koloriertes und behandeltes Haar - 6.Zero","description":"Post Color Salon, Shampoo f\u00fcr koloriertes und behandeltes Haar. Die spezielle Formel des Produkts verbindet die sanfte Reinigung mit der Aufwertung der kosmetischen Farbe, wobei die Oxidation verhindert wird, die f\u00fcr den Verlust des Farbtons und der Leuchtkraft verantwortlich ist.","robots":{"index":"index","follow":"follow","max-snippet":"max-snippet:-1","max-image-preview":"max-image-preview:large","max-video-preview":"max-video-preview:-1"},"canonical":"https:\/\/seipuntozero-haircare.it\/de\/product\/post-color-salon-shampoo-fur-koloriertes-und-behandeltes-haar\/","og_locale":"de_DE","og_type":"article","og_title":"POST COLOR SALON  Shampoo f\u00fcr koloriertes und behandeltes Haar - 6.Zero","og_description":"Post Color Salon, Shampoo f\u00fcr koloriertes und behandeltes Haar. Die spezielle Formel des Produkts verbindet die sanfte Reinigung mit der Aufwertung der kosmetischen Farbe, wobei die Oxidation verhindert wird, die f\u00fcr den Verlust des Farbtons und der Leuchtkraft verantwortlich ist.","og_url":"https:\/\/seipuntozero-haircare.it\/de\/product\/post-color-salon-shampoo-fur-koloriertes-und-behandeltes-haar\/","og_site_name":"6.Zero","article_modified_time":"2021-06-18T08:38:53+00:00","og_image":[{"width":600,"height":600,"url":"https:\/\/seipuntozero-haircare.it\/wp-content\/uploads\/2019\/11\/262144_sei_punto_zero_post_color_salon_shampoo_1000ml.png","type":"image\/png"}],"twitter_card":"summary_large_image","twitter_misc":{"Gesch\u00e4tzte Lesezeit":"1\u00a0Minute"},"schema":{"@context":"https:\/\/schema.org","@graph":[{"@type":"WebPage","@id":"https:\/\/seipuntozero-haircare.it\/de\/product\/post-color-salon-shampoo-fur-koloriertes-und-behandeltes-haar\/","url":"https:\/\/seipuntozero-haircare.it\/de\/product\/post-color-salon-shampoo-fur-koloriertes-und-behandeltes-haar\/","name":"POST COLOR SALON Shampoo f\u00fcr koloriertes und behandeltes Haar - 6.Zero","isPartOf":{"@id":"https:\/\/seipuntozero-haircare.it\/de\/#website"},"primaryImageOfPage":{"@id":"https:\/\/seipuntozero-haircare.it\/de\/product\/post-color-salon-shampoo-fur-koloriertes-und-behandeltes-haar\/#primaryimage"},"image":{"@id":"https:\/\/seipuntozero-haircare.it\/de\/product\/post-color-salon-shampoo-fur-koloriertes-und-behandeltes-haar\/#primaryimage"},"thumbnailUrl":"https:\/\/seipuntozero-haircare.it\/wp-content\/uploads\/2019\/11\/262144_sei_punto_zero_post_color_salon_shampoo_1000ml.png","datePublished":"2017-03-15T13:55:05+00:00","dateModified":"2021-06-18T08:38:53+00:00","description":"Post Color Salon, Shampoo f\u00fcr koloriertes und behandeltes Haar. Die spezielle Formel des Produkts verbindet die sanfte Reinigung mit der Aufwertung der kosmetischen Farbe, wobei die Oxidation verhindert wird, die f\u00fcr den Verlust des Farbtons und der Leuchtkraft verantwortlich ist.","breadcrumb":{"@id":"https:\/\/seipuntozero-haircare.it\/de\/product\/post-color-salon-shampoo-fur-koloriertes-und-behandeltes-haar\/#breadcrumb"},"inLanguage":"de","potentialAction":[{"@type":"ReadAction","target":["https:\/\/seipuntozero-haircare.it\/de\/product\/post-color-salon-shampoo-fur-koloriertes-und-behandeltes-haar\/"]}]},{"@type":"ImageObject","inLanguage":"de","@id":"https:\/\/seipuntozero-haircare.it\/de\/product\/post-color-salon-shampoo-fur-koloriertes-und-behandeltes-haar\/#primaryimage","url":"https:\/\/seipuntozero-haircare.it\/wp-content\/uploads\/2019\/11\/262144_sei_punto_zero_post_color_salon_shampoo_1000ml.png","contentUrl":"https:\/\/seipuntozero-haircare.it\/wp-content\/uploads\/2019\/11\/262144_sei_punto_zero_post_color_salon_shampoo_1000ml.png","width":600,"height":600,"caption":"Post Color Salon | Shampoo per capelli trattati e colorati"},{"@type":"BreadcrumbList","@id":"https:\/\/seipuntozero-haircare.it\/de\/product\/post-color-salon-shampoo-fur-koloriertes-und-behandeltes-haar\/#breadcrumb","itemListElement":[{"@type":"ListItem","position":1,"name":"Home","item":"https:\/\/seipuntozero-haircare.it\/de\/"},{"@type":"ListItem","position":2,"name":"Products","item":"https:\/\/seipuntozero-haircare.it\/de\/shop\/"},{"@type":"ListItem","position":3,"name":"POST COLOR SALON Shampoo f\u00fcr koloriertes und behandeltes Haar"}]},{"@type":"WebSite","@id":"https:\/\/seipuntozero-haircare.it\/de\/#website","url":"https:\/\/seipuntozero-haircare.it\/de\/","name":"6.Zero","description":"Essential Touch","potentialAction":[{"@type":"SearchAction","target":{"@type":"EntryPoint","urlTemplate":"https:\/\/seipuntozero-haircare.it\/de\/?s={search_term_string}"},"query-input":{"@type":"PropertyValueSpecification","valueRequired":true,"valueName":"search_term_string"}}],"inLanguage":"de"}]}},"_links":{"self":[{"href":"https:\/\/seipuntozero-haircare.it\/de\/wp-json\/wp\/v2\/product\/16038","targetHints":{"allow":["GET"]}}],"collection":[{"href":"https:\/\/seipuntozero-haircare.it\/de\/wp-json\/wp\/v2\/product"}],"about":[{"href":"https:\/\/seipuntozero-haircare.it\/de\/wp-json\/wp\/v2\/types\/product"}],"wp:featuredmedia":[{"embeddable":true,"href":"https:\/\/seipuntozero-haircare.it\/de\/wp-json\/wp\/v2\/media\/18101"}],"wp:attachment":[{"href":"https:\/\/seipuntozero-haircare.it\/de\/wp-json\/wp\/v2\/media?parent=16038"}],"wp:term":[{"taxonomy":"product_brand","embeddable":true,"href":"https:\/\/seipuntozero-haircare.it\/de\/wp-json\/wp\/v2\/product_brand?post=16038"},{"taxonomy":"product_cat","embeddable":true,"href":"https:\/\/seipuntozero-haircare.it\/de\/wp-json\/wp\/v2\/product_cat?post=16038"},{"taxonomy":"product_tag","embeddable":true,"href":"https:\/\/seipuntozero-haircare.it\/de\/wp-json\/wp\/v2\/product_tag?post=16038"}],"curies":[{"name":"wp","href":"https:\/\/api.w.org\/{rel}","templated":true}]}}