{"id":16032,"date":"2017-03-15T15:22:31","date_gmt":"2017-03-15T14:22:31","guid":{"rendered":"https:\/\/seipuntozero-haircare.it\/prodotto\/shampoo-mit-mandelmilch-fur-trockenes-und-behandeltes-haar\/"},"modified":"2021-06-18T10:36:33","modified_gmt":"2021-06-18T08:36:33","slug":"shampoo-mit-mandelmilch-fur-trockenes-und-behandeltes-haar","status":"publish","type":"product","link":"https:\/\/seipuntozero-haircare.it\/de\/product\/shampoo-mit-mandelmilch-fur-trockenes-und-behandeltes-haar\/","title":{"rendered":"Shampoo mit Mandelmilch f\u00fcr trockenes und behandeltes Haar"},"content":{"rendered":"<ul>\n<li><strong>Verleiht Feuchtigkeit<\/strong> und <strong>reinigt<\/strong> bis in die Tiefen<\/li>\n<li>Das Haar <strong>leuchtet<\/strong> und ist <strong>gesund<\/strong><\/li>\n<li>Das praktische <strong>10 Liter<\/strong> Format h\u00e4lt sich lange<\/li>\n<\/ul>\n","protected":false},"excerpt":{"rendered":"<p>Das <strong>Shampoo mit Mandelmilch f\u00fcr trockenes und behandeltes Haa<\/strong>r macht das Haar geschmeidig und seidig und sch\u00fctzt es. Dank der Feuchtigkeitszufuhr und der weich machenden Wirkung der Mandelmilch reinigt das Shampoo das Haar und regeneriert es. <strong>Gesplisstes<\/strong>, behandeltes oder glanzloses <strong>Haar<\/strong> leuchtet wieder und wird st\u00e4rker.<\/p>\n<p>Professionelle Anwendung<\/p>\n<p>10 Liter Beh\u00e4lter<\/p>\n","protected":false},"featured_media":18138,"template":"","meta":[],"product_brand":[],"product_cat":[922],"product_tag":[],"class_list":["post-16032","product","type-product","status-publish","has-post-thumbnail","hentry","product_cat-salon-treatments-de"],"yoast_head":"<!-- This site is optimized with the Yoast SEO plugin v27.1.1 - https:\/\/yoast.com\/product\/yoast-seo-wordpress\/ -->\n<title>Shampoo mit Mandelmilch f\u00fcr trockenes und behandeltes Haar - 6.Zero<\/title>\n<meta name=\"description\" content=\"Das Shampoo mit Mandelmilch f\u00fcr trockenes und behandeltes Haar macht das Haar geschmeidig und seidig und sch\u00fctzt es.\" \/>\n<meta name=\"robots\" content=\"index, follow, max-snippet:-1, max-image-preview:large, max-video-preview:-1\" \/>\n<link rel=\"canonical\" href=\"https:\/\/seipuntozero-haircare.it\/de\/product\/shampoo-mit-mandelmilch-fur-trockenes-und-behandeltes-haar\/\" \/>\n<meta property=\"og:locale\" content=\"de_DE\" \/>\n<meta property=\"og:type\" content=\"article\" \/>\n<meta property=\"og:title\" content=\"Shampoo mit Mandelmilch f\u00fcr trockenes und behandeltes Haar - 6.Zero\" \/>\n<meta property=\"og:description\" content=\"Das Shampoo mit Mandelmilch f\u00fcr trockenes und behandeltes Haar macht das Haar geschmeidig und seidig und sch\u00fctzt es.\" \/>\n<meta property=\"og:url\" content=\"https:\/\/seipuntozero-haircare.it\/de\/product\/shampoo-mit-mandelmilch-fur-trockenes-und-behandeltes-haar\/\" \/>\n<meta property=\"og:site_name\" content=\"6.Zero\" \/>\n<meta property=\"article:modified_time\" content=\"2021-06-18T08:36:33+00:00\" \/>\n<meta property=\"og:image\" content=\"https:\/\/seipuntozero-haircare.it\/wp-content\/uploads\/2017\/03\/262168_sei_punto_zero_almond_milk_shampoo_10lt.png\" \/>\n\t<meta property=\"og:image:width\" content=\"600\" \/>\n\t<meta property=\"og:image:height\" content=\"600\" \/>\n\t<meta property=\"og:image:type\" content=\"image\/png\" \/>\n<meta name=\"twitter:card\" content=\"summary_large_image\" \/>\n<meta name=\"twitter:label1\" content=\"Gesch\u00e4tzte Lesezeit\" \/>\n\t<meta name=\"twitter:data1\" content=\"1\u00a0Minute\" \/>\n<script type=\"application\/ld+json\" class=\"yoast-schema-graph\">{\"@context\":\"https:\/\/schema.org\",\"@graph\":[{\"@type\":\"WebPage\",\"@id\":\"https:\/\/seipuntozero-haircare.it\/de\/product\/shampoo-mit-mandelmilch-fur-trockenes-und-behandeltes-haar\/\",\"url\":\"https:\/\/seipuntozero-haircare.it\/de\/product\/shampoo-mit-mandelmilch-fur-trockenes-und-behandeltes-haar\/\",\"name\":\"Shampoo mit Mandelmilch f\u00fcr trockenes und behandeltes Haar - 6.Zero\",\"isPartOf\":{\"@id\":\"https:\/\/seipuntozero-haircare.it\/de\/#website\"},\"primaryImageOfPage\":{\"@id\":\"https:\/\/seipuntozero-haircare.it\/de\/product\/shampoo-mit-mandelmilch-fur-trockenes-und-behandeltes-haar\/#primaryimage\"},\"image\":{\"@id\":\"https:\/\/seipuntozero-haircare.it\/de\/product\/shampoo-mit-mandelmilch-fur-trockenes-und-behandeltes-haar\/#primaryimage\"},\"thumbnailUrl\":\"https:\/\/seipuntozero-haircare.it\/wp-content\/uploads\/2017\/03\/262168_sei_punto_zero_almond_milk_shampoo_10lt.png\",\"datePublished\":\"2017-03-15T14:22:31+00:00\",\"dateModified\":\"2021-06-18T08:36:33+00:00\",\"description\":\"Das Shampoo mit Mandelmilch f\u00fcr trockenes und behandeltes Haar macht das Haar geschmeidig und seidig und sch\u00fctzt es.\",\"breadcrumb\":{\"@id\":\"https:\/\/seipuntozero-haircare.it\/de\/product\/shampoo-mit-mandelmilch-fur-trockenes-und-behandeltes-haar\/#breadcrumb\"},\"inLanguage\":\"de\",\"potentialAction\":[{\"@type\":\"ReadAction\",\"target\":[\"https:\/\/seipuntozero-haircare.it\/de\/product\/shampoo-mit-mandelmilch-fur-trockenes-und-behandeltes-haar\/\"]}]},{\"@type\":\"ImageObject\",\"inLanguage\":\"de\",\"@id\":\"https:\/\/seipuntozero-haircare.it\/de\/product\/shampoo-mit-mandelmilch-fur-trockenes-und-behandeltes-haar\/#primaryimage\",\"url\":\"https:\/\/seipuntozero-haircare.it\/wp-content\/uploads\/2017\/03\/262168_sei_punto_zero_almond_milk_shampoo_10lt.png\",\"contentUrl\":\"https:\/\/seipuntozero-haircare.it\/wp-content\/uploads\/2017\/03\/262168_sei_punto_zero_almond_milk_shampoo_10lt.png\",\"width\":600,\"height\":600,\"caption\":\"Shampoo al Latte di Mandorla per capelli secchi e trattati\"},{\"@type\":\"BreadcrumbList\",\"@id\":\"https:\/\/seipuntozero-haircare.it\/de\/product\/shampoo-mit-mandelmilch-fur-trockenes-und-behandeltes-haar\/#breadcrumb\",\"itemListElement\":[{\"@type\":\"ListItem\",\"position\":1,\"name\":\"Home\",\"item\":\"https:\/\/seipuntozero-haircare.it\/de\/\"},{\"@type\":\"ListItem\",\"position\":2,\"name\":\"Products\",\"item\":\"https:\/\/seipuntozero-haircare.it\/de\/shop\/\"},{\"@type\":\"ListItem\",\"position\":3,\"name\":\"Shampoo mit Mandelmilch f\u00fcr trockenes und behandeltes Haar\"}]},{\"@type\":\"WebSite\",\"@id\":\"https:\/\/seipuntozero-haircare.it\/de\/#website\",\"url\":\"https:\/\/seipuntozero-haircare.it\/de\/\",\"name\":\"6.Zero\",\"description\":\"Essential Touch\",\"potentialAction\":[{\"@type\":\"SearchAction\",\"target\":{\"@type\":\"EntryPoint\",\"urlTemplate\":\"https:\/\/seipuntozero-haircare.it\/de\/?s={search_term_string}\"},\"query-input\":{\"@type\":\"PropertyValueSpecification\",\"valueRequired\":true,\"valueName\":\"search_term_string\"}}],\"inLanguage\":\"de\"}]}<\/script>\n<!-- \/ Yoast SEO plugin. -->","yoast_head_json":{"title":"Shampoo mit Mandelmilch f\u00fcr trockenes und behandeltes Haar - 6.Zero","description":"Das Shampoo mit Mandelmilch f\u00fcr trockenes und behandeltes Haar macht das Haar geschmeidig und seidig und sch\u00fctzt es.","robots":{"index":"index","follow":"follow","max-snippet":"max-snippet:-1","max-image-preview":"max-image-preview:large","max-video-preview":"max-video-preview:-1"},"canonical":"https:\/\/seipuntozero-haircare.it\/de\/product\/shampoo-mit-mandelmilch-fur-trockenes-und-behandeltes-haar\/","og_locale":"de_DE","og_type":"article","og_title":"Shampoo mit Mandelmilch f\u00fcr trockenes und behandeltes Haar - 6.Zero","og_description":"Das Shampoo mit Mandelmilch f\u00fcr trockenes und behandeltes Haar macht das Haar geschmeidig und seidig und sch\u00fctzt es.","og_url":"https:\/\/seipuntozero-haircare.it\/de\/product\/shampoo-mit-mandelmilch-fur-trockenes-und-behandeltes-haar\/","og_site_name":"6.Zero","article_modified_time":"2021-06-18T08:36:33+00:00","og_image":[{"width":600,"height":600,"url":"https:\/\/seipuntozero-haircare.it\/wp-content\/uploads\/2017\/03\/262168_sei_punto_zero_almond_milk_shampoo_10lt.png","type":"image\/png"}],"twitter_card":"summary_large_image","twitter_misc":{"Gesch\u00e4tzte Lesezeit":"1\u00a0Minute"},"schema":{"@context":"https:\/\/schema.org","@graph":[{"@type":"WebPage","@id":"https:\/\/seipuntozero-haircare.it\/de\/product\/shampoo-mit-mandelmilch-fur-trockenes-und-behandeltes-haar\/","url":"https:\/\/seipuntozero-haircare.it\/de\/product\/shampoo-mit-mandelmilch-fur-trockenes-und-behandeltes-haar\/","name":"Shampoo mit Mandelmilch f\u00fcr trockenes und behandeltes Haar - 6.Zero","isPartOf":{"@id":"https:\/\/seipuntozero-haircare.it\/de\/#website"},"primaryImageOfPage":{"@id":"https:\/\/seipuntozero-haircare.it\/de\/product\/shampoo-mit-mandelmilch-fur-trockenes-und-behandeltes-haar\/#primaryimage"},"image":{"@id":"https:\/\/seipuntozero-haircare.it\/de\/product\/shampoo-mit-mandelmilch-fur-trockenes-und-behandeltes-haar\/#primaryimage"},"thumbnailUrl":"https:\/\/seipuntozero-haircare.it\/wp-content\/uploads\/2017\/03\/262168_sei_punto_zero_almond_milk_shampoo_10lt.png","datePublished":"2017-03-15T14:22:31+00:00","dateModified":"2021-06-18T08:36:33+00:00","description":"Das Shampoo mit Mandelmilch f\u00fcr trockenes und behandeltes Haar macht das Haar geschmeidig und seidig und sch\u00fctzt es.","breadcrumb":{"@id":"https:\/\/seipuntozero-haircare.it\/de\/product\/shampoo-mit-mandelmilch-fur-trockenes-und-behandeltes-haar\/#breadcrumb"},"inLanguage":"de","potentialAction":[{"@type":"ReadAction","target":["https:\/\/seipuntozero-haircare.it\/de\/product\/shampoo-mit-mandelmilch-fur-trockenes-und-behandeltes-haar\/"]}]},{"@type":"ImageObject","inLanguage":"de","@id":"https:\/\/seipuntozero-haircare.it\/de\/product\/shampoo-mit-mandelmilch-fur-trockenes-und-behandeltes-haar\/#primaryimage","url":"https:\/\/seipuntozero-haircare.it\/wp-content\/uploads\/2017\/03\/262168_sei_punto_zero_almond_milk_shampoo_10lt.png","contentUrl":"https:\/\/seipuntozero-haircare.it\/wp-content\/uploads\/2017\/03\/262168_sei_punto_zero_almond_milk_shampoo_10lt.png","width":600,"height":600,"caption":"Shampoo al Latte di Mandorla per capelli secchi e trattati"},{"@type":"BreadcrumbList","@id":"https:\/\/seipuntozero-haircare.it\/de\/product\/shampoo-mit-mandelmilch-fur-trockenes-und-behandeltes-haar\/#breadcrumb","itemListElement":[{"@type":"ListItem","position":1,"name":"Home","item":"https:\/\/seipuntozero-haircare.it\/de\/"},{"@type":"ListItem","position":2,"name":"Products","item":"https:\/\/seipuntozero-haircare.it\/de\/shop\/"},{"@type":"ListItem","position":3,"name":"Shampoo mit Mandelmilch f\u00fcr trockenes und behandeltes Haar"}]},{"@type":"WebSite","@id":"https:\/\/seipuntozero-haircare.it\/de\/#website","url":"https:\/\/seipuntozero-haircare.it\/de\/","name":"6.Zero","description":"Essential Touch","potentialAction":[{"@type":"SearchAction","target":{"@type":"EntryPoint","urlTemplate":"https:\/\/seipuntozero-haircare.it\/de\/?s={search_term_string}"},"query-input":{"@type":"PropertyValueSpecification","valueRequired":true,"valueName":"search_term_string"}}],"inLanguage":"de"}]}},"_links":{"self":[{"href":"https:\/\/seipuntozero-haircare.it\/de\/wp-json\/wp\/v2\/product\/16032","targetHints":{"allow":["GET"]}}],"collection":[{"href":"https:\/\/seipuntozero-haircare.it\/de\/wp-json\/wp\/v2\/product"}],"about":[{"href":"https:\/\/seipuntozero-haircare.it\/de\/wp-json\/wp\/v2\/types\/product"}],"wp:featuredmedia":[{"embeddable":true,"href":"https:\/\/seipuntozero-haircare.it\/de\/wp-json\/wp\/v2\/media\/18138"}],"wp:attachment":[{"href":"https:\/\/seipuntozero-haircare.it\/de\/wp-json\/wp\/v2\/media?parent=16032"}],"wp:term":[{"taxonomy":"product_brand","embeddable":true,"href":"https:\/\/seipuntozero-haircare.it\/de\/wp-json\/wp\/v2\/product_brand?post=16032"},{"taxonomy":"product_cat","embeddable":true,"href":"https:\/\/seipuntozero-haircare.it\/de\/wp-json\/wp\/v2\/product_cat?post=16032"},{"taxonomy":"product_tag","embeddable":true,"href":"https:\/\/seipuntozero-haircare.it\/de\/wp-json\/wp\/v2\/product_tag?post=16032"}],"curies":[{"name":"wp","href":"https:\/\/api.w.org\/{rel}","templated":true}]}}