{"id":16028,"date":"2017-03-15T15:33:27","date_gmt":"2017-03-15T14:33:27","guid":{"rendered":"https:\/\/seipuntozero-haircare.it\/prodotto\/almond-karite-treatment-nahrende-maske-fur-behandeltes-und-koloriertes-haar\/"},"modified":"2021-06-18T10:34:53","modified_gmt":"2021-06-18T08:34:53","slug":"almond-karite-treatment-nahrende-maske-fur-behandeltes-und-koloriertes-haar","status":"publish","type":"product","link":"https:\/\/seipuntozero-haircare.it\/de\/product\/almond-karite-treatment-nahrende-maske-fur-behandeltes-und-koloriertes-haar\/","title":{"rendered":"ALMOND &#038; KARIT\u00c9 TREATMENT<br> N\u00e4hrende Maske f\u00fcr behandeltes und koloriertes Haar"},"content":{"rendered":"<ul>\n<li>N\u00e4hrt und sch\u00fctzt <strong>behandeltes und koloriertes Haar<\/strong><\/li>\n<li>Verleiht dem Haar <strong>neue St\u00e4rke und F\u00fclle<\/strong><\/li>\n<\/ul>\n","protected":false},"excerpt":{"rendered":"<p>Almond &amp; Karit\u00e9 Treatment,<strong> n\u00e4hrende Maske f\u00fcr behandeltes und koloriertes Haar.<\/strong> Das Produkt ist reich an Vitaminen und besitzt eine Formel, die auf <strong>Karit\u00e9-Butter und Mandeln<\/strong> basiert, die das Haar regeneriert, n\u00e4hrt und sch\u00fctzt, indem sie ihm F\u00fclle und Elastizit\u00e4t verleiht. Das Haar ist bereits nach der ersten Anwendung der Maske dank der st\u00e4rkenden Wirkung, die die <strong>nat\u00fcrliche Haarkraf<\/strong>t wiederherstellt, weich und gesund.<\/p>\n<p>Professionelle Anwendung<\/p>\n<p>1000 ml Gef\u00e4\u00df<\/p>\n","protected":false},"featured_media":18125,"template":"","meta":[],"product_brand":[],"product_cat":[922],"product_tag":[],"class_list":["post-16028","product","type-product","status-publish","has-post-thumbnail","hentry","product_cat-salon-treatments-de"],"yoast_head":"<!-- This site is optimized with the Yoast SEO plugin v27.1.1 - https:\/\/yoast.com\/product\/yoast-seo-wordpress\/ -->\n<title>ALMOND &amp; KARIT\u00c9 TREATMENT N\u00e4hrende Maske f\u00fcr behandeltes und koloriertes Haar - 6.Zero<\/title>\n<meta name=\"description\" content=\"Almond &amp; Karit\u00e9 Treatment, n\u00e4hrende Maske f\u00fcr behandeltes und koloriertes Haar.\" \/>\n<meta name=\"robots\" content=\"index, follow, max-snippet:-1, max-image-preview:large, max-video-preview:-1\" \/>\n<link rel=\"canonical\" href=\"https:\/\/seipuntozero-haircare.it\/de\/product\/almond-karite-treatment-nahrende-maske-fur-behandeltes-und-koloriertes-haar\/\" \/>\n<meta property=\"og:locale\" content=\"de_DE\" \/>\n<meta property=\"og:type\" content=\"article\" \/>\n<meta property=\"og:title\" content=\"ALMOND &amp; KARIT\u00c9 TREATMENT N\u00e4hrende Maske f\u00fcr behandeltes und koloriertes Haar - 6.Zero\" \/>\n<meta property=\"og:description\" content=\"Almond &amp; Karit\u00e9 Treatment, n\u00e4hrende Maske f\u00fcr behandeltes und koloriertes Haar.\" \/>\n<meta property=\"og:url\" content=\"https:\/\/seipuntozero-haircare.it\/de\/product\/almond-karite-treatment-nahrende-maske-fur-behandeltes-und-koloriertes-haar\/\" \/>\n<meta property=\"og:site_name\" content=\"6.Zero\" \/>\n<meta property=\"article:modified_time\" content=\"2021-06-18T08:34:53+00:00\" \/>\n<meta property=\"og:image\" content=\"https:\/\/seipuntozero-haircare.it\/wp-content\/uploads\/2019\/11\/262182_sei_punto_zero_almond_karite_treatment_mask_1000ml.png\" \/>\n\t<meta property=\"og:image:width\" content=\"600\" \/>\n\t<meta property=\"og:image:height\" content=\"600\" \/>\n\t<meta property=\"og:image:type\" content=\"image\/png\" \/>\n<meta name=\"twitter:card\" content=\"summary_large_image\" \/>\n<meta name=\"twitter:label1\" content=\"Gesch\u00e4tzte Lesezeit\" \/>\n\t<meta name=\"twitter:data1\" content=\"1\u00a0Minute\" \/>\n<script type=\"application\/ld+json\" class=\"yoast-schema-graph\">{\"@context\":\"https:\/\/schema.org\",\"@graph\":[{\"@type\":\"WebPage\",\"@id\":\"https:\/\/seipuntozero-haircare.it\/de\/product\/almond-karite-treatment-nahrende-maske-fur-behandeltes-und-koloriertes-haar\/\",\"url\":\"https:\/\/seipuntozero-haircare.it\/de\/product\/almond-karite-treatment-nahrende-maske-fur-behandeltes-und-koloriertes-haar\/\",\"name\":\"ALMOND & KARIT\u00c9 TREATMENT N\u00e4hrende Maske f\u00fcr behandeltes und koloriertes Haar - 6.Zero\",\"isPartOf\":{\"@id\":\"https:\/\/seipuntozero-haircare.it\/de\/#website\"},\"primaryImageOfPage\":{\"@id\":\"https:\/\/seipuntozero-haircare.it\/de\/product\/almond-karite-treatment-nahrende-maske-fur-behandeltes-und-koloriertes-haar\/#primaryimage\"},\"image\":{\"@id\":\"https:\/\/seipuntozero-haircare.it\/de\/product\/almond-karite-treatment-nahrende-maske-fur-behandeltes-und-koloriertes-haar\/#primaryimage\"},\"thumbnailUrl\":\"https:\/\/seipuntozero-haircare.it\/wp-content\/uploads\/2019\/11\/262182_sei_punto_zero_almond_karite_treatment_mask_1000ml.png\",\"datePublished\":\"2017-03-15T14:33:27+00:00\",\"dateModified\":\"2021-06-18T08:34:53+00:00\",\"description\":\"Almond & Karit\u00e9 Treatment, n\u00e4hrende Maske f\u00fcr behandeltes und koloriertes Haar.\",\"breadcrumb\":{\"@id\":\"https:\/\/seipuntozero-haircare.it\/de\/product\/almond-karite-treatment-nahrende-maske-fur-behandeltes-und-koloriertes-haar\/#breadcrumb\"},\"inLanguage\":\"de\",\"potentialAction\":[{\"@type\":\"ReadAction\",\"target\":[\"https:\/\/seipuntozero-haircare.it\/de\/product\/almond-karite-treatment-nahrende-maske-fur-behandeltes-und-koloriertes-haar\/\"]}]},{\"@type\":\"ImageObject\",\"inLanguage\":\"de\",\"@id\":\"https:\/\/seipuntozero-haircare.it\/de\/product\/almond-karite-treatment-nahrende-maske-fur-behandeltes-und-koloriertes-haar\/#primaryimage\",\"url\":\"https:\/\/seipuntozero-haircare.it\/wp-content\/uploads\/2019\/11\/262182_sei_punto_zero_almond_karite_treatment_mask_1000ml.png\",\"contentUrl\":\"https:\/\/seipuntozero-haircare.it\/wp-content\/uploads\/2019\/11\/262182_sei_punto_zero_almond_karite_treatment_mask_1000ml.png\",\"width\":600,\"height\":600,\"caption\":\"Almond & Karit\u00e9 Treatment | Maschera nutriente per capelli trattati e colorati\"},{\"@type\":\"BreadcrumbList\",\"@id\":\"https:\/\/seipuntozero-haircare.it\/de\/product\/almond-karite-treatment-nahrende-maske-fur-behandeltes-und-koloriertes-haar\/#breadcrumb\",\"itemListElement\":[{\"@type\":\"ListItem\",\"position\":1,\"name\":\"Home\",\"item\":\"https:\/\/seipuntozero-haircare.it\/de\/\"},{\"@type\":\"ListItem\",\"position\":2,\"name\":\"Products\",\"item\":\"https:\/\/seipuntozero-haircare.it\/de\/shop\/\"},{\"@type\":\"ListItem\",\"position\":3,\"name\":\"ALMOND &#038; KARIT\u00c9 TREATMENT N\u00e4hrende Maske f\u00fcr behandeltes und koloriertes Haar\"}]},{\"@type\":\"WebSite\",\"@id\":\"https:\/\/seipuntozero-haircare.it\/de\/#website\",\"url\":\"https:\/\/seipuntozero-haircare.it\/de\/\",\"name\":\"6.Zero\",\"description\":\"Essential Touch\",\"potentialAction\":[{\"@type\":\"SearchAction\",\"target\":{\"@type\":\"EntryPoint\",\"urlTemplate\":\"https:\/\/seipuntozero-haircare.it\/de\/?s={search_term_string}\"},\"query-input\":{\"@type\":\"PropertyValueSpecification\",\"valueRequired\":true,\"valueName\":\"search_term_string\"}}],\"inLanguage\":\"de\"}]}<\/script>\n<!-- \/ Yoast SEO plugin. -->","yoast_head_json":{"title":"ALMOND & KARIT\u00c9 TREATMENT N\u00e4hrende Maske f\u00fcr behandeltes und koloriertes Haar - 6.Zero","description":"Almond & Karit\u00e9 Treatment, n\u00e4hrende Maske f\u00fcr behandeltes und koloriertes Haar.","robots":{"index":"index","follow":"follow","max-snippet":"max-snippet:-1","max-image-preview":"max-image-preview:large","max-video-preview":"max-video-preview:-1"},"canonical":"https:\/\/seipuntozero-haircare.it\/de\/product\/almond-karite-treatment-nahrende-maske-fur-behandeltes-und-koloriertes-haar\/","og_locale":"de_DE","og_type":"article","og_title":"ALMOND & KARIT\u00c9 TREATMENT N\u00e4hrende Maske f\u00fcr behandeltes und koloriertes Haar - 6.Zero","og_description":"Almond & Karit\u00e9 Treatment, n\u00e4hrende Maske f\u00fcr behandeltes und koloriertes Haar.","og_url":"https:\/\/seipuntozero-haircare.it\/de\/product\/almond-karite-treatment-nahrende-maske-fur-behandeltes-und-koloriertes-haar\/","og_site_name":"6.Zero","article_modified_time":"2021-06-18T08:34:53+00:00","og_image":[{"width":600,"height":600,"url":"https:\/\/seipuntozero-haircare.it\/wp-content\/uploads\/2019\/11\/262182_sei_punto_zero_almond_karite_treatment_mask_1000ml.png","type":"image\/png"}],"twitter_card":"summary_large_image","twitter_misc":{"Gesch\u00e4tzte Lesezeit":"1\u00a0Minute"},"schema":{"@context":"https:\/\/schema.org","@graph":[{"@type":"WebPage","@id":"https:\/\/seipuntozero-haircare.it\/de\/product\/almond-karite-treatment-nahrende-maske-fur-behandeltes-und-koloriertes-haar\/","url":"https:\/\/seipuntozero-haircare.it\/de\/product\/almond-karite-treatment-nahrende-maske-fur-behandeltes-und-koloriertes-haar\/","name":"ALMOND & KARIT\u00c9 TREATMENT N\u00e4hrende Maske f\u00fcr behandeltes und koloriertes Haar - 6.Zero","isPartOf":{"@id":"https:\/\/seipuntozero-haircare.it\/de\/#website"},"primaryImageOfPage":{"@id":"https:\/\/seipuntozero-haircare.it\/de\/product\/almond-karite-treatment-nahrende-maske-fur-behandeltes-und-koloriertes-haar\/#primaryimage"},"image":{"@id":"https:\/\/seipuntozero-haircare.it\/de\/product\/almond-karite-treatment-nahrende-maske-fur-behandeltes-und-koloriertes-haar\/#primaryimage"},"thumbnailUrl":"https:\/\/seipuntozero-haircare.it\/wp-content\/uploads\/2019\/11\/262182_sei_punto_zero_almond_karite_treatment_mask_1000ml.png","datePublished":"2017-03-15T14:33:27+00:00","dateModified":"2021-06-18T08:34:53+00:00","description":"Almond & Karit\u00e9 Treatment, n\u00e4hrende Maske f\u00fcr behandeltes und koloriertes Haar.","breadcrumb":{"@id":"https:\/\/seipuntozero-haircare.it\/de\/product\/almond-karite-treatment-nahrende-maske-fur-behandeltes-und-koloriertes-haar\/#breadcrumb"},"inLanguage":"de","potentialAction":[{"@type":"ReadAction","target":["https:\/\/seipuntozero-haircare.it\/de\/product\/almond-karite-treatment-nahrende-maske-fur-behandeltes-und-koloriertes-haar\/"]}]},{"@type":"ImageObject","inLanguage":"de","@id":"https:\/\/seipuntozero-haircare.it\/de\/product\/almond-karite-treatment-nahrende-maske-fur-behandeltes-und-koloriertes-haar\/#primaryimage","url":"https:\/\/seipuntozero-haircare.it\/wp-content\/uploads\/2019\/11\/262182_sei_punto_zero_almond_karite_treatment_mask_1000ml.png","contentUrl":"https:\/\/seipuntozero-haircare.it\/wp-content\/uploads\/2019\/11\/262182_sei_punto_zero_almond_karite_treatment_mask_1000ml.png","width":600,"height":600,"caption":"Almond & Karit\u00e9 Treatment | Maschera nutriente per capelli trattati e colorati"},{"@type":"BreadcrumbList","@id":"https:\/\/seipuntozero-haircare.it\/de\/product\/almond-karite-treatment-nahrende-maske-fur-behandeltes-und-koloriertes-haar\/#breadcrumb","itemListElement":[{"@type":"ListItem","position":1,"name":"Home","item":"https:\/\/seipuntozero-haircare.it\/de\/"},{"@type":"ListItem","position":2,"name":"Products","item":"https:\/\/seipuntozero-haircare.it\/de\/shop\/"},{"@type":"ListItem","position":3,"name":"ALMOND &#038; KARIT\u00c9 TREATMENT N\u00e4hrende Maske f\u00fcr behandeltes und koloriertes Haar"}]},{"@type":"WebSite","@id":"https:\/\/seipuntozero-haircare.it\/de\/#website","url":"https:\/\/seipuntozero-haircare.it\/de\/","name":"6.Zero","description":"Essential Touch","potentialAction":[{"@type":"SearchAction","target":{"@type":"EntryPoint","urlTemplate":"https:\/\/seipuntozero-haircare.it\/de\/?s={search_term_string}"},"query-input":{"@type":"PropertyValueSpecification","valueRequired":true,"valueName":"search_term_string"}}],"inLanguage":"de"}]}},"_links":{"self":[{"href":"https:\/\/seipuntozero-haircare.it\/de\/wp-json\/wp\/v2\/product\/16028","targetHints":{"allow":["GET"]}}],"collection":[{"href":"https:\/\/seipuntozero-haircare.it\/de\/wp-json\/wp\/v2\/product"}],"about":[{"href":"https:\/\/seipuntozero-haircare.it\/de\/wp-json\/wp\/v2\/types\/product"}],"wp:featuredmedia":[{"embeddable":true,"href":"https:\/\/seipuntozero-haircare.it\/de\/wp-json\/wp\/v2\/media\/18125"}],"wp:attachment":[{"href":"https:\/\/seipuntozero-haircare.it\/de\/wp-json\/wp\/v2\/media?parent=16028"}],"wp:term":[{"taxonomy":"product_brand","embeddable":true,"href":"https:\/\/seipuntozero-haircare.it\/de\/wp-json\/wp\/v2\/product_brand?post=16028"},{"taxonomy":"product_cat","embeddable":true,"href":"https:\/\/seipuntozero-haircare.it\/de\/wp-json\/wp\/v2\/product_cat?post=16028"},{"taxonomy":"product_tag","embeddable":true,"href":"https:\/\/seipuntozero-haircare.it\/de\/wp-json\/wp\/v2\/product_tag?post=16028"}],"curies":[{"name":"wp","href":"https:\/\/api.w.org\/{rel}","templated":true}]}}