{"id":16026,"date":"2019-11-19T12:00:15","date_gmt":"2019-11-19T11:00:15","guid":{"rendered":"https:\/\/seipuntozero-haircare.it\/prodotto\/regular-salon-conditioner-fur-eine-haufige-anwendung\/"},"modified":"2021-06-18T10:33:58","modified_gmt":"2021-06-18T08:33:58","slug":"regular-salon-conditioner-fur-eine-haufige-anwendung","status":"publish","type":"product","link":"https:\/\/seipuntozero-haircare.it\/de\/product\/regular-salon-conditioner-fur-eine-haufige-anwendung\/","title":{"rendered":"REGULAR SALON <br> Conditioner f\u00fcr eine h\u00e4ufige Anwendung"},"content":{"rendered":"<ul>\n<li>Entwirrt das Haar und macht es leichter k\u00e4mmbar<\/li>\n<li>Macht das Haar geschmeidig und gl\u00e4nzend<\/li>\n<li>Sch\u00fctzt splissige Haarspitzen<\/li>\n<li>Ideal f\u00fcr die h\u00e4ufige Anwendung geeignet<\/li>\n<\/ul>\n","protected":false},"excerpt":{"rendered":"<p>Der <strong>Regular Salon-Conditioner<\/strong> ist f\u00fcr eine <strong>h\u00e4ufige Anwendung<\/strong> konzipiert.<\/p>\n<p>Er ist reich an speziellen, <strong>entwirrenden und weichmachenden<\/strong> Wirkstoffen und ist der ideale Verb\u00fcndete f\u00fcr Haare, die t\u00e4gliche Pflege ben\u00f6tigen: Die Haare werden durch die regelm\u00e4\u00dfige Anwendung von Regular Salon gekr\u00e4ftigt, sie <strong>lassen sich leichter k\u00e4mmen<\/strong> und <strong>sind seidig weich<\/strong> und <strong>unglaublich gl\u00e4nzend<\/strong>. Die sanfte Formulierung des Conditioners 6.Zero<strong> sch\u00fctzt gespaltene Haarspitzen<\/strong>, ohne das Haar zu beschweren.<\/p>\n<p>1000 ml<\/p>\n","protected":false},"featured_media":18131,"template":"","meta":[],"product_brand":[],"product_cat":[922],"product_tag":[],"class_list":["post-16026","product","type-product","status-publish","has-post-thumbnail","hentry","product_cat-salon-treatments-de"],"yoast_head":"<!-- This site is optimized with the Yoast SEO plugin v27.1.1 - https:\/\/yoast.com\/product\/yoast-seo-wordpress\/ -->\n<title>Conditioner f\u00fcr eine h\u00e4ufige Anwendung<\/title>\n<meta name=\"description\" content=\"Der Regular Salon-Conditioner ist f\u00fcr eine h\u00e4ufige Anwendung konzipiert.\" \/>\n<meta name=\"robots\" content=\"index, follow, max-snippet:-1, max-image-preview:large, max-video-preview:-1\" \/>\n<link rel=\"canonical\" href=\"https:\/\/seipuntozero-haircare.it\/de\/product\/regular-salon-conditioner-fur-eine-haufige-anwendung\/\" \/>\n<meta property=\"og:locale\" content=\"de_DE\" \/>\n<meta property=\"og:type\" content=\"article\" \/>\n<meta property=\"og:title\" content=\"Conditioner f\u00fcr eine h\u00e4ufige Anwendung\" \/>\n<meta property=\"og:description\" content=\"Der Regular Salon-Conditioner ist f\u00fcr eine h\u00e4ufige Anwendung konzipiert.\" \/>\n<meta property=\"og:url\" content=\"https:\/\/seipuntozero-haircare.it\/de\/product\/regular-salon-conditioner-fur-eine-haufige-anwendung\/\" \/>\n<meta property=\"og:site_name\" content=\"6.Zero\" \/>\n<meta property=\"article:modified_time\" content=\"2021-06-18T08:33:58+00:00\" \/>\n<meta property=\"og:image\" content=\"https:\/\/seipuntozero-haircare.it\/wp-content\/uploads\/2019\/11\/263127_sei_punto_zero_regular_salon_conditioner_1000ml.png\" \/>\n\t<meta property=\"og:image:width\" content=\"600\" \/>\n\t<meta property=\"og:image:height\" content=\"600\" \/>\n\t<meta property=\"og:image:type\" content=\"image\/png\" \/>\n<meta name=\"twitter:card\" content=\"summary_large_image\" \/>\n<meta name=\"twitter:label1\" content=\"Gesch\u00e4tzte Lesezeit\" \/>\n\t<meta name=\"twitter:data1\" content=\"1\u00a0Minute\" \/>\n<script type=\"application\/ld+json\" class=\"yoast-schema-graph\">{\"@context\":\"https:\/\/schema.org\",\"@graph\":[{\"@type\":\"WebPage\",\"@id\":\"https:\/\/seipuntozero-haircare.it\/de\/product\/regular-salon-conditioner-fur-eine-haufige-anwendung\/\",\"url\":\"https:\/\/seipuntozero-haircare.it\/de\/product\/regular-salon-conditioner-fur-eine-haufige-anwendung\/\",\"name\":\"Conditioner f\u00fcr eine h\u00e4ufige Anwendung\",\"isPartOf\":{\"@id\":\"https:\/\/seipuntozero-haircare.it\/de\/#website\"},\"primaryImageOfPage\":{\"@id\":\"https:\/\/seipuntozero-haircare.it\/de\/product\/regular-salon-conditioner-fur-eine-haufige-anwendung\/#primaryimage\"},\"image\":{\"@id\":\"https:\/\/seipuntozero-haircare.it\/de\/product\/regular-salon-conditioner-fur-eine-haufige-anwendung\/#primaryimage\"},\"thumbnailUrl\":\"https:\/\/seipuntozero-haircare.it\/wp-content\/uploads\/2019\/11\/263127_sei_punto_zero_regular_salon_conditioner_1000ml.png\",\"datePublished\":\"2019-11-19T11:00:15+00:00\",\"dateModified\":\"2021-06-18T08:33:58+00:00\",\"description\":\"Der Regular Salon-Conditioner ist f\u00fcr eine h\u00e4ufige Anwendung konzipiert.\",\"breadcrumb\":{\"@id\":\"https:\/\/seipuntozero-haircare.it\/de\/product\/regular-salon-conditioner-fur-eine-haufige-anwendung\/#breadcrumb\"},\"inLanguage\":\"de\",\"potentialAction\":[{\"@type\":\"ReadAction\",\"target\":[\"https:\/\/seipuntozero-haircare.it\/de\/product\/regular-salon-conditioner-fur-eine-haufige-anwendung\/\"]}]},{\"@type\":\"ImageObject\",\"inLanguage\":\"de\",\"@id\":\"https:\/\/seipuntozero-haircare.it\/de\/product\/regular-salon-conditioner-fur-eine-haufige-anwendung\/#primaryimage\",\"url\":\"https:\/\/seipuntozero-haircare.it\/wp-content\/uploads\/2019\/11\/263127_sei_punto_zero_regular_salon_conditioner_1000ml.png\",\"contentUrl\":\"https:\/\/seipuntozero-haircare.it\/wp-content\/uploads\/2019\/11\/263127_sei_punto_zero_regular_salon_conditioner_1000ml.png\",\"width\":600,\"height\":600,\"caption\":\"Balsamo per uso frequente\"},{\"@type\":\"BreadcrumbList\",\"@id\":\"https:\/\/seipuntozero-haircare.it\/de\/product\/regular-salon-conditioner-fur-eine-haufige-anwendung\/#breadcrumb\",\"itemListElement\":[{\"@type\":\"ListItem\",\"position\":1,\"name\":\"Home\",\"item\":\"https:\/\/seipuntozero-haircare.it\/de\/\"},{\"@type\":\"ListItem\",\"position\":2,\"name\":\"Products\",\"item\":\"https:\/\/seipuntozero-haircare.it\/de\/shop\/\"},{\"@type\":\"ListItem\",\"position\":3,\"name\":\"REGULAR SALON Conditioner f\u00fcr eine h\u00e4ufige Anwendung\"}]},{\"@type\":\"WebSite\",\"@id\":\"https:\/\/seipuntozero-haircare.it\/de\/#website\",\"url\":\"https:\/\/seipuntozero-haircare.it\/de\/\",\"name\":\"6.Zero\",\"description\":\"Essential Touch\",\"potentialAction\":[{\"@type\":\"SearchAction\",\"target\":{\"@type\":\"EntryPoint\",\"urlTemplate\":\"https:\/\/seipuntozero-haircare.it\/de\/?s={search_term_string}\"},\"query-input\":{\"@type\":\"PropertyValueSpecification\",\"valueRequired\":true,\"valueName\":\"search_term_string\"}}],\"inLanguage\":\"de\"}]}<\/script>\n<!-- \/ Yoast SEO plugin. -->","yoast_head_json":{"title":"Conditioner f\u00fcr eine h\u00e4ufige Anwendung","description":"Der Regular Salon-Conditioner ist f\u00fcr eine h\u00e4ufige Anwendung konzipiert.","robots":{"index":"index","follow":"follow","max-snippet":"max-snippet:-1","max-image-preview":"max-image-preview:large","max-video-preview":"max-video-preview:-1"},"canonical":"https:\/\/seipuntozero-haircare.it\/de\/product\/regular-salon-conditioner-fur-eine-haufige-anwendung\/","og_locale":"de_DE","og_type":"article","og_title":"Conditioner f\u00fcr eine h\u00e4ufige Anwendung","og_description":"Der Regular Salon-Conditioner ist f\u00fcr eine h\u00e4ufige Anwendung konzipiert.","og_url":"https:\/\/seipuntozero-haircare.it\/de\/product\/regular-salon-conditioner-fur-eine-haufige-anwendung\/","og_site_name":"6.Zero","article_modified_time":"2021-06-18T08:33:58+00:00","og_image":[{"width":600,"height":600,"url":"https:\/\/seipuntozero-haircare.it\/wp-content\/uploads\/2019\/11\/263127_sei_punto_zero_regular_salon_conditioner_1000ml.png","type":"image\/png"}],"twitter_card":"summary_large_image","twitter_misc":{"Gesch\u00e4tzte Lesezeit":"1\u00a0Minute"},"schema":{"@context":"https:\/\/schema.org","@graph":[{"@type":"WebPage","@id":"https:\/\/seipuntozero-haircare.it\/de\/product\/regular-salon-conditioner-fur-eine-haufige-anwendung\/","url":"https:\/\/seipuntozero-haircare.it\/de\/product\/regular-salon-conditioner-fur-eine-haufige-anwendung\/","name":"Conditioner f\u00fcr eine h\u00e4ufige Anwendung","isPartOf":{"@id":"https:\/\/seipuntozero-haircare.it\/de\/#website"},"primaryImageOfPage":{"@id":"https:\/\/seipuntozero-haircare.it\/de\/product\/regular-salon-conditioner-fur-eine-haufige-anwendung\/#primaryimage"},"image":{"@id":"https:\/\/seipuntozero-haircare.it\/de\/product\/regular-salon-conditioner-fur-eine-haufige-anwendung\/#primaryimage"},"thumbnailUrl":"https:\/\/seipuntozero-haircare.it\/wp-content\/uploads\/2019\/11\/263127_sei_punto_zero_regular_salon_conditioner_1000ml.png","datePublished":"2019-11-19T11:00:15+00:00","dateModified":"2021-06-18T08:33:58+00:00","description":"Der Regular Salon-Conditioner ist f\u00fcr eine h\u00e4ufige Anwendung konzipiert.","breadcrumb":{"@id":"https:\/\/seipuntozero-haircare.it\/de\/product\/regular-salon-conditioner-fur-eine-haufige-anwendung\/#breadcrumb"},"inLanguage":"de","potentialAction":[{"@type":"ReadAction","target":["https:\/\/seipuntozero-haircare.it\/de\/product\/regular-salon-conditioner-fur-eine-haufige-anwendung\/"]}]},{"@type":"ImageObject","inLanguage":"de","@id":"https:\/\/seipuntozero-haircare.it\/de\/product\/regular-salon-conditioner-fur-eine-haufige-anwendung\/#primaryimage","url":"https:\/\/seipuntozero-haircare.it\/wp-content\/uploads\/2019\/11\/263127_sei_punto_zero_regular_salon_conditioner_1000ml.png","contentUrl":"https:\/\/seipuntozero-haircare.it\/wp-content\/uploads\/2019\/11\/263127_sei_punto_zero_regular_salon_conditioner_1000ml.png","width":600,"height":600,"caption":"Balsamo per uso frequente"},{"@type":"BreadcrumbList","@id":"https:\/\/seipuntozero-haircare.it\/de\/product\/regular-salon-conditioner-fur-eine-haufige-anwendung\/#breadcrumb","itemListElement":[{"@type":"ListItem","position":1,"name":"Home","item":"https:\/\/seipuntozero-haircare.it\/de\/"},{"@type":"ListItem","position":2,"name":"Products","item":"https:\/\/seipuntozero-haircare.it\/de\/shop\/"},{"@type":"ListItem","position":3,"name":"REGULAR SALON Conditioner f\u00fcr eine h\u00e4ufige Anwendung"}]},{"@type":"WebSite","@id":"https:\/\/seipuntozero-haircare.it\/de\/#website","url":"https:\/\/seipuntozero-haircare.it\/de\/","name":"6.Zero","description":"Essential Touch","potentialAction":[{"@type":"SearchAction","target":{"@type":"EntryPoint","urlTemplate":"https:\/\/seipuntozero-haircare.it\/de\/?s={search_term_string}"},"query-input":{"@type":"PropertyValueSpecification","valueRequired":true,"valueName":"search_term_string"}}],"inLanguage":"de"}]}},"_links":{"self":[{"href":"https:\/\/seipuntozero-haircare.it\/de\/wp-json\/wp\/v2\/product\/16026","targetHints":{"allow":["GET"]}}],"collection":[{"href":"https:\/\/seipuntozero-haircare.it\/de\/wp-json\/wp\/v2\/product"}],"about":[{"href":"https:\/\/seipuntozero-haircare.it\/de\/wp-json\/wp\/v2\/types\/product"}],"wp:featuredmedia":[{"embeddable":true,"href":"https:\/\/seipuntozero-haircare.it\/de\/wp-json\/wp\/v2\/media\/18131"}],"wp:attachment":[{"href":"https:\/\/seipuntozero-haircare.it\/de\/wp-json\/wp\/v2\/media?parent=16026"}],"wp:term":[{"taxonomy":"product_brand","embeddable":true,"href":"https:\/\/seipuntozero-haircare.it\/de\/wp-json\/wp\/v2\/product_brand?post=16026"},{"taxonomy":"product_cat","embeddable":true,"href":"https:\/\/seipuntozero-haircare.it\/de\/wp-json\/wp\/v2\/product_cat?post=16026"},{"taxonomy":"product_tag","embeddable":true,"href":"https:\/\/seipuntozero-haircare.it\/de\/wp-json\/wp\/v2\/product_tag?post=16026"}],"curies":[{"name":"wp","href":"https:\/\/api.w.org\/{rel}","templated":true}]}}