{"id":15643,"date":"2017-03-15T14:48:10","date_gmt":"2017-03-15T13:48:10","guid":{"rendered":"https:\/\/seipuntozero-haircare.it\/prodotto\/wipes-color-off-weiche-reinigungstucher-fur-haarkolorationen\/"},"modified":"2021-06-18T10:26:23","modified_gmt":"2021-06-18T08:26:23","slug":"wipes-color-off-weiche-reinigungstucher-fur-haarkolorationen","status":"publish","type":"product","link":"https:\/\/seipuntozero-haircare.it\/de\/product\/wipes-color-off-weiche-reinigungstucher-fur-haarkolorationen\/","title":{"rendered":"WIPES COLOR OFF <br> Weiche Reinigungst\u00fccher f\u00fcr Haarkolorationen"},"content":{"rendered":"<ul>\n<li>Entfernen w\u00e4hrend und nach der Anwendung <strong>Farbr\u00fcckst\u00e4nde<\/strong> auf der Haut<\/li>\n<li><strong>Reinigen<\/strong> die Haut sanft<\/li>\n<li>Angereichert mit <strong>Kamillenextrakt<\/strong><\/li>\n<\/ul>\n","protected":false},"excerpt":{"rendered":"<p>Wipes Color Off, <strong>weiche Reinigungst\u00fccher<\/strong> zum Entfernen von <strong>Farbspuren oder Farbr\u00fcckst\u00e4nden<\/strong> w\u00e4hrend und nach der Anwendung. Die reinigende Wirkung wird durch den <strong>Kamillenextrakt<\/strong> unterst\u00fctzt, der f\u00fcr seine weich machenden Eigenschaften und die kosmetische, schmerzstillende und reinigende Wirkung bekannt ist, und <strong>die Haut sanft behandelt<\/strong>, um R\u00fcckst\u00e4nde nach der technischen Anwendung zu entfernen und einen wohltuenden Duft auf der behandelten Hautfl\u00e4che zu verbreiten.<\/p>\n<p>100 T\u00fccher<\/p>\n","protected":false},"featured_media":18004,"template":"","meta":[],"product_brand":[],"product_cat":[921],"product_tag":[],"class_list":["post-15643","product","type-product","status-publish","has-post-thumbnail","hentry","product_cat-professional-colouring-de"],"yoast_head":"<!-- This site is optimized with the Yoast SEO plugin v27.1.1 - https:\/\/yoast.com\/product\/yoast-seo-wordpress\/ -->\n<title>WIPES COLOR OFF - Weiche Reinigungst\u00fccher f\u00fcr Haarkolorationen<\/title>\n<meta name=\"description\" content=\"Wipes Color Off, weiche Reinigungst\u00fccher zum Entfernen von Farbspuren oder Farbr\u00fcckst\u00e4nden w\u00e4hrend und nach der Anwendung.\" \/>\n<meta name=\"robots\" content=\"index, follow, max-snippet:-1, max-image-preview:large, max-video-preview:-1\" \/>\n<link rel=\"canonical\" href=\"https:\/\/seipuntozero-haircare.it\/de\/product\/wipes-color-off-weiche-reinigungstucher-fur-haarkolorationen\/\" \/>\n<meta property=\"og:locale\" content=\"de_DE\" \/>\n<meta property=\"og:type\" content=\"article\" \/>\n<meta property=\"og:title\" content=\"WIPES COLOR OFF - Weiche Reinigungst\u00fccher f\u00fcr Haarkolorationen\" \/>\n<meta property=\"og:description\" content=\"Wipes Color Off, weiche Reinigungst\u00fccher zum Entfernen von Farbspuren oder Farbr\u00fcckst\u00e4nden w\u00e4hrend und nach der Anwendung.\" \/>\n<meta property=\"og:url\" content=\"https:\/\/seipuntozero-haircare.it\/de\/product\/wipes-color-off-weiche-reinigungstucher-fur-haarkolorationen\/\" \/>\n<meta property=\"og:site_name\" content=\"6.Zero\" \/>\n<meta property=\"article:modified_time\" content=\"2021-06-18T08:26:23+00:00\" \/>\n<meta property=\"og:image\" content=\"https:\/\/seipuntozero-haircare.it\/wp-content\/uploads\/2017\/03\/262472_sei_punto_zero_wipes_color_off_soothing_colour_remover_wipes.png\" \/>\n\t<meta property=\"og:image:width\" content=\"600\" \/>\n\t<meta property=\"og:image:height\" content=\"600\" \/>\n\t<meta property=\"og:image:type\" content=\"image\/png\" \/>\n<meta name=\"twitter:card\" content=\"summary_large_image\" \/>\n<meta name=\"twitter:label1\" content=\"Gesch\u00e4tzte Lesezeit\" \/>\n\t<meta name=\"twitter:data1\" content=\"1\u00a0Minute\" \/>\n<script type=\"application\/ld+json\" class=\"yoast-schema-graph\">{\"@context\":\"https:\/\/schema.org\",\"@graph\":[{\"@type\":\"WebPage\",\"@id\":\"https:\/\/seipuntozero-haircare.it\/de\/product\/wipes-color-off-weiche-reinigungstucher-fur-haarkolorationen\/\",\"url\":\"https:\/\/seipuntozero-haircare.it\/de\/product\/wipes-color-off-weiche-reinigungstucher-fur-haarkolorationen\/\",\"name\":\"WIPES COLOR OFF - Weiche Reinigungst\u00fccher f\u00fcr Haarkolorationen\",\"isPartOf\":{\"@id\":\"https:\/\/seipuntozero-haircare.it\/de\/#website\"},\"primaryImageOfPage\":{\"@id\":\"https:\/\/seipuntozero-haircare.it\/de\/product\/wipes-color-off-weiche-reinigungstucher-fur-haarkolorationen\/#primaryimage\"},\"image\":{\"@id\":\"https:\/\/seipuntozero-haircare.it\/de\/product\/wipes-color-off-weiche-reinigungstucher-fur-haarkolorationen\/#primaryimage\"},\"thumbnailUrl\":\"https:\/\/seipuntozero-haircare.it\/wp-content\/uploads\/2017\/03\/262472_sei_punto_zero_wipes_color_off_soothing_colour_remover_wipes.png\",\"datePublished\":\"2017-03-15T13:48:10+00:00\",\"dateModified\":\"2021-06-18T08:26:23+00:00\",\"description\":\"Wipes Color Off, weiche Reinigungst\u00fccher zum Entfernen von Farbspuren oder Farbr\u00fcckst\u00e4nden w\u00e4hrend und nach der Anwendung.\",\"breadcrumb\":{\"@id\":\"https:\/\/seipuntozero-haircare.it\/de\/product\/wipes-color-off-weiche-reinigungstucher-fur-haarkolorationen\/#breadcrumb\"},\"inLanguage\":\"de\",\"potentialAction\":[{\"@type\":\"ReadAction\",\"target\":[\"https:\/\/seipuntozero-haircare.it\/de\/product\/wipes-color-off-weiche-reinigungstucher-fur-haarkolorationen\/\"]}]},{\"@type\":\"ImageObject\",\"inLanguage\":\"de\",\"@id\":\"https:\/\/seipuntozero-haircare.it\/de\/product\/wipes-color-off-weiche-reinigungstucher-fur-haarkolorationen\/#primaryimage\",\"url\":\"https:\/\/seipuntozero-haircare.it\/wp-content\/uploads\/2017\/03\/262472_sei_punto_zero_wipes_color_off_soothing_colour_remover_wipes.png\",\"contentUrl\":\"https:\/\/seipuntozero-haircare.it\/wp-content\/uploads\/2017\/03\/262472_sei_punto_zero_wipes_color_off_soothing_colour_remover_wipes.png\",\"width\":600,\"height\":600,\"caption\":\"Wipes Color Off \u2013 Salviette emollienti smacchianti per colorazione\"},{\"@type\":\"BreadcrumbList\",\"@id\":\"https:\/\/seipuntozero-haircare.it\/de\/product\/wipes-color-off-weiche-reinigungstucher-fur-haarkolorationen\/#breadcrumb\",\"itemListElement\":[{\"@type\":\"ListItem\",\"position\":1,\"name\":\"Home\",\"item\":\"https:\/\/seipuntozero-haircare.it\/de\/\"},{\"@type\":\"ListItem\",\"position\":2,\"name\":\"Products\",\"item\":\"https:\/\/seipuntozero-haircare.it\/de\/shop\/\"},{\"@type\":\"ListItem\",\"position\":3,\"name\":\"WIPES COLOR OFF Weiche Reinigungst\u00fccher f\u00fcr Haarkolorationen\"}]},{\"@type\":\"WebSite\",\"@id\":\"https:\/\/seipuntozero-haircare.it\/de\/#website\",\"url\":\"https:\/\/seipuntozero-haircare.it\/de\/\",\"name\":\"6.Zero\",\"description\":\"Essential Touch\",\"potentialAction\":[{\"@type\":\"SearchAction\",\"target\":{\"@type\":\"EntryPoint\",\"urlTemplate\":\"https:\/\/seipuntozero-haircare.it\/de\/?s={search_term_string}\"},\"query-input\":{\"@type\":\"PropertyValueSpecification\",\"valueRequired\":true,\"valueName\":\"search_term_string\"}}],\"inLanguage\":\"de\"}]}<\/script>\n<!-- \/ Yoast SEO plugin. -->","yoast_head_json":{"title":"WIPES COLOR OFF - Weiche Reinigungst\u00fccher f\u00fcr Haarkolorationen","description":"Wipes Color Off, weiche Reinigungst\u00fccher zum Entfernen von Farbspuren oder Farbr\u00fcckst\u00e4nden w\u00e4hrend und nach der Anwendung.","robots":{"index":"index","follow":"follow","max-snippet":"max-snippet:-1","max-image-preview":"max-image-preview:large","max-video-preview":"max-video-preview:-1"},"canonical":"https:\/\/seipuntozero-haircare.it\/de\/product\/wipes-color-off-weiche-reinigungstucher-fur-haarkolorationen\/","og_locale":"de_DE","og_type":"article","og_title":"WIPES COLOR OFF - Weiche Reinigungst\u00fccher f\u00fcr Haarkolorationen","og_description":"Wipes Color Off, weiche Reinigungst\u00fccher zum Entfernen von Farbspuren oder Farbr\u00fcckst\u00e4nden w\u00e4hrend und nach der Anwendung.","og_url":"https:\/\/seipuntozero-haircare.it\/de\/product\/wipes-color-off-weiche-reinigungstucher-fur-haarkolorationen\/","og_site_name":"6.Zero","article_modified_time":"2021-06-18T08:26:23+00:00","og_image":[{"width":600,"height":600,"url":"https:\/\/seipuntozero-haircare.it\/wp-content\/uploads\/2017\/03\/262472_sei_punto_zero_wipes_color_off_soothing_colour_remover_wipes.png","type":"image\/png"}],"twitter_card":"summary_large_image","twitter_misc":{"Gesch\u00e4tzte Lesezeit":"1\u00a0Minute"},"schema":{"@context":"https:\/\/schema.org","@graph":[{"@type":"WebPage","@id":"https:\/\/seipuntozero-haircare.it\/de\/product\/wipes-color-off-weiche-reinigungstucher-fur-haarkolorationen\/","url":"https:\/\/seipuntozero-haircare.it\/de\/product\/wipes-color-off-weiche-reinigungstucher-fur-haarkolorationen\/","name":"WIPES COLOR OFF - Weiche Reinigungst\u00fccher f\u00fcr Haarkolorationen","isPartOf":{"@id":"https:\/\/seipuntozero-haircare.it\/de\/#website"},"primaryImageOfPage":{"@id":"https:\/\/seipuntozero-haircare.it\/de\/product\/wipes-color-off-weiche-reinigungstucher-fur-haarkolorationen\/#primaryimage"},"image":{"@id":"https:\/\/seipuntozero-haircare.it\/de\/product\/wipes-color-off-weiche-reinigungstucher-fur-haarkolorationen\/#primaryimage"},"thumbnailUrl":"https:\/\/seipuntozero-haircare.it\/wp-content\/uploads\/2017\/03\/262472_sei_punto_zero_wipes_color_off_soothing_colour_remover_wipes.png","datePublished":"2017-03-15T13:48:10+00:00","dateModified":"2021-06-18T08:26:23+00:00","description":"Wipes Color Off, weiche Reinigungst\u00fccher zum Entfernen von Farbspuren oder Farbr\u00fcckst\u00e4nden w\u00e4hrend und nach der Anwendung.","breadcrumb":{"@id":"https:\/\/seipuntozero-haircare.it\/de\/product\/wipes-color-off-weiche-reinigungstucher-fur-haarkolorationen\/#breadcrumb"},"inLanguage":"de","potentialAction":[{"@type":"ReadAction","target":["https:\/\/seipuntozero-haircare.it\/de\/product\/wipes-color-off-weiche-reinigungstucher-fur-haarkolorationen\/"]}]},{"@type":"ImageObject","inLanguage":"de","@id":"https:\/\/seipuntozero-haircare.it\/de\/product\/wipes-color-off-weiche-reinigungstucher-fur-haarkolorationen\/#primaryimage","url":"https:\/\/seipuntozero-haircare.it\/wp-content\/uploads\/2017\/03\/262472_sei_punto_zero_wipes_color_off_soothing_colour_remover_wipes.png","contentUrl":"https:\/\/seipuntozero-haircare.it\/wp-content\/uploads\/2017\/03\/262472_sei_punto_zero_wipes_color_off_soothing_colour_remover_wipes.png","width":600,"height":600,"caption":"Wipes Color Off \u2013 Salviette emollienti smacchianti per colorazione"},{"@type":"BreadcrumbList","@id":"https:\/\/seipuntozero-haircare.it\/de\/product\/wipes-color-off-weiche-reinigungstucher-fur-haarkolorationen\/#breadcrumb","itemListElement":[{"@type":"ListItem","position":1,"name":"Home","item":"https:\/\/seipuntozero-haircare.it\/de\/"},{"@type":"ListItem","position":2,"name":"Products","item":"https:\/\/seipuntozero-haircare.it\/de\/shop\/"},{"@type":"ListItem","position":3,"name":"WIPES COLOR OFF Weiche Reinigungst\u00fccher f\u00fcr Haarkolorationen"}]},{"@type":"WebSite","@id":"https:\/\/seipuntozero-haircare.it\/de\/#website","url":"https:\/\/seipuntozero-haircare.it\/de\/","name":"6.Zero","description":"Essential Touch","potentialAction":[{"@type":"SearchAction","target":{"@type":"EntryPoint","urlTemplate":"https:\/\/seipuntozero-haircare.it\/de\/?s={search_term_string}"},"query-input":{"@type":"PropertyValueSpecification","valueRequired":true,"valueName":"search_term_string"}}],"inLanguage":"de"}]}},"_links":{"self":[{"href":"https:\/\/seipuntozero-haircare.it\/de\/wp-json\/wp\/v2\/product\/15643","targetHints":{"allow":["GET"]}}],"collection":[{"href":"https:\/\/seipuntozero-haircare.it\/de\/wp-json\/wp\/v2\/product"}],"about":[{"href":"https:\/\/seipuntozero-haircare.it\/de\/wp-json\/wp\/v2\/types\/product"}],"wp:featuredmedia":[{"embeddable":true,"href":"https:\/\/seipuntozero-haircare.it\/de\/wp-json\/wp\/v2\/media\/18004"}],"wp:attachment":[{"href":"https:\/\/seipuntozero-haircare.it\/de\/wp-json\/wp\/v2\/media?parent=15643"}],"wp:term":[{"taxonomy":"product_brand","embeddable":true,"href":"https:\/\/seipuntozero-haircare.it\/de\/wp-json\/wp\/v2\/product_brand?post=15643"},{"taxonomy":"product_cat","embeddable":true,"href":"https:\/\/seipuntozero-haircare.it\/de\/wp-json\/wp\/v2\/product_cat?post=15643"},{"taxonomy":"product_tag","embeddable":true,"href":"https:\/\/seipuntozero-haircare.it\/de\/wp-json\/wp\/v2\/product_tag?post=15643"}],"curies":[{"name":"wp","href":"https:\/\/api.w.org\/{rel}","templated":true}]}}