{"id":15624,"date":"2019-11-19T12:00:52","date_gmt":"2019-11-19T11:00:52","guid":{"rendered":"https:\/\/seipuntozero-haircare.it\/prodotto\/cream-color-off-gegen-flecken-schutzende-creme\/"},"modified":"2021-06-18T10:24:10","modified_gmt":"2021-06-18T08:24:10","slug":"cream-color-off-gegen-flecken-schutzende-creme","status":"publish","type":"product","link":"https:\/\/seipuntozero-haircare.it\/de\/product\/cream-color-off-gegen-flecken-schutzende-creme\/","title":{"rendered":"CREAM COLOR OFF <br> Gegen Flecken sch\u00fctzende Creme"},"content":{"rendered":"<ul>\n<li>Sch\u00fctzt die Haut vor Farbflecken<\/li>\n<li>Bildet einen Film auf der Haut und sch\u00fctzt sie vor R\u00f6tungen<\/li>\n<li>Ideal f\u00fcr den professionellen Einsatz im Salon<\/li>\n<\/ul>\n","protected":false},"excerpt":{"rendered":"<p>Die <strong>Color Off-Creme<\/strong> sch\u00fctzt die Haut vor<strong> Flecken,<\/strong> die durch <strong>Haarfarbe<\/strong> entstehen. Die filmbildende und sch\u00fctzende Wirkung schont die Haut bei Farbbehandlungen und verhindert unerw\u00fcnschte R\u00f6tungen: Dank der <strong>isolierenden Substanzen,<\/strong> die einen hervorragenden Schutzfilm bilden, <strong>wirkt die Creme wie eine Barriere<\/strong>, die jeglichen Kontakt zwischen der Haut und den f\u00e4rbenden Wirkstoffen der Coloration verhindert. Ihre <strong>Verwendung im Salon<\/strong> ist unentbehrlich.<\/p>\n","protected":false},"featured_media":17998,"template":"","meta":[],"product_brand":[],"product_cat":[921],"product_tag":[],"class_list":["post-15624","product","type-product","status-publish","has-post-thumbnail","hentry","product_cat-professional-colouring-de"],"yoast_head":"<!-- This site is optimized with the Yoast SEO plugin v27.1.1 - https:\/\/yoast.com\/product\/yoast-seo-wordpress\/ -->\n<title>CREAM COLOR OFF - Gegen Flecken sch\u00fctzende Creme<\/title>\n<meta name=\"description\" content=\"Die filmbildende und sch\u00fctzende Wirkung schont die Haut bei Farbbehandlungen und verhindert unerw\u00fcnschte R\u00f6tungen.\" \/>\n<meta name=\"robots\" content=\"index, follow, max-snippet:-1, max-image-preview:large, max-video-preview:-1\" \/>\n<link rel=\"canonical\" href=\"https:\/\/seipuntozero-haircare.it\/de\/product\/cream-color-off-gegen-flecken-schutzende-creme\/\" \/>\n<meta property=\"og:locale\" content=\"de_DE\" \/>\n<meta property=\"og:type\" content=\"article\" \/>\n<meta property=\"og:title\" content=\"CREAM COLOR OFF - Gegen Flecken sch\u00fctzende Creme\" \/>\n<meta property=\"og:description\" content=\"Die filmbildende und sch\u00fctzende Wirkung schont die Haut bei Farbbehandlungen und verhindert unerw\u00fcnschte R\u00f6tungen.\" \/>\n<meta property=\"og:url\" content=\"https:\/\/seipuntozero-haircare.it\/de\/product\/cream-color-off-gegen-flecken-schutzende-creme\/\" \/>\n<meta property=\"og:site_name\" content=\"6.Zero\" \/>\n<meta property=\"article:modified_time\" content=\"2021-06-18T08:24:10+00:00\" \/>\n<meta property=\"og:image\" content=\"https:\/\/seipuntozero-haircare.it\/wp-content\/uploads\/2019\/11\/262649_sei_punto_zero_cream_color_off_anti_stain_protective_cream_250ml.png\" \/>\n\t<meta property=\"og:image:width\" content=\"600\" \/>\n\t<meta property=\"og:image:height\" content=\"600\" \/>\n\t<meta property=\"og:image:type\" content=\"image\/png\" \/>\n<meta name=\"twitter:card\" content=\"summary_large_image\" \/>\n<meta name=\"twitter:label1\" content=\"Gesch\u00e4tzte Lesezeit\" \/>\n\t<meta name=\"twitter:data1\" content=\"1\u00a0Minute\" \/>\n<script type=\"application\/ld+json\" class=\"yoast-schema-graph\">{\"@context\":\"https:\/\/schema.org\",\"@graph\":[{\"@type\":\"WebPage\",\"@id\":\"https:\/\/seipuntozero-haircare.it\/de\/product\/cream-color-off-gegen-flecken-schutzende-creme\/\",\"url\":\"https:\/\/seipuntozero-haircare.it\/de\/product\/cream-color-off-gegen-flecken-schutzende-creme\/\",\"name\":\"CREAM COLOR OFF - Gegen Flecken sch\u00fctzende Creme\",\"isPartOf\":{\"@id\":\"https:\/\/seipuntozero-haircare.it\/de\/#website\"},\"primaryImageOfPage\":{\"@id\":\"https:\/\/seipuntozero-haircare.it\/de\/product\/cream-color-off-gegen-flecken-schutzende-creme\/#primaryimage\"},\"image\":{\"@id\":\"https:\/\/seipuntozero-haircare.it\/de\/product\/cream-color-off-gegen-flecken-schutzende-creme\/#primaryimage\"},\"thumbnailUrl\":\"https:\/\/seipuntozero-haircare.it\/wp-content\/uploads\/2019\/11\/262649_sei_punto_zero_cream_color_off_anti_stain_protective_cream_250ml.png\",\"datePublished\":\"2019-11-19T11:00:52+00:00\",\"dateModified\":\"2021-06-18T08:24:10+00:00\",\"description\":\"Die filmbildende und sch\u00fctzende Wirkung schont die Haut bei Farbbehandlungen und verhindert unerw\u00fcnschte R\u00f6tungen.\",\"breadcrumb\":{\"@id\":\"https:\/\/seipuntozero-haircare.it\/de\/product\/cream-color-off-gegen-flecken-schutzende-creme\/#breadcrumb\"},\"inLanguage\":\"de\",\"potentialAction\":[{\"@type\":\"ReadAction\",\"target\":[\"https:\/\/seipuntozero-haircare.it\/de\/product\/cream-color-off-gegen-flecken-schutzende-creme\/\"]}]},{\"@type\":\"ImageObject\",\"inLanguage\":\"de\",\"@id\":\"https:\/\/seipuntozero-haircare.it\/de\/product\/cream-color-off-gegen-flecken-schutzende-creme\/#primaryimage\",\"url\":\"https:\/\/seipuntozero-haircare.it\/wp-content\/uploads\/2019\/11\/262649_sei_punto_zero_cream_color_off_anti_stain_protective_cream_250ml.png\",\"contentUrl\":\"https:\/\/seipuntozero-haircare.it\/wp-content\/uploads\/2019\/11\/262649_sei_punto_zero_cream_color_off_anti_stain_protective_cream_250ml.png\",\"width\":600,\"height\":600,\"caption\":\"Crema antimacchia protettiva\"},{\"@type\":\"BreadcrumbList\",\"@id\":\"https:\/\/seipuntozero-haircare.it\/de\/product\/cream-color-off-gegen-flecken-schutzende-creme\/#breadcrumb\",\"itemListElement\":[{\"@type\":\"ListItem\",\"position\":1,\"name\":\"Home\",\"item\":\"https:\/\/seipuntozero-haircare.it\/de\/\"},{\"@type\":\"ListItem\",\"position\":2,\"name\":\"Products\",\"item\":\"https:\/\/seipuntozero-haircare.it\/de\/shop\/\"},{\"@type\":\"ListItem\",\"position\":3,\"name\":\"CREAM COLOR OFF Gegen Flecken sch\u00fctzende Creme\"}]},{\"@type\":\"WebSite\",\"@id\":\"https:\/\/seipuntozero-haircare.it\/de\/#website\",\"url\":\"https:\/\/seipuntozero-haircare.it\/de\/\",\"name\":\"6.Zero\",\"description\":\"Essential Touch\",\"potentialAction\":[{\"@type\":\"SearchAction\",\"target\":{\"@type\":\"EntryPoint\",\"urlTemplate\":\"https:\/\/seipuntozero-haircare.it\/de\/?s={search_term_string}\"},\"query-input\":{\"@type\":\"PropertyValueSpecification\",\"valueRequired\":true,\"valueName\":\"search_term_string\"}}],\"inLanguage\":\"de\"}]}<\/script>\n<!-- \/ Yoast SEO plugin. -->","yoast_head_json":{"title":"CREAM COLOR OFF - Gegen Flecken sch\u00fctzende Creme","description":"Die filmbildende und sch\u00fctzende Wirkung schont die Haut bei Farbbehandlungen und verhindert unerw\u00fcnschte R\u00f6tungen.","robots":{"index":"index","follow":"follow","max-snippet":"max-snippet:-1","max-image-preview":"max-image-preview:large","max-video-preview":"max-video-preview:-1"},"canonical":"https:\/\/seipuntozero-haircare.it\/de\/product\/cream-color-off-gegen-flecken-schutzende-creme\/","og_locale":"de_DE","og_type":"article","og_title":"CREAM COLOR OFF - Gegen Flecken sch\u00fctzende Creme","og_description":"Die filmbildende und sch\u00fctzende Wirkung schont die Haut bei Farbbehandlungen und verhindert unerw\u00fcnschte R\u00f6tungen.","og_url":"https:\/\/seipuntozero-haircare.it\/de\/product\/cream-color-off-gegen-flecken-schutzende-creme\/","og_site_name":"6.Zero","article_modified_time":"2021-06-18T08:24:10+00:00","og_image":[{"width":600,"height":600,"url":"https:\/\/seipuntozero-haircare.it\/wp-content\/uploads\/2019\/11\/262649_sei_punto_zero_cream_color_off_anti_stain_protective_cream_250ml.png","type":"image\/png"}],"twitter_card":"summary_large_image","twitter_misc":{"Gesch\u00e4tzte Lesezeit":"1\u00a0Minute"},"schema":{"@context":"https:\/\/schema.org","@graph":[{"@type":"WebPage","@id":"https:\/\/seipuntozero-haircare.it\/de\/product\/cream-color-off-gegen-flecken-schutzende-creme\/","url":"https:\/\/seipuntozero-haircare.it\/de\/product\/cream-color-off-gegen-flecken-schutzende-creme\/","name":"CREAM COLOR OFF - Gegen Flecken sch\u00fctzende Creme","isPartOf":{"@id":"https:\/\/seipuntozero-haircare.it\/de\/#website"},"primaryImageOfPage":{"@id":"https:\/\/seipuntozero-haircare.it\/de\/product\/cream-color-off-gegen-flecken-schutzende-creme\/#primaryimage"},"image":{"@id":"https:\/\/seipuntozero-haircare.it\/de\/product\/cream-color-off-gegen-flecken-schutzende-creme\/#primaryimage"},"thumbnailUrl":"https:\/\/seipuntozero-haircare.it\/wp-content\/uploads\/2019\/11\/262649_sei_punto_zero_cream_color_off_anti_stain_protective_cream_250ml.png","datePublished":"2019-11-19T11:00:52+00:00","dateModified":"2021-06-18T08:24:10+00:00","description":"Die filmbildende und sch\u00fctzende Wirkung schont die Haut bei Farbbehandlungen und verhindert unerw\u00fcnschte R\u00f6tungen.","breadcrumb":{"@id":"https:\/\/seipuntozero-haircare.it\/de\/product\/cream-color-off-gegen-flecken-schutzende-creme\/#breadcrumb"},"inLanguage":"de","potentialAction":[{"@type":"ReadAction","target":["https:\/\/seipuntozero-haircare.it\/de\/product\/cream-color-off-gegen-flecken-schutzende-creme\/"]}]},{"@type":"ImageObject","inLanguage":"de","@id":"https:\/\/seipuntozero-haircare.it\/de\/product\/cream-color-off-gegen-flecken-schutzende-creme\/#primaryimage","url":"https:\/\/seipuntozero-haircare.it\/wp-content\/uploads\/2019\/11\/262649_sei_punto_zero_cream_color_off_anti_stain_protective_cream_250ml.png","contentUrl":"https:\/\/seipuntozero-haircare.it\/wp-content\/uploads\/2019\/11\/262649_sei_punto_zero_cream_color_off_anti_stain_protective_cream_250ml.png","width":600,"height":600,"caption":"Crema antimacchia protettiva"},{"@type":"BreadcrumbList","@id":"https:\/\/seipuntozero-haircare.it\/de\/product\/cream-color-off-gegen-flecken-schutzende-creme\/#breadcrumb","itemListElement":[{"@type":"ListItem","position":1,"name":"Home","item":"https:\/\/seipuntozero-haircare.it\/de\/"},{"@type":"ListItem","position":2,"name":"Products","item":"https:\/\/seipuntozero-haircare.it\/de\/shop\/"},{"@type":"ListItem","position":3,"name":"CREAM COLOR OFF Gegen Flecken sch\u00fctzende Creme"}]},{"@type":"WebSite","@id":"https:\/\/seipuntozero-haircare.it\/de\/#website","url":"https:\/\/seipuntozero-haircare.it\/de\/","name":"6.Zero","description":"Essential Touch","potentialAction":[{"@type":"SearchAction","target":{"@type":"EntryPoint","urlTemplate":"https:\/\/seipuntozero-haircare.it\/de\/?s={search_term_string}"},"query-input":{"@type":"PropertyValueSpecification","valueRequired":true,"valueName":"search_term_string"}}],"inLanguage":"de"}]}},"_links":{"self":[{"href":"https:\/\/seipuntozero-haircare.it\/de\/wp-json\/wp\/v2\/product\/15624","targetHints":{"allow":["GET"]}}],"collection":[{"href":"https:\/\/seipuntozero-haircare.it\/de\/wp-json\/wp\/v2\/product"}],"about":[{"href":"https:\/\/seipuntozero-haircare.it\/de\/wp-json\/wp\/v2\/types\/product"}],"wp:featuredmedia":[{"embeddable":true,"href":"https:\/\/seipuntozero-haircare.it\/de\/wp-json\/wp\/v2\/media\/17998"}],"wp:attachment":[{"href":"https:\/\/seipuntozero-haircare.it\/de\/wp-json\/wp\/v2\/media?parent=15624"}],"wp:term":[{"taxonomy":"product_brand","embeddable":true,"href":"https:\/\/seipuntozero-haircare.it\/de\/wp-json\/wp\/v2\/product_brand?post=15624"},{"taxonomy":"product_cat","embeddable":true,"href":"https:\/\/seipuntozero-haircare.it\/de\/wp-json\/wp\/v2\/product_cat?post=15624"},{"taxonomy":"product_tag","embeddable":true,"href":"https:\/\/seipuntozero-haircare.it\/de\/wp-json\/wp\/v2\/product_tag?post=15624"}],"curies":[{"name":"wp","href":"https:\/\/api.w.org\/{rel}","templated":true}]}}